{"id":9860,"date":"2024-01-17T02:30:23","date_gmt":"2024-01-16T23:30:23","guid":{"rendered":"https:\/\/berfintour.com\/?post_type=product&#038;p=9860"},"modified":"2025-01-20T19:16:31","modified_gmt":"2025-01-20T16:16:31","slug":"alanya-big-kral-boat-tour","status":"publish","type":"product","link":"https:\/\/berfintour.com\/tr\/urun\/alanya-big-kral-boat-tour\/","title":{"rendered":"Alanya B\u00fcy\u00fck Kral Tekne Turu"},"content":{"rendered":"<div class=\"header-ul\">\n<h3>Alanya Big Kral Tekne Turu Deneyimleri<\/h3>\n<\/div>\n<div class=\"content-text tour-experiences\">\n<ul>\n<li>Akdeniz&#039;in en b\u00fcy\u00fck ve en heybetli korsan teknesine bineceksiniz.<\/li>\n<li>Fantastik bir filmden f\u0131rlam\u0131\u015f gibi g\u00f6r\u00fcnen bu teknenin b\u00fcy\u00fcl\u00fc mimarisi sizi ve \u00f6zellikle \u00e7ocuklar\u0131n\u0131z\u0131 farkl\u0131 d\u00fcnyalara g\u00f6t\u00fcrecek.<\/li>\n<li>Yeti\u015fkinler i\u00e7in animasyon g\u00f6sterileri, \u00e7ocuklar i\u00e7in g\u00fcn boyu mini kul\u00fcp, zengin a\u00e7\u0131k b\u00fcfe yemek men\u00fcs\u00fc, k\u00f6p\u00fck partisi, ate\u015f g\u00f6sterileri, dans g\u00f6sterileri, su sporlar\u0131 gibi bir\u00e7ok aktiviteye kat\u0131lacaks\u0131n\u0131z.<\/li>\n<li>Alanya&#039;n\u0131n tarihi kalesi \u00e7evresindeki ma\u011faralar\u0131, Kleopatra plaj\u0131n\u0131 ve Alanya&#039;n\u0131n en pop\u00fcler koylar\u0131n\u0131 devasa bir korsan teknesiyle ziyaret edeceksiniz.<\/li>\n<\/ul>\n<\/div>\n<div class=\"header-ul\">\n<h3>Alanya Big Kral Tekne Turu Program\u0131<\/h3>\n<\/div>\n<div class=\"content-text\">\n<ul>\n<li>Transfer ara\u00e7lar\u0131yla 08:20 \u2013 08:50 saatleri aras\u0131nda otellerden veya adreslerden al\u0131nacaks\u0131n\u0131z. Transfer \u00fccretsizdir.<\/li>\n<li>Big Kral teknesi saat 09:00&#039;da hareket ediyor<\/li>\n<li>Mini kul\u00fcp ilk olarak y\u00fcz boyama etkinli\u011fiyle a\u00e7\u0131l\u0131yor. Mini kul\u00fcp tur s\u00fcresince hizmet vermeye devam etmektedir. \u00c7ocuklar\u0131n\u0131z\u0131 g\u00fcvenle buraya b\u0131rakabilirsiniz.<\/li>\n<li>\u0130lk durak \u00e7amur ma\u011faras\u0131. Burada \u00e7amur banyosu yapabilirsiniz.<\/li>\n<li>\u00c7amur banyosunun ard\u0131ndan tekne a\u00e7\u0131k denize a\u00e7\u0131l\u0131r. Burada karatta carettalar\u0131 ve yunuslar\u0131 g\u00f6rebilirsiniz.<\/li>\n<li>A\u00e7\u0131k denizin ard\u0131ndan tekne rotas\u0131n\u0131 Alanya liman\u0131na \u00e7eviriyor.<\/li>\n<li>Saat 11.30 s\u0131ralar\u0131nda tekne Alanya liman\u0131na demirlenir.<\/li>\n<li>Alanya liman\u0131n\u0131 ve Alanya \u00e7ar\u015f\u0131s\u0131n\u0131 gezmek i\u00e7in bir bu\u00e7uk saatlik molan\u0131z olacak. Bu s\u00fcre zarf\u0131nda ister Alanya \u00e7ar\u015f\u0131s\u0131n\u0131 gezebilir, ister teknede kalarak denizin ve g\u00fcne\u015fin tad\u0131n\u0131 \u00e7\u0131karmaya devam edebilirsiniz.<\/li>\n<li>Alanya liman\u0131nda saat 12:30&#039;da yemek servisi ba\u015flamaktad\u0131r. Yemek a\u00e7\u0131k b\u00fcfe olarak servis edilmektedir. Men\u00fcde tavuk, salata, patates p\u00fcresi, makarna, pilav, rus salatas\u0131, semizotu salatas\u0131, \u00e7oban salatas\u0131, haydari ve mevsim meyveleri yer al\u0131yor. Alkols\u00fcz i\u00e7ecekler.<\/li>\n<li>Saat 13:00&#039;te tekne Alanya liman\u0131ndan ayr\u0131larak korsan ma\u011faras\u0131na do\u011fru hareket eder.<\/li>\n<li>Rehber sizi korsan ma\u011faras\u0131n\u0131n tarihi hakk\u0131nda bilgilendiriyor. Foto\u011fraf \u00e7ekebilmeniz i\u00e7in k\u0131sa bir mola verilecektir.<\/li>\n<li>A\u015f\u0131klar Ma\u011faras\u0131&#039;na gelin. Burada k\u0131sa bir g\u00f6steri yap\u0131l\u0131yor. Animat\u00f6r, yar\u0131madada do\u011fal olarak olu\u015fan bir t\u00fcnelden deniz seviyesinden yakla\u015f\u0131k 40 metre y\u00fcksekte bulunan ma\u011faraya t\u0131rman\u0131yor ve buradan denize atl\u0131yor.<\/li>\n<li>Bir sonraki dura\u011f\u0131m\u0131z renkli fosfor ma\u011faras\u0131. Deniz faunas\u0131 a\u00e7\u0131s\u0131ndan olduk\u00e7a zengin olan bu ma\u011farada pek \u00e7ok deniz canl\u0131s\u0131n\u0131 g\u00f6rmek ve beslemek m\u00fcmk\u00fcnd\u00fcr.<\/li>\n<li>Fosforlu ma\u011farada y\u00fczme molas\u0131 verilmektedir.<\/li>\n<li>Bir sonraki dura\u011f\u0131m\u0131z \u00fcnl\u00fc Kleopatra plaj\u0131. \u0130\u015fte ikinci y\u00fczme molas\u0131. E\u011fer \u015fnorkeliniz varsa mutlaka burada dal\u0131\u015f yapman\u0131z\u0131 \u00f6neririz.<\/li>\n<li>Y\u00fczme molas\u0131n\u0131n ard\u0131ndan \u00e7ocuklara ve yeti\u015fkinlere y\u00f6nelik animasyon g\u00f6sterileri ve grup oyunlar\u0131 ba\u015fl\u0131yor. Grup oyunlar\u0131nda kat\u0131l\u0131mc\u0131lara \u00e7e\u015fitli s\u00fcrpriz hediyeler verilmektedir.<\/li>\n<li>Yar\u0131\u015fmalar\u0131n ard\u0131ndan kul\u00fcp dans\u0131 ba\u015fl\u0131yor. Dans g\u00f6sterileri, DJ performans\u0131 e\u015fli\u011finde gece kul\u00fcb\u00fc m\u00fczi\u011fiyle ba\u015fl\u0131yor.<\/li>\n<li>Ard\u0131ndan k\u00f6p\u00fck partisiyle e\u011flencenin dozu art\u0131r\u0131l\u0131yor.<\/li>\n<li>E\u011flence tur sonuna kadar devam ediyor.<\/li>\n<li>Son y\u00fczme molas\u0131 Ula\u015f koyunda verilmektedir.<\/li>\n<li>Y\u00fczme molas\u0131n\u0131n ard\u0131ndan tekne ba\u015flang\u0131\u00e7 noktas\u0131na do\u011fru hareket eder.<\/li>\n<li>Saat 16:00 \u2013 16:30 civar\u0131nda tekne T\u00fcrkler liman\u0131na yana\u015f\u0131yor.<\/li>\n<li>Tekneden inip transfer ara\u00e7lar\u0131na biniyorsunuz.<\/li>\n<li>Otelinize veya kald\u0131\u011f\u0131n\u0131z adrese b\u0131rak\u0131lacaks\u0131n\u0131z.<\/li>\n<\/ul>\n<\/div>","protected":false},"excerpt":{"rendered":"<p>Alanya Big Kral Tekne Turu Deneyimleri Akdeniz&#039;in en b\u00fcy\u00fck ve en heybetli korsan teknesine bineceksiniz. Fantastik bir filmden f\u0131rlam\u0131\u015f gibi g\u00f6r\u00fcnen bu teknenin b\u00fcy\u00fcl\u00fc mimarisi sizi ve \u00f6zellikle \u00e7ocuklar\u0131n\u0131z\u0131 farkl\u0131 d\u00fcnyalara g\u00f6t\u00fcrecek. Animasyon gibi bir\u00e7ok aktiviteye kat\u0131lacaks\u0131n\u0131z [\u2026]<\/p>","protected":false},"featured_media":9858,"comment_status":"open","ping_status":"closed","template":"","meta":{"_monsterinsights_skip_tracking":false,"_monsterinsights_sitenote_active":false,"_monsterinsights_sitenote_note":"","_monsterinsights_sitenote_category":0},"product_cat":[66],"product_tag":[],"class_list":{"0":"post-9860","1":"product","2":"type-product","3":"status-publish","4":"has-post-thumbnail","6":"product_cat-tekne-turlari","8":"first","9":"instock","10":"sale","11":"shipping-taxable","12":"purchasable","13":"product-type-ovabrw_car_rental"},"aioseo_notices":[],"_links":{"self":[{"href":"https:\/\/berfintour.com\/tr\/wp-json\/wp\/v2\/product\/9860","targetHints":{"allow":["GET"]}}],"collection":[{"href":"https:\/\/berfintour.com\/tr\/wp-json\/wp\/v2\/product"}],"about":[{"href":"https:\/\/berfintour.com\/tr\/wp-json\/wp\/v2\/types\/product"}],"replies":[{"embeddable":true,"href":"https:\/\/berfintour.com\/tr\/wp-json\/wp\/v2\/comments?post=9860"}],"wp:featuredmedia":[{"embeddable":true,"href":"https:\/\/berfintour.com\/tr\/wp-json\/wp\/v2\/media\/9858"}],"wp:attachment":[{"href":"https:\/\/berfintour.com\/tr\/wp-json\/wp\/v2\/media?parent=9860"}],"wp:term":[{"taxonomy":"product_cat","embeddable":true,"href":"https:\/\/berfintour.com\/tr\/wp-json\/wp\/v2\/product_cat?post=9860"},{"taxonomy":"product_tag","embeddable":true,"href":"https:\/\/berfintour.com\/tr\/wp-json\/wp\/v2\/product_tag?post=9860"}],"curies":[{"name":"wp","href":"https:\/\/api.w.org\/{rel}","templated":true}]}}