{"id":9854,"date":"2024-01-17T02:26:44","date_gmt":"2024-01-16T23:26:44","guid":{"rendered":"https:\/\/berfintour.com\/?post_type=product&#038;p=9854"},"modified":"2025-03-24T08:38:57","modified_gmt":"2025-03-24T05:38:57","slug":"alanya-legend-big-kral-boat-tour","status":"publish","type":"product","link":"https:\/\/berfintour.com\/tr\/urun\/alanya-legend-big-kral-boat-tour\/","title":{"rendered":"Alanya Legend Big Kral Tekne Turu"},"content":{"rendered":"<div class=\"header-ul\">\n<h3>Alanya Legend Big Kral Tekne Turu Deneyimleri<\/h3>\n<\/div>\n<div class=\"content-text tour-experiences\">\n<ul>\n<li><strong>D\u00fcnyan\u0131n En Muhte\u015fem Korsan Gemisi:<\/strong>\u00a0D\u00fcnyan\u0131n en b\u00fcy\u00fck korsan gemisi \u201cEfsane Big Kral\u201d ile denizlere h\u00fckmetme duygusunu ya\u015fay\u0131n. Etkileyici boyutlar\u0131 ve dikkat \u00e7ekici detaylar\u0131yla heyecan\u0131 ve l\u00fcks\u00fc her an ya\u015fayacaks\u0131n\u0131z.<\/li>\n<li><strong>\u00dcst\u00fcn L\u00fcks Deneyimi:<\/strong>\u00a0\u201cEfsane Big Kral\u201d T\u00fcrkiye&#039;nin en l\u00fcks tekne turu olarak sizlere unutulmaz bir yolculuk sunuyor. Her detay\u0131n m\u00fckemmellik ve konforla bulu\u015ftu\u011fu bu e\u015fsiz turda kraliyet ayr\u0131cal\u0131\u011f\u0131n\u0131 derinden hissedeceksiniz.<\/li>\n<li><strong>G\u00f6z Kama\u015ft\u0131ran Zarafet:<\/strong>\u00a0\u201cEfsane Big Kral\u201d\u0131n nefes kesen l\u00fcks\u00fc, unutulmaz an\u0131larla dolu bir deneyim ya\u015fat\u0131yor. \u0130nce detaylara sahip ya\u015fam alanlar\u0131, zengin a\u00e7\u0131k b\u00fcfe men\u00fcs\u00fc ve s\u0131n\u0131rs\u0131z hizmet kalitesiyle ya\u015fayaca\u011f\u0131n\u0131z her an, bekledi\u011finizden \u00e7ok daha fazlas\u0131n\u0131 sunacak.<\/li>\n<li><strong>Benzersiz Zaman Deneyimi:<\/strong>\u00a0\u201cEfsane B\u00fcy\u00fck Kral\u201d ile di\u011fer t\u00fcm tekne turlar\u0131ndan daha uzun s\u00fcrecek bir maceraya at\u0131l\u0131n. Akdeniz&#039;in \u0131l\u0131k g\u00fcne\u015fi ve berrak sular\u0131nda l\u00fcks\u00fcn ve keyfin doruklar\u0131na ula\u015faca\u011f\u0131n\u0131z bu e\u015fsiz yolculuk, zaman kavram\u0131n\u0131z\u0131 yeniden tan\u0131mlayacak.<\/li>\n<li><strong>Sonsuz Ke\u015fif F\u0131rsat\u0131:<\/strong>\u00a0Akdeniz&#039;in en el de\u011fmemi\u015f koylar\u0131n\u0131 ve gizemli ma\u011faralar\u0131n\u0131 \u201cEfsane Big Kral\u201d ile ke\u015ffedin. Daha fazla durak ve yeni ke\u015fiflerle dolu bu turumuzda Akdeniz&#039;in sakl\u0131 g\u00fczelliklerine e\u015fsiz bir bak\u0131\u015f a\u00e7\u0131s\u0131yla \u015fahit olacaks\u0131n\u0131z.<\/li>\n<\/ul>\n<\/div>\n<div class=\"header-ul\">\n<h3>Alanya Legend Big Kral Tekne Turu Program\u0131<\/h3>\n<\/div>\n<div class=\"content-text\">\n<ul>\n<li>\u201cEfsane Big Kral\u201d deneyiminiz otelden veya evinizden \u00fccretsiz kar\u015f\u0131lama ile ba\u015flar.<\/li>\n<li>Efsane Big Kral Akdeniz&#039;in maviliklerine do\u011fru yelken a\u00e7\u0131yor.<\/li>\n<li>\u00c7ocuklar\u0131n\u0131z\u0131 e\u011flendirmek i\u00e7in tasarlanm\u0131\u015f mini kul\u00fcb\u00fcm\u00fcz, renkli y\u00fcz boyama etkinli\u011fi ile a\u00e7\u0131l\u0131p tur boyunca hizmet vermektedir.<\/li>\n<li>\u0130lk durak serinlemek ve e\u011flenmek i\u00e7in m\u00fckemmel olan \u00e7amur ma\u011faras\u0131d\u0131r.<\/li>\n<li>\u00c7amur banyosunun ard\u0131ndan \u201cEfsane B\u00fcy\u00fck Kral\u201d a\u00e7\u0131k denize do\u011fru yola \u00e7\u0131k\u0131yor. Caretta caretta ve yunuslar\u0131 g\u00f6zlemleme \u015fans\u0131na sahip olabilirsiniz.<\/li>\n<li>Denizin derinliklerinden vazge\u00e7ip rotam\u0131z\u0131 Alanya liman\u0131na \u00e7eviriyoruz.<\/li>\n<li>\u00d6\u011fle vakti \u201cEfsane Big Kral\u201d Alanya liman\u0131na demirlenir.<\/li>\n<li>Alanya&#039;n\u0131n tarihi liman\u0131n\u0131 ve hareketli \u00e7ar\u015f\u0131s\u0131n\u0131 ke\u015ffetmeniz i\u00e7in bir bu\u00e7uk saatlik serbest zaman verilmektedir. Dilerseniz bu s\u00fcreyi teknede dinlenerek ve denizin tad\u0131n\u0131 \u00e7\u0131kararak ge\u00e7irebilirsiniz.<\/li>\n<li>\u00d6\u011fle yeme\u011fi Alanya liman\u0131nda ba\u015fl\u0131yor. A\u00e7\u0131k b\u00fcfe men\u00fcm\u00fczle, alkols\u00fcz i\u00e7eceklerimizle serinlerken leziz bir yemek deneyimi ya\u015fars\u0131n\u0131z.<\/li>\n<li>\u201cEfsane B\u00fcy\u00fck Kral\u201d, Alanya liman\u0131n\u0131 geride b\u0131rakarak rotas\u0131n\u0131 e\u015fsiz g\u00fczellikteki korsan ma\u011faras\u0131na \u00e7eviriyor.<\/li>\n<li>Rehberimiz sizi korsan ma\u011faras\u0131n\u0131n tarihi hakk\u0131nda bilgilendiriyor ve foto\u011fraf \u00e7ekmeniz i\u00e7in k\u0131sa bir mola veriyor.<\/li>\n<li>A\u015f\u0131klar Ma\u011faras\u0131na var\u0131\u015f animasyon ekibimizin \u00f6zel g\u00f6sterisi ile olmaktad\u0131r.<\/li>\n<li>Bir sonraki durak deniz faunas\u0131 a\u00e7\u0131s\u0131ndan zengin ve e\u015fsiz g\u00fczellikteki rengarenk fosfor ma\u011faras\u0131.<\/li>\n<li>Fosforlu ma\u011farada y\u00fczme molas\u0131 verilmektedir.<\/li>\n<li>Bir sonraki dura\u011f\u0131m\u0131z \u00fcnl\u00fc Kleopatra plaj\u0131. Burada yine y\u00fczme molas\u0131 veriliyor ve \u015fnorkeliniz varsa dal\u0131\u015f yapman\u0131z\u0131 \u00f6neririz.<\/li>\n<li>Y\u00fczme molas\u0131n\u0131n ard\u0131ndan \u00e7ocuklara ve yeti\u015fkinlere y\u00f6nelik animasyon g\u00f6sterileri ve grup oyunlar\u0131 ba\u015fl\u0131yor. Oyunlara kat\u0131lanlara \u00e7e\u015fitli s\u00fcrpriz hediyeler takdim ediliyor.<\/li>\n<li>Oyunlar\u0131n ard\u0131ndan DJ e\u015fli\u011finde Club dans\u0131 ve g\u00fcncel gece kul\u00fcb\u00fc m\u00fczikleriyle e\u011flence devam ediyor.<\/li>\n<li>K\u00f6p\u00fck partisi ile e\u011flence seviyesi daha da y\u00fckseliyor.<\/li>\n<li>E\u011flenceler tur sonuna kadar devam ediyor.<\/li>\n<li>Son y\u00fczme molas\u0131 Ula\u015f koyunda verilmektedir.<\/li>\n<li>Y\u00fczme molas\u0131n\u0131n ard\u0131ndan \u201cEfsane B\u00fcy\u00fck Kral\u201d biti\u015f noktas\u0131na do\u011fru yola \u00e7\u0131k\u0131yor.<\/li>\n<li>T\u00fcrkler liman\u0131na var\u0131yoruz.<\/li>\n<li>Gemiden inip ara\u00e7lara aktar\u0131yorsunuz.<\/li>\n<li>Otelinize veya evinize g\u00fcvenli ve konforlu bir \u015fekilde b\u0131rak\u0131l\u0131rs\u0131n\u0131z.<\/li>\n<\/ul>\n<\/div>","protected":false},"excerpt":{"rendered":"<p>D\u00fcnyan\u0131n En Muhte\u015fem Korsan Gemisi Alanya Efsane Big Kral Tekne Turu Deneyimleri: D\u00fcnyan\u0131n en b\u00fcy\u00fck korsan gemisi \u201cEfsane Big Kral\u201d ile denizlere h\u00fckmetme duygusunu ya\u015fay\u0131n. Etkileyici boyutlar\u0131 ve dikkat \u00e7ekici detaylar\u0131yla heyecan\u0131 ve l\u00fcks\u00fc her an ya\u015fayacaks\u0131n\u0131z. \u00dcst\u00fcn L\u00fcks Deneyimi: \u201cEfsane Big Kral\u201d size bir [\u2026]<\/p>","protected":false},"featured_media":9857,"comment_status":"open","ping_status":"closed","template":"","meta":{"_monsterinsights_skip_tracking":false,"_monsterinsights_sitenote_active":false,"_monsterinsights_sitenote_note":"","_monsterinsights_sitenote_category":0},"product_cat":[66],"product_tag":[],"class_list":{"0":"post-9854","1":"product","2":"type-product","3":"status-publish","4":"has-post-thumbnail","6":"product_cat-tekne-turlari","8":"first","9":"instock","10":"sale","11":"shipping-taxable","12":"purchasable","13":"product-type-ovabrw_car_rental"},"aioseo_notices":[],"_links":{"self":[{"href":"https:\/\/berfintour.com\/tr\/wp-json\/wp\/v2\/product\/9854","targetHints":{"allow":["GET"]}}],"collection":[{"href":"https:\/\/berfintour.com\/tr\/wp-json\/wp\/v2\/product"}],"about":[{"href":"https:\/\/berfintour.com\/tr\/wp-json\/wp\/v2\/types\/product"}],"replies":[{"embeddable":true,"href":"https:\/\/berfintour.com\/tr\/wp-json\/wp\/v2\/comments?post=9854"}],"wp:featuredmedia":[{"embeddable":true,"href":"https:\/\/berfintour.com\/tr\/wp-json\/wp\/v2\/media\/9857"}],"wp:attachment":[{"href":"https:\/\/berfintour.com\/tr\/wp-json\/wp\/v2\/media?parent=9854"}],"wp:term":[{"taxonomy":"product_cat","embeddable":true,"href":"https:\/\/berfintour.com\/tr\/wp-json\/wp\/v2\/product_cat?post=9854"},{"taxonomy":"product_tag","embeddable":true,"href":"https:\/\/berfintour.com\/tr\/wp-json\/wp\/v2\/product_tag?post=9854"}],"curies":[{"name":"wp","href":"https:\/\/api.w.org\/{rel}","templated":true}]}}