{"id":9763,"date":"2024-01-14T21:31:54","date_gmt":"2024-01-14T18:31:54","guid":{"rendered":"https:\/\/berfintour.com\/?post_type=product&#038;p=9763"},"modified":"2025-01-20T19:11:23","modified_gmt":"2025-01-20T16:11:23","slug":"alanya-diving","status":"publish","type":"product","link":"https:\/\/berfintour.com\/tr\/urun\/alanya-diving\/","title":{"rendered":"Alanya Dal\u0131\u015f\u0131"},"content":{"rendered":"<div class=\"header-ul\">\n<h3>Alanya Dal\u0131\u015f Deneyimleri<\/h3>\n<\/div>\n<div class=\"content-text tour-experiences\">\n<ul>\n<li>Alanya&#039;n\u0131n su alt\u0131 ma\u011faralar\u0131n\u0131, muhte\u015fem yapay resiflerini ve Akdeniz&#039;in su alt\u0131 do\u011fas\u0131n\u0131 ke\u015ffedin.\u00a0<b>alanya dal\u0131\u015f turu<\/b>.<\/li>\n<li>Su alt\u0131 foto\u011fraf ve videolar\u0131yla tatil an\u0131lar\u0131n\u0131z\u0131 \u00f6l\u00fcms\u00fczle\u015ftirin.<\/li>\n<li>Ailenizle kat\u0131l\u0131n ve t\u00fcpl\u00fc dal\u0131\u015f yap\u0131n veya rahat bir tekne turunun keyfini \u00e7\u0131kar\u0131n.<\/li>\n<\/ul>\n<\/div>\n<div class=\"header-ul\">\n<h3>Alanya Dal\u0131\u015f Program\u0131<\/h3>\n<\/div>\n<div class=\"content-text\">\n<ul>\n<li>Otelden veya adresten teslim alma.<\/li>\n<li>Sa\u011fl\u0131k kontrolleri.<\/li>\n<li>Limandan tekneyle \u00e7\u0131k\u0131\u015f.<\/li>\n<li>Alanya&#039;da dal\u0131\u015f i\u00e7in teorik dal\u0131\u015f e\u011fitimi.<\/li>\n<li>Uygulamal\u0131 dal\u0131\u015f e\u011fitimi.<\/li>\n<li>E\u011fitmenler e\u015fli\u011finde ilk dal\u0131\u015f noktas\u0131nda 3-5 metreye dal\u0131\u015f\u00a0<strong>Alanya dal\u0131\u015f\u0131<\/strong>\u00a0tur.<\/li>\n<li>\u00d6\u011flen aras\u0131.<\/li>\n<li>Y\u00fczme ve g\u00fcne\u015flenme molas\u0131.<\/li>\n<li>\u0130kinci dal\u0131\u015f noktas\u0131nda e\u011fitmenler e\u015fli\u011finde 10-15 metreye dal\u0131\u015f.<\/li>\n<li>Limana d\u00f6n.<\/li>\n<li>Foto\u011fraf se\u00e7imi ve sonu\u00a0<strong>Alanya dal\u0131\u015f\u0131<\/strong>\u00a0tur<\/li>\n<li>Otellere d\u00f6n\u00fcn.<\/li>\n<\/ul>\n<\/div>\n<div class=\"header-ul attentions\">\n<h3>Ak\u0131lda tutulmas\u0131 gerekenler<\/h3>\n<\/div>\n<div class=\"content-text attentions atmob\">\n<h4><strong>Alanya&#039;da Kimler T\u00fcpl\u00fc Dal\u0131\u015f Yapamaz?<\/strong><\/h4>\n<ul>\n<li>14 ya\u015f\u0131n alt\u0131ndaki \u00e7ocuklar.<\/li>\n<li>Kalp ve dola\u015f\u0131m sistemi hastal\u0131\u011f\u0131 olan ki\u015filer.<\/li>\n<li>Ciddi solunum yolu hastal\u0131\u011f\u0131 olan ki\u015filer.<\/li>\n<li>Y\u00fcksek kolesterol hastalar\u0131.<\/li>\n<li>Amfizem, t\u00fcberk\u00fcloz ve zat\u00fcrre, zat\u00fcrre gibi akci\u011fer hastal\u0131klar\u0131 olan hastalar.<\/li>\n<li>Polisitemi, L\u00f6semi, Akut Anemi hastalar\u0131.<\/li>\n<li class=\"text-dark\">Hamile kad\u0131nlar\u0131n dal\u0131\u015f yapmas\u0131yla ilgili tart\u0131\u015fmalar h\u00e2l\u00e2 s\u00fcr\u00fcyor. Ancak hamilelerin dal\u0131\u015f yapmas\u0131n\u0131 \u00f6nermiyoruz.<\/li>\n<\/ul>\n<\/div>\n<div class=\"header-ul\">\n<h3>Alanya Dal\u0131\u015f\u0131 Hakk\u0131nda Genel Bilgiler<\/h3>\n<\/div>\n<div class=\"content-text\">\n<p><img decoding=\"async\" class=\"rounded img-fluid float-sm-left mt-2 mr-sm-4 mb-2\" src=\"https:\/\/www.dailytoursinalanya.com\/Content\/images\/tours\/7\/thumb\/alanya-diving-17.webp\" alt=\"Alanya Diving 2\" \/><\/p>\n<h2 class=\"deepnote\">Dal\u0131\u015f Alanya T\u00fcrkiye<\/h2>\n<p class=\"deepnote\">Daha \u00f6nce hi\u00e7 dalmad\u0131m. Kat\u0131labilir miyim?\u00a0<strong>dal\u0131\u015f Alanya T\u00fcrkiye<\/strong>?<\/p>\n<p>Evet. Dal\u0131\u015f i\u00e7in e\u011fitim alman\u0131za gerek yok. Gerekli dal\u0131\u015f e\u011fitimlerini zaten veriyoruz. Ayr\u0131ca yan\u0131n\u0131zda deneyimli bir e\u011fitmen de olacakt\u0131r.\u00a0<strong>Alanya dal\u0131\u015f\u0131<\/strong>. Emin olun Alanya&#039;ya gelen turistlerin neredeyse 80%&#039;si ilk kez dal\u0131\u015f yap\u0131yor.<\/p>\n<h3>Alanya Dal\u0131\u015f Fiyat\u0131<\/h3>\n<p class=\"deepnote\">Dal\u0131\u015f sertifikam var. Daha derine dalabilir miyim\u00a0<b>alanya dal\u0131\u015f turu<\/b>?<\/p>\n<ul>\n<li>CMAS, PADI ve SSI gibi d\u00fcnyan\u0131n tan\u0131nm\u0131\u015f dal\u0131\u015f organizasyonlar\u0131ndan herhangi birinin sertifikas\u0131na sahip olan ki\u015filer 20-35 metreye kadar dal\u0131\u015f yapabilirler.<\/li>\n<li>Grubumuzda dal\u0131\u015f yapmak istemeyenler var. Ayn\u0131 \u00fccreti mi \u00f6demek zorundalar?<\/li>\n<li>Grubunuzda veya ailenizde dal\u0131\u015f yapmak istemeyen ki\u015filer varsa onlar da dal\u0131\u015fa kat\u0131labilirler.\u00a0<strong>Alanya dal\u0131\u015f\u0131\u00a0<\/strong>Yar\u0131s\u0131n\u0131 \u00f6deyerek tur\u00a0<strong>Alanya dal\u0131\u015f fiyat\u0131<\/strong>.<\/li>\n<\/ul>\n<p>\u00d6\u011fle yeme\u011fi dahil teknedeki t\u00fcm olanaklardan faydalanabilirler. Siz dal\u0131\u015f yaparken g\u00fcne\u015flenebilir, y\u00fczebilir veya \u015fnorkelli dal\u0131\u015f yapabilirler. Siz dal\u0131\u015f yaparken onlar da Alanya&#039;da keyifli bir tekne turu yapacaklar<\/p>\n<h3 class=\"deepnote\">\u00c7ocuklar Kat\u0131labilir mi?\u00a0<strong>Alanya Dal\u0131\u015f Turu<\/strong>?<\/h3>\n<p>Sa\u011fl\u0131k ko\u015fullar\u0131 uygun oldu\u011fu s\u00fcrece 10 ya\u015f\u0131n\u0131 doldurmu\u015f herkes t\u00fcpl\u00fc dal\u0131\u015f yapabilir. Teknede \u00e7ocuklar\u0131n\u0131z i\u00e7in \u015fnorkel de bulunmaktad\u0131r. Dilerlerse \u015fnorkelle dal\u0131\u015f yapabilirler.<\/p>\n<p class=\"deepnote\">Y\u00fczme bilmeyenler t\u00fcpl\u00fc dal\u0131\u015f yapabilir mi?<\/p>\n<p>Alanya&#039;da t\u00fcpl\u00fc dal\u0131\u015f yapmak i\u00e7in y\u00fczme bilmenize gerek yok. \u00c7\u00fcnk\u00fc suda kalman\u0131z\u0131 sa\u011flayan etken y\u00fczme yetene\u011finiz de\u011fildir. Kulland\u0131\u011f\u0131m\u0131z ekipmanlar sayesinde suyun \u00fcst\u00fcne \u00e7\u0131kabilece\u011finiz gibi dibine de inebilirsiniz. suyun i\u00e7inde kendinizi iyi hissetmeniz yeterli olacakt\u0131r.<\/p>\n<h3>Alanya Dal\u0131\u015f Merkezi<\/h3>\n<h4><img decoding=\"async\" class=\"lazy order-sm-2 rounded r3 float-sm-right ml-sm-3\" src=\"https:\/\/www.dailytoursinalanya.com\/Content\/images\/userfiles\/images\/diving\/akvaryum.webp\" alt=\"Aquarium\" \/><\/h4>\n<div class=\"d-sm-flex align-items-center r1\">\n<div class=\"order-sm-1\">\n<h5>Akvaryum<\/h5>\n<p>E\u011fitim dal\u0131\u015flar\u0131 i\u00e7in uygundur. Deniz \u015fartlar\u0131n\u0131n k\u00f6t\u00fc oldu\u011fu durumlarda dal\u0131\u015f i\u00e7in de tercih edilmektedir. Bu konum ziyaret edilen yerlerden biri\u00a0<strong>Alanya dal\u0131\u015f\u0131<\/strong>\u00a0tur.<\/p>\n<ul>\n<li><b>Limana uzakl\u0131k:\u00a0<\/b>5 dakika<\/li>\n<li><b>Derinlik:\u00a0<\/b>4-25 metre aras\u0131<\/li>\n<li><b>Deniz Yata\u011f\u0131 Yap\u0131s\u0131:\u00a0<\/b>Kaya ve su alt\u0131 bitkileri.<\/li>\n<li><b>Fauna:\u00a0<\/b>Ahtapot, vatoz, m\u00fcren bal\u0131\u011f\u0131, orfoz, \u00e7avu\u015f bal\u0131\u011f\u0131, deniz yumu\u015fak\u00e7alar\u0131.<\/li>\n<\/ul>\n<\/div>\n<\/div>\n<div class=\"d-sm-flex align-items-center r1\">\n<p><img decoding=\"async\" class=\"lazy order-sm-2 rounded r3 float-sm-right ml-sm-3\" src=\"https:\/\/www.dailytoursinalanya.com\/Content\/images\/userfiles\/images\/diving\/amfora.webp\" alt=\"Amphora\" \/><\/p>\n<div class=\"order-sm-1\">\n<h5>Amfora<\/h5>\n<p>Sertifikal\u0131 dalg\u0131\u00e7lar i\u00e7in uygundur. \u00c7ok say\u0131da amfora ve deniz canl\u0131s\u0131 var. Buraya standartla gidemezsin\u00a0<strong>Alanya dal\u0131\u015f\u0131<\/strong>\u00a0tur.<\/p>\n<ul>\n<li><b>Limana uzakl\u0131k:\u00a0<\/b>5 dakika<\/li>\n<li><b>Derinlik:\u00a0<\/b>20-29 metre aras\u0131<\/li>\n<li><b>Deniz Yata\u011f\u0131 Yap\u0131s\u0131:\u00a0<\/b>Kaya ve su alt\u0131 bitkileri.<\/li>\n<li><b>Fauna:\u00a0<\/b>Ahtapot, vatoz, m\u00fcren bal\u0131\u011f\u0131, orfoz, domuz bal\u0131\u011f\u0131<\/li>\n<\/ul>\n<\/div>\n<\/div>\n<div class=\"d-sm-flex align-items-center r1\">\n<p><img decoding=\"async\" class=\"lazy order-sm-2 rounded r3 float-sm-right ml-sm-3\" src=\"https:\/\/www.dailytoursinalanya.com\/Content\/images\/userfiles\/images\/diving\/korsan-magarasi.webp\" alt=\"Pirate Cave\" \/><\/p>\n<div class=\"order-sm-1\">\n<h5>Korsan Ma\u011faras\u0131<\/h5>\n<p>Korsan ma\u011faras\u0131 hem Sertifikal\u0131 dalg\u0131\u00e7lar hem de e\u011fitim dal\u0131\u015flar\u0131 i\u00e7in uygun bir dal\u0131\u015f noktas\u0131d\u0131r. Ma\u011faran\u0131n 25 metre derinli\u011finde bir de bat\u0131k gemi bulunmaktad\u0131r. Ma\u011fara Y\u00fczeyi a\u00e7\u0131kt\u0131r. Tehlikeli de\u011fil. Ma\u011farada \u00e7ok say\u0131da renkli ta\u015f bulunmaktad\u0131r. G\u00f6rsel olarak tatmin edicidir. i\u00e7in ideal bir ma\u011farad\u0131r.\u00a0<strong>Alanya&#039;da dal\u0131\u015f<\/strong>.<\/p>\n<ul>\n<li><b>Limana uzakl\u0131k:\u00a0<\/b>10 dk<\/li>\n<li><b>Derinlik:\u00a0<\/b>12-33 metre aras\u0131<\/li>\n<li><b>Deniz Yata\u011f\u0131 Yap\u0131s\u0131:\u00a0<\/b>Kayal\u0131k<\/li>\n<li><b>Fauna:\u00a0<\/b>Vatoz, Ahtapot, Orfoz, Barracuda. Ma\u011farada yarasalar da bulunmaktad\u0131r.<\/li>\n<\/ul>\n<\/div>\n<\/div>\n<div class=\"d-sm-flex align-items-center r1\">\n<p><img decoding=\"async\" class=\"lazy order-sm-2 rounded r3 float-sm-right ml-sm-3\" src=\"https:\/\/www.dailytoursinalanya.com\/Content\/images\/userfiles\/images\/diving\/teras.webp\" alt=\"Terrace\" \/><\/p>\n<div class=\"order-sm-1\">\n<h5>Teras<\/h5>\n<p>Sertifikal\u0131 dalg\u0131\u00e7lar i\u00e7in uygundur. Tamamen kayalarla kapl\u0131 olan bu dal\u0131\u015f noktas\u0131nda, kayalar\u0131n aras\u0131na gizlenmi\u015f m\u00fcren y\u0131lanlar\u0131n\u0131 s\u0131kl\u0131kla g\u00f6r\u00fcyoruz. Burada standartta dal\u0131\u015f yapamazs\u0131n\u0131z\u00a0<strong>Alanya dal\u0131\u015f\u0131<\/strong>\u00a0fazla.<\/p>\n<ul>\n<li><b>Limana uzakl\u0131k:\u00a0<\/b>10 dk<\/li>\n<li><b>Derinlik:\u00a0<\/b>7-25 metre aras\u0131<\/li>\n<li><b>Deniz Yata\u011f\u0131 Yap\u0131s\u0131:\u00a0<\/b>Engebeli ve kayal\u0131k<\/li>\n<li><b>Fauna:\u00a0<\/b>\u00c7o\u011funlukla kabuklu deniz \u00fcr\u00fcnleri vard\u0131r.<\/li>\n<\/ul>\n<\/div>\n<\/div>\n<div class=\"d-sm-flex align-items-center r1\">\n<p><img decoding=\"async\" class=\"lazy order-sm-2 rounded r3 float-sm-right ml-sm-3\" src=\"https:\/\/www.dailytoursinalanya.com\/Content\/images\/userfiles\/images\/diving\/orta-magara.webp\" alt=\"Middle Cave\" \/><\/p>\n<div class=\"order-sm-1\">\n<h5>Orta Ma\u011fara<\/h5>\n<p>Ma\u011faran\u0131n giri\u015fi 15 metre derinliktedir. Bu dal\u0131\u015f noktas\u0131nda derin su dal\u0131\u015flar\u0131 yap\u0131lmaktad\u0131r. Sertifikal\u0131 ve deneyimli dalg\u0131\u00e7lar i\u00e7in idealdir. Amat\u00f6r dalg\u0131\u00e7lar burada dal\u0131\u015f yapamazlar.<\/p>\n<ul>\n<li><b>Limana uzakl\u0131k:\u00a0<\/b>12 dakika<\/li>\n<li><b>Derinlik:\u00a0<\/b>15-34 metre aras\u0131<\/li>\n<li><b>Deniz Yata\u011f\u0131 Yap\u0131s\u0131:\u00a0<\/b>Kayal\u0131k<\/li>\n<li><b>Fauna:\u00a0<\/b>Orfoz, Aslan Bal\u0131\u011f\u0131, Ahtapot, Ak Bal\u0131k\u00e7\u0131l, M\u00fcren, B\u00f6cek, Diplodus vulgaris.<\/li>\n<\/ul>\n<\/div>\n<\/div>\n<div class=\"d-sm-flex align-items-center r1\">\n<p><img decoding=\"async\" class=\"lazy order-sm-2 rounded r3 float-sm-right ml-sm-3\" src=\"https:\/\/www.dailytoursinalanya.com\/Content\/images\/userfiles\/images\/diving\/asiklar-magarasi.webp\" alt=\"Lovers Cave\" \/><\/p>\n<div class=\"order-sm-1\">\n<h5>A\u015f\u0131klar Ma\u011faras\u0131<\/h5>\n<p>Bu ma\u011farada e\u011fitim dal\u0131\u015flar\u0131 yap\u0131lmaktad\u0131r. Deneyimli dalg\u0131\u00e7lar i\u00e7in de uygundur. 4 metre derinli\u011finde k\u00fc\u00e7\u00fck bir ma\u011fara ve 21 metre derinli\u011finde eski bir deniz \u00e7apas\u0131 bulunmaktad\u0131r. Su alt\u0131 canl\u0131lar\u0131 a\u00e7\u0131s\u0131ndan olduk\u00e7a zengin bir dal\u0131\u015f noktas\u0131d\u0131r.<\/p>\n<ul>\n<li><b>Limana uzakl\u0131k:\u00a0<\/b>15 dakika<\/li>\n<li><b>Derinlik:\u00a0<\/b>10-34 metre aras\u0131<\/li>\n<li><b>Deniz Yata\u011f\u0131 Yap\u0131s\u0131:\u00a0<\/b>Kayal\u0131k ve su alt\u0131 bitkileri.<\/li>\n<li><b>Fauna:\u00a0<\/b>Orfoz, aslan bal\u0131\u011f\u0131, ahtapot, kahverengi meagre, m\u00fcren bal\u0131\u011f\u0131, b\u00f6cek, \u00e7ipura, deniz yumu\u015fak\u00e7alar\u0131.<\/li>\n<\/ul>\n<\/div>\n<\/div>\n<div class=\"d-sm-flex align-items-center r1\">\n<p><img decoding=\"async\" class=\"lazy order-sm-2 rounded r3 float-sm-right ml-sm-3\" src=\"https:\/\/www.dailytoursinalanya.com\/Content\/images\/userfiles\/images\/diving\/dilvara.webp\" alt=\"Dilvara\" \/><\/p>\n<div class=\"order-sm-1\">\n<h5>Dilvara<\/h5>\n<p>E\u011fitim dal\u0131\u015flar\u0131n\u0131n yap\u0131ld\u0131\u011f\u0131 yerlerden biridir. Alanya Kalesi yar\u0131madas\u0131n\u0131n ucunda yer almaktad\u0131r. Bat\u0131 dilvara ve do\u011fu dilvara olmak \u00fczere iki farkl\u0131 dal\u0131\u015f noktas\u0131 bulunmaktad\u0131r. \u00d6zellikleri benzerdir.<\/p>\n<ul>\n<li><b>Limana uzakl\u0131k:\u00a0<\/b>17 dakika<\/li>\n<li><b>Derinlik:\u00a0<\/b>5-35 metre aras\u0131<\/li>\n<li><b>Deniz Yata\u011f\u0131 Yap\u0131s\u0131:\u00a0<\/b>Kayal\u0131k ve k\u0131smen kumlu<\/li>\n<li><b>Fauna:\u00a0<\/b>Bu dal\u0131\u015f noktas\u0131nda s\u00fcr\u00fc bal\u0131klar\u0131na s\u0131kl\u0131kla rastlan\u0131r.<\/li>\n<\/ul>\n<\/div>\n<\/div>\n<div class=\"d-sm-flex align-items-center r1\">\n<p><img decoding=\"async\" class=\"lazy order-sm-2 rounded r3 float-sm-right ml-sm-3\" src=\"https:\/\/www.dailytoursinalanya.com\/Content\/images\/userfiles\/images\/diving\/fosforlu-magara.webp\" alt=\"Phosphorous Cave\" \/><\/p>\n<div class=\"order-sm-1\">\n<h5>Fosforlu Ma\u011fara<\/h5>\n<p>Hem e\u011fitim dal\u0131\u015flar\u0131 hem de lisansl\u0131 dalg\u0131\u00e7lar i\u00e7in uygundur. Bu ma\u011farada gece dal\u0131\u015flar\u0131 da yap\u0131l\u0131yor. Ad\u0131n\u0131 fosforlu gibi g\u00f6r\u00fcnen parlak ta\u015flar\u0131ndan al\u0131yor. Alanya kalesinin bulundu\u011fu yar\u0131madan\u0131n bat\u0131s\u0131ndad\u0131r. Dal\u0131\u015f noktas\u0131nda biri 5 metre, di\u011feri 12 metre derinlikte olmak \u00fczere iki farkl\u0131 ma\u011fara grubu bulunmaktad\u0131r. Alanya&#039;n\u0131n en ideal dal\u0131\u015f yerlerinden biridir.<\/p>\n<ul>\n<li><b>Limana uzakl\u0131k:\u00a0<\/b>20 Dakika<\/li>\n<li><b>Derinlik:\u00a0<\/b>8-33 metre aras\u0131<\/li>\n<li><b>Deniz Yata\u011f\u0131 Yap\u0131s\u0131:\u00a0<\/b>Tamamen kayal\u0131k<\/li>\n<li><b>Fauna:\u00a0<\/b>Yem bal\u0131klar\u0131, y\u0131rt\u0131c\u0131 bal\u0131klar, deniz yumu\u015fak\u00e7alar\u0131.<\/li>\n<\/ul>\n<\/div>\n<\/div>\n<div class=\"d-sm-flex align-items-center r1\">\n<p><img decoding=\"async\" class=\"lazy order-sm-2 rounded r3 float-sm-right ml-sm-3\" src=\"https:\/\/www.dailytoursinalanya.com\/Content\/images\/userfiles\/images\/diving\/kiriktas.webp\" alt=\"Broken stone\" \/><\/p>\n<div class=\"order-sm-1\">\n<h5>K\u0131r\u0131k ta\u015f<\/h5>\n<p>Buras\u0131 da ziyaret edilen dal\u0131\u015f noktalar\u0131ndan biri.\u00a0<strong>Alanya dal\u0131\u015f\u0131<\/strong>\u00a0tur program\u0131. 4 metre derinlikte 10 metre uzunlu\u011funda bir ma\u011fara bulunmaktad\u0131r. Her t\u00fcrl\u00fc dal\u0131\u015fa uygun bir dal\u0131\u015f noktas\u0131d\u0131r.<\/p>\n<ul>\n<li><b>Limana uzakl\u0131k:\u00a0<\/b>20 Dakika<\/li>\n<li><b>Derinlik:\u00a0<\/b>5-20 metre aras\u0131<\/li>\n<li><b>Deniz Yata\u011f\u0131 Yap\u0131s\u0131:\u00a0<\/b>Kayal\u0131k<\/li>\n<li><b>Fauna:\u00a0<\/b>Alanya \u00e7evresinde ya\u015fayan hemen hemen her t\u00fcrl\u00fc su alt\u0131 canl\u0131s\u0131n\u0131 burada g\u00f6rmek m\u00fcmk\u00fcnd\u00fcr.<\/li>\n<\/ul>\n<\/div>\n<\/div>\n<div class=\"d-sm-flex align-items-center r1\">\n<p><img decoding=\"async\" class=\"lazy order-sm-2 rounded r3 float-sm-right ml-sm-3\" src=\"https:\/\/www.dailytoursinalanya.com\/Content\/images\/userfiles\/images\/diving\/tunel.webp\" alt=\"Tunnel\" \/><\/p>\n<div class=\"order-sm-1\">\n<h5>T\u00fcnel<\/h5>\n<p>Profesyonel dalg\u0131\u00e7lar i\u00e7in uygundur. 13 metre derinli\u011finde bir t\u00fcnel var. T\u00fcnelin uzunlu\u011fu 42 metredir. T\u00fcnelin ucu a\u00e7\u0131k. T\u00fcnelin geni\u015fli\u011fi 3-6 metre aras\u0131nda de\u011fi\u015fiyor. T\u00fcnel boyunca k\u00fc\u00e7\u00fck odalar da bulunmaktad\u0131r.<\/p>\n<ul>\n<li><b>Limana uzakl\u0131k:\u00a0<\/b>25 dakika<\/li>\n<li><b>Derinlik:\u00a0<\/b>5-20 metre aras\u0131<\/li>\n<li><b>Deniz Yata\u011f\u0131 Yap\u0131s\u0131:\u00a0<\/b>Kayal\u0131k<\/li>\n<li><b>Fauna:\u00a0<\/b>Ahtapot, Vatoz, M\u00fcren, Orfoz, B\u00f6cek<\/li>\n<\/ul>\n<\/div>\n<\/div>\n<div class=\"d-sm-flex align-items-center r1\">\n<p><img decoding=\"async\" class=\"lazy order-sm-2 rounded r3 float-sm-right ml-sm-3\" src=\"https:\/\/www.dailytoursinalanya.com\/Content\/images\/userfiles\/images\/diving\/rambo.webp\" alt=\"Rambo\" \/><\/p>\n<div class=\"order-sm-1\">\n<h5>Rambo<\/h5>\n<p>Alanya&#039;n\u0131n en pop\u00fcler dal\u0131\u015f noktas\u0131d\u0131r. 13 metre derinlikte yar\u0131s\u0131 havayla dolu bir su alt\u0131 ma\u011faras\u0131 bulunmaktad\u0131r. Ma\u011fara i\u00e7indeki hava bo\u015flu\u011funun y\u00fcksekli\u011fi baz\u0131 yerlerde 10 metreye kadar ula\u015fabilmektedir. Ma\u011farada sark\u0131t ve dikitler bulunmaktad\u0131r. Ma\u011faraya ula\u015fmak i\u00e7in yakla\u015f\u0131k 10 metre uzunlu\u011funda bir t\u00fcnelden ge\u00e7iliyor. Ma\u011fara taban\u0131 kumdur. Bu nedenle suyun bulanmamas\u0131 i\u00e7in ma\u011faraya girerken yerden en az 1 metre y\u00fckseklikten ge\u00e7mek gerekmektedir.<\/p>\n<ul>\n<li><b>Limana uzakl\u0131k:\u00a0<\/b>30 dk<\/li>\n<li><b>Derinlik:\u00a0<\/b>5-22 metre aras\u0131<\/li>\n<li><b>Deniz Yata\u011f\u0131 Yap\u0131s\u0131:\u00a0<\/b>Rocky ve Sandy<\/li>\n<li><b>Fauna:\u00a0<\/b>Alanya \u00e7evresinde ya\u015fayan hemen hemen her t\u00fcrl\u00fc su alt\u0131 canl\u0131s\u0131n\u0131 burada g\u00f6rmek m\u00fcmk\u00fcnd\u00fcr.<\/li>\n<\/ul>\n<\/div>\n<\/div>\n<\/div>","protected":false},"excerpt":{"rendered":"<p>Alanya Dal\u0131\u015f Deneyimleri Alanya dal\u0131\u015f turu ile Alanya&#039;n\u0131n su alt\u0131 ma\u011faralar\u0131n\u0131, muhte\u015fem yapay resiflerini ve Akdeniz&#039;in su alt\u0131 do\u011fas\u0131n\u0131 ke\u015ffedin. Su alt\u0131 foto\u011fraf ve videolar\u0131yla tatil an\u0131lar\u0131n\u0131z\u0131 \u00f6l\u00fcms\u00fczle\u015ftirin. Ailenizle kat\u0131l\u0131n ve t\u00fcpl\u00fc dal\u0131\u015f yap\u0131n veya rahat bir tekne turunun keyfini \u00e7\u0131kar\u0131n. Alanya Dal\u0131\u015f Program\u0131 Otelden veya adresten alma. Sa\u011fl\u0131k kontrolleri. [\u2026]<\/p>","protected":false},"featured_media":9764,"comment_status":"open","ping_status":"closed","template":"","meta":{"_monsterinsights_skip_tracking":false,"_monsterinsights_sitenote_active":false,"_monsterinsights_sitenote_note":"","_monsterinsights_sitenote_category":0},"product_cat":[85],"product_tag":[],"class_list":{"0":"post-9763","1":"product","2":"type-product","3":"status-publish","4":"has-post-thumbnail","6":"product_cat-alanya-tuplu-dalis","8":"first","9":"instock","10":"sale","11":"shipping-taxable","12":"purchasable","13":"product-type-ovabrw_car_rental"},"aioseo_notices":[],"_links":{"self":[{"href":"https:\/\/berfintour.com\/tr\/wp-json\/wp\/v2\/product\/9763","targetHints":{"allow":["GET"]}}],"collection":[{"href":"https:\/\/berfintour.com\/tr\/wp-json\/wp\/v2\/product"}],"about":[{"href":"https:\/\/berfintour.com\/tr\/wp-json\/wp\/v2\/types\/product"}],"replies":[{"embeddable":true,"href":"https:\/\/berfintour.com\/tr\/wp-json\/wp\/v2\/comments?post=9763"}],"wp:featuredmedia":[{"embeddable":true,"href":"https:\/\/berfintour.com\/tr\/wp-json\/wp\/v2\/media\/9764"}],"wp:attachment":[{"href":"https:\/\/berfintour.com\/tr\/wp-json\/wp\/v2\/media?parent=9763"}],"wp:term":[{"taxonomy":"product_cat","embeddable":true,"href":"https:\/\/berfintour.com\/tr\/wp-json\/wp\/v2\/product_cat?post=9763"},{"taxonomy":"product_tag","embeddable":true,"href":"https:\/\/berfintour.com\/tr\/wp-json\/wp\/v2\/product_tag?post=9763"}],"curies":[{"name":"wp","href":"https:\/\/api.w.org\/{rel}","templated":true}]}}