{"id":9758,"date":"2024-01-14T21:26:59","date_gmt":"2024-01-14T18:26:59","guid":{"rendered":"https:\/\/berfintour.com\/?post_type=product&#038;p=9758"},"modified":"2025-03-24T08:39:50","modified_gmt":"2025-03-24T05:39:50","slug":"alanya-only-rafting","status":"publish","type":"product","link":"https:\/\/berfintour.com\/tr\/urun\/alanya-only-rafting\/","title":{"rendered":"Sadece Alanya Rafting"},"content":{"rendered":"<div class=\"header-ul\">\n<h3>Sadece Alanya Rafting Deneyimleri<\/h3>\n<\/div>\n<div class=\"content-text tour-experiences\">\n<ul>\n<li>D\u00fcnyaca \u00fcnl\u00fc K\u00f6pr\u00fc\u00e7ay Nehri&#039;nde unutulmaz bir rafting maceras\u0131 ya\u015fay\u0131n<\/li>\n<li>Zamanda bir yolculuk i\u00e7in tarihi Oluk K\u00f6pr\u00fcs\u00fc (Eurymedon) ve Karab\u00fck K\u00f6pr\u00fcs\u00fc&#039;n\u00fc ziyaret edin<\/li>\n<li>Tarihi mekanlarda keyifli y\u00fcr\u00fcy\u00fc\u015fler, b\u00fcy\u00fcleyici animasyon g\u00f6sterileri ve unutulmaz foto\u011fraf \u00e7ekimleri f\u0131rsatlar\u0131<\/li>\n<li>U\u00e7urumdan atlaman\u0131n, canland\u0131r\u0131c\u0131 y\u00fczme molalar\u0131n\u0131n ve su aktivitelerine kat\u0131lman\u0131n keyfini \u00e7\u0131kar\u0131n<\/li>\n<li>Muhte\u015fem bir do\u011fa harikas\u0131 ve 1973&#039;ten bu yana milli park olarak ilan edilen K\u00f6pr\u00fcl\u00fc Kanyon Milli Park\u0131&#039;n\u0131 ke\u015ffedin<\/li>\n<\/ul>\n<\/div>\n<div class=\"header-ul\">\n<h3>Sadece Alanya Rafting Program\u0131<\/h3>\n<\/div>\n<div class=\"content-text\">\n<ul>\n<li>\u201cSadece Alanya Rafting\u201d turumuza ba\u015flamak i\u00e7in otellerden ara\u00e7la alma<\/li>\n<li>K\u00f6pr\u00fcl\u00fc Kanyon raftingi i\u00e7in bulu\u015fma noktas\u0131na var\u0131\u015f<\/li>\n<li>Profesyonel rehberlerimiz taraf\u0131ndan rafting turu hakk\u0131nda detayl\u0131 talimatlar<\/li>\n<li>G\u00fcvenli\u011finiz i\u00e7in can yele\u011fi, kask, k\u00fcrek gibi gerekli ekipmanlar\u0131n da\u011f\u0131t\u0131m\u0131<\/li>\n<li>Ba\u015flang\u0131\u00e7 noktas\u0131 olan tarihi Roma k\u00f6pr\u00fcs\u00fcne ula\u015f\u0131m i\u00e7in servis ara\u00e7lar\u0131yla 15 dakikal\u0131k keyifli bir yolculuk<\/li>\n<li>Tur rehberimiz taraf\u0131ndan sa\u011flanan tarihi yerler hakk\u0131nda bilgiler<\/li>\n<li>K\u00f6pr\u00fcl\u00fc Kanyon Milli Park\u0131&#039;n\u0131n muhte\u015fem do\u011fas\u0131nda y\u00fcr\u00fcy\u00fc\u015f yapman\u0131n keyfini \u00e7\u0131kar\u0131n, unutulmaz foto\u011fraflar \u00e7ekin ve serinletici bir y\u00fczme molas\u0131 verin<\/li>\n<li>Tur liderimiz rehberli\u011finde 2 ki\u015filik kano ve tekne tahsisi<\/li>\n<li>7 kilometrelik heyecanl\u0131 raftingi kapsayan 14 kilometrelik rotan\u0131n ilk b\u00f6l\u00fcm\u00fcn\u00fc deneyimleyin (Her teknenin \u00f6zel bir rehberi olacakt\u0131r)<\/li>\n<li>Y\u00fczme ve dinlenme molas\u0131<\/li>\n<li>7 kilometrelik parkurun ikinci b\u00f6l\u00fcm\u00fcyle maceraya devam<\/li>\n<li>Izgara bal\u0131k, tavuk \u015fi\u015f, pilav, patates salatas\u0131, makarna ve mevsim salatas\u0131 gibi leziz se\u00e7eneklerin sunuldu\u011fu b\u00fcfe servisiyle \u00f6\u011fle yeme\u011fi molas\u0131 verin<\/li>\n<li>Rafting deneyiminiz s\u0131ras\u0131nda ekibimizin \u00e7ekti\u011fi foto\u011fraflar\u0131n b\u00fcy\u00fcleyici slayt g\u00f6sterisi sunumunun keyfini \u00e7\u0131kar\u0131n<\/li>\n<li>Alanya&#039;ya \u00f6zel rafting turu bitiminde otellerinize d\u00f6n\u00fc\u015f<\/li>\n<\/ul>\n<\/div>","protected":false},"excerpt":{"rendered":"<p>Sadece Alanya Rafting Deneyimleri D\u00fcnyaca \u00fcnl\u00fc K\u00f6pr\u00fc\u00e7ay Nehri&#039;nde unutulmaz bir rafting maceras\u0131 ya\u015fay\u0131n Zamanda yolculuk i\u00e7in tarihi Oluk K\u00f6pr\u00fcs\u00fc (Eurymedon) ve Karab\u00fck K\u00f6pr\u00fcs\u00fc&#039;n\u00fc ziyaret edin Keyifli y\u00fcr\u00fcy\u00fc\u015fler, b\u00fcy\u00fcleyici animasyon g\u00f6sterileri ve tarihi mekanlarda unutulmaz foto\u011fraf \u00e7ekimleri f\u0131rsatlar\u0131 Keyfini \u00e7\u0131kar\u0131n u\u00e7urumdan atlama, canland\u0131r\u0131c\u0131 y\u00fczme molalar\u0131 ve su aktivitelerine kat\u0131lma Ke\u015ffedin [\u2026]<\/p>","protected":false},"featured_media":9761,"comment_status":"open","ping_status":"closed","template":"","meta":{"_monsterinsights_skip_tracking":false,"_monsterinsights_sitenote_active":false,"_monsterinsights_sitenote_note":"","_monsterinsights_sitenote_category":0},"product_cat":[67],"product_tag":[],"class_list":{"0":"post-9758","1":"product","2":"type-product","3":"status-publish","4":"has-post-thumbnail","6":"product_cat-alanya-rafting","8":"first","9":"instock","10":"sale","11":"shipping-taxable","12":"purchasable","13":"product-type-ovabrw_car_rental"},"aioseo_notices":[],"_links":{"self":[{"href":"https:\/\/berfintour.com\/tr\/wp-json\/wp\/v2\/product\/9758","targetHints":{"allow":["GET"]}}],"collection":[{"href":"https:\/\/berfintour.com\/tr\/wp-json\/wp\/v2\/product"}],"about":[{"href":"https:\/\/berfintour.com\/tr\/wp-json\/wp\/v2\/types\/product"}],"replies":[{"embeddable":true,"href":"https:\/\/berfintour.com\/tr\/wp-json\/wp\/v2\/comments?post=9758"}],"wp:featuredmedia":[{"embeddable":true,"href":"https:\/\/berfintour.com\/tr\/wp-json\/wp\/v2\/media\/9761"}],"wp:attachment":[{"href":"https:\/\/berfintour.com\/tr\/wp-json\/wp\/v2\/media?parent=9758"}],"wp:term":[{"taxonomy":"product_cat","embeddable":true,"href":"https:\/\/berfintour.com\/tr\/wp-json\/wp\/v2\/product_cat?post=9758"},{"taxonomy":"product_tag","embeddable":true,"href":"https:\/\/berfintour.com\/tr\/wp-json\/wp\/v2\/product_tag?post=9758"}],"curies":[{"name":"wp","href":"https:\/\/api.w.org\/{rel}","templated":true}]}}