{"id":9753,"date":"2024-01-14T21:22:09","date_gmt":"2024-01-14T18:22:09","guid":{"rendered":"https:\/\/berfintour.com\/?post_type=product&#038;p=9753"},"modified":"2025-03-24T08:37:12","modified_gmt":"2025-03-24T05:37:12","slug":"alanya-jeep-safari","status":"publish","type":"product","link":"https:\/\/berfintour.com\/tr\/urun\/alanya-jeep-safari\/","title":{"rendered":"Alanya Jeep Safari"},"content":{"rendered":"<div class=\"header-ul\">\n<h3>Alanya Jeep Safari Deneyimleri<\/h3>\n<\/div>\n<div class=\"content-text tour-experiences\">\n<ul>\n<li>Safari yaparak Alanya&#039;n\u0131n muhte\u015fem do\u011fas\u0131n\u0131 ke\u015ffetmek<\/li>\n<li>Yerel gastronomi lezzetleri<\/li>\n<li>Bal\u0131k tutma ve y\u00fczme aktiviteleri<\/li>\n<\/ul>\n<\/div>\n<div class=\"header-ul\">\n<h3>Alanya Jeep Safari Program\u0131<\/h3>\n<\/div>\n<div class=\"content-text\">\n<ul>\n<li>Otellerinizden veya adreslerinizden ara\u00e7la alma<\/li>\n<li>Safariye \u00e7\u0131kmak i\u00e7in gruplarla bulu\u015fma<\/li>\n<li><strong>Alanya jeep safari<\/strong>\u00a0Toros da\u011flar\u0131nda konvoyla tur<\/li>\n<li>\u015eehri kaplayan tepede panoramik manzaralar i\u00e7in foto\u011fraf molas\u0131<\/li>\n<li>Jeep ekipleri aras\u0131nda e\u011flenceli su sava\u015flar\u0131<\/li>\n<li>Meyve bah\u00e7elerini ziyaret etmek<\/li>\n<li>850 m rak\u0131mdaki muhte\u015fem Y\u00f6r\u00fck \u00c7ad\u0131r\u0131, Mahmutseydi K\u00f6y\u00fc ve camiyi ziyaret etmek<\/li>\n<li>Dim Baraj\u0131 ziyareti ve foto\u011fraf molas\u0131<\/li>\n<li>Dim \u00c7ay\u0131&#039;nda \u00f6\u011fle yeme\u011fi (alabal\u0131k veya tavuk, pilav, salata), y\u00fczme ve bal\u0131k tutma molas\u0131<\/li>\n<li>Oba \u00c7ay\u0131&#039;nda y\u00fczme molas\u0131<\/li>\n<li>Otellere d\u00f6n\u00fc\u015f veya teslim alma noktalar\u0131<\/li>\n<\/ul>\n<\/div>\n<div class=\"header-ul\">\n<h3>Alanya Jeep Safari Hakk\u0131nda Genel Bilgiler<\/h3>\n<\/div>\n<div class=\"content-text\">\n<p><img decoding=\"async\" class=\"rounded img-fluid float-sm-left mt-2 mr-sm-4 mb-2\" src=\"https:\/\/www.dailytoursinalanya.com\/Content\/images\/tours\/5\/thumb\/alanya-jeep-safari-14.webp\" alt=\"Alanya Jeep Safari 2\" \/><\/p>\n<h2>Jeep Safari Alanya<\/h2>\n<p><strong>Jeep safari Alanya<\/strong>\u00a0tur off-road&#039;lardan (normal ara\u00e7lar\u0131n giremedi\u011fi yollar, engebeli, \u00e7amurlu, tozlu, da\u011fl\u0131k araziler) ge\u00e7erek muhte\u015fem manzaralar\u0131n keyfini \u00e7\u0131karaca\u011f\u0131n\u0131z, Alanya&#039;n\u0131n en g\u00fczel otantic k\u00f6ylerini, yaylalar\u0131n\u0131 ve bah\u00e7elerini ke\u015ffedece\u011finiz bir adrenalin turudur; 4*4 Land Rover jeepleri ile 8 veya 10 koltukludur.<\/p>\n<h3>Alanya Jeep Safari Turu<\/h3>\n<p>Profesyonel rehberler e\u015fli\u011finde Alanya&#039;n\u0131n do\u011fas\u0131, iklimi ve tarihi hakk\u0131nda bilgi edineceksiniz. Buna k\u00fclt\u00fcr turu da diyebiliriz. Toros Da\u011flar\u0131&#039;nda \u00fcst\u00fc a\u00e7\u0131k ciplerle yolculuk yap\u0131yorsunuz. Yerel k\u00f6yl\u00fclerle tan\u0131\u015f\u0131p mevsimin taze tropik meyvelerini, bunu kendi yapan kad\u0131nlar\u0131n yapt\u0131\u011f\u0131 el yap\u0131m\u0131 ha\u015flanm\u0131\u015f \u00fcz\u00fcm suyunu ve f\u0131r\u0131nda yap\u0131lan leziz g\u00f6zlemeleri tatmak i\u00e7in bir de\u011fi\u015fiklik yapabilirsiniz. Alanya&#039;dan hat\u0131ralar getirmek istiyorsan\u0131z k\u00f6yl\u00fclerden bulabilece\u011finiz ve bu b\u00f6lgenin ruhunu hissedebilece\u011finiz hediyeler alabilirsiniz. Bol \u00e7amurlu yollardan ve sulardan ge\u00e7ece\u011finiz i\u00e7in yan\u0131n\u0131za daha fazla k\u0131yafet alman\u0131z iyi olabilir.<\/p>\n<ul>\n<li>Merak edenler i\u00e7in, ara\u00e7lar\u0131 yolda kullanm\u0131yorsunuz.\u00a0<strong>Alanya jeep safari<\/strong>\u00a0tur.<\/li>\n<li>Jeep kiralaman\u0131za gerek kalmadan e\u011flenceli ve macera dolu turumuza kat\u0131labilirsiniz.<\/li>\n<li>Sertifikal\u0131, sigortal\u0131 ve deneyimli s\u00fcr\u00fcc\u00fclerimiz jeepleri s\u00fcr\u00fcyor ve m\u00fczik e\u015fli\u011finde pistlerde harikalar yarat\u0131yor.<\/li>\n<li>Siz sadece tatilinizin tad\u0131n\u0131 \u00e7\u0131kar\u0131n.<\/li>\n<\/ul>\n<h4>\u00c7ocuklara Uygun mu?<\/h4>\n<p><strong>Alanya jeep safari<\/strong>\u00a0Tur \u00e7ocuklara da uygun oldu\u011fundan \u00e7ocuklu aileler teredd\u00fct etmeden kat\u0131labilir. Ailenizle e\u011flenceli vakit ge\u00e7irip g\u00fczel an\u0131lar biriktirmek i\u00e7in aile dostu turlar\u0131m\u0131zdan biridir.<\/p>\n<h4>Alanya Jeep Safari&#039;de Hangi Yerleri G\u00f6receksiniz?<\/h4>\n<p><b>Lo\u015f Ak\u0131\u015f<\/b>Toros da\u011flar\u0131ndan do\u011far. Alanya&#039;ya geldi\u011finizde g\u00f6rmeniz gereken en g\u00fczel yerlerden biri, \u015fehir merkezine 7 km uzakl\u0131kta. Yaz s\u0131ca\u011f\u0131ndan kurtulmak isteyenler i\u00e7in tercih edilmektedir. Buz gibi sularda serinleyebilece\u011finiz, lezzetli yemekler yiyebilece\u011finiz otantik restoranlar bulunmaktad\u0131r. Bu restoranlar nehir dere suyunun \u00fczerinde yer almaktad\u0131r. Su kayd\u0131raklar\u0131n\u0131n da olmas\u0131 nedeniyle e\u011flenmek i\u00e7in harika bir yerdir. Ayr\u0131ca bal\u0131k tutma aktivitesi ile hem deneyimleyebilir hem de yeni bir hobi \u00f6\u011frenebilirsiniz. Derenin \u00e7evresinde bir yerle\u015fim yeri olan Dim K\u00f6y\u00fc bulunmaktad\u0131r. Bu do\u011fa harikas\u0131n\u0131n tad\u0131n\u0131 \u00e7\u0131kar\u0131rken\u00a0<strong>Alanya jeep safari<\/strong>\u00a0tur.<\/p>\n<ul>\n<li><b>Dim Baraj\u0131<\/b>1998-2004 y\u0131llar\u0131 aras\u0131nda Dim \u00c7ay\u0131 \u00fczerinde tar\u0131ma y\u00f6nelik sulama, enerji ve i\u00e7me suyu temini amac\u0131yla kurulmu\u015ftur. Bu baraj Antalya&#039;n\u0131n y\u0131ll\u0131k 11 hektar i\u00e7me suyunu sa\u011flamaktad\u0131r.<\/li>\n<li><b>Mahmutseydi K\u00f6y\u00fc<\/b>Alanya il\u00e7esinin 25 km kuzeyinde, Toros Da\u011flar\u0131 \u00fczerinde, denize yakla\u015f\u0131k 600 m mesafededir. Y\u00fcksek, ormanlarla kapl\u0131 bir alanda kurulmu\u015f eski bir yerle\u015fim yeridir. 1252 y\u0131l\u0131nda in\u015fa edilen ve tarihi Sel\u00e7uklulardan kalma olan Alanya&#039;n\u0131n en eski camisi (Mahmutseydi Camisi) burada bulunmaktad\u0131r.<\/li>\n<\/ul>\n<p>Binalar aras\u0131nda s\u0131k\u0131\u015f\u0131p kald\u0131ysan\u0131z ve \u015fehir manzaras\u0131ndan s\u0131k\u0131ld\u0131ysan\u0131z, farkl\u0131 yerler ke\u015ffetmek ve yeni maceralar ya\u015famak istiyorsan\u0131z adrenalin dolu turlar\u0131m\u0131za g\u00f6z atabilir, ekonomik paketlerimizden faydalanarak g\u00fcn\u00fcn\u00fcz\u00fc keyifli ve yeniliklerle dolu hale getirebilirsiniz. deneyimler.<\/p>\n<h3>Jeep Safari Alanya T\u00fcrkiye<\/h3>\n<p><b>Jeep safari Alanya T\u00fcrkiye<\/b>\u00a0bu kasabay\u0131 ziyaret eden gezginler i\u00e7in heyecan verici bir aktivitedir. Konuklar do\u011fal s\u00fcr\u00fc\u015f s\u0131ras\u0131nda da\u011flar\u0131n nefes kesen manzaras\u0131n\u0131n keyfini \u00e7\u0131karabilirler. Gezi yar\u0131m g\u00fcnl\u00fck olup \u00f6\u011fle yeme\u011fi molas\u0131n\u0131 i\u00e7ermektedir. \u00d6\u011fle yeme\u011finin ard\u0131ndan kat\u0131l\u0131mc\u0131lar off-road Jeep ile Alanya&#039;ya d\u00f6n\u00fcyor. Gezi \u00f6\u011fleden sonra kat\u0131l\u0131mc\u0131lar\u0131n otellerine d\u00f6nmesiyle sona erer. \u0130\u015fte k\u0131sa bir genel bak\u0131\u015f\u00a0<strong>Alanya jeep safari<\/strong>.<\/p>\n<h3>Sapadere Jeep Safari<\/h3>\n<p>Bir macerac\u0131 i\u00e7in hi\u00e7bir \u015fey bir maceran\u0131n yerini tutamaz\u00a0<b>Sapadere jeep safari<\/b>. Sizi kanyonun manzaral\u0131 ve dolamba\u00e7l\u0131 yollar\u0131ndan ge\u00e7irerek, do\u011fal manzaralar\u0131n unutulmaz an\u0131lar\u0131n\u0131 biriktirmenize olanak tan\u0131r. Tur merkezine vard\u0131\u011f\u0131n\u0131zda \u015fof\u00f6r\u00fcn\u00fcz size etraf\u0131 gezdirecek ve turunuzdaki farkl\u0131 yerlerin nerede oldu\u011funu s\u00f6yleyecektir. Var\u0131\u015fta size farkl\u0131 alanlar hakk\u0131nda bilgi verilecek ve bunlar\u0131 ke\u015ffetmek i\u00e7in s\u0131n\u0131rs\u0131z zaman\u0131n\u0131z olacak.<\/p>\n<ul>\n<li>Serinletici havay\u0131, berrak suyu ve yak\u0131ndaki b\u00fcy\u00fcleyici k\u00f6yleri deneyimleme f\u0131rsat\u0131n\u0131z olacak.<\/li>\n<li>M\u00fctevaz\u0131 bir g\u00fczelli\u011fe sahip olan Sapadere K\u00f6y\u00fc, ipek fabrikas\u0131na, T\u00fcrk evine ve ipek b\u00f6ce\u011fi kozalar\u0131na ev sahipli\u011fi yapmaktad\u0131r.<\/li>\n<li>Rehberiniz size k\u00f6y\u00fcn tarihini anlatacak ve bol miktarda foto\u011fraf f\u0131rsat\u0131 sunacak.<\/li>\n<li>Do\u011fan\u0131n ve nefes kesen manzaralar\u0131n keyfini \u00e7\u0131kard\u0131ktan sonra geleneksel bir \u00f6\u011fle yeme\u011fi i\u00e7in otelinize d\u00f6nebilirsiniz.<\/li>\n<\/ul>\n<h3>Jeep Safari Alanya Fiyat\u0131<\/h3>\n<p>Bir tur\u00a0<strong>Alanya j<\/strong><b>eep safari<\/b>\u00a0Gezi ve maceray\u0131 birle\u015ftirmenin harika bir yolu olabilir ve Toros Da\u011flar\u0131&#039;na yak\u0131nla\u015fman\u0131n ve ki\u015fiselle\u015fmenin m\u00fckemmel yoludur. \u00c7amurdan ge\u00e7erken do\u011fal manzaralar\u0131 g\u00f6recek, e\u011flenecek ve yol arkada\u015flar\u0131n\u0131zla geleneksel su sava\u015flar\u0131n\u0131n keyfini \u00e7\u0131karacaks\u0131n\u0131z.\u00a0<strong>Jeep safari Alanya fiyat\u0131<\/strong>\u00a0Yeti\u015fkin ba\u015f\u0131na yakla\u015f\u0131k 20 Euro&#039;dan ba\u015flayan \u00fccret, yedi ile on iki ya\u015f aras\u0131ndaki \u00e7ocuklar i\u00e7in yaln\u0131zca 10 Euro&#039;dur. Alt\u0131 ya\u015f\u0131n alt\u0131ndaki \u00e7ocuklar \u00fccretsizdir.<\/p>\n<ul>\n<li><b>Alanya jeep safari<\/b>\u00a0m\u00fckemmel bir aile etkinli\u011fidir ve hem \u00e7ocuklar hem de yeti\u015fkinler i\u00e7in e\u011flencelidir.<\/li>\n<li>D\u00fc\u015f\u00fck d\u00fczeyde tehlike var\u00a0<strong>Alanya jeep safari<\/strong>\u00a0Tur ve s\u00fcr\u00fcc\u00fcler her zaman kurallara uyuyor.<\/li>\n<li>Bu \u00e7\u0131lg\u0131n bir safari turu de\u011fil ama \u00e7ok e\u011flenceli ve en iyi k\u0131sm\u0131 da turdan sonra otelinize geri transfer edilecek olman\u0131z.\u00a0<strong>Alanya jeep safari<\/strong>\u00a0tur.<\/li>\n<li>Bu, t\u00fcm aileniz i\u00e7in unutulmaz bir deneyim ve hepsi \u00e7ok makul bir fiyata.<\/li>\n<\/ul>\n<h3>Safari Jeep Alanya<\/h3>\n<p>Alanya&#039;n\u0131n en g\u00fczel manzaras\u0131n\u0131 g\u00f6rmek istiyorsan\u0131z rezervasyon yapmay\u0131 d\u00fc\u015f\u00fcn\u00fcn\u00a0<b>Alanya jeep safari<\/b>. Bu maceralar, Avrupa&#039;n\u0131n en b\u00fcy\u00fck ma\u011faras\u0131 olan antik Dim Ma\u011faras\u0131 da dahil olmak \u00fczere kasaban\u0131n en \u00e7arp\u0131c\u0131 manzaralar\u0131n\u0131 g\u00f6rmenizi sa\u011flar. Sonra senin\u00a0<strong>safari jeep Alanya<\/strong>, nehir kenar\u0131nda piknik \u00f6\u011fle yeme\u011finin tad\u0131n\u0131 \u00e7\u0131karabilir, bal\u0131k tutma gezisine kat\u0131labilir veya sadece dal\u0131\u015f yapabilirsiniz.<\/p>\n<ul>\n<li>Rehberiniz b\u00f6lgenin dini geleneklerinin yan\u0131 s\u0131ra Alanya halk\u0131n\u0131n nas\u0131l ya\u015fad\u0131\u011f\u0131n\u0131 da anlatacak.<\/li>\n<li>The\u00a0<strong>Alanya jeep safari<\/strong>\u00a0Tur, yerel bir k\u00f6y\u00fcn yan\u0131 s\u0131ra M\u00fcsl\u00fcmanlar\u0131n nas\u0131l ibadet etti\u011fini g\u00f6zlemleme \u015fans\u0131na sahip olaca\u011f\u0131n\u0131z bir camiyi de i\u00e7erecek.<\/li>\n<li>Ayr\u0131ca yerel mutfa\u011f\u0131 ve geleneksel T\u00fcrk i\u00e7ece\u011fi Beckmez&#039;i tatma f\u0131rsat\u0131na da sahip olacaks\u0131n\u0131z.<\/li>\n<li>Boyunca\u00a0<strong>Alanya jeep safari<\/strong>\u00a0tur, g\u00fczel manzaralar g\u00f6recek ve b\u00f6lgenin foto\u011fraflar\u0131n\u0131 \u00e7ekeceksiniz.<\/li>\n<\/ul>\n<h3>Jeep Safari T\u00fcrkiye Alanya<\/h3>\n<p>Biraz daha aktif bir \u015fey ar\u0131yorsan\u0131z,\u00a0<b>jeep safarisi<\/b>\u00a0<strong>T\u00fcrkiye Alanya<\/strong>\u00a0harika bir se\u00e7enektir.\u00a0<strong>Alanya jeep safari<\/strong>\u00a0tur sizi yol boyunca resim molalar\u0131 ve ilgin\u00e7 manzaralar i\u00e7in duraklarla do\u011fa ve macera dolu bir yolculu\u011fa \u00e7\u0131kar\u0131r. Hatta birka\u00e7 foto\u011fraf \u00e7ekmek i\u00e7in bir ma\u011faray\u0131 ziyaret edebilir, Dim \u00c7ay\u0131 k\u0131y\u0131s\u0131nda a\u00e7\u0131k havada \u00f6\u011fle yeme\u011finin tad\u0131n\u0131 \u00e7\u0131karabilirsiniz.\u00a0<strong>Alanya jeep safari<\/strong>\u00a0d\u0131\u015far\u0131 \u00e7\u0131k\u0131p b\u00f6lgeyi ke\u015ffetmenin e\u011flenceli bir yoludur ve lezzetli bir \u00f6\u011fle yeme\u011fiyle \u00f6d\u00fcllendirileceksiniz.<\/p>\n<ul>\n<li>\u00c7ocuklar\u0131n\u0131z varsa onlar\u0131 gezmeye g\u00f6t\u00fcr\u00fcn\u00a0<strong>Alanya jeep safari<\/strong>.<\/li>\n<li>Devasa bir ma\u011faray\u0131 ke\u015ffetme, yerel meyvelerin tad\u0131na bakma ve bir M\u00fcsl\u00fcman camisini g\u00f6rme f\u0131rsat\u0131n\u0131 sevecekler.<\/li>\n<li>Ya\u015f\u0131n\u0131za ba\u011fl\u0131 olarak,\u00a0<strong>Alanya&#039;da jeep safari<\/strong>\u00a0Hatta bir e\u011flence park\u0131na gezi bile i\u00e7erebilir.<\/li>\n<li>Hatta oradayken ulusal bir \u015f\u00f6lene kat\u0131labilir ve bir T\u00fcrk k\u00f6y\u00fcn\u00fc bile ziyaret edebilirsiniz.<\/li>\n<\/ul>\n<h4>Dim Nehri&#039;ne Jeep Safari<\/h4>\n<p>The\u00a0<strong>Dim \u00c7ay\u0131&#039;na Jeep safari<\/strong>\u00a0do\u011fa tutkunlar\u0131 ve benzersiz bir deneyim arayan gezginler i\u00e7in m\u00fckemmel bir se\u00e7enektir.\u00a0<strong>Alanya jeep safari<\/strong>\u00a0Tur 4x4 Landrover safari jeepleri ile yap\u0131lmakta olup sizi Toros da\u011flar\u0131n\u0131n \u00e7am ormanlar\u0131 ve s\u0131rada\u011flar\u0131 aras\u0131nda bir yolculu\u011fa \u00e7\u0131karmaktad\u0131r. Yol boyunca bir g\u00f6\u00e7ebe k\u00f6y\u00fcn\u00fc ziyaret edecek ve geleneksel k\u0131yafetler giyen insanlarla tan\u0131\u015facaks\u0131n\u0131z.<\/p>\n<p>Jeep turunuz sizi ayn\u0131 zamanda elektrik ve sulama ama\u00e7l\u0131 in\u015fa edilmi\u015f bir baraja da g\u00f6t\u00fcr\u00fcr. Ayr\u0131ca \u015fehrin hemen d\u0131\u015f\u0131nda bulunan Dim Baraj\u0131&#039;ndan muhte\u015fem manzaran\u0131n keyfini \u00e7\u0131karacaks\u0131n\u0131z.<\/p>\n<ul>\n<li>Alanya&#039;y\u0131 ke\u015ffettikten sonra bir sonraki ad\u0131m\u0131n\u0131z\u00a0<strong>Alanya jeep safari<\/strong>\u00a0Dim Ma\u011faras\u0131 ve Baraj\u0131n\u0131 ziyaret etmektir.<\/li>\n<li>Bu iki lokasyon b\u00f6lgede olduk\u00e7a pop\u00fcler turistik mekanlard\u0131r. Ayr\u0131ca yol \u00fczerinde bir meyve tarlas\u0131n\u0131 da ziyaret edebilirsiniz.<\/li>\n<li>Turumuza gidi\u015f-d\u00f6n\u00fc\u015f ula\u015f\u0131m, rehberlik hizmetleri ve Dim \u00c7ay\u0131&#039;nda lezzetli bir \u00f6\u011fle yeme\u011fi dahildir.<\/li>\n<li>Ayr\u0131ca nehirde bal\u0131k tutma etkinliklerine de kat\u0131labilirsiniz.<\/li>\n<li>Bal\u0131k tutmaya merakl\u0131ysan\u0131z sinek oltalar\u0131n\u0131z\u0131 ve oltalar\u0131n\u0131z\u0131 bile yan\u0131n\u0131zda getirebilirsiniz.<\/li>\n<\/ul>\n<\/div>","protected":false},"excerpt":{"rendered":"<p>Alanya Jeep Safari Deneyimleri Safari yaparak Alanya&#039;n\u0131n muhte\u015fem do\u011fas\u0131n\u0131 ke\u015ffetme Yerel gastronomi lezzetleri Bal\u0131k tutma ve y\u00fczme aktiviteleri Alanya Jeep Safari Program\u0131 Otellerinizden veya adreslerinizden ara\u00e7la alma Gruplarla safariye \u00e7\u0131kmak i\u00e7in bulu\u015fma Konvoy ile Alanya jeep safari turu Toros da\u011flar\u0131nda panoramik foto\u011fraf molas\u0131 [\u2026]<\/p>","protected":false},"featured_media":9754,"comment_status":"open","ping_status":"closed","template":"","meta":{"_monsterinsights_skip_tracking":false,"_monsterinsights_sitenote_active":false,"_monsterinsights_sitenote_note":"","_monsterinsights_sitenote_category":0},"product_cat":[97],"product_tag":[],"class_list":{"0":"post-9753","1":"product","2":"type-product","3":"status-publish","4":"has-post-thumbnail","6":"product_cat-alanya-jeep-safari","8":"first","9":"instock","10":"sale","11":"shipping-taxable","12":"purchasable","13":"product-type-ovabrw_car_rental"},"aioseo_notices":[],"_links":{"self":[{"href":"https:\/\/berfintour.com\/tr\/wp-json\/wp\/v2\/product\/9753","targetHints":{"allow":["GET"]}}],"collection":[{"href":"https:\/\/berfintour.com\/tr\/wp-json\/wp\/v2\/product"}],"about":[{"href":"https:\/\/berfintour.com\/tr\/wp-json\/wp\/v2\/types\/product"}],"replies":[{"embeddable":true,"href":"https:\/\/berfintour.com\/tr\/wp-json\/wp\/v2\/comments?post=9753"}],"wp:featuredmedia":[{"embeddable":true,"href":"https:\/\/berfintour.com\/tr\/wp-json\/wp\/v2\/media\/9754"}],"wp:attachment":[{"href":"https:\/\/berfintour.com\/tr\/wp-json\/wp\/v2\/media?parent=9753"}],"wp:term":[{"taxonomy":"product_cat","embeddable":true,"href":"https:\/\/berfintour.com\/tr\/wp-json\/wp\/v2\/product_cat?post=9753"},{"taxonomy":"product_tag","embeddable":true,"href":"https:\/\/berfintour.com\/tr\/wp-json\/wp\/v2\/product_tag?post=9753"}],"curies":[{"name":"wp","href":"https:\/\/api.w.org\/{rel}","templated":true}]}}