{"id":9748,"date":"2024-01-14T21:15:13","date_gmt":"2024-01-14T18:15:13","guid":{"rendered":"https:\/\/berfintour.com\/?post_type=product&#038;p=9748"},"modified":"2025-03-24T08:40:33","modified_gmt":"2025-03-24T05:40:33","slug":"alanya-sapadere-canyon-tour","status":"publish","type":"product","link":"https:\/\/berfintour.com\/tr\/urun\/alanya-sapadere-canyon-tour\/","title":{"rendered":"Alanya Sapadere Kanyonu Turu"},"content":{"rendered":"<div class=\"header-ul\">\n<h3>Alanya Sapadere Kanyon Turu Deneyimleri<\/h3>\n<\/div>\n<div class=\"content-text tour-experiences\">\n<p>4*4 Land Rover ara\u00e7larla off-road<\/p>\n<p>Sapadere Kanyonu&#039;nda muhte\u015fem do\u011fa y\u00fcr\u00fcy\u00fc\u015f\u00fc<\/p>\n<p>Toros Da\u011flar\u0131&#039;n\u0131n buz gibi do\u011fal havuzlar\u0131nda y\u00fczmek<\/p>\n<p>Ma\u011fara Ziyareti<\/p>\n<\/div>\n<div class=\"header-ul\">\n<h3>Alanya Sapadere Kanyon Turu Program\u0131<\/h3>\n<\/div>\n<div class=\"content-text\">\n<ul>\n<li>Mevcut adreslerinizden teslim alma<\/li>\n<li>Sapadere yolunda orman yolunda off-road performans\u0131<\/li>\n<li>\u0130pek Dokuma Evi ve Cami ziyareti (30 dk)<\/li>\n<li>Sapadere Kanyonuna 1 saatlik gezi<\/li>\n<li>C\u00fcceler Ma\u011faras\u0131 Ziyareti (30 dakika)<\/li>\n<li>Sapadere nehrinde y\u00fczme ve \u00f6\u011fle yeme\u011fi molas\u0131 (tavuk veya bal\u0131k)<\/li>\n<li>Adreslere geri d\u00f6n<\/li>\n<\/ul>\n<\/div>\n<div class=\"header-ul\">\n<h3>Alanya Sapadere Kanyon Turu Hakk\u0131nda Genel Bilgiler<\/h3>\n<\/div>\n<div class=\"content-text\">\n<p><img decoding=\"async\" class=\"rounded img-fluid float-sm-left mt-2 mr-sm-4 mb-2\" src=\"https:\/\/www.dailytoursinalanya.com\/Content\/images\/tours\/12\/thumb\/alanya-sapadere-canyon-tour-12.webp\" alt=\"Alanya Sapadere Canyon Tour 2\" \/><\/p>\n<h2><b>Sapadere Kanyonu Alanya Turu<\/b><\/h2>\n<p><b>alanya sapadere kanyon turu<\/b>, g\u00fcn\u00fcbirlik do\u011fa ve e\u011flence turlar\u0131m\u0131zdan biridir. Alanya merkezine yakla\u015f\u0131k 44 km mesafededir. Kanyonlar\u0131n dar da\u011f yollar\u0131ndan dolay\u0131 y\u0131llard\u0131r da\u011flar\u0131n aras\u0131na gizlenmi\u015f bu cenneti sadece y\u00f6re halk\u0131 biliyordu. Bu muhte\u015fem yer, 2008 y\u0131l\u0131nda Alanya Valisi Hulisi Do\u011fan, Alanya Orman \u0130\u015fletme M\u00fcd\u00fcrl\u00fc\u011f\u00fc ve Sapadere k\u00f6y\u00fc muhtar\u0131n\u0131n i\u015fbirli\u011fiyle bug\u00fcnk\u00fc halini alm\u0131\u015f ve turizme kazand\u0131r\u0131lm\u0131\u015ft\u0131r. Mevcut haliyle; Demir \u00e7ubuklardan yap\u0131lm\u0131\u015f ah\u015fap bir asma k\u00f6pr\u00fc bulunmaktad\u0131r. Kanyonun toplam uzunlu\u011fu 750 metredir.<\/p>\n<h3><b>Sapadere Kanyon Turu Alanya<\/b><\/h3>\n<p><b>Sapadere Kanyonu\u00a0<\/b>do\u011fayla i\u00e7 i\u00e7e huzur bulaca\u011f\u0131n\u0131z, sizi kar\u015f\u0131layan manzaraya hayran kalaca\u011f\u0131n\u0131z, hatta a\u015f\u0131r\u0131 oksijenden ba\u015f\u0131n\u0131z\u0131n d\u00f6nebilece\u011fi ender yerlerden biridir. Birbirinden farkl\u0131 bitkiler, canl\u0131lar, do\u011fal havuzlar ve rastlarsan\u0131z rengarenk kelebekler var. \u015eansl\u0131ysan\u0131z \u00fczerinize g\u00fczel bir kelebek bile konabilir.<\/p>\n<h3><b>Alanya Sapadere Kanyonu Turu Fiyat\u0131<\/b><\/h3>\n<p>Oraya gitti\u011finde\u00a0<b>alanya sapadere kanyon turu<\/b>Sol taraftaki k\u00fc\u00e7\u00fck g\u00f6letler sizi ilk kar\u015f\u0131l\u0131yor, bu bile do\u011fan\u0131n huzur veren atmosferini hissettiriyor. Daha sonra kafeteryalar ve hediyelik e\u015fya satan k\u00fc\u00e7\u00fck i\u015fletmeler var. \u0130lerledik\u00e7e Sapadere Kanyonuna girdi\u011finizde ger\u00e7ek manzaray\u0131 g\u00f6receksiniz. Do\u011fan\u0131n muhte\u015fem uyumu sizi heyecanland\u0131rabilir. Asma k\u00f6pr\u00fc \u00fczerinde y\u00fcr\u00fcmeye ba\u015flad\u0131\u011f\u0131n\u0131zda do\u011fal havuzlarla kar\u015f\u0131la\u015facaks\u0131n\u0131z. Havuzlar\u0131n ne kadar derin oldu\u011funa dair uyar\u0131lar var. Sadece izin verilen yerlerde havuza girebilir, Toros da\u011flar\u0131n\u0131n buz gibi sular\u0131nda serinleyebilirsiniz. Kanyonun en \u00f6zel noktas\u0131 k\u00f6pr\u00fcn\u00fcn sonunda akan \u015felaledir.<\/p>\n<p>\u00c7\u00fcnk\u00fc harika foto\u011fraflar \u00e7ekeceksin\u00a0<b>\u201c An\u0131 yakalarken anda kalmay\u0131 unutmay\u0131n\u201d<\/b><\/p>\n<p><b>alanya sapadere kanyon turu<\/b>\u00a0Ayr\u0131ca ayn\u0131 rota \u00fczerinde kanyona 10 dakika uzakl\u0131kta bulunan C\u00fcceler Ma\u011faras\u0131n\u0131 da ziyaret etmenizi \u00f6neririz. Bir ba\u015fka deyi\u015fle \u201cG\u00f6kku\u015fa\u011f\u0131 Ma\u011faras\u0131\u201d. Hatta ma\u011faran\u0131n hikayesi bile var. Gelin bu konuda sizi bilgilendirelim.<\/p>\n<h4>C\u00fcceler (G\u00f6kku\u015fa\u011f\u0131) Ma\u011faras\u0131<\/h4>\n<p>2012 y\u0131l\u0131nda ziyarete a\u00e7\u0131lm\u0131\u015ft\u0131r. 155 metre uzunlu\u011fa ve yakla\u015f\u0131k 40 metre y\u00fcksekli\u011fe sahiptir. Ana salonda \u00e7e\u015fitli b\u00fcy\u00fckl\u00fcklerde 6 odas\u0131 bulunmaktad\u0131r. Ma\u011faraya girdi\u011finizde ma\u011fara i\u00e7erisinde sark\u0131t ve dikitler bulunmaktad\u0131r. Sark\u0131t, dikitler ve s\u00fctunlar mineral bak\u0131m\u0131ndan zengin olduklar\u0131 i\u00e7in renk de\u011fi\u015ftirmi\u015flerdir. Bu renkli g\u00f6r\u00fcn\u00fcm ma\u011faran\u0131n g\u00f6kku\u015fa\u011f\u0131 olarak an\u0131lmas\u0131na neden olmu\u015ftur. \u0130\u00e7eride ah\u015fap iskele \u00fczerinde y\u00fcr\u00fcyeceksiniz. Ayd\u0131nlatma var, b\u00f6ylece ma\u011faran\u0131n t\u00fcm olu\u015fumunu net bir \u015fekilde g\u00f6rebiliyorsunuz. Y\u0131l boyunca s\u0131cakl\u0131k 20 derecedir.<\/p>\n<h4>C\u00fcceler Ma\u011faras\u0131 Efsanesi<\/h4>\n<p>Karde\u015fine d\u00f6vme yapt\u0131rd\u0131ktan sonra evden ayr\u0131lan bir c\u00fccenin hikayesi. C\u00fcce bu ma\u011faraya s\u0131\u011f\u0131nd\u0131. Ailesi aramas\u0131na ra\u011fmen bulamad\u0131. Bir g\u00fcn ma\u011faraya giren bir \u00e7oban ke\u00e7isi g\u00f6r\u00fcr ve onu takip eder. Burada c\u00fcceyi g\u00f6r\u00fcyor. \u00c7oban aileye haber verir ve c\u00fcce evine d\u00f6ner. Bu da ma\u011faran\u0131n C\u00fcceler Ma\u011faras\u0131 olarak an\u0131lmas\u0131na neden olur.<\/p>\n<h4>C\u00fcce Ma\u011faras\u0131n\u0131n Tarihteki Yeri<\/h4>\n<p>Osmanl\u0131 \u0130mparatorlu\u011fu d\u00f6neminde koyun ve ke\u00e7i i\u00e7in \u00e7ift\u00e7ilerden \u00e7ok y\u00fcksek agnam vergisi al\u0131n\u0131yordu. \u00c7ift\u00e7ilerin tahsildar geldi\u011finde vergi \u00f6dememek i\u00e7in hayvanlar\u0131n\u0131 saklad\u0131klar\u0131 ma\u011farad\u0131r.<\/p>\n<p>Zaman\u0131n\u0131z k\u0131s\u0131tl\u0131ysa ve tatilinizi en iyi \u015fekilde de\u011ferlendirmek istiyorsan\u0131z sitemizdeki g\u00fcnl\u00fck turlar\u0131m\u0131za g\u00f6z at\u0131n.<\/p>\n<\/div>","protected":false},"excerpt":{"rendered":"<p>Alanya Sapadere Kanyon Turu Deneyimleri 4*4 Land Rover Ara\u00e7larla Off-road Sapadere Kanyonu&#039;nda muhte\u015fem do\u011fa y\u00fcr\u00fcy\u00fc\u015f\u00fc Toros Da\u011flar\u0131&#039;n\u0131n buz gibi do\u011fal havuzlar\u0131nda y\u00fczmek Alanya Sapadere Kanyon Turu Ma\u011fara Ziyaret Program\u0131 Mevcut adreslerinizden ara\u00e7la alma Off -Sapadere \u0130pek yolu orman yolunda yol performans\u0131 [\u2026]<\/p>","protected":false},"featured_media":9752,"comment_status":"open","ping_status":"closed","template":"","meta":{"_monsterinsights_skip_tracking":false,"_monsterinsights_sitenote_active":false,"_monsterinsights_sitenote_note":"","_monsterinsights_sitenote_category":0},"product_cat":[15],"product_tag":[],"class_list":{"0":"post-9748","1":"product","2":"type-product","3":"status-publish","4":"has-post-thumbnail","6":"product_cat-uncategorized","8":"first","9":"instock","10":"sale","11":"shipping-taxable","12":"purchasable","13":"product-type-ovabrw_car_rental"},"aioseo_notices":[],"_links":{"self":[{"href":"https:\/\/berfintour.com\/tr\/wp-json\/wp\/v2\/product\/9748","targetHints":{"allow":["GET"]}}],"collection":[{"href":"https:\/\/berfintour.com\/tr\/wp-json\/wp\/v2\/product"}],"about":[{"href":"https:\/\/berfintour.com\/tr\/wp-json\/wp\/v2\/types\/product"}],"replies":[{"embeddable":true,"href":"https:\/\/berfintour.com\/tr\/wp-json\/wp\/v2\/comments?post=9748"}],"wp:featuredmedia":[{"embeddable":true,"href":"https:\/\/berfintour.com\/tr\/wp-json\/wp\/v2\/media\/9752"}],"wp:attachment":[{"href":"https:\/\/berfintour.com\/tr\/wp-json\/wp\/v2\/media?parent=9748"}],"wp:term":[{"taxonomy":"product_cat","embeddable":true,"href":"https:\/\/berfintour.com\/tr\/wp-json\/wp\/v2\/product_cat?post=9748"},{"taxonomy":"product_tag","embeddable":true,"href":"https:\/\/berfintour.com\/tr\/wp-json\/wp\/v2\/product_tag?post=9748"}],"curies":[{"name":"wp","href":"https:\/\/api.w.org\/{rel}","templated":true}]}}