{"id":9732,"date":"2024-01-14T03:04:02","date_gmt":"2024-01-14T00:04:02","guid":{"rendered":"https:\/\/berfintour.com\/?post_type=product&#038;p=9732"},"modified":"2025-01-20T19:14:20","modified_gmt":"2025-01-20T16:14:20","slug":"alanya-aquapark","status":"publish","type":"product","link":"https:\/\/berfintour.com\/tr\/urun\/alanya-aquapark\/","title":{"rendered":"Alanya Su Park\u0131"},"content":{"rendered":"<div class=\"header-ul\">\n<h3>Alanya Aquapark Deneyimleri<\/h3>\n<\/div>\n<div class=\"content-text tour-experiences\">\n<p>Yapay dalga havuzunda metrelerce uzunluktaki dalgalarla g\u00fcre\u015feceksiniz.<\/p>\n<p>70 metre y\u00fckseklikten bungee jumping heyecan\u0131n\u0131 ya\u015fayacaks\u0131n\u0131z.<\/p>\n<p>300 metrelik parkurda rafting yapacaks\u0131n\u0131z.<\/p>\n<p>Su kayd\u0131raklar\u0131n\u0131n e\u011flenceli, keyifli ve heyecanl\u0131 anlar\u0131n\u0131 ya\u015fayacaks\u0131n\u0131z.<\/p>\n<\/div>\n<div class=\"header-ul\">\n<h3>Alanya Aquapark Program\u0131<\/h3>\n<\/div>\n<div class=\"content-text\">\n<ul>\n<li>Servis ara\u00e7lar\u0131m\u0131z ile otelinizden veya kald\u0131\u011f\u0131n\u0131z yerden al\u0131nacak ve e\u011flenece\u011finiz Alanya Aquapark&#039;a do\u011fru yola \u00e7\u0131kacaks\u0131n\u0131z.<\/li>\n<li>Alanya Okurcalar b\u00f6lgesindeki su kayd\u0131ra\u011f\u0131 park\u0131na geldi\u011finizde giri\u015f i\u015flemlerinizin ard\u0131ndan \u00f6ncelikle dolaplar\u0131n\u0131z\u0131n anahtarlar\u0131n\u0131 alacaks\u0131n\u0131z.<\/li>\n<li>Saat 16:00&#039;ya kadar serbest zaman\u0131n\u0131z olacakt\u0131r.<\/li>\n<li>\u00d6\u011fle yeme\u011fi molan\u0131z var.<\/li>\n<li>Bungee jumping yapabilirsiniz.<\/li>\n<li>Rafting yapabilirsiniz.<\/li>\n<li>\u00c7\u0131k\u0131\u015f zaman\u0131 yakla\u015ft\u0131\u011f\u0131nda du\u015f kabini ve soyunma kabinlerini kullanarak ihtiya\u00e7lar\u0131n\u0131z\u0131 kar\u015f\u0131layabilirsiniz.<\/li>\n<li>\u00c7\u0131k\u0131\u015fta servis ara\u00e7lar\u0131m\u0131z taraf\u0131ndan al\u0131n\u0131p otelinize veya kald\u0131\u011f\u0131n\u0131z yere b\u0131rak\u0131lacaks\u0131n\u0131z.<\/li>\n<\/ul>\n<\/div>\n<div class=\"header-ul\">\n<h3>Alanya Aquapark Hakk\u0131nda Genel Bilgiler<\/h3>\n<\/div>\n<div class=\"content-text\"><img decoding=\"async\" class=\"rounded img-fluid float-sm-left mt-2 mr-sm-4 mb-2\" src=\"https:\/\/www.dailytoursinalanya.com\/Content\/images\/tours\/14\/thumb\/alanya-aquapark-19.webp\" alt=\"Alanya Aquapark 2\" \/>Akdeniz B\u00f6lgesinin en b\u00fcy\u00fck su parklar\u0131ndan birinde olacaks\u0131n\u0131z.<\/p>\n<p>Water Planet&#039;in kapasitesi 2000 ki\u015fidir.<\/p>\n<p>Bu g\u00f6zde su cennetinde 24 adet e\u011flenceli su kayd\u0131ra\u011f\u0131 bulunmaktad\u0131r.<\/p>\n<p>Family Slide ve Multi Slide olmak \u00fczere 2 adet aile kayd\u0131ra\u011f\u0131 bulunmaktad\u0131r.<\/p>\n<p>Aile kayd\u0131raklar\u0131 i\u00e7in 4 adet \u00f6zel tekne bulunmaktad\u0131r. Ekstra bir \u00fccret yoktur.<\/p>\n<p>\u00c7ocuklara \u00f6zel su kayd\u0131raklar\u0131 ve havuzlar.<\/p>\n<p>Water Planet Aquapark&#039;ta rafting ve bungee jumping de mevcuttur. Bu iki aktivite aksiyon, macera ve adrenalin arayan misafirlerin vazge\u00e7ilmezidir.<\/p>\n<p>Orman i\u00e7indeki seyir teras\u0131nda deniz manzaras\u0131na kar\u015f\u0131 dinlenme alan\u0131 bulunmaktad\u0131r.<\/p>\n<p>\u0130\u00e7erisinde fast food, rafting bar, snack bar ve vitamin bar bulunmaktad\u0131r. Ayr\u0131ca t\u00fcm ihtiya\u00e7lar\u0131n\u0131z\u0131 kar\u015f\u0131layabilece\u011finiz marketler, d\u00f6vmeciler ve foto\u011fraf\u00e7\u0131lar da mevcut.<\/p>\n<p>A\u00e7\u0131k b\u00fcfe ve s\u0131n\u0131rs\u0131z i\u00e7ecek servisinden yararlanacaks\u0131n\u0131z.<\/p>\n<p>\u00d6\u011fle yeme\u011fi saati 12:00 ile 14:30 aras\u0131d\u0131r.<\/p>\n<p>Animasyon ekibi sayesinde \u00e7ocuklara farkl\u0131 e\u011flence tarzlar\u0131 sunuluyor.<\/p>\n<p>Giri\u015fte \u00fccretsiz kilitli dolaplar mevcuttur. Gard\u0131rop anahtarlar\u0131n\u0131 bilekliklerinize ba\u011flayabilirsiniz.<\/p>\n<p>Du\u015f alanlar\u0131, soyunma kabinleri, lavabo ve tuvaletler bulunmaktad\u0131r. Personel taraf\u0131ndan her zaman hijyenik tutulmaktad\u0131r.<\/p>\n<p>Kapasiteye g\u00f6re \u015fezlong ve \u015femsiye bulunmaktad\u0131r.<\/p>\n<p>Diledi\u011finiz \u015fezlongda g\u00fcne\u015flenebilirsiniz.<\/p>\n<p>Sa\u011fl\u0131k hizmetleri mevcuttur.<\/p>\n<p>Her kayd\u0131ra\u011f\u0131n ba\u015f\u0131nda bir veya iki havuz g\u00f6revlisi bulunmaktad\u0131r.<\/p>\n<p>Tesisteki her havuzda 1 cankurtaran bulunmaktad\u0131r.<\/p>\n<p>Havuzdan \u00e7\u0131kt\u0131\u011f\u0131n\u0131zda ta\u015f zeminde ko\u015fmamal\u0131s\u0131n\u0131z aksi takdirde ayaklar\u0131n\u0131z kayabilir.<\/p>\n<p>Otopark i\u00e7erisinde belirli alanlarda uyar\u0131 levhalar\u0131 bulunmaktad\u0131r ve bunlara uyulmas\u0131 gerekmektedir.<\/p>\n<p>Su kayd\u0131ra\u011f\u0131ndan kay\u0131p havuza d\u00fc\u015ft\u00fc\u011f\u00fcn\u00fczde havuzda dikkatiniz da\u011f\u0131lmadan havuzdan \u00e7\u0131kman\u0131z gerekiyor. Herhangi bir aksilik ya\u015famamak i\u00e7in cankurtaran taraf\u0131ndan kontrol edileceksiniz.<\/p>\n<p>Baz\u0131 slaytlarda ask\u0131 stilinizin farkl\u0131 olmas\u0131 gerekir. Bu stiller i\u00e7in slayt g\u00f6revlisi taraf\u0131ndan bilgilendirileceksiniz.<\/p>\n<p>Her kayd\u0131raktan tekneyle, serbest \u00e7al\u0131\u015fanla ya da plastik ara\u00e7la kaymak m\u00fcmk\u00fcn de\u011fildir. Her slayta uygun alternatifler mevcuttur.<\/p>\n<p>\u00d6\u011fle yeme\u011finden hemen sonra su kayd\u0131raklar\u0131nda kaymak sak\u0131ncal\u0131d\u0131r. Bu s\u00fcre zarf\u0131nda \u015fezlonglarda g\u00fcne\u015flenmenizi veya \u00e7am a\u011fa\u00e7lar\u0131yla \u00e7evrili tesiste y\u00fcr\u00fcy\u00fc\u015f yapman\u0131z\u0131 \u00f6neririz.<\/p>\n<p>Tesis i\u00e7erisinde \u00e7\u0131plak ayakla veya aya\u011f\u0131n\u0131zdan kolay \u00e7\u0131kmayacak sandaletler giyerek dola\u015fman\u0131z\u0131 tavsiye ederiz.<\/p>\n<p>Tesis i\u00e7erisinde spor ayakkab\u0131 veya terlikle dola\u015fabilirsiniz ancak su kayd\u0131raklar\u0131nda spor ayakkab\u0131 veya terlikle kaymak yasakt\u0131r.<\/p>\n<p>Herhangi bir kolye, bilezik, k\u00fcpe vb. ile kayd\u0131raklardan kaymak yasakt\u0131r. \u0130hmal d\u0131\u015f\u0131nda tak\u0131lar\u0131n\u0131z\u0131 \u00e7\u0131karmad\u0131\u011f\u0131n\u0131z s\u00fcrece kayd\u0131rak personelinin yan\u0131ndan kayman\u0131za izin verilmez.<\/p>\n<p>Tatilde \u00e7ocuklar\u0131n\u0131zla birlikte farkl\u0131 ve ilgi \u00e7ekici bir su park\u0131na gitmek istiyorsan\u0131z The Land Of Legends Tema Park turlar\u0131 da d\u00fczenlemekteyiz. Bu turda oldu\u011fu gibi \u00e7ocuklar i\u00e7in indirimli fiyatlar mevcuttur.<\/p>\n<\/div>","protected":false},"excerpt":{"rendered":"<p>Alanya Aquapark Deneyimleri Yapay dalga havuzunda metrelerce uzunluktaki dalgalarla g\u00fcre\u015feceksiniz. 70 metre y\u00fckseklikten bungee jumping heyecan\u0131n\u0131 ya\u015fayacaks\u0131n\u0131z. 300 metrelik parkurda rafting yapacaks\u0131n\u0131z. Su kayd\u0131raklar\u0131n\u0131n e\u011flenceli, keyifli ve heyecanl\u0131 anlar\u0131n\u0131 ya\u015fayacaks\u0131n\u0131z. Alanya Aquapark Program\u0131 Siz [\u2026]<\/p>","protected":false},"featured_media":9733,"comment_status":"open","ping_status":"closed","template":"","meta":{"_monsterinsights_skip_tracking":false,"_monsterinsights_sitenote_active":false,"_monsterinsights_sitenote_note":"","_monsterinsights_sitenote_category":0},"product_cat":[94],"product_tag":[],"class_list":{"0":"post-9732","1":"product","2":"type-product","3":"status-publish","4":"has-post-thumbnail","6":"product_cat-alanya-aquapark","8":"first","9":"instock","10":"sale","11":"shipping-taxable","12":"purchasable","13":"product-type-ovabrw_car_rental"},"aioseo_notices":[],"_links":{"self":[{"href":"https:\/\/berfintour.com\/tr\/wp-json\/wp\/v2\/product\/9732","targetHints":{"allow":["GET"]}}],"collection":[{"href":"https:\/\/berfintour.com\/tr\/wp-json\/wp\/v2\/product"}],"about":[{"href":"https:\/\/berfintour.com\/tr\/wp-json\/wp\/v2\/types\/product"}],"replies":[{"embeddable":true,"href":"https:\/\/berfintour.com\/tr\/wp-json\/wp\/v2\/comments?post=9732"}],"wp:featuredmedia":[{"embeddable":true,"href":"https:\/\/berfintour.com\/tr\/wp-json\/wp\/v2\/media\/9733"}],"wp:attachment":[{"href":"https:\/\/berfintour.com\/tr\/wp-json\/wp\/v2\/media?parent=9732"}],"wp:term":[{"taxonomy":"product_cat","embeddable":true,"href":"https:\/\/berfintour.com\/tr\/wp-json\/wp\/v2\/product_cat?post=9732"},{"taxonomy":"product_tag","embeddable":true,"href":"https:\/\/berfintour.com\/tr\/wp-json\/wp\/v2\/product_tag?post=9732"}],"curies":[{"name":"wp","href":"https:\/\/api.w.org\/{rel}","templated":true}]}}