{"id":9717,"date":"2024-01-14T01:32:37","date_gmt":"2024-01-13T22:32:37","guid":{"rendered":"https:\/\/berfintour.com\/?post_type=product&#038;p=9717"},"modified":"2025-01-20T19:48:35","modified_gmt":"2025-01-20T16:48:35","slug":"alanya-dolphin-show","status":"publish","type":"product","link":"https:\/\/berfintour.com\/tr\/urun\/alanya-dolphin-show\/","title":{"rendered":"Alanya Yunus G\u00f6sterisi"},"content":{"rendered":"<div class=\"header-ul\">\n<h3>Alanya Yunus G\u00f6sterisi Deneyimleri<\/h3>\n<\/div>\n<div class=\"content-text tour-experiences\">\n<ul>\n<li>Yunuslar\u0131n zekas\u0131na ve becerilerine tan\u0131k olun.<\/li>\n<li>Foklar\u0131n dans g\u00f6sterilerini izleyin ve \u015fark\u0131lar\u0131n\u0131 dinleyin.<\/li>\n<li>Sualt\u0131 dostlar\u0131m\u0131zla foto\u011fraf \u00e7ekiniyoruz.<\/li>\n<\/ul>\n<\/div>\n<div class=\"header-ul\">\n<h3>Alanya Yunus G\u00f6sterisi Program\u0131<\/h3>\n<\/div>\n<div class=\"content-text\">\n<ul>\n<li>Otellerden transfer.<\/li>\n<li>Yunus \u015fovu.<\/li>\n<li>Deniz aslanlar\u0131 g\u00f6steri yap\u0131yor.<\/li>\n<li>\u00d6zel foto\u011fraf \u00e7ekimleri.<\/li>\n<li>\u00c7ekilen foto\u011fraflar\u0131n sergilenmesi.<\/li>\n<li>Servis ara\u00e7lar\u0131yla otellere d\u00f6n\u00fc\u015f.<\/li>\n<\/ul>\n<\/div>\n<div class=\"header-ul attentions\">\n<h3>Ak\u0131lda tutulmas\u0131 gerekenler<\/h3>\n<\/div>\n<div class=\"content-text attentions atmob\">\n<ul>\n<li>E\u011fitmen yan\u0131n\u0131zda olmad\u0131\u011f\u0131 s\u00fcrece hayvanlara dokunmay\u0131n.<\/li>\n<li>Sualt\u0131 dostlar\u0131m\u0131z\u0131 rahats\u0131z etmemek i\u00e7in l\u00fctfen foto\u011fraf \u00e7ekerken fla\u015f kullanmay\u0131n\u0131z.<\/li>\n<li>Onlara yiyecek vermeyin. E\u011fitmenler taraf\u0131ndan belirli periyotlarda sadece bal\u0131kla beslenirler.<\/li>\n<\/ul>\n<\/div>\n<div class=\"header-ul\">\n<h3>Alanya Yunus G\u00f6sterisi Hakk\u0131nda Genel Bilgiler<\/h3>\n<\/div>\n<div class=\"content-text\"><img decoding=\"async\" class=\"rounded img-fluid float-sm-left mt-2 mr-sm-4 mb-2\" src=\"https:\/\/www.dailytoursinalanya.com\/Content\/images\/tours\/16\/thumb\/alanya-dolphin-show-9.webp\" alt=\"Alanya Dolphin Show  2\" \/>Alanya yunus g\u00f6sterisi ortalama 1 saat s\u00fcrmektedir. Bu g\u00f6steride yeleli deniz aslanlar\u0131n\u0131 (otaria flavescens) ve \u015fi\u015fe burunlu yunuslar\u0131 (tursiops truncatus) izliyorsunuz. G\u00f6steri deniz aslanlar\u0131yla ba\u015fl\u0131yor. G\u00f6steri deniz aslanlar\u0131n\u0131n danslar\u0131 ve vokal performanslar\u0131yla ba\u015fl\u0131yor. Fok g\u00f6sterisi ortalama 15 dakika s\u00fcr\u00fcyor. Daha sonra g\u00f6steri yunus g\u00f6sterileriyle devam ediyor. \u00dc\u00e7 ya\u015f\u0131ndaki bir \u00e7ocu\u011fun zekas\u0131na sahip olan bu yunuslar\u0131n inan\u0131lmaz yetenekleri sergileniyor. G\u00f6steride yunuslar\u0131n ikili ve \u00e7oklu su danslar\u0131, havuz oyunlar\u0131, su topu ve hulahop performanslar\u0131, e\u011fitmenlerle diyaloglar yer al\u0131yor.<\/p>\n<p>Trib\u00fcn C \u015feklindedir. Trib\u00fcnlerde koltuk numaras\u0131 bulunmamaktad\u0131r. \u0130stedi\u011finiz yere oturabilirsiniz. G\u00f6steri her noktadan rahatl\u0131kla izlenebilmektedir. Ayr\u0131ca trib\u00fcnlerden foto\u011fraf ve video \u00e7ekmek de \u00fccretsizdir. G\u00f6steri sonunda havuz kenar\u0131nda \u00f6zel foto\u011fraflar \u00e7ekildi. K\u0131sa bir s\u00fcre sonra \u00e7ekilen foto\u011fraflar\u0131 \u201cphotoshop\u201d b\u00f6l\u00fcm\u00fcnde bulabilirsiniz.<\/p>\n<p>\u00c7ocuklar\u0131n\u0131z\u0131n heyecanl\u0131 \u00e7\u0131\u011fl\u0131klar\u0131na \u015fa\u015f\u0131rmay\u0131n. B\u00fcy\u00fcd\u00fcklerinde hem hayvan sevgileri artacak hem de unutulmaz dakikalar ge\u00e7irecekler.<\/p>\n<h4>Tur saatleri nedir?<\/h4>\n<p>Alanya&#039;dan yunus g\u00f6sterisi turu her g\u00fcn iki kez d\u00fczenlenmektedir. Ula\u015f\u0131m dahil 4 saat kadar s\u00fcrmektedir. Tur saatleri a\u015fa\u011f\u0131daki gibidir;<\/p>\n<ul>\n<li><b>Sabah turu:<\/b>\u00a009:00 \u2013 12:30 aras\u0131<\/li>\n<li><b>\u00d6\u011fleden sonra turu:<\/b>\u00a014:00 \u2013 17:30 aras\u0131<\/li>\n<\/ul>\n<h4>Alanya&#039;dan yunus park\u0131na ula\u015f\u0131m ne kadar s\u00fcrer?<\/h4>\n<p>Sealanya, Alanya merkezine 17 km uzakl\u0131kta bulunmaktad\u0131r. M\u00fc\u015fteri yo\u011funlu\u011funa ba\u011fl\u0131 olarak transfer s\u00fcresi 15 ila 30 dakika aras\u0131nda de\u011fi\u015febilmektedir. Ula\u015f\u0131m klimal\u0131 servis ara\u00e7lar\u0131m\u0131zla sa\u011flanmaktad\u0131r.<\/p>\n<h4>Yunus park\u0131ndaki di\u011fer aktiviteler nelerdir?<\/h4>\n<p>Yunus park\u0131nda yunus g\u00f6sterilerinin yan\u0131 s\u0131ra kat\u0131labilece\u011finiz aktiviteler de bulunmaktad\u0131r. Sealanya&#039;da iki ana tesis bulunmaktad\u0131r. Bunlar \u201cYunus Park\u0131\u201d ve \u201cDeniz Park\u0131\u201dd\u0131r. Tesislerin t\u00fcm faaliyet b\u00f6l\u00fcmlerini ve hizmetlerini a\u015fa\u011f\u0131da listeledik.<\/p>\n<h5>Yunus Park\u0131<\/h5>\n<p>Burada yunus ve deniz aslanlar\u0131 g\u00f6sterileri ve etkinlikleri d\u00fczenleniyor<\/p>\n<h6>Yunus Park\u0131 Aktiviteleri<\/h6>\n<ul>\n<li>Yunus G\u00f6sterisi (\u015fu anda bu sayfadas\u0131n\u0131z)<\/li>\n<li>Yunuslarla y\u00fczmek<\/li>\n<li>Foklarla Y\u00fczmek<\/li>\n<li>Yunus Terapisi<\/li>\n<\/ul>\n<h5>Deniz Park\u0131<\/h5>\n<p>\u0130\u00e7inde y\u00fczebilece\u011finiz \u00e7e\u015fitli bal\u0131k ve su alt\u0131 canl\u0131lar\u0131n\u0131n bulundu\u011fu tatl\u0131 su ve tuzlu su havuzlar\u0131ndan olu\u015fan bir tesistir.<\/p>\n<h6>Deniz Park\u0131 Aktiviteleri<\/h6>\n<ul>\n<li>Atlantis<\/li>\n<li>Tropikal Resif<\/li>\n<li>K\u00f6pekbal\u0131\u011f\u0131 havuzu<\/li>\n<li>Manta havuzu<\/li>\n<li>\u00c7ocuk havuzu<\/li>\n<\/ul>\n<p>Deniz Park\u0131 turu yukar\u0131da belirtilen Deniz Park\u0131 aktivitelerinin tamam\u0131n\u0131 kapsamaktad\u0131r. Yunus Park\u0131 aktiviteleri fiyata dahil de\u011fildir. Tur hakk\u0131nda detayl\u0131 bilgi almak veya rezervasyon yapt\u0131rmak i\u00e7in Alanya Deniz Park\u0131 turumuzu ziyaret edebilirsiniz.<\/p>\n<h4>Yunuslar hakk\u0131nda ilgin\u00e7 ger\u00e7ekler<\/h4>\n<p><b>Zeka Seviyeleri:<\/b>\u00a0Yap\u0131lan ara\u015ft\u0131rmalar yunuslar\u0131n insanlardan sonra en zeki ikinci canl\u0131 oldu\u011funu ortaya koymu\u015ftur. B\u00f6ylece zeka s\u0131ralamas\u0131nda maymunlar\u0131 yendiler. New York City \u00dcniversitesi&#039;nin ara\u015ft\u0131rmas\u0131na g\u00f6re yunuslar, \u00fc\u00e7 ya\u015f\u0131ndaki bir \u00e7ocu\u011fun zeka d\u00fczeyine sahip. Ayn\u0131 ara\u015ft\u0131rmada yunuslar\u0131n kendilerini aynadan tan\u0131d\u0131klar\u0131, hatta aynay\u0131 kullanarak v\u00fccutlar\u0131n\u0131n \u00e7e\u015fitli yerlerini inceledikleri g\u00f6r\u00fcld\u00fc.<\/p>\n<p><b>\u0130leti\u015fim Y\u00f6ntemleri:<\/b>\u00a0Y\u00fcksek ses frekanslar\u0131yla ileti\u015fim kurarlar. Ayr\u0131ca ortama da\u011f\u0131l\u0131p geri d\u00f6nen bu frekanslar\u0131 dinleyerek ortam\u0131n derinli\u011fini, y\u00fczey durumunu, ortamdaki di\u011fer canl\u0131lar\u0131 ve avlar\u0131n\u0131n yerini \u00f6\u011frenebilirler. Do\u011fal bir sonar sistemine (ekolokasyon) sahiptirler.<\/p>\n<\/div>","protected":false},"excerpt":{"rendered":"<p>Alanya Yunus G\u00f6sterisi Deneyimleri Yunuslar\u0131n zeka ve becerilerine tan\u0131kl\u0131k edin. Foklar\u0131n dans g\u00f6sterilerini izleyin ve \u015fark\u0131lar\u0131n\u0131 dinleyin. Sualt\u0131 dostlar\u0131m\u0131zla foto\u011fraf \u00e7ekiniyoruz. Alanya Yunus G\u00f6sterisi Program\u0131 Otellerden Transfer. Yunus \u015fovu. Deniz aslanlar\u0131 g\u00f6steri yap\u0131yor. \u00d6zel foto\u011fraf \u00e7ekimleri. \u00c7ekilen foto\u011fraflar\u0131n sergilenmesi. Hizmetli otellere d\u00f6n\u00fc\u015f [\u2026]<\/p>","protected":false},"featured_media":9719,"comment_status":"open","ping_status":"closed","template":"","meta":{"_monsterinsights_skip_tracking":false,"_monsterinsights_sitenote_active":false,"_monsterinsights_sitenote_note":"","_monsterinsights_sitenote_category":0},"product_cat":[91],"product_tag":[],"class_list":{"0":"post-9717","1":"product","2":"type-product","3":"status-publish","4":"has-post-thumbnail","6":"product_cat-alanya-dolphin-show","8":"first","9":"instock","10":"sale","11":"shipping-taxable","12":"purchasable","13":"product-type-ovabrw_car_rental"},"aioseo_notices":[],"_links":{"self":[{"href":"https:\/\/berfintour.com\/tr\/wp-json\/wp\/v2\/product\/9717","targetHints":{"allow":["GET"]}}],"collection":[{"href":"https:\/\/berfintour.com\/tr\/wp-json\/wp\/v2\/product"}],"about":[{"href":"https:\/\/berfintour.com\/tr\/wp-json\/wp\/v2\/types\/product"}],"replies":[{"embeddable":true,"href":"https:\/\/berfintour.com\/tr\/wp-json\/wp\/v2\/comments?post=9717"}],"wp:featuredmedia":[{"embeddable":true,"href":"https:\/\/berfintour.com\/tr\/wp-json\/wp\/v2\/media\/9719"}],"wp:attachment":[{"href":"https:\/\/berfintour.com\/tr\/wp-json\/wp\/v2\/media?parent=9717"}],"wp:term":[{"taxonomy":"product_cat","embeddable":true,"href":"https:\/\/berfintour.com\/tr\/wp-json\/wp\/v2\/product_cat?post=9717"},{"taxonomy":"product_tag","embeddable":true,"href":"https:\/\/berfintour.com\/tr\/wp-json\/wp\/v2\/product_tag?post=9717"}],"curies":[{"name":"wp","href":"https:\/\/api.w.org\/{rel}","templated":true}]}}