{"id":9712,"date":"2024-01-14T01:20:10","date_gmt":"2024-01-13T22:20:10","guid":{"rendered":"https:\/\/berfintour.com\/?post_type=product&#038;p=9712"},"modified":"2025-03-24T08:44:01","modified_gmt":"2025-03-24T05:44:01","slug":"paragliding-alanya","status":"publish","type":"product","link":"https:\/\/berfintour.com\/tr\/urun\/paragliding-alanya\/","title":{"rendered":"Yama\u00e7 Para\u015f\u00fct\u00fc Alanya"},"content":{"rendered":"<div class=\"header-ul\">\n<h3>Yama\u00e7 Para\u015f\u00fct\u00fc Alanya Deneyimleri<\/h3>\n<\/div>\n<div class=\"content-text tour-experiences\">\n<ul>\n<li>780 metreden atlayacak, e\u015fsiz bir u\u00e7u\u015f deneyimi ya\u015fayacaks\u0131n\u0131z.<\/li>\n<li>Ku\u015fbak\u0131\u015f\u0131 bak\u0131ld\u0131\u011f\u0131nda Alanya \u015fehrini, Toros Da\u011flar\u0131n\u0131, Alanya Kalesini ve Kleopatra Plaj\u0131n\u0131 g\u00f6rebilirsiniz.<\/li>\n<li>U\u00e7arken resimleriniz ve videolar\u0131n\u0131z \u00e7ekilecektir.<\/li>\n<\/ul>\n<\/div>\n<div class=\"header-ul\">\n<h3>Yama\u00e7 Para\u015f\u00fct\u00fc Alanya Program\u0131<\/h3>\n<\/div>\n<div class=\"content-text\">\n<ul>\n<li>Otelden veya adresten teslim alma.<\/li>\n<li>Orman ve deniz manzaras\u0131 e\u015fli\u011finde e\u011flenceli bir yolculukla Toros Da\u011flar\u0131&#039;ndaki \u201cYass\u0131 Tepe\u201dye \u00e7\u0131k\u0131yoruz. (ortalama 25 dakika s\u00fcrer)<\/li>\n<li>Pilotlarla tan\u0131\u015f\u0131n. Yama\u00e7 para\u015f\u00fct\u00fc teorik e\u011fitimi.<\/li>\n<li>U\u00e7u\u015f i\u00e7in k\u0131yafet kontrol\u00fc.<\/li>\n<li>Kask kemeri gibi ekipmanlar\u0131n kullan\u0131lmas\u0131.<\/li>\n<li>Yama\u00e7 para\u015f\u00fct\u00fc uygulamal\u0131 e\u011fitimi. (Alanya Yama\u00e7 Para\u015f\u00fct\u00fc Pisti Kalk\u0131\u015f ve \u0130ni\u015f E\u011fitimi)<\/li>\n<li>780 metreden yama\u00e7 para\u015f\u00fct\u00fc ile u\u00e7u\u015f.<\/li>\n<li>Alanya semalar\u0131nda 20 dakika u\u00e7u\u015f.<\/li>\n<li>U\u00e7u\u015f s\u0131ras\u0131nda video ve foto\u011fraf \u00e7ekimi.<\/li>\n<li>Kleopatra Plaj\u0131&#039;na ini\u015f. (ini\u015f ekibi taraf\u0131ndan kar\u015f\u0131lanacaks\u0131n\u0131z)<\/li>\n<li>Videolar\u0131 ve foto\u011fraflar\u0131 izlemek.<\/li>\n<li>Otele veya adrese d\u00f6n\u00fcn.<\/li>\n<\/ul>\n<\/div>\n<div class=\"header-ul\">\n<h3>Yama\u00e7 Para\u015f\u00fct\u00fc Alanya Hakk\u0131nda Genel Bilgiler<\/h3>\n<\/div>\n<div class=\"content-text\">\n<h2><strong>Alanya Yama\u00e7 Para\u015f\u00fct\u00fc<\/strong><\/h2>\n<p>Tandem yama\u00e7 para\u015f\u00fct\u00fc ile Akdeniz k\u0131y\u0131s\u0131nda ku\u015f gibi u\u00e7maya, r\u00fczgar\u0131 hissetmeye ve Alanya&#039;y\u0131 havadan izlemeye haz\u0131r m\u0131s\u0131n\u0131z? O zaman sizi davet ediyoruz\u00a0<strong>Alanya&#039;n\u0131n<\/strong>\u00a0<strong>yama\u00e7 para\u015f\u00fct\u00fc<\/strong>\u00a0tur.\u00a0<strong>Yama\u00e7 Para\u015f\u00fct\u00fc Alanya<\/strong>U\u00e7man\u0131n en basit, en g\u00fcvenli ve en e\u011flenceli yolu olan u\u00e7u\u015f, tatilinize mutlaka renk katacakt\u0131r.<\/p>\n<ul>\n<li>\u00d6zellikle atlay\u0131\u015f\u0131n ilk dakikalar\u0131nda tarifsiz duygular hissedeceksiniz.<\/li>\n<li>Korkuyu, heyecan\u0131 ve mutlulu\u011fu bir arada ya\u015fayacaks\u0131n\u0131z. Ama endi\u015felenme.<\/li>\n<li>Birka\u00e7 dakika sonra t\u00fcm bu duygular yerini huzura ve mutlulu\u011fa b\u0131rakacakt\u0131r.<\/li>\n<\/ul>\n<p class=\"deepnote2\">Harika manzaralar g\u00f6receksiniz\u00a0<strong>yama\u00e7 para\u015f\u00fct\u00fc Alanya<\/strong>\u00a0tur.<\/p>\n<h2 class=\"deepnote2\">Yama\u00e7 Para\u015f\u00fct\u00fc Alanya T\u00fcrkiye<\/h2>\n<p>The\u00a0<strong>yama\u00e7 para\u015f\u00fct\u00fc Alanya<\/strong>\u00a0merkezi Toros Da\u011flar\u0131&#039;n\u0131n zirvelerinde yer almaktad\u0131r. Ula\u015f\u0131m s\u0131ras\u0131nda \u015fehrin ve denizin ku\u015fbak\u0131\u015f\u0131 manzaras\u0131n\u0131 g\u00f6rebilirsiniz. Ormanlar\u0131n ve k\u00f6ylerin i\u00e7inden ge\u00e7erek atlama noktas\u0131na ula\u015f\u0131yoruz. Keyifli ve manzaral\u0131 bir yolculuk ge\u00e7iriyorsunuz.\u00a0<strong>yama\u00e7 para\u015f\u00fct\u00fc Alanya<\/strong>\u00a0Parkur manzara a\u00e7\u0131s\u0131ndan olduk\u00e7a zengin. U\u00e7arken g\u00f6rkemli Toros da\u011flar\u0131n\u0131, Alanya \u015fehir merkezini, Alanya Kalesini ve Kleopatra plaj\u0131n\u0131 havadan g\u00f6rebilirsiniz.<\/p>\n<ul>\n<li>Masmavi denizin k\u00f6p\u00fckleri, parlak yaz g\u00fcne\u015finin \u0131\u015f\u0131lt\u0131s\u0131 ve Toros Da\u011flar\u0131&#039;n\u0131n yemye\u015fil tepeleri m\u00fckemmel bir manzara yarat\u0131yor.<\/li>\n<li>Unutulmaz anlar\u0131n\u0131z\u0131 siz ya\u015farken \u00f6l\u00fcms\u00fczle\u015ftiriyoruz\u00a0<strong>yama\u00e7 para\u015f\u00fct\u00fc Alanya<\/strong>\u00a0GoPro kameralarla hem videolar\u0131n\u0131z\u0131 hem de foto\u011fraflar\u0131n\u0131z\u0131 \u00e7ekerek.<\/li>\n<li>Atlamadan \u00f6nce akl\u0131n\u0131zdaki t\u00fcm soru i\u015faretlerini temizliyoruz.\u00a0<strong>yama\u00e7 para\u015f\u00fct\u00fc Alanya<\/strong>.<\/li>\n<\/ul>\n<h3>Alanya&#039;da yama\u00e7 para\u015f\u00fct\u00fc<\/h3>\n<p>Atlama noktas\u0131na geldi\u011finizde para\u015f\u00fct\u00fcn \u00e7al\u0131\u015fma prensipleri ve bilmeniz gerekenler sizlere anlat\u0131lmaktad\u0131r. K\u0131yafetler ve ekipmanlar ayarlan\u0131r. U\u00e7u\u015f i\u00e7in gerekli kontroller yap\u0131l\u0131r. Pilotlarla tan\u0131\u015f\u0131rs\u0131n\u0131z. Onlara akl\u0131ndan ne ge\u00e7ti\u011fini soruyorsun. Yama\u00e7 para\u015f\u00fct\u00fcn\u00fcn teknik \u00f6zelliklerini ve neden g\u00fcvenli oldu\u011funu anlad\u0131\u011f\u0131n\u0131zda endi\u015felerinizden kurtulacaks\u0131n\u0131z.<\/p>\n<p class=\"deepnote2\">The\u00a0<strong>Alanya&#039;da yama\u00e7 para\u015f\u00fct\u00fc<\/strong>\u00a0d\u00fcnyan\u0131n en g\u00fcvenli yollar\u0131ndan biridir.<\/p>\n<ul>\n<li>Yama\u00e7 para\u015f\u00fct\u00fc, kanattaki onlarca hava h\u00fccresini s\u0131cak havayla doldurma prensibiyle \u00e7al\u0131\u015f\u0131r.<\/li>\n<li>Alanya&#039;da havan\u0131n her zaman s\u0131cak olmas\u0131, hava ko\u015fullar\u0131ndan kaynaklanan riskleri tamamen ortadan kald\u0131r\u0131yor.<\/li>\n<li>\u00a0Ayr\u0131ca Alanya&#039;n\u0131n kuzeyi tamamen da\u011flarla kapl\u0131 oldu\u011fundan havada ters r\u00fczgar ak\u0131mlar\u0131 olu\u015fmaz.<\/li>\n<li>Alanya&#039;da hava ko\u015fullar\u0131 yama\u00e7 para\u015f\u00fct\u00fc i\u00e7in her zaman idealdir.<\/li>\n<\/ul>\n<p class=\"deepnote2\">Lisansl\u0131 ve tecr\u00fcbeli pilotlarla u\u00e7uyorsunuz.<\/p>\n<p>Pilotlar\u0131n tamam\u0131 FAI (Uluslararas\u0131 Havac\u0131l\u0131k Federasyonu) ve THK (T\u00fcrk Hava Kurumu) sertifikalar\u0131na sahiptir. Pilotlar\u0131m\u0131z\u0131n en az 1000 saat u\u00e7u\u015f s\u00fcresi bulunmaktad\u0131r. Ayr\u0131ca kullan\u0131lan ekipmanlar d\u00fcnya standartlar\u0131ndad\u0131r. Her yama\u00e7 para\u015f\u00fct\u00e7\u00fcn\u00fcn yedek para\u015f\u00fct\u00fc vard\u0131r.<\/p>\n<p class=\"deepnote2\">Yama\u00e7 para\u015f\u00fct\u00fc ile u\u00e7mak i\u00e7in tecr\u00fcbeli olman\u0131za gerek yok.<\/p>\n<p>Lisansl\u0131 ve deneyimli pilotlar ile yama\u00e7 para\u015f\u00fct\u00fcn\u00fc u\u00e7urur. Hi\u00e7bir \u015fey yapman\u0131za gerek yok. Deneyime veya e\u011fitime ihtiyac\u0131n\u0131z yok. Size yaln\u0131zca kalk\u0131\u015f ve ini\u015f s\u0131ras\u0131nda ne yapman\u0131z gerekti\u011fi s\u00f6yleniyor. Daha sonra pilotunuzla senkronize ko\u015farak g\u00f6ky\u00fcz\u00fcyle bulu\u015fuyorsunuz.<\/p>\n<p>Ko\u015farken size yard\u0131mc\u0131 olacak sa\u011f\u0131n\u0131zda ve solunuzda k\u0131lavuzlar var. Rehberlerin yard\u0131m\u0131yla g\u00fcvenli bir \u015fekilde havalanabileceksiniz.<\/p>\n<p>Size sadece an\u0131n ve manzaran\u0131n tad\u0131n\u0131 \u00e7\u0131karmak kal\u0131yor.<\/p>\n<h3>Alanya Yama\u00e7 Para\u015f\u00fct\u00fc Fiyat\u0131<\/h3>\n<p>E\u011fer hi\u00e7 denemediyseniz\u00a0<b>yama\u00e7 para\u015f\u00fct\u00fc Alanya<\/b>, kesinlikle bunun i\u00e7in gitmelisiniz! Burada en iyi aktiviteyi nas\u0131l se\u00e7ece\u011finizi, en iyi fiyat\u0131 nas\u0131l alaca\u011f\u0131n\u0131z\u0131 ve bu aktiviteden m\u00fcmk\u00fcn oldu\u011funca nas\u0131l keyif alaca\u011f\u0131n\u0131z\u0131 \u00f6\u011freneceksiniz.\u00a0<b>En iyisi\u00a0<\/b><strong>yama\u00e7 para\u015f\u00fct\u00fc Alanya<\/strong>\u00a02023! \u0130\u015fte ilk u\u00e7u\u015funuza \u00e7\u0131kmadan \u00f6nce bilmeniz gereken baz\u0131 \u015feyler! Sonu\u00e7ta, hayat\u0131n\u0131zda bir kez ya\u015fanacak bu deneyimi ka\u00e7\u0131rmak istemezsiniz!<\/p>\n<h3>T\u00fcrkiye Alanya Yama\u00e7 Para\u015f\u00fct\u00fc<\/h3>\n<p>E\u011fer tandem yama\u00e7 para\u015f\u00fct\u00fcn\u00fc hi\u00e7 denemediyseniz, o zaman bir s\u00fcrprizle kar\u015f\u0131 kar\u015f\u0131yas\u0131n\u0131z. U\u00e7u\u015f s\u0131ras\u0131nda profesyonel bir Tandem pilotu size e\u015flik edecek. Otelinizden al\u0131nacak ve deniz seviyesinden yakla\u015f\u0131k 900 metre y\u00fckseklikte bir plaja b\u0131rak\u0131lacaks\u0131n\u0131z. \u0130ndi\u011finizde, konaklaman\u0131z\u0131n geri kalan\u0131n\u0131n tad\u0131n\u0131 \u00e7\u0131karabilece\u011finiz otelinize geri b\u0131rak\u0131lacaks\u0131n\u0131z.<\/p>\n<ul>\n<li>Binlerce turist tatil beldesi olarak Alanya&#039;y\u0131 se\u00e7ti \u00e7\u00fcnk\u00fc buras\u0131 en g\u00fcvenli yerlerden biri\u00a0<strong>yama\u00e7 para\u015f\u00fct\u00fc Alanya<\/strong>\u00a0d\u00fcnyadaki izler.<\/li>\n<li>Profesyonel u\u00e7u\u015f pilotlar\u0131 u\u00e7u\u015funuz boyunca size e\u015flik edecek ve ayn\u0131 zamanda u\u00e7u\u015funuzu diledi\u011finiz zaman g\u00fcvenli bir \u015fekilde sonland\u0131rabileceklerdir.<\/li>\n<li>Profesyonel e\u011fitmenler size her \u015feyi anlataca\u011f\u0131 i\u00e7in yama\u00e7 para\u015f\u00fct\u00fcn\u00fcz\u00fc u\u00e7ururken herhangi bir zorluk ya\u015famayacaks\u0131n\u0131z.<\/li>\n<li>Daha sonra g\u00fczel manzaran\u0131n keyfini yeni bir perspektiften \u00e7\u0131karabileceksiniz.<\/li>\n<\/ul>\n<h3>Yama\u00e7 Para\u015f\u00fct\u00fc T\u00fcrkiye Alanya<\/h3>\n<p>Deniz seviyesinden yakla\u015f\u0131k 780 metre y\u00fckseklikte u\u00e7aca\u011f\u0131n\u0131z i\u00e7in kendinizi v\u00fccudunuzda g\u00fcvende hissedecek ve manzaran\u0131n tad\u0131n\u0131 \u00e7\u0131karacaks\u0131n\u0131z. U\u00e7u\u015f yakla\u015f\u0131k yirmi veya otuz dakika s\u00fcrecek. Deneyim unutulmaz. G\u00f6rd\u00fc\u011f\u00fcn\u00fcz muhte\u015fem manzaralar\u0131n yan\u0131 s\u0131ra \u015fehrin e\u015fsiz bir perspektifine dair harika an\u0131larla geri d\u00f6neceksiniz. Alanya&#039;da denemeniz i\u00e7in bir\u00e7ok f\u0131rsat var\u00a0<b>yama\u00e7 para\u015f\u00fct\u00fc Alanya<\/b>hatta t\u00fcm deneyimi kendiniz filme alabilirsiniz.<\/p>\n<h3>Yama\u00e7 Para\u015f\u00fct\u00fc Alanya Fiyat\u0131<\/h3>\n<p>Heyecan\u0131n\u0131 ya\u015famak i\u00e7in\u00a0<strong><u>yama\u00e7 para\u015f\u00fct\u00fc Alanya<\/u><\/strong>, kasabay\u0131 g\u00f6kten ziyaret edebilirsiniz. Deneyimin maliyeti 2023&#039;te ki\u015fi ba\u015f\u0131 60 Euro&#039;dan ba\u015fl\u0131yor.\u00a0<b>Yama\u00e7 para\u015f\u00fct\u00fc Alanya fiyat\u0131<\/b>\u00a0maceran\u0131za ba\u015flamadan \u00f6nce havaalan\u0131na gidi\u015f-d\u00f6n\u00fc\u015f ula\u015f\u0131m\u0131, u\u00e7u\u015f sigortas\u0131n\u0131 ve g\u00fcvenlik brifingini i\u00e7erir. Atlaman\u0131z\u0131 yapmadan \u00f6nce koruyucu giysilerle donat\u0131lacaks\u0131n\u0131z. Ayr\u0131ca g\u00fcn bat\u0131m\u0131n\u0131 izlemek i\u00e7in yak\u0131ndaki bir yere g\u00f6t\u00fcr\u00fcleceksiniz.<\/p>\n<ul>\n<li>Alanya&#039;ya vard\u0131\u011f\u0131n\u0131zda yerinizi ay\u0131rt\u0131n\u00a0<strong>yama\u00e7 para\u015f\u00fct\u00fc Alanya<\/strong>\u00a0En iyi fiyat\u0131 ald\u0131\u011f\u0131n\u0131zdan emin olmak i\u00e7in \u00e7evrimi\u00e7i u\u00e7u\u015f yap\u0131n.<\/li>\n<li>Rezervasyonunuzu takip edebilmeniz ve hangi tekliflerin mevcut oldu\u011funu g\u00f6rebilmeniz i\u00e7in rezervasyon yapmadan \u00f6nce bir hesap olu\u015fturdu\u011funuzdan emin olun.<\/li>\n<li><strong>Yama\u00e7 Para\u015f\u00fct\u00fc Alanya<\/strong>\u00a0\u015fehrin g\u00fczel manzaras\u0131n\u0131 yukar\u0131dan g\u00f6rmenin e\u011flenceli bir yoludur.<\/li>\n<li>Geminizi suya indirme ve indirme s\u00fcrecini a\u00e7\u0131klayacak nitelikli bir e\u011fitmen size e\u015flik edecek.<\/li>\n<\/ul>\n<h3>En \u0130yi Alanya Yama\u00e7 Para\u015f\u00fct\u00fc 2023<\/h3>\n<p>Adrenalin dolu bir macera ar\u0131yorsan\u0131z Alanya \u015fehri \u00fczerinde yama\u00e7 para\u015f\u00fct\u00fc m\u00fckemmel bir se\u00e7enektir. Bu adrenalin sporu, Kleopatra plaj\u0131na inerken havada s\u00fcz\u00fclmenizi sa\u011fl\u0131yor.\u00a0<b>Yama\u00e7 Para\u015f\u00fct\u00fc Alanya<\/b>\u00a0tandem bir spordur ve g\u00fcvenli\u011fin ve sorunsuz bir u\u00e7u\u015fun sa\u011flanmas\u0131 i\u00e7in profesyonel bir rehber gereklidir. Tandem u\u00e7u\u015f fiyatlar\u0131 ki\u015fi ba\u015f\u0131 60 Euro civar\u0131ndad\u0131r. U\u00e7u\u015f yakla\u015f\u0131k yirmi ila otuz dakika s\u00fcrer ve en iyi deneyimli yama\u00e7 para\u015f\u00fct\u00e7\u00fcleri taraf\u0131ndan yap\u0131l\u0131r.<\/p>\n<ul>\n<li>E\u011fer yeni ba\u015fl\u0131yorsan\u0131z, her zaman kalifiye bir e\u011fitmenden ders alabilirsiniz.<\/li>\n<li>\u0130ster ilk kez yama\u00e7 para\u015f\u00fct\u00fc yap\u0131yor olun, ister daha \u00f6nce yama\u00e7 para\u015f\u00fct\u00fc tecr\u00fcbesine sahip olun, bu aktivite kendinizi bir profesyonel gibi hissetmenizi sa\u011flayacak ve size b\u00fcy\u00fck bir ba\u015far\u0131 duygusu verecektir.<\/li>\n<li><strong><u>Yama\u00e7 Para\u015f\u00fct\u00fc Alanya<\/u><\/strong>\u00a0g\u00f6ky\u00fcz\u00fcnde s\u0131f\u0131r yer \u00e7ekimini deneyimlemenin ve \u015fehri ku\u015fbak\u0131\u015f\u0131 izlemenin keyfini \u00e7\u0131karman\u0131n en iyi yoludur.<\/li>\n<\/ul>\n<h3>Alanya Yama\u00e7 Para\u015f\u00fct\u00fc Aktivitesi<\/h3>\n<p>Vaktiniz ve iste\u011finiz varsa deneyin\u00a0<strong>Alanya yama\u00e7 para\u015f\u00fct\u00fc etkinli\u011fi<\/strong>. 700 metre y\u00fcksekli\u011findeki Yass\u0131 Tepe tepesi, adrenalin dolu bir u\u00e7u\u015f i\u00e7in m\u00fckemmel bir kalk\u0131\u015f noktas\u0131 sa\u011fl\u0131yor. U\u00e7u\u015f s\u0131ras\u0131nda d\u00fcnyaca \u00fcnl\u00fc Kleopatra Plaj\u0131&#039;n\u0131 ve Toros da\u011flar\u0131n\u0131 g\u00f6receksiniz. Ayr\u0131ca Alanya sahil \u015feridinin muhte\u015fem manzaras\u0131n\u0131n keyfini \u00e7\u0131karma \u015fans\u0131n\u0131z olacak.<\/p>\n<ul>\n<li>G\u00fcvenli ve e\u011flenceli olman\u0131n yan\u0131 s\u0131ra,\u00a0<strong>yama\u00e7 para\u015f\u00fct\u00fc Alanya<\/strong>\u00a0ayn\u0131 zamanda muhte\u015fem manzaray\u0131 seyretmenin m\u00fckemmel bir yoludur.<\/li>\n<li>U\u00e7u\u015f s\u0131ras\u0131nda size gerekli t\u00fcm talimatlar\u0131 verecek profesyonel bir yama\u00e7 para\u015f\u00fct\u00fc e\u011fitmeni e\u015flik edecek.<\/li>\n<li>Ayr\u0131ca deneyimli bir yama\u00e7 para\u015f\u00fct\u00fc pilotu da size e\u015flik edecek.<\/li>\n<li>E\u011fitmenler t\u00fcm kural ve d\u00fczenlemeleri a\u00e7\u0131klayacak ve talimat verildi\u011finde atlamaya haz\u0131r olman\u0131z\u0131 sa\u011flayacakt\u0131r.<\/li>\n<\/ul>\n<h4>Alanya&#039;da Yama\u00e7 Para\u015f\u00fct\u00fc nerede yap\u0131l\u0131r?<\/h4>\n<p>Alanya&#039;da yama\u00e7 para\u015f\u00fct\u00fc atlay\u0131\u015flar\u0131 denizden 780 metre y\u00fckseklikteki \u201cyass\u0131 tepe\u201dden yap\u0131l\u0131yor. \u0130ni\u015f pisti Alanya&#039;n\u0131n d\u00fcnyaca \u00fcnl\u00fc plaj\u0131 olan Kleopatra plaj\u0131nda bulunmaktad\u0131r.<\/p>\n<p>\u00d6zellikle birden fazla atlay\u0131\u015f yapmak isteyenler i\u00e7in ula\u015f\u0131m\u0131n kolay oldu\u011funu hat\u0131rlatal\u0131m. F\u0131rlatma noktas\u0131 ile ini\u015f pisti aras\u0131ndaki mesafe karayoluyla yakla\u015f\u0131k 6 kilometredir. 10-15 dakika gibi k\u0131sa bir s\u00fcrede tekrar atlama noktas\u0131na ula\u015fabilirsiniz.<\/p>\n<h4>Yama\u00e7 Para\u015f\u00fct\u00fc Ne Kadar S\u00fcrer?<\/h4>\n<p>Standart u\u00e7u\u015f s\u00fcresi 25 dakikad\u0131r. Ancak hava ko\u015fullar\u0131n\u0131n uygun olmas\u0131 halinde yama\u00e7 para\u015f\u00fct\u00e7\u00fcleri s\u0131n\u0131rs\u0131z olarak havada kalabilmektedir. E\u011fer standart u\u00e7u\u015f s\u00fcresinden daha uzun s\u00fcre havada kalmak istiyorsan\u0131z bunu u\u00e7madan \u00f6nce s\u00f6ylemelisiniz. Yo\u011funluk olmad\u0131\u011f\u0131 takdirde ek \u00fccret \u00f6deyerek daha uzun s\u00fcre u\u00e7abilirsiniz.<\/p>\n<h4>Alanya&#039;da Yama\u00e7 Para\u015f\u00fct\u00fc ile Hangi Saatlerde U\u00e7abilirim?<\/h4>\n<p>Hava ko\u015fullar\u0131 uygun oldu\u011fu s\u00fcrece Alanya semalar\u0131nda istedi\u011finiz zaman yama\u00e7 para\u015f\u00fct\u00fc ile u\u00e7abilirsiniz. U\u00e7u\u015flar 09:00 \u2013 16:30 saatleri aras\u0131ndad\u0131r. Birka\u00e7 g\u00fcn \u00f6nceden rezervasyon yapman\u0131z\u0131 \u00f6neririz. Bu sayede diledi\u011finiz zaman u\u00e7abilirsiniz.<\/p>\n<h4>Alanya&#039;da Yama\u00e7 Para\u015f\u00fct\u00fc ile Kimler U\u00e7abilir?<\/h4>\n<p>Yama\u00e7 para\u015f\u00fct\u00fc adrenalin dolu bir spor oldu\u011fundan kat\u0131l\u0131mc\u0131lar i\u00e7in baz\u0131 gereksinimler bulunmaktad\u0131r. Bunlar\u0131 a\u015fa\u011f\u0131da listeledik<\/p>\n<ul>\n<li>Kilonuz en az 40 kg olmal\u0131<\/li>\n<li>A\u011f\u0131rl\u0131\u011f\u0131n\u0131z 120 kg&#039;\u0131 ge\u00e7memelidir.<\/li>\n<li>Kalp ve tansiyon gibi kalp-damar hastal\u0131klar\u0131n\u0131n bulunmamas\u0131.<\/li>\n<li>U\u00e7u\u015fa engel olacak herhangi bir rahats\u0131zl\u0131\u011f\u0131n\u0131n bulunmamas\u0131.<\/li>\n<li>Y\u00fckseklik korkusu ve panik atak gibi duygudurum bozukluklar\u0131n\u0131n olmamas\u0131.<\/li>\n<\/ul>\n<h4>Yama\u00e7 Para\u015f\u00fct\u00fc \u0130\u00e7in Ya\u015f S\u0131n\u0131r\u0131 Var m\u0131?<\/h4>\n<p>Yama\u00e7 para\u015f\u00fct\u00fc sporunda ya\u015f s\u0131n\u0131r\u0131 yoktur. Yukar\u0131daki ko\u015fullar\u0131 sa\u011flayan herkes u\u00e7abilir\u00a0<strong>yama\u00e7 para\u015f\u00fct\u00fc Alanya<\/strong>.<\/p>\n<h4>Kad\u0131n Pilotunuz Var m\u0131?<\/h4>\n<p>Evet. Kad\u0131n pilotlar\u0131m\u0131z da var.<\/p>\n<h4>Yama\u00e7para\u015f\u00fct\u00fcnde Ka\u00e7 Ki\u015fi U\u00e7abilir?<\/h4>\n<p>Yama\u00e7 para\u015f\u00fct\u00fcnde \u00e7o\u011funlukla iki ki\u015fi u\u00e7ar. Bu s\u0131n\u0131rlaman\u0131n nedeni yama\u00e7 para\u015f\u00fct\u00fcn\u00fcn pilot d\u0131\u015f\u0131ndaki ta\u015f\u0131ma kapasitesinin 120 kilogram olmas\u0131d\u0131r. Yolcular\u0131n toplam a\u011f\u0131rl\u0131\u011f\u0131 110 kilogram\u0131 ge\u00e7medi\u011fi takdirde 3 ki\u015fi alanya yama\u00e7 para\u015f\u00fct\u00fc ile u\u00e7abilmektedir. (3 ki\u015filik u\u00e7u\u015flarda maksimum y\u00fck 110 kg&#039;d\u0131r.)<\/p>\n<h4>Ne T\u00fcr K\u0131yafetler Giymeliyim?<\/h4>\n<p>Rahat k\u0131yafetler ve m\u00fcmk\u00fcnse spor ayakkab\u0131 giymeniz yeterlidir. R\u00fczgarda u\u00e7mayacak ve sizi rahats\u0131z etmeyecek k\u0131yafetler giymenizi \u00f6neririz. \u015eapka, tak\u0131 gibi e\u015fyalar\u0131 yan\u0131n\u0131za almay\u0131n. \u00c7\u00fcnk\u00fc e\u015fyalar\u0131n\u0131z yolculuk s\u0131ras\u0131nda d\u00fc\u015febilir.\u00a0<strong>yama\u00e7 para\u015f\u00fct\u00fc Alanya<\/strong>\u00a0tur.<\/p>\n<p>U\u00e7u\u015f \u00f6ncesinde k\u0131yafetleriniz rehberler taraf\u0131ndan kontrol edilecektir.<\/p>\n<h5>Alanya Yama\u00e7 Para\u015f\u00fct\u00fc S\u0131ras\u0131nda Foto\u011fraf \u00c7ekebilir miyim?<\/h5>\n<p>U\u00e7u\u015f g\u00fcvenli\u011fi nedeniyle cep telefonu gibi e\u015fyalar\u0131 yan\u0131n\u0131za alman\u0131za izin verilmiyor. Ancak yama\u00e7 para\u015f\u00fct\u00fc foto\u011fraflar\u0131n\u0131z ve videolar\u0131n\u0131z kalk\u0131\u015f ve ini\u015f s\u0131ras\u0131nda yer ekibi taraf\u0131ndan, havadayken ise pilot taraf\u0131ndan \u00e7ekilmektedir.<\/p>\n<h5>Alanya Yama\u00e7 Para\u015f\u00fct\u00fc ile Y\u0131l\u0131n Hangi Saatinde U\u00e7abilirsiniz?<\/h5>\n<p>Alanya&#039;da hava ko\u015fullar\u0131 hem yaz hem de k\u0131\u015f aylar\u0131nda yama\u00e7 para\u015f\u00fct\u00fc yapmaya uygundur. Ama k\u0131\u015f\u0131n ya\u011fmurlu ve f\u0131rt\u0131nal\u0131 g\u00fcnlerde u\u00e7muyoruz.<\/p>\n<ul>\n<li>K\u0131\u015f aylar\u0131nda u\u00e7u\u015f plan\u0131n\u0131z i\u00e7in hava durumunu takip etmemiz gerekiyor.<\/li>\n<li>Bu nedenle k\u0131\u015f rezervasyonlar\u0131n\u0131z\u0131 tatilinizin ilk g\u00fcn\u00fcnde bize g\u00f6ndermelisiniz.<\/li>\n<li>B\u00f6ylece u\u00e7u\u015funuzu hava \u015fartlar\u0131n\u0131n uygun oldu\u011fu g\u00fcne g\u00f6re planlayabiliyoruz.<\/li>\n<\/ul>\n<\/div>","protected":false},"excerpt":{"rendered":"<p>Yama\u00e7 Para\u015f\u00fct\u00fc Deneyimleri Alanya 780 metreden atlayacak ve e\u015fsiz bir u\u00e7u\u015f deneyimi ya\u015fayacaks\u0131n\u0131z. Ku\u015fbak\u0131\u015f\u0131 bak\u0131ld\u0131\u011f\u0131nda Alanya \u015fehrini, Toros Da\u011flar\u0131n\u0131, Alanya Kalesini ve Kleopatra Plaj\u0131n\u0131 g\u00f6rebilirsiniz. U\u00e7arken resimleriniz ve videolar\u0131n\u0131z \u00e7ekilecektir. Yama\u00e7 Para\u015f\u00fct\u00fc Program\u0131 Alanya Otelden veya adresten ara\u00e7la alma. Yass\u0131\u2019ya gitmek [\u2026]<\/p>","protected":false},"featured_media":9716,"comment_status":"open","ping_status":"closed","template":"","meta":{"_monsterinsights_skip_tracking":false,"_monsterinsights_sitenote_active":false,"_monsterinsights_sitenote_note":"","_monsterinsights_sitenote_category":0},"product_cat":[72],"product_tag":[],"class_list":{"0":"post-9712","1":"product","2":"type-product","3":"status-publish","4":"has-post-thumbnail","6":"product_cat-alanya-yamac-parasutu","8":"first","9":"instock","10":"sale","11":"shipping-taxable","12":"purchasable","13":"product-type-ovabrw_car_rental"},"aioseo_notices":[],"_links":{"self":[{"href":"https:\/\/berfintour.com\/tr\/wp-json\/wp\/v2\/product\/9712","targetHints":{"allow":["GET"]}}],"collection":[{"href":"https:\/\/berfintour.com\/tr\/wp-json\/wp\/v2\/product"}],"about":[{"href":"https:\/\/berfintour.com\/tr\/wp-json\/wp\/v2\/types\/product"}],"replies":[{"embeddable":true,"href":"https:\/\/berfintour.com\/tr\/wp-json\/wp\/v2\/comments?post=9712"}],"wp:featuredmedia":[{"embeddable":true,"href":"https:\/\/berfintour.com\/tr\/wp-json\/wp\/v2\/media\/9716"}],"wp:attachment":[{"href":"https:\/\/berfintour.com\/tr\/wp-json\/wp\/v2\/media?parent=9712"}],"wp:term":[{"taxonomy":"product_cat","embeddable":true,"href":"https:\/\/berfintour.com\/tr\/wp-json\/wp\/v2\/product_cat?post=9712"},{"taxonomy":"product_tag","embeddable":true,"href":"https:\/\/berfintour.com\/tr\/wp-json\/wp\/v2\/product_tag?post=9712"}],"curies":[{"name":"wp","href":"https:\/\/api.w.org\/{rel}","templated":true}]}}