{"id":9707,"date":"2024-01-14T01:12:06","date_gmt":"2024-01-13T22:12:06","guid":{"rendered":"https:\/\/berfintour.com\/?post_type=product&#038;p=9707"},"modified":"2025-03-24T08:36:39","modified_gmt":"2025-03-24T05:36:39","slug":"alanya-hamam","status":"publish","type":"product","link":"https:\/\/berfintour.com\/tr\/urun\/alanya-hamam\/","title":{"rendered":"Alanya Hamam\u0131"},"content":{"rendered":"<div class=\"header-ul\">\n<h3>Alanya T\u00fcrk Hamam\u0131 Deneyimleri<\/h3>\n<\/div>\n<div class=\"content-text tour-experiences\">\n<ul>\n<li>Alanya&#039;da geleneksel T\u00fcrk Hamam\u0131 deneyimini ya\u015fay\u0131n.<\/li>\n<li>Tatilinizin hareketli g\u00fcnlerinin ard\u0131ndan v\u00fccudunuzu yenileyin. Enerji depolay\u0131n.<\/li>\n<li>Asya, Avrupa ve T\u00fcrk men\u015feli masaj y\u00f6ntemlerini ve SPA terapilerini deneyimleyin.<\/li>\n<\/ul>\n<\/div>\n<div class=\"header-ul\">\n<h3>Alanya T\u00fcrk Hamam\u0131 Program\u0131<\/h3>\n<\/div>\n<div class=\"content-text\">\n<ul>\n<li>Otellerden \u00f6zel transfer.<\/li>\n<li>Havlu, pe\u015ftamal, terlik, sabun, kese gibi ekipmanlar\u0131n \u00fccretsiz temini (Covid-19 standartlar\u0131 dikkate al\u0131narak).<\/li>\n<li>Giyinme odas\u0131, dinlenme odas\u0131 gibi banyo b\u00f6l\u00fcmlerinin g\u00f6sterimi.<\/li>\n<li>Saunada terlemek.<\/li>\n<li>buhar odas\u0131 (en fazla 15 dakika \u00f6nerilir).<\/li>\n<li>Tuz odas\u0131.<\/li>\n<li>T\u00fcrk hamam\u0131nda kese ve k\u00f6p\u00fck banyosu.<\/li>\n<li>Dinlenme odas\u0131nda \u00e7ay ve kahve.<\/li>\n<li>Aromatik ya\u011f masaj\u0131.<\/li>\n<li>\u0130ste\u011fe ba\u011fl\u0131 y\u00fcz maskesi ve SPA<\/li>\n<li>Otele d\u00f6n\u00fcn.<\/li>\n<\/ul>\n<\/div>\n<div class=\"header-ul\">\n<h3>Alanya T\u00fcrk Hamam\u0131 Hakk\u0131nda Genel Bilgiler<\/h3>\n<\/div>\n<div class=\"content-text\">\n<p>Hem geleneksel T\u00fcrk hamam\u0131n\u0131 hem de Uzakdo\u011fu k\u00fclt\u00fcr\u00fcne \u00f6zg\u00fc masaj terapilerini b\u00fcnyesinde bar\u0131nd\u0131ran Alanya t\u00fcrk hamam\u0131, spa ve masaj \u00e7e\u015fitleriyle kapsaml\u0131 bir mekand\u0131r. SPA ve T\u00fcrk hamam\u0131 hizmetlerinin yan\u0131 s\u0131ra alternatif tedavi y\u00f6ntemleri de hizmet yelpazemizde yer almaktad\u0131r.<\/p>\n<p>Bu kompleksin ayr\u0131 b\u00f6l\u00fcmleri ve her b\u00f6l\u00fcmde kendi dal\u0131nda uzmanla\u015fm\u0131\u015f lisansl\u0131 mas\u00f6rler, Alanya Hamam\u0131&#039;n\u0131 di\u011fer hamamlardan farkl\u0131 k\u0131lmaktad\u0131r. \u00d6zellikle hamamdaki b\u00f6l\u00fcmlerin dekorasyonu ve ayd\u0131nlatmas\u0131 \u00f6zenle yap\u0131lm\u0131\u015ft\u0131r. \u00c7\u00fcnk\u00fc masaj s\u0131ras\u0131nda ortam\u0131n ve kokular\u0131n psikolojik etkileri b\u00fcy\u00fckt\u00fcr.<\/p>\n<h4>Alanya T\u00fcrk Hamam\u0131 B\u00f6l\u00fcmleri<\/h4>\n<h5>Hamam<\/h5>\n<p>Geleneksel T\u00fcrk Hamam\u0131 standartlar\u0131na uyularak in\u015fa edilmi\u015ftir. Alanya&#039;n\u0131n en b\u00fcy\u00fck T\u00fcrk Hamamlar\u0131ndan biridir. Hamam\u0131n ortas\u0131nda g\u00f6bek ta\u015f\u0131 ad\u0131 verilen mermerden yap\u0131lm\u0131\u015f d\u00fcz bir platform bulunmaktad\u0131r. Bu platform \u00e7ok s\u0131cak. \u00dczerine yatarak kaslar\u0131n\u0131z\u0131 gev\u015fetebilir veya rahatlamak i\u00e7in kullanabilirsiniz. Genellikle bu platformda k\u00f6p\u00fck banyosu ve kese uygulan\u0131r.<\/p>\n<h5>Sauna<\/h5>\n<p>Sauna, Alanya hamam\u0131n\u0131n misafirlerimiz taraf\u0131ndan en \u00e7ok kullan\u0131lan k\u0131sm\u0131d\u0131r. Bu y\u00fczden saunan\u0131n kapasitesinin y\u00fcksek olmas\u0131na dikkat ettik. Tamamen ah\u015faptan yap\u0131lm\u0131\u015f saunalar\u0131m\u0131zda terleyip rahatlayarak g\u00fcn\u00fcn yorgunlu\u011fundan kurtulacaks\u0131n\u0131z.<\/p>\n<p>Saunadan sonra v\u00fccudunuz \u00e7ok fazla su kaybeder. Kaybetti\u011finiz suyu dengelemek i\u00e7in saunadan sonra buhar odas\u0131na girmenizi \u00f6neririz.<\/p>\n<h5>Buhar odas\u0131<\/h5>\n<p>Buhar odas\u0131ndaki y\u00fcksek nem sayesinde v\u00fccudunuz daha az su kaybeder. Ayr\u0131ca odadaki \u0131s\u0131 sayesinde kan dola\u015f\u0131m\u0131 h\u0131zlan\u0131r ve eklemler gev\u015fer. Buhar cildinizdeki g\u00f6zenekleri a\u00e7arak cildin yenilenmesine yard\u0131mc\u0131 olur.<\/p>\n<p>Odadaki nem oran\u0131n\u0131n y\u00fcksek olmas\u0131 nedeniyle odada 15 dakikadan fazla kalman\u0131z\u0131 \u00f6nermiyoruz.<\/p>\n<h5>Tuz Odas\u0131<\/h5>\n<p>Tavan\u0131 ve duvarlar\u0131 tuzla kapl\u0131, havaya mikro \u00f6l\u00e7ekli tuz p\u00fcsk\u00fcrt\u00fclerek terapi sa\u011flanan bir odad\u0131r. Tuz terapisinin solunum sistemi \u00fczerinde olumlu etkileri vard\u0131r. Ast\u0131m, bron\u015fit ve solunum yolu enfeksiyonlar\u0131na kar\u015f\u0131 etkilidir.<\/p>\n<p>Hamam turu kapsam\u0131nda tuz odas\u0131n\u0131n kullan\u0131m\u0131 \u00fccretsizdir.<\/p>\n<h5>SPA ve Sa\u011fl\u0131k<\/h5>\n<p>Alanya SPA ve masaj \u00e7e\u015fitlili\u011fi a\u00e7\u0131s\u0131ndan zengin bir yerdir. Hem T\u00fcrk Hamam\u0131 k\u00fclt\u00fcr\u00fcn\u00fcn etkisi hem de b\u00f6lgenin \u00e7e\u015fitli \u00fclkelerden g\u00f6\u00e7men almas\u0131, uzman mas\u00f6rlerin Alanya&#039;ya ilgisini \u00e7ekmi\u015ftir. Uzakdo\u011fu k\u00f6kenli mas\u00f6rler ve e\u011fitimli yerli mas\u00f6rler SPA terapilerinin kalitesini artt\u0131rm\u0131\u015ft\u0131r.<\/p>\n<p>Hamam\u0131m\u0131zda \u00e7e\u015fitli masaj y\u00f6ntemleri uygulanmaktad\u0131r. Masaj odam\u0131zda \u00f6ncelikle hijyene dikkat ediyoruz. \u00d6zellikle covid-19 kapsam\u0131nda kulland\u0131\u011f\u0131m\u0131z terapi kit ve ekipmanlar\u0131n\u0131 sterilize ediyoruz. Masaj odam\u0131z d\u0131\u015f seslerden ar\u0131nd\u0131r\u0131lm\u0131\u015ft\u0131r. Odadaki \u0131\u015f\u0131k sistemi ve oda tasar\u0131m\u0131 titizlikle yap\u0131ld\u0131.<\/p>\n<h5>Dinlenme odas\u0131<\/h5>\n<p>\u00d6zellikle sauna ve buhar banyosundan sonra dinlenmek i\u00e7in kullan\u0131lan konforlu yatak ve koltuklar\u0131n bulundu\u011fu odad\u0131r. Burada dinlenirken hamam\u0131m\u0131zdaki kafeden at\u0131\u015ft\u0131rmal\u0131k ve i\u00e7ecek alabilirsiniz.<\/p>\n<h4>Alanya T\u00fcrk Hamam\u0131&#039;nda SPA Terapileri<\/h4>\n<h5>Aromaterapi Ya\u011f Masaj\u0131<\/h5>\n<p><img decoding=\"async\" class=\"img-fluid img-thumbnail lazy mb-2\" src=\"https:\/\/www.dailytoursinalanya.com\/Content\/images\/userfiles\/images\/hamam\/aromatherapy-oil-massage.webp\" alt=\"Aromatherapy Oil Massage\" \/>Bitki ve \u00e7i\u00e7ek \u00f6zlerinden elde edilen ya\u011flarla yap\u0131lan bir masajd\u0131r. Bu ya\u011flar v\u00fccuda d\u00fc\u015f\u00fck tempoda ve hafif dokunu\u015flarla beslenir. Aromatik ya\u011flar\u0131n en iyi uygulama y\u00f6ntemi \u0130sve\u00e7 masaj\u0131d\u0131r.<\/p>\n<p>Aromatik terapilerde uygulanan her ya\u011f\u0131n farkl\u0131 bir \u00f6zelli\u011fi bulunmaktad\u0131r. Alanya&#039;daki T\u00fcrk hamam\u0131m\u0131za geldi\u011finizde mas\u00f6rlerimiz sizi bu ya\u011flar hakk\u0131nda bilgilendirecektir.<\/p>\n<h5>Medikal Masaj<\/h5>\n<p><img decoding=\"async\" class=\"img-fluid img-thumbnail lazy mb-2\" src=\"https:\/\/www.dailytoursinalanya.com\/Content\/images\/userfiles\/images\/hamam\/medical-massage.webp\" alt=\"Medical Massage\" \/>Medikal masaj, yorgun ve hasarl\u0131 b\u00f6lgeye uygulanan fizyoterapik bir masaj t\u00fcr\u00fcd\u00fcr. \u00d6zellikle uzun saatler bilgisayar ba\u015f\u0131nda oturan ki\u015filerde meydana gelen boyun ve s\u0131rt a\u011fr\u0131lar\u0131 i\u00e7in kullan\u0131lmaktad\u0131r. Masaj ile hasarl\u0131 b\u00f6lge yumu\u015fat\u0131l\u0131r ve kan dola\u015f\u0131m\u0131 h\u0131zland\u0131r\u0131l\u0131r.<\/p>\n<h5>S\u0131cak Ta\u015f Masaj\u0131<\/h5>\n<p><img decoding=\"async\" class=\"img-fluid img-thumbnail lazy mb-2\" src=\"https:\/\/www.dailytoursinalanya.com\/Content\/images\/userfiles\/images\/hamam\/hot-stone-massage.webp\" alt=\"Hot Stone Massage\" \/>S\u0131cak volkanik bazalt ta\u015flar\u0131yla yap\u0131lan bir masajd\u0131r. Bu ta\u015flar\u0131n \u00f6zelli\u011fi \u0131s\u0131s\u0131n\u0131 ge\u00e7 kaybetmeleridir. Masaj aromatik ya\u011flarla da desteklenebilir. V\u00fccudun \u00e7akra b\u00f6lgelerine uygulanarak rahatlama sa\u011flan\u0131r.<\/p>\n<h5>Manuel Terapi Masaj\u0131<\/h5>\n<p><img decoding=\"async\" class=\"img-fluid img-thumbnail lazy mb-2\" src=\"https:\/\/www.dailytoursinalanya.com\/Content\/images\/userfiles\/images\/hamam\/manual-therapy-massage.webp\" alt=\"Manual Therapy Massage\" \/>Kas ve iskelet sistemindeki a\u011fr\u0131l\u0131 b\u00f6lgelere y\u00f6nelik bir masajd\u0131r. Sadece fizyoterapistler veya sertifikal\u0131 mas\u00f6rler taraf\u0131ndan yap\u0131labilir. Kas spazm\u0131, kas gerginli\u011fi ve eklem fonksiyon bozukluklar\u0131 \u00fczerinde etkilidir. \u00d6zellikle kronik bel a\u011fr\u0131s\u0131 olan ki\u015filerde rahatlama sa\u011flar.<\/p>\n<h5>Tay Masaj\u0131<\/h5>\n<p><img decoding=\"async\" class=\"img-fluid img-thumbnail lazy mb-2\" src=\"https:\/\/www.dailytoursinalanya.com\/Content\/images\/userfiles\/images\/hamam\/thai-massage.webp\" alt=\"Thai Massage\" \/>2500 y\u0131l \u00f6nce Budist rahiplerin uygulad\u0131\u011f\u0131 eski bir masajd\u0131r. Ritmik kompresyon ve esneme hareketleri bu masaj\u0131n temelini olu\u015fturur. Bu masaj\u0131n amac\u0131 esnekli\u011fi artt\u0131rmak ve enerji sistemini dengelemektir. Enerji verici bir etkisi vard\u0131r.<\/p>\n<h5>Bali Masaj\u0131<\/h5>\n<p><img decoding=\"async\" class=\"img-fluid img-thumbnail lazy mb-2\" src=\"https:\/\/www.dailytoursinalanya.com\/Content\/images\/userfiles\/images\/hamam\/balinese-massage.webp\" alt=\"Balinese Massage\" \/>Endonezya k\u00f6kenli bir masaj t\u00fcr\u00fcd\u00fcr. Rahatlamak ve stresten kurtulmak amac\u0131yla yap\u0131l\u0131r. Ayaklardan ba\u015fa kadar t\u00fcm v\u00fccuda uygulanan bir masajd\u0131r. Aromatik ya\u011flarla desteklenir. Bu masaj derin dokuyu hedef al\u0131r. Beden ve zihin aras\u0131ndaki ili\u015fkiyi dengelemek i\u00e7in yap\u0131l\u0131r.<\/p>\n<h5>\u015eiatsu Masaj\u0131<\/h5>\n<p><img decoding=\"async\" class=\"img-fluid img-thumbnail lazy mb-2\" src=\"https:\/\/www.dailytoursinalanya.com\/Content\/images\/userfiles\/images\/hamam\/shiatsu-massage.webp\" alt=\"Shiatsu Massage\" \/>Japonya&#039;dan kaynaklanmaktad\u0131r. Antik \u00c7in tedavi y\u00f6ntemleri ile bat\u0131 tekniklerinin birle\u015fimidir. Parmaklarla bask\u0131 uygulanarak yap\u0131l\u0131r. Kan dola\u015f\u0131m\u0131n\u0131n az oldu\u011fu b\u00f6lgelere uygulan\u0131r. Ama\u00e7 v\u00fccuttaki kan\u0131n v\u00fccudun her yerine e\u015fit \u015fekilde yay\u0131lmas\u0131n\u0131 sa\u011flamakt\u0131r. Di\u011fer masajlardan \u00e7ok farkl\u0131 bir tekni\u011fi vard\u0131r. Akupunktura benzer. Ba\u015f, boyun, s\u0131rt ve adet a\u011fr\u0131lar\u0131n\u0131n giderilmesinde olduk\u00e7a etkilidir.<\/p>\n<h5>Hint Ba\u015f Masaj\u0131<\/h5>\n<p><img decoding=\"async\" class=\"img-fluid img-thumbnail lazy mb-2\" src=\"https:\/\/www.dailytoursinalanya.com\/Content\/images\/userfiles\/images\/hamam\/indian-head-massage.webp\" alt=\"Indian Head Massage\" \/>Binlerce y\u0131ll\u0131k ge\u00e7mi\u015fi olan Hindistan k\u00f6kenli bir masajd\u0131r. Ba\u015f, boyun ve s\u0131rttaki sinir u\u00e7lar\u0131na parmaklarla uygulan\u0131r. Sa\u00e7l\u0131 deriye yo\u011fun parmak masaj\u0131 yap\u0131l\u0131r. Hem ya\u011fl\u0131 hem de ya\u011fs\u0131z olarak uygulanabilir. Stresi azaltmak i\u00e7in tercih edilen bir masaj t\u00fcr\u00fcd\u00fcr.<\/p>\n<h5>S\u0131cak \u00c7ikolata Masaj\u0131<\/h5>\n<p><img decoding=\"async\" class=\"img-fluid img-thumbnail lazy mb-2\" src=\"https:\/\/www.dailytoursinalanya.com\/Content\/images\/userfiles\/images\/hamam\/hot-chocolate-massage.webp\" alt=\"Hot Chocolate Massage\" \/>Cildinizi yakmayacak s\u0131cakl\u0131ktaki \u00e7ikolata ile yap\u0131lan bir masajd\u0131r. \u00c7ikolatan\u0131n e\u015fsiz kayganl\u0131\u011f\u0131 masaj\u0131n etkisini artt\u0131r\u0131r. Ayr\u0131ca i\u00e7erdi\u011fi potasyum cildinizi besler. Endorfin i\u00e7eren \u00e7ikolata v\u00fccutta peeling etkisi yarat\u0131r. Denemenizi \u00f6neririz.<\/p>\n<h5>Kahve Masaj\u0131<\/h5>\n<p><img decoding=\"async\" class=\"img-fluid img-thumbnail lazy mb-2\" src=\"https:\/\/www.dailytoursinalanya.com\/Content\/images\/userfiles\/images\/hamam\/coffee-massage.webp\" alt=\"Coffee Massage\" \/>T\u00fcrk kahvesi ve soda kar\u0131\u015f\u0131m\u0131yla veya pi\u015fmi\u015f kahvenin kal\u0131plarda dondurulmas\u0131yla yap\u0131lan bir masajd\u0131r. Cildin oksijen miktar\u0131n\u0131 artt\u0131rd\u0131\u011f\u0131ndan sel\u00fcliti gidermede olduk\u00e7a etkilidir. Birka\u00e7 seans sonras\u0131nda g\u00f6rsel olarak etkisini g\u00f6rmek m\u00fcmk\u00fcnd\u00fcr.<\/p>\n<h5>Yosun Masaj\u0131<\/h5>\n<p><img decoding=\"async\" class=\"img-fluid img-thumbnail lazy mb-2\" src=\"https:\/\/www.dailytoursinalanya.com\/Content\/images\/userfiles\/images\/hamam\/seaweed-massage.webp\" alt=\"Seaweed Massage\" \/>Deniz yosununun i\u00e7erdi\u011fi element ve minerallerin etkisinden yararlan\u0131larak yap\u0131lan deniz yosunu masaj\u0131d\u0131r. Ye\u015fil, kahverengi ve k\u0131rm\u0131z\u0131 renkli alglerden yap\u0131lm\u0131\u015ft\u0131r. Ye\u015fil algler cildi s\u0131k\u0131la\u015ft\u0131r\u0131r. Kahverengi algler ise metabolizman\u0131n daha h\u0131zl\u0131 \u00e7al\u0131\u015fmas\u0131n\u0131 sa\u011flar. K\u0131rm\u0131z\u0131 algler cildi besler ve yumu\u015fat\u0131r.<\/p>\n<h5>Bal Masaj\u0131<\/h5>\n<p><img decoding=\"async\" class=\"img-fluid img-thumbnail lazy mb-2\" src=\"https:\/\/www.dailytoursinalanya.com\/Content\/images\/userfiles\/images\/hamam\/honey-massage.webp\" alt=\"Honey Massage\" \/>Tibet k\u00f6kenli bir terapi y\u00f6ntemidir. Yumu\u015fak doku masaj\u0131 da denir. Baldaki vitaminler, mineraller ve amino asitlerin cilde n\u00fcfuz etmesiyle ortaya \u00e7\u0131kar. Bal\u0131n organik olmas\u0131 \u00e7ok \u00f6nemlidir. Bal terapisi \u00f6ncesinde g\u00f6zeneklerin terleme yoluyla a\u00e7\u0131lmas\u0131 gerekmektedir.<\/p>\n<p>Kronik kas a\u011fr\u0131lar\u0131, bel ve boyun f\u0131t\u0131klar\u0131, k\u0131r\u0131\u015f\u0131kl\u0131klar, sel\u00fclit, uyku bozukluklar\u0131 gibi hastal\u0131klar\u0131n giderilmesi amac\u0131yla yap\u0131lmaktad\u0131r.<\/p>\n<h5>Bitkisel Thai Masaj\u0131<\/h5>\n<p><img decoding=\"async\" class=\"img-fluid img-thumbnail lazy mb-2\" src=\"https:\/\/www.dailytoursinalanya.com\/Content\/images\/userfiles\/images\/hamam\/herbal-thai-massage.webp\" alt=\"Herbal Thai Massage\" \/>V\u00fccuttaki enerji noktalar\u0131n\u0131n parmak masaj\u0131 ile uyar\u0131lmas\u0131yla yap\u0131l\u0131r. Kastaki a\u011fr\u0131 ve iltihab\u0131 gidermek i\u00e7in yap\u0131l\u0131r. Bu masajda 7 \u00e7e\u015fit bitki pamuklu beze sar\u0131larak \u0131s\u0131t\u0131l\u0131r. Bu \u0131s\u0131t\u0131lm\u0131\u015f bez, gergin kaslardaki d\u00fc\u011f\u00fcmleri \u00e7\u00f6zmek i\u00e7in bir ara\u00e7 olarak kullan\u0131l\u0131r.<\/p>\n<h5>Sel\u00fclit Kar\u015f\u0131t\u0131 Masaj<\/h5>\n<p><img decoding=\"async\" class=\"img-fluid img-thumbnail lazy mb-2\" src=\"https:\/\/www.dailytoursinalanya.com\/Content\/images\/userfiles\/images\/hamam\/anti-cellulite-massage.webp\" alt=\"Anti Cellulite Massage\" \/>S\u0131k\u0131\u015ft\u0131rma ve yuvarlama teknikleri kullan\u0131larak sel\u00fclitli b\u00f6lgedeki ya\u011flar par\u00e7alan\u0131r. Ayn\u0131 zamanda sel\u00fclitli b\u00f6lgedeki oksijen miktar\u0131 da artar. B\u00f6ylece iyile\u015fme s\u00fcreci h\u0131zlan\u0131r. Genel olarak sel\u00fclitli b\u00f6lgelerde a\u011fr\u0131 daha yo\u011fun hissedilir. Bu nedenle masaj s\u0131ras\u0131nda bir miktar a\u011fr\u0131 hissedilmesi normaldir.<\/p>\n<h5>Lenf Drenaj Masaj\u0131<\/h5>\n<p><img decoding=\"async\" class=\"img-fluid img-thumbnail lazy mb-2\" src=\"https:\/\/www.dailytoursinalanya.com\/Content\/images\/userfiles\/images\/hamam\/lymph-drainage-massage.webp\" alt=\"Lymph Drainage Massage\" \/>V\u00fccuttaki \u00f6demin giderilmesi amac\u0131yla uygulan\u0131r. Deri alt\u0131ndaki k\u0131lcal damarlardan su ve proteinin s\u0131zmas\u0131 sonucu olu\u015fan lenf s\u0131v\u0131s\u0131, masaj yap\u0131larak lenf dola\u015f\u0131m sistemine geri g\u00f6nderilir. Bu masaj \u00e7o\u011funlukla hareketsiz ya\u015fam tarz\u0131na sahip ki\u015filer i\u00e7in \u00f6nerilir.<\/p>\n<p>\u00d6zellikle oturarak \u00e7al\u0131\u015fan ki\u015filerin belirli aral\u0131klarla bu masaj\u0131 yapt\u0131rmas\u0131 ya\u015fam kalitesini artt\u0131racakt\u0131r.<\/p>\n<h5>Spor Masaj\u0131<\/h5>\n<p><img decoding=\"async\" class=\"img-fluid img-thumbnail lazy mb-2\" src=\"https:\/\/www.dailytoursinalanya.com\/Content\/images\/userfiles\/images\/hamam\/sports-massage.webp\" alt=\"Sports Massage\" \/>Spor masaj\u0131n\u0131n \u00fc\u00e7 ana birimi vard\u0131r. Spor \u00f6ncesi haz\u0131rl\u0131k masaj\u0131, spor sonras\u0131 masaj ve bak\u0131m masaj\u0131. \u00c7o\u011funlukla spor aktivitesi \u00f6ncesinde v\u00fccudu haz\u0131rlamak ve yaralanmalar\u0131 \u00f6nlemek amac\u0131yla yap\u0131lan bir masaj t\u00fcr\u00fcd\u00fcr. Ki\u015finin spor dal\u0131na g\u00f6re de\u011fi\u015fmektedir. Her spor i\u00e7in farkl\u0131 masaj teknikleri uygulanmaktad\u0131r.<\/p>\n<h5>Ayak tepki bilimi<\/h5>\n<p><img decoding=\"async\" class=\"img-fluid img-thumbnail lazy mb-2\" src=\"https:\/\/www.dailytoursinalanya.com\/Content\/images\/userfiles\/images\/hamam\/foot-reflexology.webp\" alt=\"Foot Reflexology\" \/>Tamamlay\u0131c\u0131 t\u0131p y\u00f6ntemidir. Bacaklarda, bileklerde ve ayaklarda bulunan sinir u\u00e7lar\u0131na bask\u0131 uygulanarak yap\u0131l\u0131r. Ayak ve ayak bileklerindeki sa\u011fl\u0131k sorunlar\u0131n\u0131n giderilmesine yard\u0131mc\u0131 olur. Ayr\u0131ca ayaklardaki sinir u\u00e7lar\u0131 uyar\u0131larak t\u00fcm v\u00fccuda sinyaller g\u00f6nderilerek rahatlama sa\u011flan\u0131r.<\/p>\n<h5>Rahatlama Masaj\u0131<\/h5>\n<p><img decoding=\"async\" class=\"img-fluid img-thumbnail lazy mb-2\" src=\"https:\/\/www.dailytoursinalanya.com\/Content\/images\/userfiles\/images\/hamam\/relax-massage.webp\" alt=\"Relax Massage\" \/>G\u00fcn i\u00e7erisinde aktif olan ki\u015filerin rahatlamas\u0131 ve streslerinin at\u0131lmas\u0131 amac\u0131yla uygulanan bir masajd\u0131r. \u00d6rne\u011fin tatiliniz boyunca yo\u011fun hareketli ge\u00e7en g\u00fcnlerinizin sonunda enerjinizi yenilemek ve ertesi g\u00fcne dinamik ba\u015flamak i\u00e7in Alanya Hamam\u0131&#039;na u\u011frayabilirsiniz.<\/p>\n<p>Masaj hafif bas\u0131n\u00e7la ve ak\u0131c\u0131 bir \u015fekilde yap\u0131l\u0131r. Masaj \u00e7e\u015fitli aromatik ya\u011flarla desteklenir. Alanya&#039;da tatilcilerin en \u00e7ok tercih etti\u011fi masajd\u0131r.<\/p>\n<h5>Dr.Bal\u0131k SPA<\/h5>\n<p><img decoding=\"async\" class=\"img-fluid img-thumbnail lazy mb-2\" src=\"https:\/\/www.dailytoursinalanya.com\/Content\/images\/userfiles\/images\/hamam\/doctor-fish-spa.webp\" alt=\"Dr. Fish SPA\" \/>T\u00fcrkiye men\u015feli bir tekniktir. Sedef, mantar, egzama gibi cilt hastal\u0131klar\u0131n\u0131n giderilmesinde destekleyici tedavi y\u00f6ntemlerinden biridir. Sivas&#039;ta ya\u015fayan endemik bir t\u00fcr olan Garra Rufa bal\u0131\u011f\u0131n\u0131n cildinizdeki \u00f6l\u00fc derisi emilerek uygulan\u0131r. Etkileri bilimsel olarak kan\u0131tlanm\u0131\u015ft\u0131r.<\/p>\n<p>Bal\u0131\u011f\u0131n dokunu\u015fu terapi s\u0131ras\u0131nda kendinizi farkl\u0131 hissetmenizi sa\u011flayacakt\u0131r. Mikro masaj yap\u0131yormu\u015f\u00e7as\u0131na rahatlama sa\u011flayacakt\u0131r.<\/p>\n<h4>Alanya Hamam\u0131nda Cilt Bak\u0131m Terapileri<\/h4>\n<p>Alanya hamam\u0131nda \u00e7e\u015fitli y\u00fcz maskeleri ve cilt bak\u0131m terapileri de uygulanmaktad\u0131r. Uygulad\u0131\u011f\u0131m\u0131z cilt bak\u0131m y\u00f6ntemlerini a\u015fa\u011f\u0131da s\u0131ralad\u0131k. Hamamdaki cilt bak\u0131m uzmanlar\u0131ndan daha detayl\u0131 bilgi alabilirsiniz.<\/p>\n<ul class=\"order-list\">\n<li>Nokta Bak\u0131m\u0131<\/li>\n<li>Klasik Cilt Bak\u0131m\u0131<\/li>\n<li>Kald\u0131rma<\/li>\n<li>Oksijen terapisi<\/li>\n<li>Cilt temizleme<\/li>\n<li>RF (Radyo Frekans\u0131) Bak\u0131m\u0131<\/li>\n<li>Hayati Bak\u0131m<\/li>\n<li>Ya\u015flanma Kar\u015f\u0131t\u0131 Bak\u0131m<\/li>\n<li>Y\u00fcz maskesi<\/li>\n<li>Kakao Maskesi<\/li>\n<li>Kahve Maskesi<\/li>\n<li>Yosun Maskesi<\/li>\n<\/ul>\n<\/div>","protected":false},"excerpt":{"rendered":"<p>Alanya T\u00fcrk Hamam\u0131 Deneyimleri Alanya&#039;da geleneksel T\u00fcrk Hamam\u0131 deneyimini ya\u015fay\u0131n. Tatilinizin hareketli g\u00fcnlerinin ard\u0131ndan v\u00fccudunuzu yenileyin. Enerji depolay\u0131n. Asya, Avrupa ve T\u00fcrk men\u015feli masaj y\u00f6ntemlerini ve SPA terapilerini deneyimleyin. Alanya T\u00fcrk Hamam\u0131 Program\u0131 Otellerden \u00f6zel transfer. Havlu, pe\u015ftamal, terlik, sabun, kese gibi ekipmanlar\u0131n \u00fccretsiz temini [\u2026]<\/p>","protected":false},"featured_media":9711,"comment_status":"open","ping_status":"closed","template":"","meta":{"_monsterinsights_skip_tracking":false,"_monsterinsights_sitenote_active":false,"_monsterinsights_sitenote_note":"","_monsterinsights_sitenote_category":0},"product_cat":[90],"product_tag":[],"class_list":{"0":"post-9707","1":"product","2":"type-product","3":"status-publish","4":"has-post-thumbnail","6":"product_cat-alanya-hamam","8":"first","9":"instock","10":"sale","11":"shipping-taxable","12":"purchasable","13":"product-type-ovabrw_car_rental"},"aioseo_notices":[],"_links":{"self":[{"href":"https:\/\/berfintour.com\/tr\/wp-json\/wp\/v2\/product\/9707","targetHints":{"allow":["GET"]}}],"collection":[{"href":"https:\/\/berfintour.com\/tr\/wp-json\/wp\/v2\/product"}],"about":[{"href":"https:\/\/berfintour.com\/tr\/wp-json\/wp\/v2\/types\/product"}],"replies":[{"embeddable":true,"href":"https:\/\/berfintour.com\/tr\/wp-json\/wp\/v2\/comments?post=9707"}],"wp:featuredmedia":[{"embeddable":true,"href":"https:\/\/berfintour.com\/tr\/wp-json\/wp\/v2\/media\/9711"}],"wp:attachment":[{"href":"https:\/\/berfintour.com\/tr\/wp-json\/wp\/v2\/media?parent=9707"}],"wp:term":[{"taxonomy":"product_cat","embeddable":true,"href":"https:\/\/berfintour.com\/tr\/wp-json\/wp\/v2\/product_cat?post=9707"},{"taxonomy":"product_tag","embeddable":true,"href":"https:\/\/berfintour.com\/tr\/wp-json\/wp\/v2\/product_tag?post=9707"}],"curies":[{"name":"wp","href":"https:\/\/api.w.org\/{rel}","templated":true}]}}