{"id":9692,"date":"2024-01-14T00:47:13","date_gmt":"2024-01-13T21:47:13","guid":{"rendered":"https:\/\/berfintour.com\/?post_type=product&#038;p=9692"},"modified":"2025-03-24T08:41:52","modified_gmt":"2025-03-24T05:41:52","slug":"demre-kekova-myra-tour-from-alanya","status":"publish","type":"product","link":"https:\/\/berfintour.com\/tr\/urun\/demre-kekova-myra-tour-from-alanya\/","title":{"rendered":"Alanya&#039;dan Demre Kekova Myra Turu"},"content":{"rendered":"<div class=\"header-ul\">\n<h3>Alanya Demre Kekova Myra Turu Hakk\u0131nda Genel Bilgiler<\/h3>\n<\/div>\n<div class=\"content-text\">\n<p><img decoding=\"async\" class=\"rounded img-fluid float-sm-left mt-2 mr-sm-4 mb-2\" src=\"https:\/\/www.dailytoursinalanya.com\/Content\/images\/tours\/21\/thumb\/demre-kekova-myra-tour-from-alanya-7.webp\" alt=\"Demre Kekova Myra Tour From Alanya 2\" \/>Demre Myra ve Kekova turu Alanya&#039;da kat\u0131labilece\u011finiz en s\u0131ra d\u0131\u015f\u0131 k\u00fclt\u00fcr turlar\u0131ndan biridir. Tur kapsam\u0131nda kekova bat\u0131k \u015fehrini, \u00fcnl\u00fc Likya kaya mezarlar\u0131n\u0131, Myra antik kentini, Myra antik tiyatrosunu ve Aziz Nikolaos kilisesini (Noel Baba) ziyaret edeceksiniz. Ayr\u0131ca Kekova adas\u0131 \u00e7evresinde e\u011flenceli bir tekne turu yapaca\u011f\u0131z.<\/p>\n<p>Tekne, iki g\u00fcverteli b\u00fcy\u00fck bir gezi teknesidir. Tekne turu 2 saat s\u00fcrmektedir. Tekne yolculu\u011fu s\u0131ras\u0131nda y\u00fczme molalar\u0131 verilmektedir. Ayr\u0131ca \u00e7evredeki do\u011fa ve tarihi mekanlar\u0131n foto\u011fraflar\u0131n\u0131 \u00e7ekebilmeniz i\u00e7in tekne turu s\u0131ras\u0131nda \u00e7e\u015fitli koylarda da duruyoruz. Tekneden Kekova adas\u0131 ve bat\u0131k \u015fehrin manzaras\u0131 olduk\u00e7a etkileyici.<\/p>\n<p>\u015eimdi bu turda gezece\u011fimiz yerleri tek tek inceleyelim.<\/p>\n<h4>Demre Myra Kekova Turunda Gezilecek Yerler<\/h4>\n<p>Demre nehri \u00e7evresine kurulan kentteki pek \u00e7ok yap\u0131, nehrin y\u00fczy\u0131llard\u0131r ta\u015f\u0131d\u0131\u011f\u0131 al\u00fcvyonlar nedeniyle y\u0131k\u0131lm\u0131\u015f durumda. Aziz Nikolaos&#039;un piskoposluk yapt\u0131\u011f\u0131 yer olmas\u0131 nedeniyle H\u0131ristiyanl\u0131k dini a\u00e7\u0131s\u0131ndan \u00f6nemli bir yerdir. Ayr\u0131ca Likya d\u00f6nemine ait kaya mezarlar\u0131 da gezilecek yerler aras\u0131ndad\u0131r.<\/p>\n<p>Alanya \u00e7\u0131k\u0131\u015fl\u0131 Demre Myra Kekova Turu kapsam\u0131nda gezece\u011fimiz yerleri a\u015fa\u011f\u0131da detayl\u0131 olarak anlat\u0131yoruz.<\/p>\n<h5>Myra Antik Kenti<\/h5>\n<figure class=\"figure\"><img decoding=\"async\" class=\"figure-img img-fluid rounded lazy\" src=\"https:\/\/www.dailytoursinalanya.com\/Content\/images\/userfiles\/images\/demre\/myra-ancient-city.webp\" alt=\"Sarcophagi in the Myra ancient city\" \/><figcaption class=\"figure-caption\">Myra antik kentindeki lahitler<\/figcaption><\/figure>\n<p>Antik kentte gezebilece\u011finiz bir\u00e7ok tarihi ve dini mekan bulunmaktad\u0131r. Kentte Roma d\u00f6neminde tanr\u0131\u00e7alar i\u00e7in yap\u0131lm\u0131\u015f heykel ve b\u00fcstler, akropol, nekropol, surlar, hamamlar ve sokaklar bulunmaktad\u0131r.<\/p>\n<h5>Myra Antik Tiyatrosu<\/h5>\n<figure class=\"figure\"><img decoding=\"async\" class=\"figure-img img-fluid rounded lazy\" src=\"https:\/\/www.dailytoursinalanya.com\/Content\/images\/userfiles\/images\/demre\/myra-amphitheater.webp\" alt=\"Myra Ancient Theater\" \/><figcaption class=\"figure-caption\">Myra Antik Tiyatrosu<\/figcaption><\/figure>\n<p>Likya d\u00f6neminde in\u015fa edilmi\u015ftir. MS 141 y\u0131l\u0131ndaki depremde y\u0131k\u0131lan tiyatro, Roma d\u00f6neminde onar\u0131lm\u0131\u015ft\u0131r. Tiyatro g\u00fcn\u00fcm\u00fcze kadar sa\u011flam kalm\u0131\u015ft\u0131r. Tiyatro sahnesinin ilk iki kat\u0131 halen sa\u011flam durumdad\u0131r.<\/p>\n<p>Roma d\u00f6neminde hem tiyatro hem de arena olarak kullan\u0131lm\u0131\u015f. Tiyatronun kapasitesi 10.000 ki\u015fidir. Birbirini takip eden 35 koltuk s\u0131ras\u0131 vard\u0131r. D\u00f6nemin en g\u00f6rkemli tiyatrolar\u0131ndan biridir.<\/p>\n<h5>Likya Kaya Mezarlar\u0131<\/h5>\n<figure class=\"figure\"><img decoding=\"async\" class=\"figure-img img-fluid rounded lazy\" src=\"https:\/\/www.dailytoursinalanya.com\/Content\/images\/userfiles\/images\/demre\/lycian-rock-tomb-in-demre.webp\" alt=\"Lycian Rock Tombs\" \/><figcaption class=\"figure-caption\">Likya Kaya Mezarlar\u0131<\/figcaption><\/figure>\n<p>Likya uygarl\u0131\u011f\u0131 di\u011fer uygarl\u0131klara g\u00f6re izole bir ya\u015fam s\u00fcrm\u00fc\u015ft\u00fcr. \u00d6zg\u00fcrl\u00fck ve ba\u011f\u0131ms\u0131zl\u0131k konusunda \u00e7ok duyarl\u0131yd\u0131lar. Her zaman i\u015fgallere kar\u015f\u0131 m\u00fccadele ettiler. Kendi dillerini ve kendi paralar\u0131n\u0131 kullan\u0131yorlar. \u00d6yle ki Roma \u0130mparatorlu\u011fu&#039;nun Anadolu&#039;da korumas\u0131 alt\u0131na ald\u0131\u011f\u0131 son devlettir.<\/p>\n<p>Likya d\u00f6neminde insanlar \u00f6l\u00fcmden sonraki hayata inan\u0131yorlard\u0131. \u00d6len ki\u015finin mezar\u0131na, \u00f6ld\u00fckten sonra kullan\u0131lmak \u00fczere \u00e7e\u015fitli e\u015fyalar ve de\u011ferli hediyeler b\u0131rak\u0131l\u0131rd\u0131. \u00d6len ki\u015finin g\u00fcc\u00fcn\u00fc \u00f6b\u00fcr d\u00fcnyaya ta\u015f\u0131mak i\u00e7in mezarlar\u0131 heybetli ve g\u00f6steri\u015fli in\u015fa edilmi\u015ftir.<\/p>\n<p>Demre&#039;nin jeolojik yap\u0131s\u0131 kayalar\u0131n kolayl\u0131kla i\u015flenebilmesine olanak sa\u011flayan yumu\u015fak kire\u00e7ta\u015flar\u0131ndan olu\u015fmaktad\u0131r. Likya kaya mezarlar\u0131nda ta\u015f i\u015f\u00e7ili\u011fi kalitesi olduk\u00e7a ileri d\u00fczeydedir. Mezar mimarileri iki s\u00fctun formu ve onun \u00fczerindeki ar\u015fitrav ve \u00fc\u00e7gen al\u0131nl\u0131ktan olu\u015fmaktad\u0131r. Mezar kabartmalar\u0131nda mitolojik fig\u00fcrler bulunmaktad\u0131r. Bir\u00e7ok mezarda Bellerophon, Chimaira ve Pegasos gibi fig\u00fcrler tasvir edilmi\u015ftir.<\/p>\n<h5>Kekova Adas\u0131 Tekne Turu<\/h5>\n<figure class=\"figure\"><img decoding=\"async\" class=\"figure-img img-fluid rounded lazy\" src=\"https:\/\/www.dailytoursinalanya.com\/Content\/images\/userfiles\/images\/demre\/kekova-boat-tour.webp\" alt=\"Kekova seaport entrance\" \/><figcaption class=\"figure-caption\">Kekova liman giri\u015fi<\/figcaption><\/figure>\n<p>T\u00fcrkiye&#039;nin en b\u00fcy\u00fck \u0131ss\u0131z adas\u0131d\u0131r. Adada Helenistik d\u00f6neme ait kal\u0131nt\u0131lar bulunmaktad\u0131r. Depremde \u00e7ok say\u0131da bina y\u0131k\u0131ld\u0131. Dolichiste antik kenti bu adadad\u0131r. Adadaki antik Bizans kilisesi ve tersane koyu hala sa\u011flamd\u0131r. Ge\u00e7mi\u015fte tersane koyundaki limanda gemilerin in\u015fa edildi\u011fi san\u0131l\u0131yor.<\/p>\n<p>Adan\u0131n do\u011fas\u0131, manzaras\u0131 ve tarihi eserleri Kekova adas\u0131n\u0131 g\u00f6r\u00fclmeye de\u011fer k\u0131lmaktad\u0131r. Adada \u00e7ok say\u0131da restoran ve butik otel bulunmaktad\u0131r.<\/p>\n<h5>Tekneyle Kekova Bat\u0131k \u015eehir(Dolichiste) Gezisi<\/h5>\n<figure class=\"figure\"><img decoding=\"async\" class=\"figure-img img-fluid rounded lazy\" src=\"https:\/\/www.dailytoursinalanya.com\/Content\/images\/userfiles\/images\/demre\/kekova-sunken-city.webp\" alt=\"Underwater in the sunken city\" \/><figcaption class=\"figure-caption\">Bat\u0131k \u015fehirde sular alt\u0131nda<\/figcaption><\/figure>\n<p>Kekova adas\u0131 ile kara aras\u0131ndaki g\u00f6\u00e7\u00fck MS 2. y\u00fczy\u0131lda meydana gelen depremden kaynaklanm\u0131\u015ft\u0131r. Deprem nedeniyle kara oldu\u011fu gibi al\u00e7alm\u0131\u015ft\u0131r. Deprem arazinin aniden \u00e7\u00f6kmesine neden oldu. Bu y\u00fczden yap\u0131lar sa\u011flam kald\u0131.<\/p>\n<p>Adan\u0131n bat\u0131s\u0131nda ise su alt\u0131nda kalan d\u00fckkanlar hala sa\u011flam durumda. Ayr\u0131ca tekneden su alt\u0131ndaki bir\u00e7ok lahit g\u00f6r\u00fclebilmektedir.<\/p>\n<p>Bat\u0131k \u015fehrin baz\u0131 yerlerinde \u015fnorkel yapabilirsiniz.<\/p>\n<h5>Aziz Nicholas Kilisesi (Noel Baba)<\/h5>\n<figure class=\"figure\"><img decoding=\"async\" class=\"figure-img img-fluid rounded lazy\" src=\"https:\/\/www.dailytoursinalanya.com\/Content\/images\/userfiles\/images\/demre\/saint-nicholas-church-demre.webp\" alt=\"St. Nicholas church murals\" \/><figcaption class=\"figure-caption\">Aziz Nicholas Kilisesi duvar resimleri<\/figcaption><\/figure>\n<p>Aziz Nicholas MS 4. y\u00fczy\u0131lda Roma d\u00f6neminde Demre&#039;de ya\u015fam\u0131\u015ft\u0131r. Erken H\u0131ristiyanl\u0131k d\u00f6neminin ilk piskoposlar\u0131ndan biridir. Ortodoks kilisesinin en \u00f6nemli isimlerinden biridir. Aziz Nikolas&#039;\u0131n \u00e7e\u015fitli mucizeler ger\u00e7ekle\u015ftirmesi nedeniyle kendisine &quot;harikalar yaratan&quot; lakab\u0131 verilmi\u015ftir.<\/p>\n<p>Hayat\u0131 boyunca fakirlere ve masumlara yard\u0131m etti. \u00c7ocuklar\u0131 korudu ve denizcileri kurtard\u0131. Bilim adamlar\u0131yla ilgilendi ve onlar\u0131n koruyucusu olarak hareket etti. Gelece\u011fe dair bilgiler verir ve kay\u0131p e\u015fyalar\u0131 bulur. Mucizevi yard\u0131m\u0131ndan dolay\u0131 1823&#039;ten beri Noel Baba olarak \u00fcnl\u00fcd\u00fcr.<\/p>\n<p>\u00d6l\u00fcm\u00fcnden yakla\u015f\u0131k 200 y\u0131l sonra Aziz Nikolaos Kilisesi II. Theodosius taraf\u0131ndan yapt\u0131r\u0131lm\u0131\u015ft\u0131r. Kilisenin duvarlar\u0131nda Aziz Nikolaos&#039;un ger\u00e7ekle\u015ftirdi\u011fi d\u00fc\u015f\u00fcn\u00fclen mucizeler resmedilmi\u015ftir.<\/p>\n<p>Bu kilise, ge\u00e7mi\u015fte Aziz Nicholas&#039;\u0131n piskopos oldu\u011fu kilisenin \u00fczerine in\u015fa edilmi\u015ftir. Eski kilisedeki de\u011ferli e\u015fyalar lahitlere ta\u015f\u0131nd\u0131.<\/p>\n<h6>Aziz Nicholas&#039;a neden Noel Baba deniyor?<\/h6>\n<figure class=\"figure\"><img decoding=\"async\" class=\"figure-img img-fluid rounded lazy\" src=\"https:\/\/www.dailytoursinalanya.com\/Content\/images\/userfiles\/images\/demre\/differnece-between-santa.clause-and-saint-nicholas.webp\" alt=\"The difference between St. Nicholas and Santa Claus\" \/><figcaption class=\"figure-caption\">Aziz Nicholas ve Noel Baba aras\u0131ndaki fark<\/figcaption><\/figure>\n<p>Aziz Nicholas&#039;\u0131n hikayeleri y\u00fczy\u0131llard\u0131r aktar\u0131l\u0131yor. Bu hik\u00e2yelerden en bilineni, Aziz Nicholas&#039;\u0131n yoksullara ve \u00e7ocuklara torbalar dolusu bozuk para da\u011f\u0131tmas\u0131d\u0131r. Evlerin bacalar\u0131na torbalar dolusu bozuk para ve \u00e7e\u015fitli hediyeler b\u0131rak\u0131rd\u0131. Daha sonraki y\u0131llarda bunu gelenek haline getirerek her y\u0131l tekrarlamaya ba\u015flad\u0131.<\/p>\n<p>Noel Baba ismi ilk kez 1931 y\u0131l\u0131nda Amerika&#039;da \u201cK\u0131\u015f G\u00fcn\u00fc\u201d kutlamalar\u0131na sponsor olan Coca-Cola \u015firketinin St. Nicholas&#039;\u0131 \u201cNoel Baba\u201d olarak adland\u0131rmas\u0131yla an\u0131lm\u0131\u015ft\u0131r. Reklam kampanyas\u0131nda St. Nicholas&#039;\u0131n Coca-Cola&#039;n\u0131n mucidi oldu\u011fu s\u00f6yleniyordu. Coca-Cola&#039;n\u0131n k\u00fcresel bir marka olmas\u0131, t\u00fcm d\u00fcnyan\u0131n Aziz Nicholas&#039;\u0131 Noel Baba olarak tan\u0131mas\u0131n\u0131 sa\u011flam\u0131\u015ft\u0131r.<\/p>\n<p>Ger\u00e7ekte Aziz Nicholas ciddi g\u00f6r\u00fcn\u00fc\u015fl\u00fc ve dindar bir dindard\u0131r. Coca-Cola&#039;n\u0131n k\u0131rm\u0131z\u0131 kurumsal renkleri nedeniyle k\u0131rm\u0131z\u0131 k\u0131yafetle tasvir edilmi\u015ftir. Ayr\u0131ca insanlar\u0131n daha sevimli ve babacan g\u00f6r\u00fcnmesi i\u00e7in g\u00fcl\u00fcmseyen ve kilolu olarak tasvir edilmi\u015ftir.<\/p>\n<p>Ayr\u0131ca Aziz Nicholas&#039;\u0131n ya\u015fad\u0131\u011f\u0131 yerde hi\u00e7 kar ya\u011fmazd\u0131 ve o asla ren geyi\u011fi k\u0131za\u011f\u0131na binmezdi.<\/p>\n<h4>Myra Antik Kenti Tarihi<\/h4>\n<p>Myra antik bir Likya kentidir. Likya birli\u011finin en b\u00fcy\u00fck metropollerinden biriydi.<\/p>\n<p>Arkeolojik kaz\u0131larda bulunan sikkeler ve yaz\u0131tlar, kentin M.\u00d6. 5. y\u00fczy\u0131lda var oldu\u011funu g\u00f6stermektedir. Likyal\u0131 zenginler \u015fehrin \u00e7evresine pek \u00e7ok yap\u0131 yapt\u0131rm\u0131\u015ft\u0131. 2. y\u00fczy\u0131ldan sonra kentin \u00f6nemi daha da artm\u0131\u015f ve Likya&#039;n\u0131n ba\u015fkenti olmu\u015ftur.<\/p>\n<p>Daha sonraki y\u0131llarda \u015fehir Roma \u0130mparatorlu\u011fu&#039;nun himayesine ge\u00e7mi\u015ftir. Likya d\u00f6neminde siyasi ve ticari a\u00e7\u0131dan g\u00fc\u00e7l\u00fc olan bu kent, Roma d\u00f6neminde daha \u00e7ok dini rit\u00fceller i\u00e7in kullan\u0131lm\u0131\u015ft\u0131r. Sel ve depremlerden zarar g\u00f6ren \u015fehir yap\u0131lar\u0131 ve antik tiyatrolar Romal\u0131lar taraf\u0131ndan onar\u0131lm\u0131\u015ft\u0131r. Ayr\u0131ca Aziz Nikolaos&#039;un \u00f6l\u00fcm\u00fcnden sonra onun i\u00e7in \u015fehirde b\u00fcy\u00fck bir kilise in\u015fa edildi.<\/p>\n<\/div>","protected":false},"excerpt":{"rendered":"<p>Alanya&#039;dan Demre Kekova Myra Turu Hakk\u0131nda Genel Bilgi Demre Myra ve Kekova turu, Alanya&#039;da kat\u0131labilece\u011finiz en s\u0131ra d\u0131\u015f\u0131 k\u00fclt\u00fcr turlar\u0131ndan biridir. Tur kapsam\u0131nda kekova bat\u0131k \u015fehrini, \u00fcnl\u00fc Likya kaya mezarlar\u0131n\u0131, Myra antik kentini, Myra antik tiyatrosunu ve Aziz Nikolaos kilisesini ziyaret edeceksiniz.<\/p>","protected":false},"featured_media":9694,"comment_status":"open","ping_status":"closed","template":"","meta":{"_monsterinsights_skip_tracking":false,"_monsterinsights_sitenote_active":false,"_monsterinsights_sitenote_note":"","_monsterinsights_sitenote_category":0},"product_cat":[87],"product_tag":[],"class_list":{"0":"post-9692","1":"product","2":"type-product","3":"status-publish","4":"has-post-thumbnail","6":"product_cat-demre-kekova-myra-tour-from-alanya","8":"first","9":"instock","10":"sale","11":"shipping-taxable","12":"purchasable","13":"product-type-ovabrw_car_rental"},"aioseo_notices":[],"_links":{"self":[{"href":"https:\/\/berfintour.com\/tr\/wp-json\/wp\/v2\/product\/9692","targetHints":{"allow":["GET"]}}],"collection":[{"href":"https:\/\/berfintour.com\/tr\/wp-json\/wp\/v2\/product"}],"about":[{"href":"https:\/\/berfintour.com\/tr\/wp-json\/wp\/v2\/types\/product"}],"replies":[{"embeddable":true,"href":"https:\/\/berfintour.com\/tr\/wp-json\/wp\/v2\/comments?post=9692"}],"wp:featuredmedia":[{"embeddable":true,"href":"https:\/\/berfintour.com\/tr\/wp-json\/wp\/v2\/media\/9694"}],"wp:attachment":[{"href":"https:\/\/berfintour.com\/tr\/wp-json\/wp\/v2\/media?parent=9692"}],"wp:term":[{"taxonomy":"product_cat","embeddable":true,"href":"https:\/\/berfintour.com\/tr\/wp-json\/wp\/v2\/product_cat?post=9692"},{"taxonomy":"product_tag","embeddable":true,"href":"https:\/\/berfintour.com\/tr\/wp-json\/wp\/v2\/product_tag?post=9692"}],"curies":[{"name":"wp","href":"https:\/\/api.w.org\/{rel}","templated":true}]}}