{"id":9686,"date":"2024-01-13T22:41:29","date_gmt":"2024-01-13T19:41:29","guid":{"rendered":"https:\/\/berfintour.com\/?post_type=product&#038;p=9686"},"modified":"2025-01-20T19:25:28","modified_gmt":"2025-01-20T16:25:28","slug":"alanya-all-inclusive-boat-tour","status":"publish","type":"product","link":"https:\/\/berfintour.com\/tr\/urun\/alanya-all-inclusive-boat-tour\/","title":{"rendered":"Alanya Her\u015fey Dahil Tekne Turu"},"content":{"rendered":"<div class=\"header-ul\">\n<h3>Alanya Her \u015eey Dahil Tekne Turu Deneyimleri<\/h3>\n<\/div>\n<div class=\"content-text tour-experiences\">\n<ul>\n<li>Alanya tekne turunu her \u015fey dahil ve kaliteli bir tekne ile ya\u015fayacaks\u0131n\u0131z.<\/li>\n<li>Denizden Alanya&#039;n\u0131n sil\u00fcetini, Alanya Kalesi&#039;ni ve K\u0131z\u0131l Kule&#039;yi g\u00f6rebileceksiniz.<\/li>\n<li>Alanya Kalesi yar\u0131madas\u0131n\u0131n \u00e7evresindeki ma\u011faralar ziyaret edilecek<\/li>\n<li>Alanya&#039;n\u0131n en g\u00fczel koylar\u0131n\u0131 g\u00f6rebileceksiniz.<\/li>\n<li>G\u00fcn boyu devam eden mini club e\u011flencesi ile \u00e7ocuklar\u0131n\u0131z hi\u00e7 s\u0131k\u0131lmayacak. Yeni arkada\u015flar edinecek.<\/li>\n<li>Ate\u015f g\u00f6sterileri, animasyonlar, k\u00f6p\u00fck partisi ve \u00e7e\u015fitli oyun ve yar\u0131\u015fmalara kat\u0131labilece\u011finiz e\u011flenceli bir tekne turu ger\u00e7ekle\u015ftireceksiniz.<\/li>\n<\/ul>\n<\/div>\n<div class=\"header-ul\">\n<h3>Alanya Her \u015eey Dahil Tekne Turu Program\u0131<\/h3>\n<\/div>\n<div class=\"content-text\">\n<ul>\n<li>Sabah 09:30 civar\u0131nda otelinizden veya adresinizden al\u0131nacaks\u0131n\u0131z.<\/li>\n<li>Saat 09:50&#039;de Alanya Kalei\u00e7i liman\u0131na varacaks\u0131n\u0131z.<\/li>\n<li>Animat\u00f6rlerimiz tekne giri\u015finde \u00e7ocuklar\u0131n\u0131z\u0131 s\u00fcrprizlerle kar\u015f\u0131l\u0131yor.<\/li>\n<li>Saat 10:00&#039;da tekne limandan ayr\u0131l\u0131r ve her \u015fey dahil alanya tekne turu ba\u015flar.<\/li>\n<li>Tekne ilk y\u00fczme molas\u0131n\u0131 tarihi tersanenin \u00f6n\u00fcnde veriyor.<\/li>\n<li>Burada Alanya Kalesi ve K\u0131z\u0131lkule&#039;nin manzaras\u0131 muhte\u015femdir. Foto\u011fraflar\u0131n bir k\u0131sm\u0131 burada \u00e7ekildi.<\/li>\n<li>\u00c7ocuklar\u0131n\u0131z i\u00e7in \u00fccretsiz y\u00fcz boyama etkinli\u011fi ba\u015fl\u0131yor. K\u0131sa s\u00fcrede korsan g\u00f6r\u00fcn\u00fcml\u00fc \u00e7ocuklar tekneyi ele ge\u00e7irir \ud83d\ude42<\/li>\n<li>Tekne, kalenin etraf\u0131n\u0131 gezmek i\u00e7in tersaneden ayr\u0131l\u0131r.<\/li>\n<li>Korsan ma\u011faras\u0131 ziyaret ediliyor.<\/li>\n<li>Fosfor ma\u011faras\u0131 ziyaret edildi.<\/li>\n<li>A\u015f\u0131klar ma\u011faras\u0131na git. Burada animat\u00f6rlerimiz do\u011fal t\u00fcnellerden ge\u00e7erek da\u011f yama\u00e7lar\u0131na t\u0131rman\u0131yor ve atlama g\u00f6sterisi yap\u0131yor.<\/li>\n<li>Do\u011fal akvaryuma gidin. Bal\u0131klar burada beslenir.<\/li>\n<li>Y\u00fcz boyama etkinli\u011finin ard\u0131ndan \u00e7ocuk animasyon g\u00f6sterileri ba\u015fl\u0131yor. \u00c7ocuklarla \u00e7e\u015fitli oyunlar oynan\u0131r. Yar\u0131\u015fmalar yap\u0131l\u0131yor. Mini kul\u00fcp tekne turu boyunca devam etmektedir.<\/li>\n<li>Tekne Kleopatra a\u00e7\u0131klar\u0131na demir at\u0131yor. i\u015fte ikinci y\u00fczme molas\u0131. Dileyenler burada su sporlar\u0131 aktivitelerine kat\u0131labilirler.<\/li>\n<li>\u0130kinci y\u00fczme molas\u0131n\u0131n ard\u0131ndan tekne Ula\u015f Koyu&#039;ndaki marinaya hareket ediyor. \u00d6\u011fle yeme\u011fi servisi burada ba\u015fl\u0131yor.<\/li>\n<li>\u00d6\u011fle yeme\u011finin ard\u0131ndan \u00fc\u00e7\u00fcnc\u00fc y\u00fczme molas\u0131 bu koyda verilmektedir.<\/li>\n<li>K\u00f6p\u00fck partisi profesyonel DJ ile ba\u015flar. Dans g\u00f6sterileri yap\u0131l\u0131yor.<\/li>\n<li>Animat\u00f6rlerin ate\u015f g\u00f6sterileri izleniyor.<\/li>\n<li>D\u00f6rd\u00fcnc\u00fc y\u00fczme molas\u0131 verilir. Bu molan\u0131n ard\u0131ndan tekne Alanya liman\u0131na do\u011fru hareket eder.<\/li>\n<li>Saat 15:00&#039;te Alanya liman\u0131na var\u0131\u015f.<\/li>\n<li>Servis ara\u00e7lar\u0131 tekne \u00e7\u0131k\u0131\u015f\u0131nda sizi kar\u015f\u0131l\u0131yor.<\/li>\n<li>Tur, otelinize veya kald\u0131\u011f\u0131n\u0131z adrese b\u0131rak\u0131larak sona erer.<\/li>\n<\/ul>\n<\/div>","protected":false},"excerpt":{"rendered":"<p>Alanya Her \u015eey Dahil Tekne Turu Deneyimleri Her \u015fey dahil ve kaliteli bir tekne ile Alanya tekne turunu ya\u015fayacaks\u0131n\u0131z. Denizden Alanya&#039;n\u0131n siluetini, Alanya Kalesi&#039;ni ve K\u0131z\u0131l Kule&#039;yi g\u00f6rebileceksiniz. Alanya Kalesi yar\u0131madas\u0131n\u0131n \u00e7evresindeki ma\u011faralar ziyaret edilecek, [\u2026]<\/p>","protected":false},"featured_media":9689,"comment_status":"open","ping_status":"closed","template":"","meta":{"_monsterinsights_skip_tracking":false,"_monsterinsights_sitenote_active":false,"_monsterinsights_sitenote_note":"","_monsterinsights_sitenote_category":0},"product_cat":[66],"product_tag":[],"class_list":{"0":"post-9686","1":"product","2":"type-product","3":"status-publish","4":"has-post-thumbnail","6":"product_cat-tekne-turlari","8":"first","9":"instock","10":"sale","11":"shipping-taxable","12":"purchasable","13":"product-type-ovabrw_car_rental"},"aioseo_notices":[],"_links":{"self":[{"href":"https:\/\/berfintour.com\/tr\/wp-json\/wp\/v2\/product\/9686","targetHints":{"allow":["GET"]}}],"collection":[{"href":"https:\/\/berfintour.com\/tr\/wp-json\/wp\/v2\/product"}],"about":[{"href":"https:\/\/berfintour.com\/tr\/wp-json\/wp\/v2\/types\/product"}],"replies":[{"embeddable":true,"href":"https:\/\/berfintour.com\/tr\/wp-json\/wp\/v2\/comments?post=9686"}],"wp:featuredmedia":[{"embeddable":true,"href":"https:\/\/berfintour.com\/tr\/wp-json\/wp\/v2\/media\/9689"}],"wp:attachment":[{"href":"https:\/\/berfintour.com\/tr\/wp-json\/wp\/v2\/media?parent=9686"}],"wp:term":[{"taxonomy":"product_cat","embeddable":true,"href":"https:\/\/berfintour.com\/tr\/wp-json\/wp\/v2\/product_cat?post=9686"},{"taxonomy":"product_tag","embeddable":true,"href":"https:\/\/berfintour.com\/tr\/wp-json\/wp\/v2\/product_tag?post=9686"}],"curies":[{"name":"wp","href":"https:\/\/api.w.org\/{rel}","templated":true}]}}