{"id":9876,"date":"2024-01-19T01:09:36","date_gmt":"2024-01-18T22:09:36","guid":{"rendered":"https:\/\/berfintour.com\/?page_id=9876"},"modified":"2024-01-19T01:18:21","modified_gmt":"2024-01-18T22:18:21","slug":"rent-a-car","status":"publish","type":"page","link":"https:\/\/berfintour.com\/tr\/rent-a-car\/","title":{"rendered":"Araba kiralamak"},"content":{"rendered":"<div data-elementor-type=\"wp-page\" data-elementor-id=\"9876\" class=\"elementor elementor-9876\">\n\t\t\t\t\t\t\t\t\t<section class=\"elementor-section elementor-top-section elementor-element elementor-element-080f28a elementor-section-full_width elementor-section-height-default elementor-section-height-default\" data-id=\"080f28a\" data-element_type=\"section\">\n\t\t\t\t\t\t\t<div class=\"elementor-background-overlay\"><\/div>\n\t\t\t\t\t\t\t<div class=\"elementor-container elementor-column-gap-default\">\n\t\t\t\t\t<div class=\"elementor-column elementor-col-100 elementor-top-column elementor-element elementor-element-47df79a\" data-id=\"47df79a\" data-element_type=\"column\">\n\t\t\t<div class=\"elementor-widget-wrap elementor-element-populated\">\n\t\t\t\t\t\t\t\t<div class=\"elementor-element elementor-element-896fa98 elementor-widget elementor-widget-tripgo_elementor_heading\" data-id=\"896fa98\" data-element_type=\"widget\" data-settings=\"{&quot;_animation&quot;:&quot;none&quot;}\" data-widget_type=\"tripgo_elementor_heading.default\">\n\t\t\t\t<div class=\"elementor-widget-container\">\n\t\t\t\t\t<div class=\"ova-title\">\n\n\t\t\t\n\t\t\t\t\t\t\t\n\t\t\t\t\t<h2 class=\"title\">Araba kiralamak<\/h2>\n\t\t\t\t\t\t\t\n\t\t\t\n\t\t<\/div> \n\t\t \t\n\t\t\t\t<\/div>\n\t\t\t\t<\/div>\n\t\t\t\t\t<\/div>\n\t\t<\/div>\n\t\t\t\t\t\t\t<\/div>\n\t\t<\/section>\n\t\t<div class=\"elementor-element elementor-element-0900aaa e-flex e-con-boxed e-con e-parent\" data-id=\"0900aaa\" data-element_type=\"container\" data-settings=\"{&quot;content_width&quot;:&quot;boxed&quot;}\" data-core-v316-plus=\"true\">\n\t\t\t\t\t<div class=\"e-con-inner\">\n\t\t<div class=\"elementor-element elementor-element-915680f e-con-full e-flex e-con e-child\" data-id=\"915680f\" data-element_type=\"container\" data-settings=\"{&quot;content_width&quot;:&quot;full&quot;}\">\n\t\t\t\t<div class=\"elementor-element elementor-element-78e2709 elementor-widget elementor-widget-image\" data-id=\"78e2709\" data-element_type=\"widget\" data-widget_type=\"image.default\">\n\t\t\t\t<div class=\"elementor-widget-container\">\n\t\t\t<style>\/*! elementor - v3.18.0 - 20-12-2023 *\/\n.elementor-widget-image{text-align:center}.elementor-widget-image a{display:inline-block}.elementor-widget-image a img[src$=\".svg\"]{width:48px}.elementor-widget-image img{vertical-align:middle;display:inline-block}<\/style>\t\t\t\t\t\t\t\t\t\t\t\t\t<a href=\"https:\/\/berfintour.com\/tr\/rent\/fiat-egea\/\">\n\t\t\t\t\t\t\t<img fetchpriority=\"high\" decoding=\"async\" width=\"800\" height=\"800\" src=\"https:\/\/berfintour.com\/wp-content\/uploads\/2024\/01\/3-20.png\" class=\"attachment-large size-large wp-image-9839\" alt=\"\" srcset=\"https:\/\/berfintour.com\/wp-content\/uploads\/2024\/01\/3-20.png 1024w, https:\/\/berfintour.com\/wp-content\/uploads\/2024\/01\/3-20-300x300.png 300w, https:\/\/berfintour.com\/wp-content\/uploads\/2024\/01\/3-20-150x150.png 150w, https:\/\/berfintour.com\/wp-content\/uploads\/2024\/01\/3-20-768x768.png 768w, https:\/\/berfintour.com\/wp-content\/uploads\/2024\/01\/3-20-12x12.png 12w, https:\/\/berfintour.com\/wp-content\/uploads\/2024\/01\/3-20-636x636.png 636w, https:\/\/berfintour.com\/wp-content\/uploads\/2024\/01\/3-20-306x306.png 306w, https:\/\/berfintour.com\/wp-content\/uploads\/2024\/01\/3-20-600x600.png 600w, https:\/\/berfintour.com\/wp-content\/uploads\/2024\/01\/3-20-100x100.png 100w\" sizes=\"(max-width: 800px) 100vw, 800px\" \/>\t\t\t\t\t\t\t\t<\/a>\n\t\t\t\t\t\t\t\t\t\t\t\t\t\t\t<\/div>\n\t\t\t\t<\/div>\n\t\t\t\t<div class=\"elementor-element elementor-element-51d2471 elementor-widget elementor-widget-text-editor\" data-id=\"51d2471\" data-element_type=\"widget\" data-widget_type=\"text-editor.default\">\n\t\t\t\t<div class=\"elementor-widget-container\">\n\t\t\t<style>\/*! elementor - v3.18.0 - 20-12-2023 *\/\n.elementor-widget-text-editor.elementor-drop-cap-view-stacked .elementor-drop-cap{background-color:#69727d;color:#fff}.elementor-widget-text-editor.elementor-drop-cap-view-framed .elementor-drop-cap{color:#69727d;border:3px solid;background-color:transparent}.elementor-widget-text-editor:not(.elementor-drop-cap-view-default) .elementor-drop-cap{margin-top:8px}.elementor-widget-text-editor:not(.elementor-drop-cap-view-default) .elementor-drop-cap-letter{width:1em;height:1em}.elementor-widget-text-editor .elementor-drop-cap{float:left;text-align:center;line-height:1;font-size:50px}.elementor-widget-text-editor .elementor-drop-cap-letter{display:inline-block}<\/style>\t\t\t\t<p><a href=\"https:\/\/berfintour.com\/tr\/rent\/fiat-egea\/\">Fiat EGEA<\/a><\/p>\t\t\t\t\t\t<\/div>\n\t\t\t\t<\/div>\n\t\t\t\t<\/div>\n\t\t<div class=\"elementor-element elementor-element-3525dbd e-con-full e-flex e-con e-child\" data-id=\"3525dbd\" data-element_type=\"container\" data-settings=\"{&quot;content_width&quot;:&quot;full&quot;}\">\n\t\t\t\t<div class=\"elementor-element elementor-element-73a20c7 elementor-widget elementor-widget-image\" data-id=\"73a20c7\" data-element_type=\"widget\" data-widget_type=\"image.default\">\n\t\t\t\t<div class=\"elementor-widget-container\">\n\t\t\t\t\t\t\t\t\t\t\t\t\t\t\t\t<a href=\"https:\/\/berfintour.com\/tr\/rent\/mercedes-cla\/\">\n\t\t\t\t\t\t\t<img decoding=\"async\" width=\"800\" height=\"800\" src=\"https:\/\/berfintour.com\/wp-content\/uploads\/2024\/01\/4-21.png\" class=\"attachment-large size-large wp-image-9883\" alt=\"\" srcset=\"https:\/\/berfintour.com\/wp-content\/uploads\/2024\/01\/4-21.png 1024w, https:\/\/berfintour.com\/wp-content\/uploads\/2024\/01\/4-21-300x300.png 300w, https:\/\/berfintour.com\/wp-content\/uploads\/2024\/01\/4-21-150x150.png 150w, https:\/\/berfintour.com\/wp-content\/uploads\/2024\/01\/4-21-768x768.png 768w, https:\/\/berfintour.com\/wp-content\/uploads\/2024\/01\/4-21-12x12.png 12w, https:\/\/berfintour.com\/wp-content\/uploads\/2024\/01\/4-21-636x636.png 636w, https:\/\/berfintour.com\/wp-content\/uploads\/2024\/01\/4-21-306x306.png 306w, https:\/\/berfintour.com\/wp-content\/uploads\/2024\/01\/4-21-600x600.png 600w, https:\/\/berfintour.com\/wp-content\/uploads\/2024\/01\/4-21-100x100.png 100w\" sizes=\"(max-width: 800px) 100vw, 800px\" \/>\t\t\t\t\t\t\t\t<\/a>\n\t\t\t\t\t\t\t\t\t\t\t\t\t\t\t<\/div>\n\t\t\t\t<\/div>\n\t\t\t\t<div class=\"elementor-element elementor-element-05fa588 elementor-widget elementor-widget-text-editor\" data-id=\"05fa588\" data-element_type=\"widget\" data-widget_type=\"text-editor.default\">\n\t\t\t\t<div class=\"elementor-widget-container\">\n\t\t\t\t\t\t\t<p><a href=\"https:\/\/berfintour.com\/tr\/rent\/mercedes-cla\/\">Mercedes CLA<\/a><\/p>\t\t\t\t\t\t<\/div>\n\t\t\t\t<\/div>\n\t\t\t\t<\/div>\n\t\t<div class=\"elementor-element elementor-element-d6a3c97 e-con-full e-flex e-con e-child\" data-id=\"d6a3c97\" data-element_type=\"container\" data-settings=\"{&quot;content_width&quot;:&quot;full&quot;}\">\n\t\t\t\t<div class=\"elementor-element elementor-element-ff999e2 elementor-widget elementor-widget-image\" data-id=\"ff999e2\" data-element_type=\"widget\" data-widget_type=\"image.default\">\n\t\t\t\t<div class=\"elementor-widget-container\">\n\t\t\t\t\t\t\t\t\t\t\t\t\t\t\t\t<a href=\"https:\/\/berfintour.com\/tr\/rent\/n-citroen-c-elysee\/\">\n\t\t\t\t\t\t\t<img decoding=\"async\" width=\"800\" height=\"800\" src=\"https:\/\/berfintour.com\/wp-content\/uploads\/2024\/01\/1-22.png\" class=\"attachment-large size-large wp-image-9880\" alt=\"\" srcset=\"https:\/\/berfintour.com\/wp-content\/uploads\/2024\/01\/1-22.png 1024w, https:\/\/berfintour.com\/wp-content\/uploads\/2024\/01\/1-22-300x300.png 300w, https:\/\/berfintour.com\/wp-content\/uploads\/2024\/01\/1-22-150x150.png 150w, https:\/\/berfintour.com\/wp-content\/uploads\/2024\/01\/1-22-768x768.png 768w, https:\/\/berfintour.com\/wp-content\/uploads\/2024\/01\/1-22-12x12.png 12w, https:\/\/berfintour.com\/wp-content\/uploads\/2024\/01\/1-22-636x636.png 636w, https:\/\/berfintour.com\/wp-content\/uploads\/2024\/01\/1-22-306x306.png 306w, https:\/\/berfintour.com\/wp-content\/uploads\/2024\/01\/1-22-600x600.png 600w, https:\/\/berfintour.com\/wp-content\/uploads\/2024\/01\/1-22-100x100.png 100w\" sizes=\"(max-width: 800px) 100vw, 800px\" \/>\t\t\t\t\t\t\t\t<\/a>\n\t\t\t\t\t\t\t\t\t\t\t\t\t\t\t<\/div>\n\t\t\t\t<\/div>\n\t\t\t\t<div class=\"elementor-element elementor-element-a69e951 elementor-widget elementor-widget-text-editor\" data-id=\"a69e951\" data-element_type=\"widget\" data-widget_type=\"text-editor.default\">\n\t\t\t\t<div class=\"elementor-widget-container\">\n\t\t\t\t\t\t\t<p><a href=\"https:\/\/berfintour.com\/tr\/rent\/n-citroen-c-elysee\/\">N Citroen C Elysee<\/a><\/p>\t\t\t\t\t\t<\/div>\n\t\t\t\t<\/div>\n\t\t\t\t<\/div>\n\t\t\t\t\t<\/div>\n\t\t\t\t<\/div>\n\t\t<div class=\"elementor-element elementor-element-958ceaa e-flex e-con-boxed e-con e-parent\" data-id=\"958ceaa\" data-element_type=\"container\" data-settings=\"{&quot;content_width&quot;:&quot;boxed&quot;}\" data-core-v316-plus=\"true\">\n\t\t\t\t\t<div class=\"e-con-inner\">\n\t\t<div class=\"elementor-element elementor-element-24de92f e-con-full e-flex e-con e-child\" data-id=\"24de92f\" data-element_type=\"container\" data-settings=\"{&quot;content_width&quot;:&quot;full&quot;}\">\n\t\t\t\t<div class=\"elementor-element elementor-element-887d707 elementor-widget elementor-widget-image\" data-id=\"887d707\" data-element_type=\"widget\" data-widget_type=\"image.default\">\n\t\t\t\t<div class=\"elementor-widget-container\">\n\t\t\t\t\t\t\t\t\t\t\t\t\t\t\t\t<a href=\"https:\/\/berfintour.com\/tr\/rent\/fiat-egea\/\">\n\t\t\t\t\t\t\t<img loading=\"lazy\" decoding=\"async\" width=\"800\" height=\"800\" src=\"https:\/\/berfintour.com\/wp-content\/uploads\/2024\/01\/2-22.png\" class=\"attachment-large size-large wp-image-9881\" alt=\"\" srcset=\"https:\/\/berfintour.com\/wp-content\/uploads\/2024\/01\/2-22.png 1024w, https:\/\/berfintour.com\/wp-content\/uploads\/2024\/01\/2-22-300x300.png 300w, https:\/\/berfintour.com\/wp-content\/uploads\/2024\/01\/2-22-150x150.png 150w, https:\/\/berfintour.com\/wp-content\/uploads\/2024\/01\/2-22-768x768.png 768w, https:\/\/berfintour.com\/wp-content\/uploads\/2024\/01\/2-22-12x12.png 12w, https:\/\/berfintour.com\/wp-content\/uploads\/2024\/01\/2-22-636x636.png 636w, https:\/\/berfintour.com\/wp-content\/uploads\/2024\/01\/2-22-306x306.png 306w, https:\/\/berfintour.com\/wp-content\/uploads\/2024\/01\/2-22-600x600.png 600w, https:\/\/berfintour.com\/wp-content\/uploads\/2024\/01\/2-22-100x100.png 100w\" sizes=\"(max-width: 800px) 100vw, 800px\" \/>\t\t\t\t\t\t\t\t<\/a>\n\t\t\t\t\t\t\t\t\t\t\t\t\t\t\t<\/div>\n\t\t\t\t<\/div>\n\t\t\t\t<div class=\"elementor-element elementor-element-6ff7418 elementor-widget elementor-widget-text-editor\" data-id=\"6ff7418\" data-element_type=\"widget\" data-widget_type=\"text-editor.default\">\n\t\t\t\t<div class=\"elementor-widget-container\">\n\t\t\t\t\t\t\t<p><a href=\"https:\/\/berfintour.com\/tr\/rent\/mercedes-vito\/\">Mercedes Vito<\/a><\/p>\t\t\t\t\t\t<\/div>\n\t\t\t\t<\/div>\n\t\t\t\t<\/div>\n\t\t<div class=\"elementor-element elementor-element-505a856 e-con-full e-flex e-con e-child\" data-id=\"505a856\" data-element_type=\"container\" data-settings=\"{&quot;content_width&quot;:&quot;full&quot;}\">\n\t\t\t\t<div class=\"elementor-element elementor-element-9cee334 elementor-widget elementor-widget-image\" data-id=\"9cee334\" data-element_type=\"widget\" data-widget_type=\"image.default\">\n\t\t\t\t<div class=\"elementor-widget-container\">\n\t\t\t\t\t\t\t\t\t\t\t\t\t\t\t\t<a href=\"https:\/\/berfintour.com\/tr\/rent\/mercedes-cla\/\">\n\t\t\t\t\t\t\t<img loading=\"lazy\" decoding=\"async\" width=\"800\" height=\"800\" src=\"https:\/\/berfintour.com\/wp-content\/uploads\/2024\/01\/3-22.png\" class=\"attachment-large size-large wp-image-9882\" alt=\"\" srcset=\"https:\/\/berfintour.com\/wp-content\/uploads\/2024\/01\/3-22.png 1024w, https:\/\/berfintour.com\/wp-content\/uploads\/2024\/01\/3-22-300x300.png 300w, https:\/\/berfintour.com\/wp-content\/uploads\/2024\/01\/3-22-150x150.png 150w, https:\/\/berfintour.com\/wp-content\/uploads\/2024\/01\/3-22-768x768.png 768w, https:\/\/berfintour.com\/wp-content\/uploads\/2024\/01\/3-22-12x12.png 12w, https:\/\/berfintour.com\/wp-content\/uploads\/2024\/01\/3-22-636x636.png 636w, https:\/\/berfintour.com\/wp-content\/uploads\/2024\/01\/3-22-306x306.png 306w, https:\/\/berfintour.com\/wp-content\/uploads\/2024\/01\/3-22-600x600.png 600w, https:\/\/berfintour.com\/wp-content\/uploads\/2024\/01\/3-22-100x100.png 100w\" sizes=\"(max-width: 800px) 100vw, 800px\" \/>\t\t\t\t\t\t\t\t<\/a>\n\t\t\t\t\t\t\t\t\t\t\t\t\t\t\t<\/div>\n\t\t\t\t<\/div>\n\t\t\t\t<div class=\"elementor-element elementor-element-c8262c0 elementor-widget elementor-widget-text-editor\" data-id=\"c8262c0\" data-element_type=\"widget\" data-widget_type=\"text-editor.default\">\n\t\t\t\t<div class=\"elementor-widget-container\">\n\t\t\t\t\t\t\t<p><a href=\"https:\/\/berfintour.com\/tr\/rent\/volkswagen-transporter\/\">Volkswagen Ta\u015f\u0131y\u0131c\u0131<\/a><\/p>\t\t\t\t\t\t<\/div>\n\t\t\t\t<\/div>\n\t\t\t\t<\/div>\n\t\t<div class=\"elementor-element elementor-element-36b562c e-con-full e-flex e-con e-child\" data-id=\"36b562c\" data-element_type=\"container\" data-settings=\"{&quot;content_width&quot;:&quot;full&quot;}\">\n\t\t\t\t<\/div>\n\t\t\t\t\t<\/div>\n\t\t\t\t<\/div>\n\t\t\t\t\t\t\t<\/div>","protected":false},"excerpt":{"rendered":"<p>Rent a Car Fiat EGEA Mercedes CLA N Citroen C Elysee Mercedes Vito Volkswagen Transporter<\/p>","protected":false},"author":1,"featured_media":0,"parent":0,"menu_order":0,"comment_status":"closed","ping_status":"closed","template":"elementor_header_footer","meta":{"_monsterinsights_skip_tracking":false,"_monsterinsights_sitenote_active":false,"_monsterinsights_sitenote_note":"","_monsterinsights_sitenote_category":0,"footnotes":""},"class_list":["post-9876","page","type-page","status-publish","hentry"],"aioseo_notices":[],"_links":{"self":[{"href":"https:\/\/berfintour.com\/tr\/wp-json\/wp\/v2\/pages\/9876","targetHints":{"allow":["GET"]}}],"collection":[{"href":"https:\/\/berfintour.com\/tr\/wp-json\/wp\/v2\/pages"}],"about":[{"href":"https:\/\/berfintour.com\/tr\/wp-json\/wp\/v2\/types\/page"}],"author":[{"embeddable":true,"href":"https:\/\/berfintour.com\/tr\/wp-json\/wp\/v2\/users\/1"}],"replies":[{"embeddable":true,"href":"https:\/\/berfintour.com\/tr\/wp-json\/wp\/v2\/comments?post=9876"}],"version-history":[{"count":4,"href":"https:\/\/berfintour.com\/tr\/wp-json\/wp\/v2\/pages\/9876\/revisions"}],"predecessor-version":[{"id":9886,"href":"https:\/\/berfintour.com\/tr\/wp-json\/wp\/v2\/pages\/9876\/revisions\/9886"}],"wp:attachment":[{"href":"https:\/\/berfintour.com\/tr\/wp-json\/wp\/v2\/media?parent=9876"}],"curies":[{"name":"wp","href":"https:\/\/api.w.org\/{rel}","templated":true}]}}