{"id":9491,"date":"2024-01-07T02:11:06","date_gmt":"2024-01-06T23:11:06","guid":{"rendered":"https:\/\/berfintour.com\/?page_id=9491"},"modified":"2024-01-12T04:11:19","modified_gmt":"2024-01-12T01:11:19","slug":"blog-3","status":"publish","type":"page","link":"https:\/\/berfintour.com\/ru\/blog-3\/","title":{"rendered":"\u0411\u043b\u043e\u0433"},"content":{"rendered":"<div data-elementor-type=\"wp-page\" data-elementor-id=\"9491\" class=\"elementor elementor-9491\">\n\t\t\t\t\t\t\t\t\t<section class=\"elementor-section elementor-top-section elementor-element elementor-element-06983b8 elementor-section-boxed elementor-section-height-default elementor-section-height-default\" data-id=\"06983b8\" data-element_type=\"section\">\n\t\t\t\t\t\t<div class=\"elementor-container elementor-column-gap-default\">\n\t\t\t\t\t<div class=\"elementor-column elementor-col-100 elementor-top-column elementor-element elementor-element-eae6236\" data-id=\"eae6236\" data-element_type=\"column\">\n\t\t\t<div class=\"elementor-widget-wrap elementor-element-populated\">\n\t\t\t\t\t\t\t\t<div class=\"elementor-element elementor-element-6bc18f0 elementor-widget elementor-widget-tripgo_elementor_heading\" data-id=\"6bc18f0\" data-element_type=\"widget\" data-widget_type=\"tripgo_elementor_heading.default\">\n\t\t\t\t<div class=\"elementor-widget-container\">\n\t\t\t\t\t<div class=\"ova-title\">\n\n\t\t\t\t\t\t\t<h3 class=\"sub-title\">\u0411\u043b\u043e\u0433<\/h3>\n\t\t\t\n\t\t\t\t\t\t\t\n\t\t\t\t\t<h2 class=\"title\">\u0421\u043e\u0432\u0435\u0442\u044b \u0438 \u0440\u0435\u043a\u043e\u043c\u0435\u043d\u0434\u0430\u0446\u0438\u0438 \u043f\u0443\u0442\u0435\u0448\u0435\u0441\u0442\u0432\u0435\u043d\u043d\u0438\u043a\u0430\u043c<\/h2>\n\t\t\t\t\t\t\t\n\t\t\t\n\t\t<\/div> \n\t\t \t\n\t\t\t\t<\/div>\n\t\t\t\t<\/div>\n\t\t\t\t<div class=\"elementor-element elementor-element-3e81757 elementor-widget elementor-widget-tripgo_elementor_blog_grid\" data-id=\"3e81757\" data-element_type=\"widget\" data-widget_type=\"tripgo_elementor_blog_grid.default\">\n\t\t\t\t<div class=\"elementor-widget-container\">\n\t\t\t\t\t\n\t\t<ul class=\"ova-blog columns3 template1\">\n\t\t\t\t\t\t\t<li class=\"item\">\n\n\t\t\t\t\t\n\t\t\t\t\t    <div class=\"media\">\n\t\t\t\t        \t<a href=\"https:\/\/berfintour.com\/ru\/alanyada-geleneksel-turk-kulturunu-kesfedin\/\" rel=\"bookmark\" title=\"\u041e\u0442\u043a\u0440\u043e\u0439\u0442\u0435 \u0434\u043b\u044f \u0441\u0435\u0431\u044f \u0442\u0440\u0430\u0434\u0438\u0446\u0438\u043e\u043d\u043d\u0443\u044e \u0442\u0443\u0440\u0435\u0446\u043a\u0443\u044e \u043a\u0443\u043b\u044c\u0442\u0443\u0440\u0443 \u0432 \u0410\u043b\u0430\u043d\u0438\u0438\">\n\t\t\t\t        \t\t<img fetchpriority=\"high\" decoding=\"async\" width=\"768\" height=\"500\" src=\"https:\/\/berfintour.com\/wp-content\/uploads\/2024\/01\/6-1-768x500.png\" class=\"img-responsive wp-post-image\" alt=\"\" \/>\t\t\t\t        \t\t<div class=\"overlay\"><\/div>\n\t\t\t\t        \t<\/a>\n\t\t\t\t        <\/div>\n\n\t\t\t        \n\t\t        \t<div class=\"ova-content\">\n\t        \t\t\t<ul class=\"post-meta\">\n\t\t\t\t\t\t    \n\t\t\t\t\t\t\t\n\t\t\t\t\t\t<\/ul>\n\t\t\t\t\t\t\n\t\t\t\t\t\t\t\t\t\t            <h4 class=\"post-title\">\n\t\t\t\t\t\t        <a href=\"https:\/\/berfintour.com\/ru\/alanyada-geleneksel-turk-kulturunu-kesfedin\/\" rel=\"bookmark\" title=\"\u041e\u0442\u043a\u0440\u043e\u0439\u0442\u0435 \u0434\u043b\u044f \u0441\u0435\u0431\u044f \u0442\u0440\u0430\u0434\u0438\u0446\u0438\u043e\u043d\u043d\u0443\u044e \u0442\u0443\u0440\u0435\u0446\u043a\u0443\u044e \u043a\u0443\u043b\u044c\u0442\u0443\u0440\u0443 \u0432 \u0410\u043b\u0430\u043d\u0438\u0438\">\u041e\u0442\u043a\u0440\u043e\u0439\u0442\u0435 \u0434\u043b\u044f \u0441\u0435\u0431\u044f \u0442\u0440\u0430\u0434\u0438\u0446\u0438\u043e\u043d\u043d\u0443\u044e \u0442\u0443\u0440\u0435\u0446\u043a\u0443\u044e \u043a\u0443\u043b\u044c\u0442\u0443\u0440\u0443 \u0432 \u0410\u043b\u0430\u043d\u0438\u0438<\/a>\n\t\t\t\t\t\t    <\/h4>\n\t\t\t\t\t    \n\t\t\t\t\t    \t\t\t\t\t\t    <div class=\"short_desc\">\n\t\t\t\t\t\t    \t<p> \u0410\u043b\u0430\u043d\u044c\u044f \u043e\u0447\u0430\u0440\u043e\u0432\u044b\u0432\u0430\u0435\u0442 \u0442\u0443\u0440\u0438\u0441\u0442\u043e\u0432 \u043d\u0435 \u0442\u043e\u043b\u044c\u043a\u043e \u0441\u0432\u043e\u0438\u043c\u0438 \u043f\u0440\u0438\u0440\u043e\u0434\u043d\u044b\u043c\u0438 \u043a\u0440\u0430\u0441\u043e\u0442\u0430\u043c\u0438 \u0438 \u0438\u0441\u0442\u043e\u0440\u0438\u0447\u0435\u0441\u043a\u0438\u043c \u0431\u043e\u0433\u0430\u0442\u0441\u0442\u0432\u043e\u043c, \u043d\u043e \u0438 \u0431\u043e\u0433\u0430\u0442\u043e\u0439 \u0442\u0443\u0440\u0435\u0446\u043a\u043e\u0439 \u043a\u0443\u043b\u044c\u0442\u0443\u0440\u043e\u0439. \u0412\u2026 <\/p>\n\t\t\t\t\t\t    <\/div>\n\t\t\t\t\t\t\n\t\t\t\t\t    \t\t        \t<\/div>\n\t\t\t\t        \n\t\t\t\t<\/li>\t\n\t\t\t\t\t\n\t\t\t\t\t\t\t<li class=\"item\">\n\n\t\t\t\t\t\n\t\t\t\t\t    <div class=\"media\">\n\t\t\t\t        \t<a href=\"https:\/\/berfintour.com\/ru\/alanyanin-dogal-harikalari-kesfedilmeyi-bekleyen-guzellikler\/\" rel=\"bookmark\" title=\"\u041f\u0440\u0438\u0440\u043e\u0434\u043d\u044b\u0435 \u0447\u0443\u0434\u0435\u0441\u0430 \u0410\u043b\u0430\u043d\u0438\u0438: \u043a\u0440\u0430\u0441\u043e\u0442\u044b, \u043e\u0436\u0438\u0434\u0430\u044e\u0449\u0438\u0435 \u0441\u0432\u043e\u0435\u0433\u043e \u043e\u0442\u043a\u0440\u044b\u0442\u0438\u044f\">\n\t\t\t\t        \t\t<img decoding=\"async\" width=\"768\" height=\"500\" src=\"https:\/\/berfintour.com\/wp-content\/uploads\/2024\/01\/5-1-768x500.png\" class=\"img-responsive wp-post-image\" alt=\"\" \/>\t\t\t\t        \t\t<div class=\"overlay\"><\/div>\n\t\t\t\t        \t<\/a>\n\t\t\t\t        <\/div>\n\n\t\t\t        \n\t\t        \t<div class=\"ova-content\">\n\t        \t\t\t<ul class=\"post-meta\">\n\t\t\t\t\t\t    \n\t\t\t\t\t\t\t\n\t\t\t\t\t\t<\/ul>\n\t\t\t\t\t\t\n\t\t\t\t\t\t\t\t\t\t            <h4 class=\"post-title\">\n\t\t\t\t\t\t        <a href=\"https:\/\/berfintour.com\/ru\/alanyanin-dogal-harikalari-kesfedilmeyi-bekleyen-guzellikler\/\" rel=\"bookmark\" title=\"\u041f\u0440\u0438\u0440\u043e\u0434\u043d\u044b\u0435 \u0447\u0443\u0434\u0435\u0441\u0430 \u0410\u043b\u0430\u043d\u0438\u0438: \u043a\u0440\u0430\u0441\u043e\u0442\u044b, \u043e\u0436\u0438\u0434\u0430\u044e\u0449\u0438\u0435 \u0441\u0432\u043e\u0435\u0433\u043e \u043e\u0442\u043a\u0440\u044b\u0442\u0438\u044f\">\u041f\u0440\u0438\u0440\u043e\u0434\u043d\u044b\u0435 \u0447\u0443\u0434\u0435\u0441\u0430 \u0410\u043b\u0430\u043d\u0438\u0438: \u043a\u0440\u0430\u0441\u043e\u0442\u044b, \u043e\u0436\u0438\u0434\u0430\u044e\u0449\u0438\u0435 \u0441\u0432\u043e\u0435\u0433\u043e \u043e\u0442\u043a\u0440\u044b\u0442\u0438\u044f<\/a>\n\t\t\t\t\t\t    <\/h4>\n\t\t\t\t\t    \n\t\t\t\t\t    \t\t\t\t\t\t    <div class=\"short_desc\">\n\t\t\t\t\t\t    \t<p> \u0410\u043b\u0430\u043d\u044c\u044f \u043f\u0440\u0438\u0432\u043b\u0435\u043a\u0430\u0435\u0442 \u0432\u043d\u0438\u043c\u0430\u043d\u0438\u0435 \u043d\u0435 \u0442\u043e\u043b\u044c\u043a\u043e \u0441\u0432\u043e\u0438\u043c\u0438 \u043f\u043b\u044f\u0436\u0430\u043c\u0438 \u0438 \u0438\u0441\u0442\u043e\u0440\u0438\u0447\u0435\u0441\u043a\u0438\u043c\u0438 \u043c\u0435\u0441\u0442\u0430\u043c\u0438, \u043d\u043e \u0438 \u043f\u0440\u0438\u0440\u043e\u0434\u043d\u044b\u043c\u0438 \u043a\u0440\u0430\u0441\u043e\u0442\u0430\u043c\u0438. \u0412 \u044d\u0442\u043e\u043c \u0431\u043b\u043e\u0433\u0435\u2026 <\/p>\n\t\t\t\t\t\t    <\/div>\n\t\t\t\t\t\t\n\t\t\t\t\t    \t\t        \t<\/div>\n\t\t\t\t        \n\t\t\t\t<\/li>\t\n\t\t\t\t\t\n\t\t\t\t\t\t\t<li class=\"item\">\n\n\t\t\t\t\t\n\t\t\t\t\t    <div class=\"media\">\n\t\t\t\t        \t<a href=\"https:\/\/berfintour.com\/ru\/alanyada-aileler-icin-eglence-cocuk-dostu-aktiviteler\/\" rel=\"bookmark\" title=\"\u0420\u0430\u0437\u0432\u043b\u0435\u0447\u0435\u043d\u0438\u044f \u0434\u043b\u044f \u0432\u0441\u0435\u0439 \u0441\u0435\u043c\u044c\u0438 \u0432 \u0410\u043b\u0430\u043d\u0438\u0438: \u0440\u0430\u0437\u0432\u043b\u0435\u0447\u0435\u043d\u0438\u044f \u0434\u043b\u044f \u0434\u0435\u0442\u0435\u0439\">\n\t\t\t\t        \t\t<img decoding=\"async\" width=\"768\" height=\"500\" src=\"https:\/\/berfintour.com\/wp-content\/uploads\/2024\/01\/4-1-768x500.png\" class=\"img-responsive wp-post-image\" alt=\"\" \/>\t\t\t\t        \t\t<div class=\"overlay\"><\/div>\n\t\t\t\t        \t<\/a>\n\t\t\t\t        <\/div>\n\n\t\t\t        \n\t\t        \t<div class=\"ova-content\">\n\t        \t\t\t<ul class=\"post-meta\">\n\t\t\t\t\t\t    \n\t\t\t\t\t\t\t\n\t\t\t\t\t\t<\/ul>\n\t\t\t\t\t\t\n\t\t\t\t\t\t\t\t\t\t            <h4 class=\"post-title\">\n\t\t\t\t\t\t        <a href=\"https:\/\/berfintour.com\/ru\/alanyada-aileler-icin-eglence-cocuk-dostu-aktiviteler\/\" rel=\"bookmark\" title=\"\u0420\u0430\u0437\u0432\u043b\u0435\u0447\u0435\u043d\u0438\u044f \u0434\u043b\u044f \u0432\u0441\u0435\u0439 \u0441\u0435\u043c\u044c\u0438 \u0432 \u0410\u043b\u0430\u043d\u0438\u0438: \u0440\u0430\u0437\u0432\u043b\u0435\u0447\u0435\u043d\u0438\u044f \u0434\u043b\u044f \u0434\u0435\u0442\u0435\u0439\">\u0420\u0430\u0437\u0432\u043b\u0435\u0447\u0435\u043d\u0438\u044f \u0434\u043b\u044f \u0432\u0441\u0435\u0439 \u0441\u0435\u043c\u044c\u0438 \u0432 \u0410\u043b\u0430\u043d\u0438\u0438: \u0440\u0430\u0437\u0432\u043b\u0435\u0447\u0435\u043d\u0438\u044f \u0434\u043b\u044f \u0434\u0435\u0442\u0435\u0439<\/a>\n\t\t\t\t\t\t    <\/h4>\n\t\t\t\t\t    \n\t\t\t\t\t    \t\t\t\t\t\t    <div class=\"short_desc\">\n\t\t\t\t\t\t    \t<p> \u0410\u043b\u0430\u043d\u044c\u044f \u2013 \u043f\u0440\u0435\u043a\u0440\u0430\u0441\u043d\u043e\u0435 \u043c\u0435\u0441\u0442\u043e \u043e\u0442\u0434\u044b\u0445\u0430 \u043d\u0435 \u0442\u043e\u043b\u044c\u043a\u043e \u0434\u043b\u044f \u0432\u0437\u0440\u043e\u0441\u043b\u044b\u0445, \u043d\u043e \u0438 \u0434\u043b\u044f \u0441\u0435\u043c\u0435\u0439 \u0438 \u0434\u0435\u0442\u0435\u0439. \u0412 \u044d\u0442\u043e\u0439 \u0441\u0442\u0430\u0442\u044c\u0435 \u043c\u044b\u2026 <\/p>\n\t\t\t\t\t\t    <\/div>\n\t\t\t\t\t\t\n\t\t\t\t\t    \t\t        \t<\/div>\n\t\t\t\t        \n\t\t\t\t<\/li>\t\n\t\t\t\t\t\n\t\t\t\t\t\t\t<li class=\"item\">\n\n\t\t\t\t\t\n\t\t\t\t\t    <div class=\"media\">\n\t\t\t\t        \t<a href=\"https:\/\/berfintour.com\/ru\/alanyada-unutulmaz-bir-tatil-icin-ipuclari\/\" rel=\"bookmark\" title=\"\u0421\u043e\u0432\u0435\u0442\u044b \u0434\u043b\u044f \u043d\u0435\u0437\u0430\u0431\u044b\u0432\u0430\u0435\u043c\u043e\u0433\u043e \u043e\u0442\u0434\u044b\u0445\u0430 \u0432 \u0410\u043b\u0430\u043d\u0438\u0438\">\n\t\t\t\t        \t\t<img loading=\"lazy\" decoding=\"async\" width=\"768\" height=\"500\" src=\"https:\/\/berfintour.com\/wp-content\/uploads\/2024\/01\/3-1-768x500.png\" class=\"img-responsive wp-post-image\" alt=\"\" \/>\t\t\t\t        \t\t<div class=\"overlay\"><\/div>\n\t\t\t\t        \t<\/a>\n\t\t\t\t        <\/div>\n\n\t\t\t        \n\t\t        \t<div class=\"ova-content\">\n\t        \t\t\t<ul class=\"post-meta\">\n\t\t\t\t\t\t    \n\t\t\t\t\t\t\t\n\t\t\t\t\t\t<\/ul>\n\t\t\t\t\t\t\n\t\t\t\t\t\t\t\t\t\t            <h4 class=\"post-title\">\n\t\t\t\t\t\t        <a href=\"https:\/\/berfintour.com\/ru\/alanyada-unutulmaz-bir-tatil-icin-ipuclari\/\" rel=\"bookmark\" title=\"\u0421\u043e\u0432\u0435\u0442\u044b \u0434\u043b\u044f \u043d\u0435\u0437\u0430\u0431\u044b\u0432\u0430\u0435\u043c\u043e\u0433\u043e \u043e\u0442\u0434\u044b\u0445\u0430 \u0432 \u0410\u043b\u0430\u043d\u0438\u0438\">\u0421\u043e\u0432\u0435\u0442\u044b \u0434\u043b\u044f \u043d\u0435\u0437\u0430\u0431\u044b\u0432\u0430\u0435\u043c\u043e\u0433\u043e \u043e\u0442\u0434\u044b\u0445\u0430 \u0432 \u0410\u043b\u0430\u043d\u0438\u0438<\/a>\n\t\t\t\t\t\t    <\/h4>\n\t\t\t\t\t    \n\t\t\t\t\t    \t\t\t\t\t\t    <div class=\"short_desc\">\n\t\t\t\t\t\t    \t<p> \u0410\u043b\u0430\u043d\u044c\u044f, \u0436\u0435\u043c\u0447\u0443\u0436\u0438\u043d\u0430 \u0421\u0440\u0435\u0434\u0438\u0437\u0435\u043c\u043d\u043e\u043c\u043e\u0440\u044c\u044f, \u043f\u0440\u0435\u0434\u043b\u0430\u0433\u0430\u0435\u0442 \u043f\u043e\u0441\u0435\u0442\u0438\u0442\u0435\u043b\u044f\u043c \u0443\u043d\u0438\u043a\u0430\u043b\u044c\u043d\u044b\u0435 \u0432\u043f\u0435\u0447\u0430\u0442\u043b\u0435\u043d\u0438\u044f \u043e\u0442 \u043e\u0442\u0434\u044b\u0445\u0430. \u0412 \u044d\u0442\u043e\u043c \u0431\u043b\u043e\u0433\u0435 \u043c\u044b \u043f\u043e\u0434\u0435\u043b\u0438\u043c\u0441\u044f \u043d\u0435\u043a\u043e\u0442\u043e\u0440\u044b\u043c\u0438\u2026 <\/p>\n\t\t\t\t\t\t    <\/div>\n\t\t\t\t\t\t\n\t\t\t\t\t    \t\t        \t<\/div>\n\t\t\t\t        \n\t\t\t\t<\/li>\t\n\t\t\t\t\t\n\t\t\t\t\t\t\t<li class=\"item\">\n\n\t\t\t\t\t\n\t\t\t\t\t    <div class=\"media\">\n\t\t\t\t        \t<a href=\"https:\/\/berfintour.com\/ru\/alanyanin-kulturel-ve-tarihi-mirasinin-kesfi\/\" rel=\"bookmark\" title=\"\u041e\u0442\u043a\u0440\u044b\u0442\u0438\u0435 \u043a\u0443\u043b\u044c\u0442\u0443\u0440\u043d\u043e\u0433\u043e \u0438 \u0438\u0441\u0442\u043e\u0440\u0438\u0447\u0435\u0441\u043a\u043e\u0433\u043e \u043d\u0430\u0441\u043b\u0435\u0434\u0438\u044f \u0410\u043b\u0430\u043d\u0438\u0438\">\n\t\t\t\t        \t\t<img loading=\"lazy\" decoding=\"async\" width=\"768\" height=\"500\" src=\"https:\/\/berfintour.com\/wp-content\/uploads\/2024\/01\/2-1-768x500.png\" class=\"img-responsive wp-post-image\" alt=\"\" \/>\t\t\t\t        \t\t<div class=\"overlay\"><\/div>\n\t\t\t\t        \t<\/a>\n\t\t\t\t        <\/div>\n\n\t\t\t        \n\t\t        \t<div class=\"ova-content\">\n\t        \t\t\t<ul class=\"post-meta\">\n\t\t\t\t\t\t    \n\t\t\t\t\t\t\t\n\t\t\t\t\t\t<\/ul>\n\t\t\t\t\t\t\n\t\t\t\t\t\t\t\t\t\t            <h4 class=\"post-title\">\n\t\t\t\t\t\t        <a href=\"https:\/\/berfintour.com\/ru\/alanyanin-kulturel-ve-tarihi-mirasinin-kesfi\/\" rel=\"bookmark\" title=\"\u041e\u0442\u043a\u0440\u044b\u0442\u0438\u0435 \u043a\u0443\u043b\u044c\u0442\u0443\u0440\u043d\u043e\u0433\u043e \u0438 \u0438\u0441\u0442\u043e\u0440\u0438\u0447\u0435\u0441\u043a\u043e\u0433\u043e \u043d\u0430\u0441\u043b\u0435\u0434\u0438\u044f \u0410\u043b\u0430\u043d\u0438\u0438\">\u041e\u0442\u043a\u0440\u044b\u0442\u0438\u0435 \u043a\u0443\u043b\u044c\u0442\u0443\u0440\u043d\u043e\u0433\u043e \u0438 \u0438\u0441\u0442\u043e\u0440\u0438\u0447\u0435\u0441\u043a\u043e\u0433\u043e \u043d\u0430\u0441\u043b\u0435\u0434\u0438\u044f \u0410\u043b\u0430\u043d\u0438\u0438<\/a>\n\t\t\t\t\t\t    <\/h4>\n\t\t\t\t\t    \n\t\t\t\t\t    \t\t\t\t\t\t    <div class=\"short_desc\">\n\t\t\t\t\t\t    \t<p> \u0410\u043b\u0430\u043d\u044c\u044f \u2013 \u043c\u0435\u0441\u0442\u043e \u043e\u0442\u0434\u044b\u0445\u0430, \u043f\u0440\u0438\u0432\u043b\u0435\u043a\u0430\u044e\u0449\u0435\u0435 \u0432\u043d\u0438\u043c\u0430\u043d\u0438\u0435 \u043d\u0435 \u0442\u043e\u043b\u044c\u043a\u043e \u0441\u043e\u043b\u043d\u0446\u0435\u043c \u0438 \u043f\u043b\u044f\u0436\u0430\u043c\u0438, \u043d\u043e \u0438 \u0431\u043e\u0433\u0430\u0442\u044b\u043c\u2026 <\/p>\n\t\t\t\t\t\t    <\/div>\n\t\t\t\t\t\t\n\t\t\t\t\t    \t\t        \t<\/div>\n\t\t\t\t        \n\t\t\t\t<\/li>\t\n\t\t\t\t\t\n\t\t\t\t\t\t\t<li class=\"item\">\n\n\t\t\t\t\t\n\t\t\t\t\t    <div class=\"media\">\n\t\t\t\t        \t<a href=\"https:\/\/berfintour.com\/ru\/alanyanin-kesfedilmemis-guzellikleri-gizli-cennetler-ve-essiz-deneyimler\/\" rel=\"bookmark\" title=\"\u041d\u0435\u0438\u0437\u0432\u0435\u0434\u0430\u043d\u043d\u044b\u0435 \u043a\u0440\u0430\u0441\u043e\u0442\u044b \u0410\u043b\u0430\u043d\u044c\u0438: \u0441\u043a\u0440\u044b\u0442\u044b\u0435 \u043d\u0435\u0431\u0435\u0441\u0430 \u0438 \u0443\u043d\u0438\u043a\u0430\u043b\u044c\u043d\u044b\u0435 \u0432\u043f\u0435\u0447\u0430\u0442\u043b\u0435\u043d\u0438\u044f\">\n\t\t\t\t        \t\t<img loading=\"lazy\" decoding=\"async\" width=\"768\" height=\"500\" src=\"https:\/\/berfintour.com\/wp-content\/uploads\/2024\/01\/1-1-768x500.png\" class=\"img-responsive wp-post-image\" alt=\"\" \/>\t\t\t\t        \t\t<div class=\"overlay\"><\/div>\n\t\t\t\t        \t<\/a>\n\t\t\t\t        <\/div>\n\n\t\t\t        \n\t\t        \t<div class=\"ova-content\">\n\t        \t\t\t<ul class=\"post-meta\">\n\t\t\t\t\t\t    \n\t\t\t\t\t\t\t\n\t\t\t\t\t\t<\/ul>\n\t\t\t\t\t\t\n\t\t\t\t\t\t\t\t\t\t            <h4 class=\"post-title\">\n\t\t\t\t\t\t        <a href=\"https:\/\/berfintour.com\/ru\/alanyanin-kesfedilmemis-guzellikleri-gizli-cennetler-ve-essiz-deneyimler\/\" rel=\"bookmark\" title=\"\u041d\u0435\u0438\u0437\u0432\u0435\u0434\u0430\u043d\u043d\u044b\u0435 \u043a\u0440\u0430\u0441\u043e\u0442\u044b \u0410\u043b\u0430\u043d\u044c\u0438: \u0441\u043a\u0440\u044b\u0442\u044b\u0435 \u043d\u0435\u0431\u0435\u0441\u0430 \u0438 \u0443\u043d\u0438\u043a\u0430\u043b\u044c\u043d\u044b\u0435 \u0432\u043f\u0435\u0447\u0430\u0442\u043b\u0435\u043d\u0438\u044f\">\u041d\u0435\u0438\u0437\u0432\u0435\u0434\u0430\u043d\u043d\u044b\u0435 \u043a\u0440\u0430\u0441\u043e\u0442\u044b \u0410\u043b\u0430\u043d\u044c\u0438: \u0441\u043a\u0440\u044b\u0442\u044b\u0435 \u043d\u0435\u0431\u0435\u0441\u0430 \u0438 \u0443\u043d\u0438\u043a\u0430\u043b\u044c\u043d\u044b\u0435 \u0432\u043f\u0435\u0447\u0430\u0442\u043b\u0435\u043d\u0438\u044f<\/a>\n\t\t\t\t\t\t    <\/h4>\n\t\t\t\t\t    \n\t\t\t\t\t    \t\t\t\t\t\t    <div class=\"short_desc\">\n\t\t\t\t\t\t    \t<p> \u041d\u0435\u0438\u0437\u0432\u0435\u0434\u0430\u043d\u043d\u044b\u0435 \u043a\u0440\u0430\u0441\u043e\u0442\u044b \u0410\u043b\u0430\u043d\u044c\u0438: \u0441\u043a\u0440\u044b\u0442\u044b\u0435 \u043d\u0435\u0431\u0435\u0441\u0430 \u0438 \u0443\u043d\u0438\u043a\u0430\u043b\u044c\u043d\u044b\u0435 \u0432\u043f\u0435\u0447\u0430\u0442\u043b\u0435\u043d\u0438\u044f \u0425\u043e\u0442\u044f \u0410\u043b\u0430\u043d\u044c\u044f \u044f\u0432\u043b\u044f\u0435\u0442\u0441\u044f \u043e\u0434\u043d\u0438\u043c \u0438\u0437 \u0441\u0430\u043c\u044b\u0445 \u043f\u043e\u043f\u0443\u043b\u044f\u0440\u043d\u044b\u0445 \u043c\u0435\u0441\u0442 \u043e\u0442\u0434\u044b\u0445\u0430 \u0432 \u0422\u0443\u0440\u0446\u0438\u0438, \u043e\u043d\u0430\u2026 <\/p>\n\t\t\t\t\t\t    <\/div>\n\t\t\t\t\t\t\n\t\t\t\t\t    \t\t        \t<\/div>\n\t\t\t\t        \n\t\t\t\t<\/li>\t\n\t\t\t\t\t\n\t\t\t\t\t<\/ul>\n\t\t\n\t\t\n\t\t\t\t<\/div>\n\t\t\t\t<\/div>\n\t\t\t\t\t<\/div>\n\t\t<\/div>\n\t\t\t\t\t\t\t<\/div>\n\t\t<\/section>\n\t\t\t\t\t\t\t<\/div>","protected":false},"excerpt":{"rendered":"<p>\u0411\u043b\u043e\u0433 \u041f\u0443\u0442\u0435\u0432\u043e\u0434\u0438\u0442\u0435\u043b\u044c\u043d\u044b\u0435 \u0441\u043e\u0432\u0435\u0442\u044b \u0438 \u0440\u0435\u043a\u043e\u043c\u0435\u043d\u0434\u0430\u0446\u0438\u0438 Alanya&#039;da Geleneksel T\u00fcrk K\u00fclt\u00fcr\u00fcn\u00fc Ke\u015ffedin Alanya, sadece do\u011fal g\u00fczellikleri ve tarihi zenginlikleri ile de\u011fil, ayn\u0131 zamanda zengin T\u00fcrk k\u00fclt\u00fcr\u00fc ile de turistleri b\u00fcy\u00fcl\u00fcyor. \u041d\u043e \u0431\u043b\u043e\u0433\u2026 \u0412 \u0410\u043b\u0430\u043d\u044c\u0435 \u0435\u0441\u0442\u044c \u0434\u043e\u043f\u043e\u043b\u043d\u0438\u0442\u0435\u043b\u044c\u043d\u044b\u0435 \u0441\u0432\u0435\u0434\u0435\u043d\u0438\u044f: Ke\u015ffedilmeyi Bekleyen G\u00fczellikler Alanya, \u043a\u043e\u0433\u0434\u0430 \u0432\u044b \u0438\u0433\u0440\u0430\u0435\u0442\u0435 \u0438 \u0432\u044b\u0431\u0438\u0440\u0430\u0435\u0442\u0435, \u0433\u0434\u0435 \u0432\u0430\u043c \u043d\u0443\u0436\u043d\u043e, \u0432\u0430\u043c \u043d\u0443\u0436\u043d\u043e \u0431\u0443\u0434\u0435\u0442 \u043f\u043e\u043b\u0443\u0447\u0438\u0442\u044c \u0431\u043e\u043b\u044c\u0448\u0435 \u0438\u043d\u0444\u043e\u0440\u043c\u0430\u0446\u0438\u0438 \u0438 \u043f\u043e\u043b\u0443\u0447\u0438\u0442\u044c \u0436\u0435\u043b\u0430\u0435\u043c\u044b\u0439 \u0440\u0435\u0437\u0443\u043b\u044c\u0442\u0430\u0442. \u0412 \u0431\u043b\u043e\u0433\u0435 yaz\u0131s\u0131nda, [\u2026]<\/p>","protected":false},"author":1,"featured_media":0,"parent":0,"menu_order":0,"comment_status":"closed","ping_status":"closed","template":"elementor_header_footer","meta":{"_monsterinsights_skip_tracking":false,"_monsterinsights_sitenote_active":false,"_monsterinsights_sitenote_note":"","_monsterinsights_sitenote_category":0,"footnotes":""},"class_list":["post-9491","page","type-page","status-publish","hentry"],"aioseo_notices":[],"_links":{"self":[{"href":"https:\/\/berfintour.com\/ru\/wp-json\/wp\/v2\/pages\/9491","targetHints":{"allow":["GET"]}}],"collection":[{"href":"https:\/\/berfintour.com\/ru\/wp-json\/wp\/v2\/pages"}],"about":[{"href":"https:\/\/berfintour.com\/ru\/wp-json\/wp\/v2\/types\/page"}],"author":[{"embeddable":true,"href":"https:\/\/berfintour.com\/ru\/wp-json\/wp\/v2\/users\/1"}],"replies":[{"embeddable":true,"href":"https:\/\/berfintour.com\/ru\/wp-json\/wp\/v2\/comments?post=9491"}],"version-history":[{"count":7,"href":"https:\/\/berfintour.com\/ru\/wp-json\/wp\/v2\/pages\/9491\/revisions"}],"predecessor-version":[{"id":9634,"href":"https:\/\/berfintour.com\/ru\/wp-json\/wp\/v2\/pages\/9491\/revisions\/9634"}],"wp:attachment":[{"href":"https:\/\/berfintour.com\/ru\/wp-json\/wp\/v2\/media?parent=9491"}],"curies":[{"name":"wp","href":"https:\/\/api.w.org\/{rel}","templated":true}]}}