{"id":2,"date":"2024-01-05T04:32:53","date_gmt":"2024-01-05T01:32:53","guid":{"rendered":"https:\/\/berfintour.com\/?page_id=2"},"modified":"2024-01-05T04:32:53","modified_gmt":"2024-01-05T01:32:53","slug":"ornek-sayfa","status":"publish","type":"page","link":"https:\/\/berfintour.com\/ru\/ornek-sayfa\/","title":{"rendered":"\u00d6rnek sayfa"},"content":{"rendered":"<p>\u0411\u0443 \u0431\u0438\u0440 \u043e\u0440\u043d\u0435\u043a \u0441\u0430\u0439\u0444\u0430\u0434\u0438\u0440. \u0412 \u0431\u043b\u043e\u0433\u0435 \u0432\u044b \u043c\u043e\u0436\u0435\u0442\u0435 \u043d\u0430\u0439\u0442\u0438 \u0432\u0441\u0435, \u0447\u0442\u043e \u0432\u0430\u043c \u043d\u0443\u0436\u043d\u043e, \u0438 \u0437\u0430\u0442\u0435\u043c \u043f\u0435\u0440\u0435\u0439\u0442\u0438 \u043a \u0441\u043b\u0435\u0434\u0443\u044e\u0449\u0435\u043c\u0443 \u043c\u0435\u043d\u044e (\u044d\u0442\u0430 \u0442\u0435\u043c\u0430 \u0438\u0441\u0447\u0435\u0437\u043d\u0435\u0442). Bir \u00e7ok insan potansiyel ziyaret\u00e7ilerini kar\u015f\u0131lamak i\u00e7in bir Hakk\u0131ndasayfas\u0131 kullan\u0131r. \u0428\u0443\u043d\u0430 \u0411\u0435\u043d\u0437\u0435\u0435\u043d \u0411\u0438\u0440 \u0428\u0435\u0439 \u041e\u0431\u0438\u043b\u0438\u0440:<\/p>\n\n\n\n<blockquote class=\"wp-block-quote is-layout-flow wp-block-quote-is-layout-flow\"><p>\u041c\u0435\u0440\u0445\u0430\u0431\u0430! G\u00fcnd\u00fczleri bisikletli kurye, geceleri ise hevesli bir akt\u00f6r\u00fcm, buras\u0131 da benim sitem. \u0412 \u0421\u0442\u0430\u043c\u0431\u0443\u043b\u0435, \u0411\u044b\u0434\u044b\u043a \u0434\u0443\u043c\u0430\u0435\u0442 \u043e \u0442\u043e\u043c, \u0447\u0442\u043e \u043d\u0443\u0436\u043d\u043e \u0432\u0430\u0440 \u0432\u0435 \u043f\u0438\u043d\u0430 \u043a\u043e\u043b\u0430\u0434\u0430 \u0432 \u0441\u0435\u043c\u044c \u0434\u043d\u0435\u0439. (\u0412\u0435 \u044f\u0433\u043c\u0443\u0440\u0430 \u044f\u043a\u0430\u043b\u0430\u043d\u043c\u0430\u0439\u044b.)<\/p><\/blockquote>\n\n\n\n<p>\u2026 \u0439\u0430 \u0434\u0430 \u0431\u0443\u043d\u0443\u043d \u0433\u0438\u0431\u0438 \u0431\u0438\u0440 \u0428\u0435\u0439\u043b\u0435\u0440:<\/p>\n\n\n\n<blockquote class=\"wp-block-quote is-layout-flow wp-block-quote-is-layout-flow\"><p>\u0424\u0438\u0440\u043c\u0430 XYZ 1971 \u0433\u043e\u0434\u0430 \u0431\u044b\u043b\u0430 \u043a\u0443\u0440\u0443\u043b\u043c\u0443\u0448\u0442\u0443\u0440\u043e\u043c \u0438 \u043a\u0443\u0440\u0443\u043b\u0434\u0443\u0433\u0443\u043d\u0434\u0430\u043d\u043e\u043c, \u043d\u043e \u0443 \u043d\u0435\u0435 \u0431\u044b\u043b\u0438 \u0445\u043e\u0440\u043e\u0448\u0438\u0435 \u043d\u043e\u0432\u043e\u0441\u0442\u0438. \u0413\u043e\u0442\u044d\u043c \u043f\u043e\u0434\u043f\u0438\u0441\u0430\u043b \u043a\u043e\u043d\u0442\u0440\u0430\u043a\u0442 \u0441 \u0444\u0438\u0440\u043c\u043e\u0439 XYZ \u043d\u0430 2000 \u0444\u0443\u043d\u0442\u043e\u0432 \u0441\u0442\u0435\u0440\u043b\u0438\u043d\u0433\u043e\u0432, \u0438 \u0413\u043e\u0442\u044d\u043c \u043f\u043e\u043b\u0443\u0447\u0438\u043b \u0435\u0435 \u0432 \u043a\u0430\u0447\u0435\u0441\u0442\u0432\u0435 \u043d\u0430\u0433\u0440\u0430\u0434\u044b \u0437\u0430 \u0441\u0432\u043e\u0439 \u0443\u0441\u043f\u0435\u0445.<\/p><\/blockquote>\n\n\n\n<p>Yeni bir WordPress kullan\u0131c\u0131s\u0131 olarak \u00f6ncelikle <a href=\"https:\/\/berfintour.com\/wp-admin\/\">Ba\u015flang\u0131\u00e7 ekran\u0131na<\/a> \u0413\u0438\u0434\u0438\u043f \u0431\u0443 \u0421\u0430\u0439\u0444\u0430\u0439 \u0421\u0438\u043b\u0435\u0440\u0435\u043a \u041a\u0435\u043d\u0434\u0438 \u0421\u0430\u0439\u0444\u0430\u043b\u0430\u0440\u044b\u043d\u0438\u0437\u044b \u043e\u043b\u0443\u0448\u0442\u0443\u0440\u043c\u0430\u043b\u044b\u0441\u0438\u043d\u044b\u0437. \u042d\u0439, e\u011flenceler!<\/p>","protected":false},"excerpt":{"rendered":"<p>Bu bir \u00f6rnek sayfad\u0131r. Bir blog yaz\u0131s\u0131ndan farkl\u0131d\u0131r \u00e7\u00fcnk\u00fc belirli bir yerde sabit olarak kal\u0131r ve teman\u0131z\u0131n gezinme men\u00fcs\u00fcnde g\u00f6r\u00fcnt\u00fclenir (\u00e7o\u011fu tema destekler). Bir \u00e7ok insan potansiyel ziyaret\u00e7ilerini kar\u015f\u0131lamak i\u00e7in bir Hakk\u0131nda sayfas\u0131 kullan\u0131r. \u015euna benzeyen bir \u015fey olabilir: Merhaba! G\u00fcnd\u00fczleri bisikletli kurye, geceleri ise hevesli bir akt\u00f6r\u00fcm, buras\u0131 da benim sitem. \u0130stanbul&#8217;da ya\u015f\u0131yorum, B\u0131d\u0131k [&hellip;]<\/p>","protected":false},"author":1,"featured_media":0,"parent":0,"menu_order":0,"comment_status":"closed","ping_status":"open","template":"","meta":{"_monsterinsights_skip_tracking":false,"_monsterinsights_sitenote_active":false,"_monsterinsights_sitenote_note":"","_monsterinsights_sitenote_category":0,"footnotes":""},"class_list":["post-2","page","type-page","status-publish","hentry"],"aioseo_notices":[],"_links":{"self":[{"href":"https:\/\/berfintour.com\/ru\/wp-json\/wp\/v2\/pages\/2","targetHints":{"allow":["GET"]}}],"collection":[{"href":"https:\/\/berfintour.com\/ru\/wp-json\/wp\/v2\/pages"}],"about":[{"href":"https:\/\/berfintour.com\/ru\/wp-json\/wp\/v2\/types\/page"}],"author":[{"embeddable":true,"href":"https:\/\/berfintour.com\/ru\/wp-json\/wp\/v2\/users\/1"}],"replies":[{"embeddable":true,"href":"https:\/\/berfintour.com\/ru\/wp-json\/wp\/v2\/comments?post=2"}],"version-history":[{"count":0,"href":"https:\/\/berfintour.com\/ru\/wp-json\/wp\/v2\/pages\/2\/revisions"}],"wp:attachment":[{"href":"https:\/\/berfintour.com\/ru\/wp-json\/wp\/v2\/media?parent=2"}],"curies":[{"name":"wp","href":"https:\/\/api.w.org\/{rel}","templated":true}]}}