{"id":9860,"date":"2024-01-17T02:30:23","date_gmt":"2024-01-16T23:30:23","guid":{"rendered":"https:\/\/berfintour.com\/?post_type=product&#038;p=9860"},"modified":"2025-01-20T19:16:31","modified_gmt":"2025-01-20T16:16:31","slug":"alanya-big-kral-boat-tour","status":"publish","type":"product","link":"https:\/\/berfintour.com\/pl\/urun\/alanya-big-kral-boat-tour\/","title":{"rendered":"Wycieczka wielk\u0105 \u0142odzi\u0105 Kral do Alanyi"},"content":{"rendered":"<div class=\"header-ul\">\n<h3>Do\u015bwiadczenia z rejsu wielk\u0105 \u0142odzi\u0105 Kral w Alanyi<\/h3>\n<\/div>\n<div class=\"content-text tour-experiences\">\n<ul>\n<li>Wejdziesz na pok\u0142ad najwi\u0119kszej i najbardziej imponuj\u0105cej \u0142odzi pirackiej na Morzu \u015ar\u00f3dziemnym.<\/li>\n<li>Magiczna architektura tej \u0142odzi, kt\u00f3ra wygl\u0105da jak z fantastycznego filmu, przeniesie Ciebie, a zw\u0142aszcza Twoje dzieci, do innych \u015bwiat\u00f3w.<\/li>\n<li>B\u0119dziesz uczestniczy\u0107 w wielu atrakcjach takich jak pokazy animacji dla doros\u0142ych, ca\u0142odobowy miniklub dla dzieci, bogate menu z daniami w formie otwartego bufetu, impreza piankowa, pokazy ognia, pokazy ta\u0144ca, sporty wodne.<\/li>\n<li>Z wielk\u0105 pirack\u0105 \u0142odzi\u0105 odwiedzisz jaskinie wok\u00f3\u0142 historycznego zamku w Alanyi, pla\u017c\u0119 Kleopatry i najpopularniejsze zatoczki Alanyi.<\/li>\n<\/ul>\n<\/div>\n<div class=\"header-ul\">\n<h3>Program rejsu wielk\u0105 \u0142odzi\u0105 Kral w Alanyi<\/h3>\n<\/div>\n<div class=\"content-text\">\n<ul>\n<li>Zostaniesz odebrany z hoteli lub adres\u00f3w w godzinach 08:20\u201308:50 pojazdami transferowymi. Transfer jest bezp\u0142atny.<\/li>\n<li>\u0141\u00f3d\u017a Big Kral wyp\u0142ywa o godzinie 09:00<\/li>\n<li>Najpierw miniklub otwiera si\u0119 imprez\u0105 malowania twarzy. Miniklub b\u0119dzie nadal czynny podczas wycieczki. Mo\u017cna tu bezpiecznie zostawi\u0107 swoje dzieci.<\/li>\n<li>Pierwszym przystankiem jest jaskinia b\u0142otna. Mo\u017cna tu za\u017cy\u0107 k\u0105pieli b\u0142otnej.<\/li>\n<li>Po k\u0105pieli b\u0142otnej \u0142\u00f3d\u017a wyp\u0142ywa na otwarte morze. Mo\u017cna tu zobaczy\u0107 karatta caretta i delfiny.<\/li>\n<li>Po otwartym morzu \u0142\u00f3d\u017a kieruje si\u0119 do portu w Alanyi.<\/li>\n<li>Oko\u0142o godziny 11:30 \u0142\u00f3d\u017a zakotwicza w porcie w Alanyi.<\/li>\n<li>B\u0119dziesz mia\u0142 p\u00f3\u0142torej godziny przerwy na zwiedzanie portu w Alanyi i bazaru w Alanyi. W tym czasie mo\u017cesz odwiedzi\u0107 bazar w Alanyi lub pozosta\u0107 na \u0142odzi i nadal cieszy\u0107 si\u0119 morzem i s\u0142o\u0144cem.<\/li>\n<li>O godzinie 12:30 w porcie w Alanyi rozpoczyna si\u0119 serwowanie posi\u0142k\u00f3w. Posi\u0142ki serwowane s\u0105 w formie otwartego bufetu. W menu znajdziemy kurczaka, sa\u0142atk\u0119, puree ziemniaczane, makaron, ry\u017c, sa\u0142atk\u0119 rosyjsk\u0105, portulak\u0119, sa\u0142atk\u0119 pastersk\u0105, haydari (tureck\u0105 przystawk\u0119) oraz owoce sezonowe. Napoje bezalkoholowe.<\/li>\n<li>O godzinie 13:00 \u0142\u00f3d\u017a opuszcza port morski Alanya i kieruje si\u0119 w stron\u0119 jaskini pirat\u00f3w.<\/li>\n<li>Przewodnik informuje o historii jaskini pirat\u00f3w. B\u0119dzie kr\u00f3tka przerwa na zrobienie zdj\u0119\u0107.<\/li>\n<li>Dotrzyj do Jaskini Zakochanych. Odbywa si\u0119 tu kr\u00f3tki pokaz. Animator wchodzi do jaskini znajduj\u0105cej si\u0119 oko\u0142o 40 m n.p.m. poprzez naturalnie uformowany tunel na p\u00f3\u0142wyspie i stamt\u0105d wskakuje do morza.<\/li>\n<li>Naszym nast\u0119pnym przystankiem jest kolorowa jaskinia fosforowa. W tej jaskini, kt\u00f3ra jest bardzo bogata pod wzgl\u0119dem fauny morskiej, mo\u017cna zobaczy\u0107 i nakarmi\u0107 wiele stworze\u0144 morskich.<\/li>\n<li>W jaskini fosforowej jest przerwa na p\u0142ywanie.<\/li>\n<li>Naszym nast\u0119pnym przystankiem jest s\u0142ynna pla\u017ca Kleopatry. Oto druga przerwa na p\u0142ywanie. Je\u015bli masz fajk\u0119, zdecydowanie polecamy nurkowa\u0107 tutaj.<\/li>\n<li>Po przerwie na p\u0142ywanie rozpoczynaj\u0105 si\u0119 pokazy animacji i zabawy grupowe dla dzieci i doros\u0142ych. Uczestnicy zabaw grupowych otrzymuj\u0105 r\u00f3\u017cne prezenty-niespodzianki.<\/li>\n<li>Taniec klubowy rozpoczyna si\u0119 po zawodach. Pokazy taneczne rozpoczynaj\u0105 si\u0119 muzyk\u0105 klubow\u0105 z towarzyszeniem wyst\u0119pu DJ-a.<\/li>\n<li>Nast\u0119pnie dawk\u0119 zabawy zwi\u0119ksza piankowa impreza.<\/li>\n<li>Rozrywka trwa do ko\u0144ca trasy.<\/li>\n<li>Ostatnia przerwa na p\u0142ywanie przypada na zatok\u0119 \u201eUla\u015f\u201d.<\/li>\n<li>Po przerwie na p\u0142ywanie \u0142\u00f3dka p\u0142ynie w stron\u0119 punktu startu.<\/li>\n<li>Oko\u0142o 16:00 \u2013 16:30 statek wp\u0142ywa do portu \u201eTurkler\u201d.<\/li>\n<li>Wysiadasz z \u0142odzi i wsiadasz do pojazd\u00f3w transferowych.<\/li>\n<li>Zostaniesz odwieziony do hotelu lub pod adres, pod kt\u00f3rym si\u0119 zatrzymasz.<\/li>\n<\/ul>\n<\/div>","protected":false},"excerpt":{"rendered":"<p>Do\u015bwiadczenia z rejsu wielk\u0105 \u0142odzi\u0105 Kral w Alanyi. Wejdziesz na pok\u0142ad najwi\u0119kszej i najbardziej imponuj\u0105cej \u0142odzi pirackiej na Morzu \u015ar\u00f3dziemnym. Magiczna architektura tej \u0142odzi, kt\u00f3ra wygl\u0105da jak z fantastycznego filmu, przeniesie Ciebie, a zw\u0142aszcza Twoje dzieci, do innych \u015bwiat\u00f3w. B\u0119dziesz uczestniczy\u0107 w wielu zaj\u0119ciach, takich jak animacja [\u2026]<\/p>","protected":false},"featured_media":9858,"comment_status":"open","ping_status":"closed","template":"","meta":{"_monsterinsights_skip_tracking":false,"_monsterinsights_sitenote_active":false,"_monsterinsights_sitenote_note":"","_monsterinsights_sitenote_category":0},"product_cat":[66],"product_tag":[],"class_list":{"0":"post-9860","1":"product","2":"type-product","3":"status-publish","4":"has-post-thumbnail","6":"product_cat-tekne-turlari","8":"first","9":"instock","10":"sale","11":"shipping-taxable","12":"purchasable","13":"product-type-ovabrw_car_rental"},"aioseo_notices":[],"_links":{"self":[{"href":"https:\/\/berfintour.com\/pl\/wp-json\/wp\/v2\/product\/9860","targetHints":{"allow":["GET"]}}],"collection":[{"href":"https:\/\/berfintour.com\/pl\/wp-json\/wp\/v2\/product"}],"about":[{"href":"https:\/\/berfintour.com\/pl\/wp-json\/wp\/v2\/types\/product"}],"replies":[{"embeddable":true,"href":"https:\/\/berfintour.com\/pl\/wp-json\/wp\/v2\/comments?post=9860"}],"wp:featuredmedia":[{"embeddable":true,"href":"https:\/\/berfintour.com\/pl\/wp-json\/wp\/v2\/media\/9858"}],"wp:attachment":[{"href":"https:\/\/berfintour.com\/pl\/wp-json\/wp\/v2\/media?parent=9860"}],"wp:term":[{"taxonomy":"product_cat","embeddable":true,"href":"https:\/\/berfintour.com\/pl\/wp-json\/wp\/v2\/product_cat?post=9860"},{"taxonomy":"product_tag","embeddable":true,"href":"https:\/\/berfintour.com\/pl\/wp-json\/wp\/v2\/product_tag?post=9860"}],"curies":[{"name":"wp","href":"https:\/\/api.w.org\/{rel}","templated":true}]}}