{"id":9763,"date":"2024-01-14T21:31:54","date_gmt":"2024-01-14T18:31:54","guid":{"rendered":"https:\/\/berfintour.com\/?post_type=product&#038;p=9763"},"modified":"2025-01-20T19:11:23","modified_gmt":"2025-01-20T16:11:23","slug":"alanya-diving","status":"publish","type":"product","link":"https:\/\/berfintour.com\/pl\/urun\/alanya-diving\/","title":{"rendered":"Nurkowanie w Alanyi"},"content":{"rendered":"<div class=\"header-ul\">\n<h3>Do\u015bwiadczenia z nurkowania w Alanyi<\/h3>\n<\/div>\n<div class=\"content-text tour-experiences\">\n<ul>\n<li>Odkryj podwodne jaskinie Alanyi, spektakularne sztuczne rafy i podwodn\u0105 przyrod\u0119 Morza \u015ar\u00f3dziemnego\u00a0<b>Wycieczka nurkowa do Alanyi<\/b>.<\/li>\n<li>Uwiecznij wspomnienia z wakacji dzi\u0119ki podwodnym zdj\u0119ciom i filmom.<\/li>\n<li>Do\u0142\u0105cz do rodziny i nurkuj z akwalungiem lub wybierz si\u0119 na relaksuj\u0105c\u0105 wycieczk\u0119 \u0142odzi\u0105.<\/li>\n<\/ul>\n<\/div>\n<div class=\"header-ul\">\n<h3>Program nurkowania w Alanyi<\/h3>\n<\/div>\n<div class=\"content-text\">\n<ul>\n<li>Odbi\u00f3r z hotelu lub adresu.<\/li>\n<li>Badania zdrowia.<\/li>\n<li>Wyj\u015bcie \u0142odzi\u0105 z portu.<\/li>\n<li>Teoretyczne szkolenie nurkowe do nurkowania w Alanyi.<\/li>\n<li>Praktyczne szkolenie nurkowe.<\/li>\n<li>Nurkowanie do g\u0142\u0119boko\u015bci 3-5 metr\u00f3w w pierwszym punkcie nurkowym pod opiek\u0105 instruktor\u00f3w\u00a0<strong>Nurkowanie w Alanyi<\/strong>\u00a0wycieczka.<\/li>\n<li>Przerwa na lunch.<\/li>\n<li>Przerwa na p\u0142ywanie i opalanie.<\/li>\n<li>Nurkowanie do g\u0142\u0119boko\u015bci 10-15 metr\u00f3w z instruktorami na drugim punkcie nurkowym.<\/li>\n<li>Wr\u00f3\u0107 do portu.<\/li>\n<li>Wyb\u00f3r zdj\u0119\u0107 i koniec\u00a0<strong>Nurkowanie w Alanyi<\/strong>\u00a0wycieczka<\/li>\n<li>Powr\u00f3t do hoteli.<\/li>\n<\/ul>\n<\/div>\n<div class=\"header-ul attentions\">\n<h3>Rzeczy, o kt\u00f3rych warto pami\u0119ta\u0107<\/h3>\n<\/div>\n<div class=\"content-text attentions atmob\">\n<h4><strong>Kto nie mo\u017ce nurkowa\u0107 w Alanyi?<\/strong><\/h4>\n<ul>\n<li>Dzieci poni\u017cej 14 lat.<\/li>\n<li>Osoby z chorobami serca i uk\u0142adu kr\u0105\u017cenia.<\/li>\n<li>Osoby z powa\u017cn\u0105 chorob\u0105 uk\u0142adu oddechowego.<\/li>\n<li>Pacjenci z wysokim cholesterolem.<\/li>\n<li>Pacjenci z chorobami p\u0142uc, takimi jak rozedma p\u0142uc, gru\u017alica i zapalenie p\u0142uc, zapalenie p\u0142uc.<\/li>\n<li>Pacjenci z czerwienic\u0105, bia\u0142aczk\u0105 i ostr\u0105 anemi\u0105.<\/li>\n<li class=\"text-dark\">Nadal istniej\u0105 kontrowersje dotycz\u0105ce nurkowania kobiet w ci\u0105\u017cy. Nie zalecamy jednak nurkowania kobietom w ci\u0105\u017cy.<\/li>\n<\/ul>\n<\/div>\n<div class=\"header-ul\">\n<h3>Og\u00f3lne informacje o nurkowaniu w Alanyi<\/h3>\n<\/div>\n<div class=\"content-text\">\n<p><img decoding=\"async\" class=\"rounded img-fluid float-sm-left mt-2 mr-sm-4 mb-2\" src=\"https:\/\/www.dailytoursinalanya.com\/Content\/images\/tours\/7\/thumb\/alanya-diving-17.webp\" alt=\"Alanya Diving 2\" \/><\/p>\n<h2 class=\"deepnote\">Nurkowanie w Alanyi Turcja<\/h2>\n<p class=\"deepnote\">Nigdy wcze\u015bniej nie nurkowa\u0142em. Czy mog\u0119 do\u0142\u0105czy\u0107 do\u00a0<strong>nurkowanie Alanya Turcja<\/strong>?<\/p>\n<p>Tak. Nie musisz by\u0107 przeszkolony, aby nurkowa\u0107. Zapewniamy ju\u017c niezb\u0119dne szkolenie nurkowe. B\u0119dzie z Tob\u0105 tak\u017ce do\u015bwiadczony instruktor\u00a0<strong>Nurkowanie w Alanyi<\/strong>. Upewnij si\u0119, \u017ce prawie 80% turyst\u00f3w przybywaj\u0105cych do Alanyi nurkuje po raz pierwszy.<\/p>\n<h3>Cena nurkowania w Alanyi<\/h3>\n<p class=\"deepnote\">Posiadam certyfikat nurkowania. Czy mog\u0119 zanurzy\u0107 si\u0119 g\u0142\u0119biej?\u00a0<b>Wycieczka nurkowa do Alanyi<\/b>?<\/p>\n<ul>\n<li>Osoby posiadaj\u0105ce certyfikat kt\u00f3rejkolwiek z uznanych na \u015bwiecie organizacji nurkowych takich jak CMAS, PADI i SSI mog\u0105 nurkowa\u0107 do g\u0142\u0119boko\u015bci 20-35 metr\u00f3w.<\/li>\n<li>S\u0105 w naszej grupie osoby, kt\u00f3re nie chc\u0105 nurkowa\u0107. Czy musz\u0105 p\u0142aci\u0107 tak\u0105 sam\u0105 op\u0142at\u0119?<\/li>\n<li>Je\u015bli w Twojej grupie lub rodzinie s\u0105 osoby, kt\u00f3re nie chc\u0105 nurkowa\u0107, mog\u0105 do\u0142\u0105czy\u0107\u00a0<strong>Nurkowanie w Alanyi\u00a0<\/strong>wycieczk\u0119 p\u0142ac\u0105c po\u0142ow\u0119\u00a0<strong>Cena nurkowania w Alanyi<\/strong>.<\/li>\n<\/ul>\n<p>Mog\u0105 korzysta\u0107 ze wszystkich udogodnie\u0144 na \u0142odzi, w tym z lunchu. Podczas nurkowania mog\u0105 si\u0119 opala\u0107, p\u0142ywa\u0107 lub nurkowa\u0107 z rurk\u0105. Podczas nurkowania b\u0119dziesz mia\u0142 przyjemn\u0105 wycieczk\u0119 \u0142odzi\u0105 po Alanyi<\/p>\n<h3 class=\"deepnote\">Czy dzieci mog\u0105 do\u0142\u0105czy\u0107 do\u00a0<strong>Wycieczka nurkowa do Alanyi<\/strong>?<\/h3>\n<p>Nurkowa\u0107 mo\u017ce ka\u017cdy, kto uko\u0144czy\u0142 10 rok \u017cycia, je\u015bli pozwala na to stan zdrowia. Na \u0142odzi dost\u0119pna jest r\u00f3wnie\u017c fajka dla dzieci. Je\u015bli chc\u0105, mog\u0105 nurkowa\u0107 z rurk\u0105.<\/p>\n<p class=\"deepnote\">Czy osoby nie umiej\u0105ce p\u0142ywa\u0107 mog\u0105 nurkowa\u0107?<\/p>\n<p>Nie musisz umie\u0107 p\u0142ywa\u0107, \u017ceby nurkowa\u0107 w Alanyi. Poniewa\u017c czynnikiem, kt\u00f3ry sprawia, \u017ce zostajesz na wodzie, nie jest umiej\u0119tno\u015b\u0107 p\u0142ywania. Dzi\u0119ki sprz\u0119towi, z kt\u00f3rego korzystamy, mo\u017cna wyp\u0142yn\u0105\u0107 nad wod\u0119 lub zej\u015b\u0107 na dno. wystarczy, \u017ceby czu\u0107 si\u0119 dobrze w wodzie.<\/p>\n<h3>Centrum nurkowe w Alanyi<\/h3>\n<h4><img decoding=\"async\" class=\"lazy order-sm-2 rounded r3 float-sm-right ml-sm-3\" src=\"https:\/\/www.dailytoursinalanya.com\/Content\/images\/userfiles\/images\/diving\/akvaryum.webp\" alt=\"Aquarium\" \/><\/h4>\n<div class=\"d-sm-flex align-items-center r1\">\n<div class=\"order-sm-1\">\n<h5>Akwarium<\/h5>\n<p>Nadaje si\u0119 do nurkowa\u0144 szkoleniowych. Jest r\u00f3wnie\u017c preferowany do nurkowania, gdy warunki morskie s\u0105 z\u0142e. Ta lokalizacja jest jednym z miejsc odwiedzanych w\u00a0<strong>Nurkowanie w Alanyi<\/strong>\u00a0wycieczka.<\/p>\n<ul>\n<li><b>Odleg\u0142o\u015b\u0107 do portu:\u00a0<\/b>5 minut<\/li>\n<li><b>G\u0142\u0119boko\u015b\u0107:\u00a0<\/b>Od 4 do 25 metr\u00f3w<\/li>\n<li><b>Struktura dna morskiego:\u00a0<\/b>Ro\u015bliny skalne i podwodne.<\/li>\n<li><b>Fauna:\u00a0<\/b>O\u015bmiornica, p\u0142aszczka, murena, granik, ryba sier\u017cant, mi\u0119czaki morskie.<\/li>\n<\/ul>\n<\/div>\n<\/div>\n<div class=\"d-sm-flex align-items-center r1\">\n<p><img decoding=\"async\" class=\"lazy order-sm-2 rounded r3 float-sm-right ml-sm-3\" src=\"https:\/\/www.dailytoursinalanya.com\/Content\/images\/userfiles\/images\/diving\/amfora.webp\" alt=\"Amphora\" \/><\/p>\n<div class=\"order-sm-1\">\n<h5>Amfora<\/h5>\n<p>Odpowiedni dla certyfikowanych nurk\u00f3w. Istnieje wiele amfor i stworze\u0144 morskich. Standardem nie mo\u017cna tu wej\u015b\u0107\u00a0<strong>Nurkowanie w Alanyi<\/strong>\u00a0wycieczka.<\/p>\n<ul>\n<li><b>Odleg\u0142o\u015b\u0107 do portu:\u00a0<\/b>5 minut<\/li>\n<li><b>G\u0142\u0119boko\u015b\u0107:\u00a0<\/b>Mi\u0119dzy 20-29 metr\u00f3w<\/li>\n<li><b>Struktura dna morskiego:\u00a0<\/b>Ro\u015bliny skalne i podwodne.<\/li>\n<li><b>Fauna:\u00a0<\/b>O\u015bmiornica, p\u0142aszczka, murena, granik, mor\u015bwin<\/li>\n<\/ul>\n<\/div>\n<\/div>\n<div class=\"d-sm-flex align-items-center r1\">\n<p><img decoding=\"async\" class=\"lazy order-sm-2 rounded r3 float-sm-right ml-sm-3\" src=\"https:\/\/www.dailytoursinalanya.com\/Content\/images\/userfiles\/images\/diving\/korsan-magarasi.webp\" alt=\"Pirate Cave\" \/><\/p>\n<div class=\"order-sm-1\">\n<h5>Jaskinia Pirat\u00f3w<\/h5>\n<p>Jaskinia Pirat\u00f3w jest odpowiednim miejscem do nurkowania zar\u00f3wno dla nurk\u00f3w certyfikowanych, jak i nurkowa\u0144 szkoleniowych. W jaskini znajduje si\u0119 r\u00f3wnie\u017c zatopiony statek, g\u0142\u0119boki na 25 metr\u00f3w. Powierzchnia jaskini jest otwarta. To nie jest niebezpieczne. W jaskini znajduje si\u0119 wiele kolorowych kamieni. Jest wizualnie satysfakcjonuj\u0105cy. Jest to idealna jaskinia dla\u00a0<strong>nurkowanie w Alanyi<\/strong>.<\/p>\n<ul>\n<li><b>Odleg\u0142o\u015b\u0107 do portu:\u00a0<\/b>10 minut<\/li>\n<li><b>G\u0142\u0119boko\u015b\u0107:\u00a0<\/b>Od 12 do 33 metr\u00f3w<\/li>\n<li><b>Struktura dna morskiego:\u00a0<\/b>Skalisty<\/li>\n<li><b>Fauna:\u00a0<\/b>P\u0142aszczka, O\u015bmiornica, Grouper, Barakuda. W jaskini \u017cyj\u0105 tak\u017ce nietoperze.<\/li>\n<\/ul>\n<\/div>\n<\/div>\n<div class=\"d-sm-flex align-items-center r1\">\n<p><img decoding=\"async\" class=\"lazy order-sm-2 rounded r3 float-sm-right ml-sm-3\" src=\"https:\/\/www.dailytoursinalanya.com\/Content\/images\/userfiles\/images\/diving\/teras.webp\" alt=\"Terrace\" \/><\/p>\n<div class=\"order-sm-1\">\n<h5>Taras<\/h5>\n<p>Odpowiedni dla certyfikowanych nurk\u00f3w. Cz\u0119sto widzimy mureny ukryte w\u015br\u00f3d ska\u0142 w tym miejscu do nurkowania, kt\u00f3re jest ca\u0142kowicie pokryte ska\u0142ami. W standardzie nie mo\u017cna tu nurkowa\u0107\u00a0<strong>Nurkowanie w Alanyi<\/strong>\u00a0zbyt.<\/p>\n<ul>\n<li><b>Odleg\u0142o\u015b\u0107 do portu:\u00a0<\/b>10 minut<\/li>\n<li><b>G\u0142\u0119boko\u015b\u0107:\u00a0<\/b>Od 7 do 25 metr\u00f3w<\/li>\n<li><b>Struktura dna morskiego:\u00a0<\/b>Wyboista i kamienista<\/li>\n<li><b>Fauna:\u00a0<\/b>S\u0105 tam g\u0142\u00f3wnie skorupiaki.<\/li>\n<\/ul>\n<\/div>\n<\/div>\n<div class=\"d-sm-flex align-items-center r1\">\n<p><img decoding=\"async\" class=\"lazy order-sm-2 rounded r3 float-sm-right ml-sm-3\" src=\"https:\/\/www.dailytoursinalanya.com\/Content\/images\/userfiles\/images\/diving\/orta-magara.webp\" alt=\"Middle Cave\" \/><\/p>\n<div class=\"order-sm-1\">\n<h5>Jaskinia \u015arodkowa<\/h5>\n<p>Wej\u015bcie do jaskini jest g\u0142\u0119bokie na 15 metr\u00f3w. W tym miejscu nurkowym odbywaj\u0105 si\u0119 nurkowania w wodach g\u0142\u0119bokich. Idealny dla certyfikowanych i do\u015bwiadczonych nurk\u00f3w. Nurkowie amatorzy nie mog\u0105 tu nurkowa\u0107.<\/p>\n<ul>\n<li><b>Odleg\u0142o\u015b\u0107 do portu:\u00a0<\/b>12 minut<\/li>\n<li><b>G\u0142\u0119boko\u015b\u0107:\u00a0<\/b>Od 15 do 34 metr\u00f3w<\/li>\n<li><b>Struktura dna morskiego:\u00a0<\/b>Skalisty<\/li>\n<li><b>Fauna:\u00a0<\/b>Grouper, skrzydlica, o\u015bmiornica, czapla, murena, owad, Diplodus vulgaris.<\/li>\n<\/ul>\n<\/div>\n<\/div>\n<div class=\"d-sm-flex align-items-center r1\">\n<p><img decoding=\"async\" class=\"lazy order-sm-2 rounded r3 float-sm-right ml-sm-3\" src=\"https:\/\/www.dailytoursinalanya.com\/Content\/images\/userfiles\/images\/diving\/asiklar-magarasi.webp\" alt=\"Lovers Cave\" \/><\/p>\n<div class=\"order-sm-1\">\n<h5>Jaskinia Zakochanych<\/h5>\n<p>W tej jaskini odbywaj\u0105 si\u0119 nurkowania szkoleniowe. Nadaje si\u0119 r\u00f3wnie\u017c dla do\u015bwiadczonych nurk\u00f3w. Znajduje si\u0119 tu ma\u0142a jaskinia o g\u0142\u0119boko\u015bci 4 metr\u00f3w i stara kotwica morska o g\u0142\u0119boko\u015bci 21 metr\u00f3w. Jest to bardzo bogate miejsce nurkowe pod wzgl\u0119dem podwodnych stworze\u0144.<\/p>\n<ul>\n<li><b>Odleg\u0142o\u015b\u0107 do portu:\u00a0<\/b>15 minut<\/li>\n<li><b>G\u0142\u0119boko\u015b\u0107:\u00a0<\/b>Od 10 do 34 metr\u00f3w<\/li>\n<li><b>Struktura dna morskiego:\u00a0<\/b>Ro\u015bliny skaliste i podwodne.<\/li>\n<li><b>Fauna:\u00a0<\/b>Grouper, pstra, o\u015bmiornica, mi\u0119czak br\u0105zowy, murena, owad, leszcz, mi\u0119czaki morskie.<\/li>\n<\/ul>\n<\/div>\n<\/div>\n<div class=\"d-sm-flex align-items-center r1\">\n<p><img decoding=\"async\" class=\"lazy order-sm-2 rounded r3 float-sm-right ml-sm-3\" src=\"https:\/\/www.dailytoursinalanya.com\/Content\/images\/userfiles\/images\/diving\/dilvara.webp\" alt=\"Dilvara\" \/><\/p>\n<div class=\"order-sm-1\">\n<h5>Dilvara<\/h5>\n<p>Jest to jedno z miejsc gdzie wykonywane s\u0105 nurkowania szkoleniowe. Znajduje si\u0119 na ko\u0144cu p\u00f3\u0142wyspu Zamku Alanya. Istniej\u0105 dwa r\u00f3\u017cne punkty nurkowania, mianowicie zachodnia dilvara i wschodnia dilvara. Ich cechy s\u0105 podobne.<\/p>\n<ul>\n<li><b>Odleg\u0142o\u015b\u0107 do portu:\u00a0<\/b>17 minut<\/li>\n<li><b>G\u0142\u0119boko\u015b\u0107:\u00a0<\/b>Od 5 do 35 metr\u00f3w<\/li>\n<li><b>Struktura dna morskiego:\u00a0<\/b>Kamienista i cz\u0119\u015bciowo piaszczysta<\/li>\n<li><b>Fauna:\u00a0<\/b>W tym miejscu nurkowym cz\u0119sto mo\u017cna spotka\u0107 ryby r\u00f3jkowe.<\/li>\n<\/ul>\n<\/div>\n<\/div>\n<div class=\"d-sm-flex align-items-center r1\">\n<p><img decoding=\"async\" class=\"lazy order-sm-2 rounded r3 float-sm-right ml-sm-3\" src=\"https:\/\/www.dailytoursinalanya.com\/Content\/images\/userfiles\/images\/diving\/fosforlu-magara.webp\" alt=\"Phosphorous Cave\" \/><\/p>\n<div class=\"order-sm-1\">\n<h5>Jaskinia Fosforowa<\/h5>\n<p>Nadaje si\u0119 zar\u00f3wno do nurkowa\u0144 szkoleniowych, jak i nurk\u00f3w licencjonowanych. W tej jaskini odbywaj\u0105 si\u0119 r\u00f3wnie\u017c nurkowania nocne. Swoj\u0105 nazw\u0119 zawdzi\u0119cza b\u0142yszcz\u0105cym kamieniom, kt\u00f3re wygl\u0105daj\u0105, jakby by\u0142y fosforyzuj\u0105ce. To w\u0142a\u015bnie na zachodzie p\u00f3\u0142wyspu znajduje si\u0119 zamek w Alanyi. W miejscu nurkowania znajduj\u0105 si\u0119 dwie r\u00f3\u017cne grupy jaski\u0144, jedna na g\u0142\u0119boko\u015bci 5 metr\u00f3w, a druga na g\u0142\u0119boko\u015bci 12 metr\u00f3w. Jest to jedno z najbardziej idealnych miejsc do nurkowania w Alanyi.<\/p>\n<ul>\n<li><b>Odleg\u0142o\u015b\u0107 do portu:\u00a0<\/b>20 minut<\/li>\n<li><b>G\u0142\u0119boko\u015b\u0107:\u00a0<\/b>Od 8 do 33 metr\u00f3w<\/li>\n<li><b>Struktura dna morskiego:\u00a0<\/b>Ca\u0142kowicie kamieniste<\/li>\n<li><b>Fauna:\u00a0<\/b>Ryby przyn\u0119towe, ryby drapie\u017cne, mi\u0119czaki morskie.<\/li>\n<\/ul>\n<\/div>\n<\/div>\n<div class=\"d-sm-flex align-items-center r1\">\n<p><img decoding=\"async\" class=\"lazy order-sm-2 rounded r3 float-sm-right ml-sm-3\" src=\"https:\/\/www.dailytoursinalanya.com\/Content\/images\/userfiles\/images\/diving\/kiriktas.webp\" alt=\"Broken stone\" \/><\/p>\n<div class=\"order-sm-1\">\n<h5>T\u0142ucze\u0144<\/h5>\n<p>Jest to jeden z punkt\u00f3w nurkowych odwiedzanych w\u00a0<strong>Nurkowanie w Alanyi<\/strong>\u00a0program wycieczki. Na g\u0142\u0119boko\u015bci 4 metr\u00f3w znajduje si\u0119 jaskinia o d\u0142ugo\u015bci 10 metr\u00f3w. Jest to odpowiednie miejsce nurkowe do wszelkiego rodzaju nurkowa\u0144.<\/p>\n<ul>\n<li><b>Odleg\u0142o\u015b\u0107 do portu:\u00a0<\/b>20 minut<\/li>\n<li><b>G\u0142\u0119boko\u015b\u0107:\u00a0<\/b>Od 5 do 20 metr\u00f3w<\/li>\n<li><b>Struktura dna morskiego:\u00a0<\/b>Skalisty<\/li>\n<li><b>Fauna:\u00a0<\/b>Mo\u017cna tu zobaczy\u0107 prawie wszystkie rodzaje podwodnych stworze\u0144 zamieszkuj\u0105cych okolice Alanyi.<\/li>\n<\/ul>\n<\/div>\n<\/div>\n<div class=\"d-sm-flex align-items-center r1\">\n<p><img decoding=\"async\" class=\"lazy order-sm-2 rounded r3 float-sm-right ml-sm-3\" src=\"https:\/\/www.dailytoursinalanya.com\/Content\/images\/userfiles\/images\/diving\/tunel.webp\" alt=\"Tunnel\" \/><\/p>\n<div class=\"order-sm-1\">\n<h5>Tunel<\/h5>\n<p>Odpowiedni dla profesjonalnych nurk\u00f3w. Znajduje si\u0119 tam tunel o g\u0142\u0119boko\u015bci 13 metr\u00f3w. D\u0142ugo\u015b\u0107 tunelu wynosi 42 metry. Koniec tunelu jest otwarty. Szeroko\u015b\u0107 tunelu waha si\u0119 w granicach 3-6 metr\u00f3w. Wzd\u0142u\u017c tunelu znajduj\u0105 si\u0119 r\u00f3wnie\u017c ma\u0142e komory.<\/p>\n<ul>\n<li><b>Odleg\u0142o\u015b\u0107 do portu:\u00a0<\/b>25 minut<\/li>\n<li><b>G\u0142\u0119boko\u015b\u0107:\u00a0<\/b>Od 5 do 20 metr\u00f3w<\/li>\n<li><b>Struktura dna morskiego:\u00a0<\/b>Skalisty<\/li>\n<li><b>Fauna:\u00a0<\/b>O\u015bmiornica, p\u0142aszczka, murena, grouper, owad<\/li>\n<\/ul>\n<\/div>\n<\/div>\n<div class=\"d-sm-flex align-items-center r1\">\n<p><img decoding=\"async\" class=\"lazy order-sm-2 rounded r3 float-sm-right ml-sm-3\" src=\"https:\/\/www.dailytoursinalanya.com\/Content\/images\/userfiles\/images\/diving\/rambo.webp\" alt=\"Rambo\" \/><\/p>\n<div class=\"order-sm-1\">\n<h5>Rambo<\/h5>\n<p>Jest to najpopularniejsze miejsce do nurkowania w Alanyi. Na g\u0142\u0119boko\u015bci 13 metr\u00f3w znajduje si\u0119 podwodna jaskinia, w po\u0142owie wype\u0142niona powietrzem. Wysoko\u015b\u0107 przestrzeni powietrznej wewn\u0105trz jaskini mo\u017ce w niekt\u00f3rych miejscach si\u0119ga\u0107 nawet 10 metr\u00f3w. W jaskini znajduj\u0105 si\u0119 stalaktyty i stalagmity. Aby dotrze\u0107 do jaskini, nale\u017cy przej\u015b\u0107 przez tunel o d\u0142ugo\u015bci oko\u0142o 10 metr\u00f3w. Dno jaskini jest piaszczyste. Dlatego, aby nie zab\u0142oci\u0107 wody, wchodz\u0105c do jaskini, nale\u017cy przej\u015b\u0107 co najmniej 1 metr nad pod\u0142og\u0105.<\/p>\n<ul>\n<li><b>Odleg\u0142o\u015b\u0107 do portu:\u00a0<\/b>30 minut<\/li>\n<li><b>G\u0142\u0119boko\u015b\u0107:\u00a0<\/b>Od 5 do 22 metr\u00f3w<\/li>\n<li><b>Struktura dna morskiego:\u00a0<\/b>Rocky&#039;ego i Sandy&#039;ego<\/li>\n<li><b>Fauna:\u00a0<\/b>Mo\u017cna tu zobaczy\u0107 prawie wszystkie rodzaje podwodnych stworze\u0144 zamieszkuj\u0105cych okolice Alanyi.<\/li>\n<\/ul>\n<\/div>\n<\/div>\n<\/div>","protected":false},"excerpt":{"rendered":"<p>Do\u015bwiadczenia zwi\u0105zane z nurkowaniem w Alanyi Odkryj podwodne jaskinie Alanyi, spektakularne sztuczne rafy i podwodn\u0105 przyrod\u0119 Morza \u015ar\u00f3dziemnego podczas wycieczki nurkowej do Alanyi. Uwiecznij wspomnienia z wakacji dzi\u0119ki podwodnym zdj\u0119ciom i filmom. Do\u0142\u0105cz do rodziny i nurkuj z akwalungiem lub wybierz si\u0119 na relaksuj\u0105c\u0105 wycieczk\u0119 \u0142odzi\u0105. Program nurkowania w Alanyi Odbi\u00f3r z hotelu lub adresu. Badania zdrowia. [\u2026]<\/p>","protected":false},"featured_media":9764,"comment_status":"open","ping_status":"closed","template":"","meta":{"_monsterinsights_skip_tracking":false,"_monsterinsights_sitenote_active":false,"_monsterinsights_sitenote_note":"","_monsterinsights_sitenote_category":0},"product_cat":[85],"product_tag":[],"class_list":{"0":"post-9763","1":"product","2":"type-product","3":"status-publish","4":"has-post-thumbnail","6":"product_cat-alanya-tuplu-dalis","8":"first","9":"instock","10":"sale","11":"shipping-taxable","12":"purchasable","13":"product-type-ovabrw_car_rental"},"aioseo_notices":[],"_links":{"self":[{"href":"https:\/\/berfintour.com\/pl\/wp-json\/wp\/v2\/product\/9763","targetHints":{"allow":["GET"]}}],"collection":[{"href":"https:\/\/berfintour.com\/pl\/wp-json\/wp\/v2\/product"}],"about":[{"href":"https:\/\/berfintour.com\/pl\/wp-json\/wp\/v2\/types\/product"}],"replies":[{"embeddable":true,"href":"https:\/\/berfintour.com\/pl\/wp-json\/wp\/v2\/comments?post=9763"}],"wp:featuredmedia":[{"embeddable":true,"href":"https:\/\/berfintour.com\/pl\/wp-json\/wp\/v2\/media\/9764"}],"wp:attachment":[{"href":"https:\/\/berfintour.com\/pl\/wp-json\/wp\/v2\/media?parent=9763"}],"wp:term":[{"taxonomy":"product_cat","embeddable":true,"href":"https:\/\/berfintour.com\/pl\/wp-json\/wp\/v2\/product_cat?post=9763"},{"taxonomy":"product_tag","embeddable":true,"href":"https:\/\/berfintour.com\/pl\/wp-json\/wp\/v2\/product_tag?post=9763"}],"curies":[{"name":"wp","href":"https:\/\/api.w.org\/{rel}","templated":true}]}}