{"id":9758,"date":"2024-01-14T21:26:59","date_gmt":"2024-01-14T18:26:59","guid":{"rendered":"https:\/\/berfintour.com\/?post_type=product&#038;p=9758"},"modified":"2025-03-24T08:39:50","modified_gmt":"2025-03-24T05:39:50","slug":"alanya-only-rafting","status":"publish","type":"product","link":"https:\/\/berfintour.com\/pl\/urun\/alanya-only-rafting\/","title":{"rendered":"Rafting tylko w Alanyi"},"content":{"rendered":"<div class=\"header-ul\">\n<h3>Do\u015bwiadczenia zwi\u0105zane ze raftingiem w Alanyi<\/h3>\n<\/div>\n<div class=\"content-text tour-experiences\">\n<ul>\n<li>Prze\u017cyj niezapomnian\u0105 przygod\u0119 raftingow\u0105 na s\u0142ynnej na ca\u0142ym \u015bwiecie rzece K\u00f6pr\u00fc\u00e7ay<\/li>\n<li>Odwied\u017a zabytkowy most Oluk (Eurymedon) i most Karab\u00fck, aby odby\u0107 podr\u00f3\u017c w czasie<\/li>\n<li>Mo\u017cliwo\u015b\u0107 przyjemnych spacer\u00f3w, urzekaj\u0105cych pokaz\u00f3w animacji i niezapomnianych sesji zdj\u0119ciowych w miejscach historycznych<\/li>\n<li>Ciesz si\u0119 skokami z klif\u00f3w, orze\u017awiaj\u0105cymi przerwami na p\u0142ywanie i zaj\u0119ciami wodnymi<\/li>\n<li>Odkryj Park Narodowy Kanionu K\u00f6pr\u00fcl\u00fc, wspania\u0142\u0105 krain\u0119 czar\u00f3w przyrody i wyznaczony park narodowy od 1973 roku<\/li>\n<\/ul>\n<\/div>\n<div class=\"header-ul\">\n<h3>Program raftingu tylko w Alanyi<\/h3>\n<\/div>\n<div class=\"content-text\">\n<ul>\n<li>Odbi\u00f3r z hoteli, aby rozpocz\u0105\u0107 nasz\u0105 wycieczk\u0119 \u201eRafting tylko w Alanyi\u201d.<\/li>\n<li>Przybycie na miejsce zbi\u00f3rki na rafting w kanionie K\u00f6pr\u00fcl\u00fc<\/li>\n<li>Szczeg\u00f3\u0142owe instrukcje dotycz\u0105ce raftingu przygotowane przez naszych profesjonalnych przewodnik\u00f3w<\/li>\n<li>Dystrybucja niezb\u0119dnego sprz\u0119tu, takiego jak kamizelki ratunkowe, kaski i wios\u0142a dla Twojego bezpiecze\u0144stwa<\/li>\n<li>Przyjemna 15-minutowa podr\u00f3\u017c pojazdami wahad\u0142owymi do punktu pocz\u0105tkowego, historycznego mostu rzymskiego<\/li>\n<li>Informacje o obiektach historycznych przekazywane przez naszego przewodnika<\/li>\n<li>Wybierz si\u0119 na spacer w\u015br\u00f3d wspania\u0142ej przyrody Parku Narodowego Kanionu K\u00f6pr\u00fcl\u00fc, r\u00f3b niezapomniane zdj\u0119cia i zr\u00f3b sobie orze\u017awiaj\u0105c\u0105 przerw\u0119 na p\u0142ywanie<\/li>\n<li>Przydzia\u0142 dla 2-osobowych kajak\u00f3w i \u0142odzi pod okiem naszego pilota<\/li>\n<li>Prze\u017cyj pierwsz\u0105 cz\u0119\u015b\u0107 14-kilometrowej trasy, kt\u00f3ra obejmuje 7 km ekscytuj\u0105cego raftingu (ka\u017cda \u0142\u00f3d\u017a b\u0119dzie mia\u0142a dedykowanego przewodnika)<\/li>\n<li>Przerwa na p\u0142ywanie i odpoczynek<\/li>\n<li>Kontynuuj przygod\u0119 z drug\u0105 cz\u0119\u015bci\u0105 7-kilometrowej trasy<\/li>\n<li>Zr\u00f3b sobie przerw\u0119 na lunch w formie bufetu oferuj\u0105cego pyszne opcje, takie jak grillowana ryba, szasz\u0142yki z kurczaka, ry\u017c, sa\u0142atka ziemniaczana, makaron i sa\u0142atka sezonowa<\/li>\n<li>Ciesz si\u0119 urzekaj\u0105cym pokazem slajd\u00f3w przedstawiaj\u0105cym zdj\u0119cia zrobione przez nasz zesp\u00f3\u0142 podczas sp\u0142ywu<\/li>\n<li>Wr\u00f3\u0107 do swoich hoteli na koniec raftingu w Alanyi<\/li>\n<\/ul>\n<\/div>","protected":false},"excerpt":{"rendered":"<p>Do\u015bwiadczenia tylko na raftingu w Alanyi Prze\u017cyj niezapomnian\u0105 przygod\u0119 raftingow\u0105 na s\u0142ynnej na ca\u0142ym \u015bwiecie rzece K\u00f6pr\u00fc\u00e7ay Odwied\u017a historyczny most Oluk (Eurymedon) i Most Karab\u00fck, aby odby\u0107 podr\u00f3\u017c w czasie Mo\u017cliwo\u015b\u0107 przyjemnych spacer\u00f3w, urzekaj\u0105cych pokaz\u00f3w animacji i niezapomnianych sesji zdj\u0119ciowych w historycznych miejscach Ciesz si\u0119 skoki z klif\u00f3w, orze\u017awiaj\u0105ce przerwy na p\u0142ywanie i uprawianie sport\u00f3w wodnych Odkryj [\u2026]<\/p>","protected":false},"featured_media":9761,"comment_status":"open","ping_status":"closed","template":"","meta":{"_monsterinsights_skip_tracking":false,"_monsterinsights_sitenote_active":false,"_monsterinsights_sitenote_note":"","_monsterinsights_sitenote_category":0},"product_cat":[67],"product_tag":[],"class_list":{"0":"post-9758","1":"product","2":"type-product","3":"status-publish","4":"has-post-thumbnail","6":"product_cat-alanya-rafting","8":"first","9":"instock","10":"sale","11":"shipping-taxable","12":"purchasable","13":"product-type-ovabrw_car_rental"},"aioseo_notices":[],"_links":{"self":[{"href":"https:\/\/berfintour.com\/pl\/wp-json\/wp\/v2\/product\/9758","targetHints":{"allow":["GET"]}}],"collection":[{"href":"https:\/\/berfintour.com\/pl\/wp-json\/wp\/v2\/product"}],"about":[{"href":"https:\/\/berfintour.com\/pl\/wp-json\/wp\/v2\/types\/product"}],"replies":[{"embeddable":true,"href":"https:\/\/berfintour.com\/pl\/wp-json\/wp\/v2\/comments?post=9758"}],"wp:featuredmedia":[{"embeddable":true,"href":"https:\/\/berfintour.com\/pl\/wp-json\/wp\/v2\/media\/9761"}],"wp:attachment":[{"href":"https:\/\/berfintour.com\/pl\/wp-json\/wp\/v2\/media?parent=9758"}],"wp:term":[{"taxonomy":"product_cat","embeddable":true,"href":"https:\/\/berfintour.com\/pl\/wp-json\/wp\/v2\/product_cat?post=9758"},{"taxonomy":"product_tag","embeddable":true,"href":"https:\/\/berfintour.com\/pl\/wp-json\/wp\/v2\/product_tag?post=9758"}],"curies":[{"name":"wp","href":"https:\/\/api.w.org\/{rel}","templated":true}]}}