{"id":9753,"date":"2024-01-14T21:22:09","date_gmt":"2024-01-14T18:22:09","guid":{"rendered":"https:\/\/berfintour.com\/?post_type=product&#038;p=9753"},"modified":"2025-03-24T08:37:12","modified_gmt":"2025-03-24T05:37:12","slug":"alanya-jeep-safari","status":"publish","type":"product","link":"https:\/\/berfintour.com\/pl\/urun\/alanya-jeep-safari\/","title":{"rendered":"Safari jeepami w Alanyi"},"content":{"rendered":"<div class=\"header-ul\">\n<h3>Do\u015bwiadczenia z Alanyi Jeep Safari<\/h3>\n<\/div>\n<div class=\"content-text tour-experiences\">\n<ul>\n<li>Odkrywanie wspania\u0142ej przyrody Alanyi podczas safari<\/li>\n<li>Lokalne smaki gastronomiczne<\/li>\n<li>Zaj\u0119cia w\u0119dkarskie i p\u0142ywackie<\/li>\n<\/ul>\n<\/div>\n<div class=\"header-ul\">\n<h3>Program Alanya Jeep Safari<\/h3>\n<\/div>\n<div class=\"content-text\">\n<ul>\n<li>Odbi\u00f3r z Twoich hoteli lub adres\u00f3w<\/li>\n<li>Spotkanie z grupami w celu wyjazdu na safari<\/li>\n<li><strong>Safari jeepem w Alanyi<\/strong>\u00a0wycieczka z konwojem w g\u00f3ry Taurus<\/li>\n<li>Przerwa na zdj\u0119cia, aby podziwia\u0107 panoramiczne widoki na wzg\u00f3rze pokrywaj\u0105ce miasto<\/li>\n<li>Zabawne bitwy wodne pomi\u0119dzy zespo\u0142ami jeep\u00f3w<\/li>\n<li>Zwiedzanie ogrod\u00f3w owocowych<\/li>\n<li>Zwiedzanie otantycznego namiotu Y\u00f6r\u00fck, wioski Mahmutseydi i meczetu na wysoko\u015bci 850 m n.p.m.<\/li>\n<li>Wizyta w Dim Dam i przerwa na zdj\u0119cia<\/li>\n<li>Obiad (pstr\u0105g lub kurczak, ry\u017c, sa\u0142atka), przerwa na p\u0142ywanie i w\u0119dkowanie w Dim Stream<\/li>\n<li>Przerwa na p\u0142ywanie w Oba Stream<\/li>\n<li>Wr\u00f3\u0107 do hoteli lub punkt\u00f3w odbioru<\/li>\n<\/ul>\n<\/div>\n<div class=\"header-ul\">\n<h3>Og\u00f3lne informacje o Alanya Jeep Safari<\/h3>\n<\/div>\n<div class=\"content-text\">\n<p><img decoding=\"async\" class=\"rounded img-fluid float-sm-left mt-2 mr-sm-4 mb-2\" src=\"https:\/\/www.dailytoursinalanya.com\/Content\/images\/tours\/5\/thumb\/alanya-jeep-safari-14.webp\" alt=\"Alanya Jeep Safari 2\" \/><\/p>\n<h2>Safari Jeepem w Alanyi<\/h2>\n<p><strong>Safari jeepem w Alanyi<\/strong>\u00a0wycieczka to wycieczka pe\u0142na adrenaliny, podczas kt\u00f3rej b\u0119dziesz mija\u0107 tereny terenowe (\u015bcie\u017cki, po kt\u00f3rych nie mog\u0105 wjecha\u0107 normalne pojazdy, tereny pag\u00f3rkowate, b\u0142otniste, zakurzone, g\u00f3rzyste) i cieszy\u0107 si\u0119 wspania\u0142ymi widokami, odkrywa\u0107 najpi\u0119kniejsze wioski otantyczne, p\u0142askowy\u017ce i ogrody Alanyi; z jeepami Land Rover 4 * 4 ma 8 lub 10 miejsc.<\/p>\n<h3>Wycieczka safari jeepami w Alanyi<\/h3>\n<p>W towarzystwie profesjonalnych przewodnik\u00f3w poznasz przyrod\u0119, klimat i histori\u0119 Alanyi. Mo\u017cna to nazwa\u0107 te\u017c wycieczk\u0105 kulturaln\u0105. Podr\u00f3\u017cujesz po g\u00f3rach Taurus jeepami z otwartym dachem. Mo\u017cesz spotka\u0107 lokalnych mieszka\u0144c\u00f3w i spr\u00f3bowa\u0107 sezonowych \u015bwie\u017cych owoc\u00f3w tropikalnych, r\u0119cznie robionego soku winogronowego gotowanego przez kobiety, kt\u00f3re robi\u0105 to samodzielnie, oraz pysznych nale\u015bnik\u00f3w pieczonych w piekarniku. Je\u015bli chcesz przywie\u017a\u0107 troch\u0119 wspomnie\u0144 z Alanyi, mo\u017cesz kupi\u0107 prezenty od mieszka\u0144c\u00f3w wioski, w kt\u00f3rych odnajdziesz i poczujesz dusz\u0119 tego obszaru. By\u0107 mo\u017ce dobrze b\u0119dzie, je\u015bli zabierzesz ze sob\u0105 wi\u0119cej ubra\u0144, poniewa\u017c b\u0119dziesz przechodzi\u0107 przez wiele b\u0142otnistych dr\u00f3g i zbiornik\u00f3w wodnych.<\/p>\n<ul>\n<li>Dla tych, kt\u00f3rzy zastanawiaj\u0105 si\u0119, nie prowadzisz pojazd\u00f3w na\u00a0<strong>Safari jeepem w Alanyi<\/strong>\u00a0wycieczka.<\/li>\n<li>Mo\u017cesz do\u0142\u0105czy\u0107 do naszej zabawnej i pe\u0142nej przyg\u00f3d wycieczki bez wynajmu jeepa.<\/li>\n<li>Nasi certyfikowani, ubezpieczeni i do\u015bwiadczeni kierowcy je\u017cd\u017c\u0105 jeepami i tworz\u0105 cuda na torach przy akompaniamencie muzyki.<\/li>\n<li>Po prostu ciesz si\u0119 wakacjami.<\/li>\n<\/ul>\n<h4>Czy jest odpowiedni dla dzieci?<\/h4>\n<p><strong>Safari jeepem w Alanyi<\/strong>\u00a0wycieczka jest r\u00f3wnie\u017c odpowiednia dla dzieci, wi\u0119c rodziny z dzie\u0107mi mog\u0105 bez wahania do\u0142\u0105czy\u0107. Jest to jedna z naszych wycieczek rodzinnych, podczas kt\u00f3rej mo\u017cesz mi\u0142o sp\u0119dzi\u0107 czas z rodzin\u0105 i zachowa\u0107 dobre wspomnienia.<\/p>\n<h4>Jakie miejsca zobaczysz w Alanya Jeep Safari?<\/h4>\n<p><b>Ciemny strumie\u0144<\/b>, urodzony w g\u00f3rach Taurus. Jest to jedno z najlepszych miejsc, kt\u00f3re trzeba zobaczy\u0107 b\u0119d\u0105c w Alanyi, oddalone od centrum miasta o 7 km. Preferowane jest to, kto chce pozby\u0107 si\u0119 letniego upa\u0142u. Istniej\u0105 otantyczne restauracje, w kt\u00f3rych mo\u017cna och\u0142odzi\u0107 si\u0119 w lodowatej wodzie i zje\u015b\u0107 pyszne jedzenie. Restauracje te zlokalizowane s\u0105 nad strumieniem rzeki. Jest to \u015bwietne miejsce do zabawy, gdy\u017c znajduj\u0105 si\u0119 tu r\u00f3wnie\u017c zje\u017cd\u017calnie wodne. Ponadto mo\u017cesz zar\u00f3wno do\u015bwiadczy\u0107, jak i nauczy\u0107 si\u0119 nowego hobby zwi\u0105zanego z w\u0119dkarstwem. Znajduje si\u0119 tam Dim Village, czyli osada wok\u00f3\u0142 strumienia. Ciesz si\u0119 tym cudem natury, gdy jeste\u015b w \u015brodku\u00a0<strong>Safari jeepem w Alanyi<\/strong>\u00a0wycieczka.<\/p>\n<ul>\n<li><b>Ciemna Dama<\/b>, Zosta\u0142a za\u0142o\u017cona na Dim Stream w latach 1998-2004 w celu nawadniania, dostarczania energii i wody pitnej dla rolnictwa. Zapora ta dostarcza rocznie 11 hektar\u00f3w wody pitnej do Antalyi.<\/li>\n<li><b>Wioska Mahmutseydiego<\/b>, le\u017cy 25 km na p\u00f3\u0142noc od dystryktu Alanya, w g\u00f3rach Taurus, oko\u0142o 600 m od morza. Jest to stara osada zbudowana na wysokim, poro\u015bni\u0119tym lasem terenie. Znajduje si\u0119 tu najstarszy meczet Alanyi (Meczet Mahmutseydiego), zbudowany w 1252 roku i si\u0119gaj\u0105cy czas\u00f3w Seld\u017cuk\u00f3w.<\/li>\n<\/ul>\n<p>Je\u015bli utkniesz pomi\u0119dzy budynkami i zm\u0119czy Ci\u0119 widok na miasto, chcesz odkry\u0107 nowe miejsca i prze\u017cy\u0107 nowe przygody, mo\u017cesz skorzysta\u0107 z naszych wycieczek pe\u0142nych adrenaliny, korzystaj\u0105c z naszych ekonomicznych pakiet\u00f3w, mo\u017cesz sprawi\u0107, \u017ce Tw\u00f3j dzie\u0144 b\u0119dzie przyjemny i pe\u0142en nowych wra\u017ce\u0144 do\u015bwiadczenie.<\/p>\n<h3>Jeep Safari Alanya Turcja<\/h3>\n<p><b>Jeep safari w Alanyi Turcja<\/b>\u00a0jest ekscytuj\u0105cym zaj\u0119ciem dla podr\u00f3\u017cnych odwiedzaj\u0105cych to miasto. Podczas malowniczej przeja\u017cd\u017cki Go\u015bcie mog\u0105 podziwia\u0107 zapieraj\u0105ce dech w piersiach widoki na g\u00f3ry. Wycieczka trwa p\u00f3\u0142 dnia i obejmuje przerw\u0119 na lunch. Po obiedzie uczestnicy wracaj\u0105 terenowym Jeepem do Alanyi. Wycieczka ko\u0144czy si\u0119 p\u00f3\u017anym popo\u0142udniem, kiedy uczestnicy wr\u00f3c\u0105 do swoich hoteli. Oto kr\u00f3tki przegl\u0105d\u00a0<strong>Safari jeepem w Alanyi<\/strong>.<\/p>\n<h3>Sapadere Jeep Safari<\/h3>\n<p>Dla poszukiwacza przyg\u00f3d nic nie przebije:\u00a0<b>Sapadere safari jeepem<\/b>. Prowadzi Ci\u0119 przez malownicze i kr\u0119te drogi kanionu i pozwala zebra\u0107 niezapomniane wspomnienia naturalnych krajobraz\u00f3w. Po przybyciu do centrum wycieczek kierowca oprowadzi Ci\u0119 po okolicy i poinformuje, gdzie znajduj\u0105 si\u0119 r\u00f3\u017cne miejsca na trasie wycieczki. Po przyje\u017adzie otrzymasz informacje na temat r\u00f3\u017cnych obszar\u00f3w i b\u0119dziesz mie\u0107 nieograniczony czas na ich zwiedzanie.<\/p>\n<ul>\n<li>B\u0119dziesz mia\u0142 okazj\u0119 do\u015bwiadczy\u0107 ch\u0142odnego, orze\u017awiaj\u0105cego powietrza, krystalicznie czystej wody i urokliwych wiosek w pobli\u017cu.<\/li>\n<li>Wioska Sapadere ma skromn\u0105 urod\u0119 i jest domem dla fabryki jedwabiu, domu tureckiego i kokon\u00f3w jedwabnik\u00f3w.<\/li>\n<li>Tw\u00f3j przewodnik opowie Ci o historii wioski i zapewni mn\u00f3stwo okazji do robienia zdj\u0119\u0107.<\/li>\n<li>Gdy sko\u0144czysz cieszy\u0107 si\u0119 przyrod\u0105 i zapieraj\u0105cymi dech w piersiach widokami, mo\u017cesz wr\u00f3ci\u0107 do hotelu na tradycyjny lunch.<\/li>\n<\/ul>\n<h3>Cena Jeepa Safari w Alanyi<\/h3>\n<p>Wycieczka\u00a0<strong>Alanya j<\/strong><b>ech safari<\/b>\u00a0mo\u017ce by\u0107 \u015bwietnym sposobem na po\u0142\u0105czenie zwiedzania i przygody, a tak\u017ce doskona\u0142ym sposobem na bliskie i osobiste poznanie g\u00f3r Taurus. B\u0119dziesz m\u00f3g\u0142 zobaczy\u0107 naturalne krajobrazy i dobrze si\u0119 bawi\u0107, jad\u0105c przez b\u0142oto, i cieszy\u0107 si\u0119 tradycyjnymi walkami wodnymi z innymi podr\u00f3\u017cnikami.\u00a0<strong>Cena jeep safari w Alanyi<\/strong>\u00a0zaczynaj\u0105 si\u0119 od oko\u0142o 20 EUR za osob\u0119 doros\u0142\u0105 i kosztuj\u0105 tylko 10 EUR za dzieci w wieku od siedmiu do dwunastu lat. Dzieci do lat sze\u015bciu s\u0105 bezp\u0142atne.<\/p>\n<ul>\n<li><b>Safari jeepem w Alanyi<\/b>\u00a0to idealne zaj\u0119cie rodzinne, kt\u00f3re sprawi rado\u015b\u0107 zar\u00f3wno dzieciom, jak i doros\u0142ym.<\/li>\n<li>Poziom zagro\u017cenia jest niski\u00a0<strong>Safari jeepem w Alanyi<\/strong>\u00a0wycieczk\u0119, a kierowcy zawsze przestrzegaj\u0105 zasad.<\/li>\n<li>Nie jest to szalone safari, ale daje mn\u00f3stwo frajdy, a najlepsze jest to, \u017ce po zako\u0144czeniu wycieczki zostaniesz przeniesiony z powrotem do hotelu.\u00a0<strong>Safari jeepem w Alanyi<\/strong>\u00a0wycieczka.<\/li>\n<li>To niezapomniane prze\u017cycie dla ca\u0142ej Twojej rodziny, a to wszystko za bardzo rozs\u0105dn\u0105 cen\u0119.<\/li>\n<\/ul>\n<h3>Safari Jeepem w Alanyi<\/h3>\n<p>Je\u015bli interesuj\u0105 Ci\u0119 najpi\u0119kniejsze krajobrazy Alanyi, rozwa\u017c rezerwacj\u0119\u00a0<b>Safari jeepem w Alanyi<\/b>. Dzi\u0119ki tym przygodom zobaczysz najpi\u0119kniejsze krajobrazy miasta, w tym staro\u017cytn\u0105 jaskini\u0119 Dim, najwi\u0119ksz\u0105 jaskini\u0119 w Europie. Po twoim\u00a0<strong>safari jeepem w Alanyi<\/strong>, mo\u017cesz zje\u015b\u0107 piknik nad rzek\u0105, wybra\u0107 si\u0119 na wypraw\u0119 w\u0119dkarsk\u0105 lub po prostu pop\u0142ywa\u0107.<\/p>\n<ul>\n<li>Tw\u00f3j przewodnik wyja\u015bni tradycje religijne tego obszaru, a tak\u017ce spos\u00f3b \u017cycia mieszka\u0144c\u00f3w Alanyi.<\/li>\n<li>The\u00a0<strong>Safari jeepem w Alanyi<\/strong>\u00a0wycieczka obejmie post\u00f3j w lokalnej wiosce, a tak\u017ce w meczecie, gdzie b\u0119dziesz mia\u0142 okazj\u0119 obserwowa\u0107, jak modl\u0105 si\u0119 muzu\u0142manie.<\/li>\n<li>B\u0119dziesz mia\u0142 tak\u017ce okazj\u0119 spr\u00f3bowa\u0107 lokalnej kuchni i tradycyjnego tureckiego napoju Beckmez.<\/li>\n<li>Przez\u00a0<strong>Safari jeepem w Alanyi<\/strong>\u00a0wycieczk\u0119, zobaczysz pi\u0119kne widoki i zrobisz zdj\u0119cia okolicy.<\/li>\n<\/ul>\n<h3>Jeep Safari Turcja Alanya<\/h3>\n<p>Je\u015bli szukasz czego\u015b bardziej aktywnego,\u00a0<b>safari jeepem<\/b>\u00a0<strong>Turcja Alanya<\/strong>\u00a0to \u015bwietna opcja.\u00a0<strong>Safari jeepem w Alanyi<\/strong>\u00a0wycieczka zabierze Ci\u0119 w podr\u00f3\u017c pe\u0142n\u0105 natury i przyg\u00f3d, z przystankami na przerwy na zdj\u0119cia i ciekawymi widokami po drodze. Mo\u017cesz nawet odwiedzi\u0107 jaskini\u0119, aby zrobi\u0107 kilka zdj\u0119\u0107 i zje\u015b\u0107 lunch w formie bufetu na \u015bwie\u017cym powietrzu nad brzegiem rzeki Dim.\u00a0<strong>Safari jeepem w Alanyi<\/strong>\u00a0to \u015bwietny spos\u00f3b na wyj\u015bcie na zewn\u0105trz i zwiedzanie regionu, a tak\u017ce pyszny lunch.<\/p>\n<ul>\n<li>Je\u015bli masz dzieci, rozwa\u017c zabranie ich na wycieczk\u0119\u00a0<strong>Safari jeepem w Alanyi<\/strong>.<\/li>\n<li>Z pewno\u015bci\u0105 spodoba im si\u0119 mo\u017cliwo\u015b\u0107 zwiedzania ogromnej jaskini, spr\u00f3bowania lokalnych owoc\u00f3w i zobaczenia muzu\u0142ma\u0144skiego meczetu.<\/li>\n<li>W zale\u017cno\u015bci od wieku\u00a0<strong>safari jeepem w Alanyi<\/strong>\u00a0mo\u017ce obejmowa\u0107 nawet wycieczk\u0119 do parku rozrywki.<\/li>\n<li>B\u0119d\u0105c tam, mo\u017cesz nawet wzi\u0105\u0107 udzia\u0142 w uczcie narodowej i odwiedzi\u0107 tureck\u0105 wiosk\u0119.<\/li>\n<\/ul>\n<h4>Safari jeepami do rzeki Dim<\/h4>\n<p>The\u00a0<strong>Safari jeepem do rzeki Dim<\/strong>\u00a0to doskona\u0142a propozycja dla mi\u0142o\u015bnik\u00f3w przyrody i podr\u00f3\u017cnik\u00f3w poszukuj\u0105cych wyj\u0105tkowych wra\u017ce\u0144. The\u00a0<strong>Safari jeepem w Alanyi<\/strong>\u00a0wycieczka odbywa si\u0119 w jeepach safari Landrover 4\u00d74 i zabiera Ci\u0119 w podr\u00f3\u017c przez lasy sosnowe i pasma g\u00f3rskie g\u00f3ry Taurus. Po drodze odwiedzisz wiosk\u0119 nomad\u00f3w i spotkasz ludzi ubranych w tradycyjne stroje.<\/p>\n<p>Wycieczka jeepem zabierze Ci\u0119 tak\u017ce do tamy, kt\u00f3ra pierwotnie zosta\u0142a zbudowana w celu zapewnienia elektryczno\u015bci i nawadniania. B\u0119dziesz tak\u017ce cieszy\u0107 si\u0119 wspania\u0142ym widokiem z tamy Dim, kt\u00f3ra znajduje si\u0119 na obrze\u017cach miasta.<\/p>\n<ul>\n<li>Po odkryciu Alanyi, nast\u0119pny krok na Twojej drodze\u00a0<strong>Safari jeepem w Alanyi<\/strong>\u00a0jest zwiedzanie jaskini Dim i tamy.<\/li>\n<li>Te dwie lokalizacje s\u0105 bardzo popularnymi atrakcjami turystycznymi regionu. Po drodze mo\u017cna odwiedzi\u0107 tak\u017ce plantacj\u0119 owoc\u00f3w.<\/li>\n<li>Wycieczka obejmuje transport w obie strony, us\u0142ugi przewodnika i pyszny lunch nad rzek\u0105 Dim.<\/li>\n<li>Ponadto mo\u017cna tak\u017ce wzi\u0105\u0107 udzia\u0142 w w\u0119dkowaniu w rzece.<\/li>\n<li>Je\u015bli interesujesz si\u0119 w\u0119dkarstwem, mo\u017cesz zabra\u0107 ze sob\u0105 w\u0119dki muchowe i sprz\u0119t w\u0119dkarski.<\/li>\n<\/ul>\n<\/div>","protected":false},"excerpt":{"rendered":"<p>Do\u015bwiadczenia Alanya Jeep Safari Odkrywanie wspania\u0142ej przyrody Alanyi poprzez safari Lokalne smaki gastronomiczne W\u0119dkarstwo i p\u0142ywanie Program Alanya Jeep Safari Odbi\u00f3r z Twoich hoteli lub adres\u00f3w Spotkanie z grupami na safari Wycieczka jeepem po Alanyi z konwojem w g\u00f3rach Taurus Przerwa na zdj\u0119cia panoramiczne [\u2026]<\/p>","protected":false},"featured_media":9754,"comment_status":"open","ping_status":"closed","template":"","meta":{"_monsterinsights_skip_tracking":false,"_monsterinsights_sitenote_active":false,"_monsterinsights_sitenote_note":"","_monsterinsights_sitenote_category":0},"product_cat":[97],"product_tag":[],"class_list":{"0":"post-9753","1":"product","2":"type-product","3":"status-publish","4":"has-post-thumbnail","6":"product_cat-alanya-jeep-safari","8":"first","9":"instock","10":"sale","11":"shipping-taxable","12":"purchasable","13":"product-type-ovabrw_car_rental"},"aioseo_notices":[],"_links":{"self":[{"href":"https:\/\/berfintour.com\/pl\/wp-json\/wp\/v2\/product\/9753","targetHints":{"allow":["GET"]}}],"collection":[{"href":"https:\/\/berfintour.com\/pl\/wp-json\/wp\/v2\/product"}],"about":[{"href":"https:\/\/berfintour.com\/pl\/wp-json\/wp\/v2\/types\/product"}],"replies":[{"embeddable":true,"href":"https:\/\/berfintour.com\/pl\/wp-json\/wp\/v2\/comments?post=9753"}],"wp:featuredmedia":[{"embeddable":true,"href":"https:\/\/berfintour.com\/pl\/wp-json\/wp\/v2\/media\/9754"}],"wp:attachment":[{"href":"https:\/\/berfintour.com\/pl\/wp-json\/wp\/v2\/media?parent=9753"}],"wp:term":[{"taxonomy":"product_cat","embeddable":true,"href":"https:\/\/berfintour.com\/pl\/wp-json\/wp\/v2\/product_cat?post=9753"},{"taxonomy":"product_tag","embeddable":true,"href":"https:\/\/berfintour.com\/pl\/wp-json\/wp\/v2\/product_tag?post=9753"}],"curies":[{"name":"wp","href":"https:\/\/api.w.org\/{rel}","templated":true}]}}