{"id":9737,"date":"2024-01-14T21:03:58","date_gmt":"2024-01-14T18:03:58","guid":{"rendered":"https:\/\/berfintour.com\/?post_type=product&#038;p=9737"},"modified":"2025-03-24T08:43:06","modified_gmt":"2025-03-24T05:43:06","slug":"pamukkale-tour-from-alanya","status":"publish","type":"product","link":"https:\/\/berfintour.com\/pl\/urun\/pamukkale-tour-from-alanya\/","title":{"rendered":"Wycieczka do Pamukkale z Alanyi"},"content":{"rendered":"<div class=\"header-ul\">\n<h3>Do\u015bwiadczenia z wycieczki do Pamukkale z Alanyi<\/h3>\n<\/div>\n<div class=\"content-text tour-experiences\">\n<ul>\n<li>Odwied\u017a trawertyny w Pamukkale, kt\u00f3re powsta\u0142y \u015brednio 400 000 lat temu.<\/li>\n<li>Odkryj staro\u017cytne miasto Hierapolis, kt\u00f3re zosta\u0142o za\u0142o\u017cone w II wieku p.n.e.<\/li>\n<li>Pop\u0142ywaj w zabytkowym basenie termalnym Kleopatry, kt\u00f3ry powsta\u0142 po trz\u0119sieniu ziemi w VII wieku naszej ery.<\/li>\n<li>Odwied\u017a staro\u017cytny teatr w Hierapolis, kt\u00f3rego budowa trwa\u0142a 150 lat.<\/li>\n<\/ul>\n<\/div>\n<div class=\"header-ul\">\n<h3>Program wycieczki Pamukkale z Alanyi<\/h3>\n<\/div>\n<div class=\"content-text\">\n<ul>\n<li>W przypadku codziennej wycieczki do Pamukkale z Alanyi zostaniesz odebrany z domu lub hotelu we wczesnych godzinach porannych.<\/li>\n<li>Przerw\u0119 na \u015bniadanie robisz w mie\u015bcie Korkuteli.<\/li>\n<li>Po przybyciu do Pamukkale odwiedzisz staro\u017cytne miasto Hierapolis jako pierwszy przystanek wycieczki.<\/li>\n<li>Po\u0142udniowa brama rzymska w staro\u017cytnym mie\u015bcie Hierapolis, po\u0142udniowa brama Frontinus, sala gimnastyczna, ko\u015bci\u00f3\u0142 kolumnowy, wielka \u0142a\u017ania, zbiornik na wod\u0119 Nymphaeum, katedra, \u0142a\u017anie bizantyjskie, Triton Nymphaeum, p\u00f3\u0142nocna brama bizantyjska Frontinus Road, Agora, Latrina, \u015bwi\u0105tynia Zeusa, staro\u017cytna. Kamienny M\u0142yn, Brama Frontinus, Ko\u015bci\u00f3\u0142 \u0141a\u017ani, Stary Teatr, Nekropolia P\u00f3\u0142nocna i \u015bredniowieczny zamek Seld\u017cuk\u00f3w, w towarzystwie przewodnika, a zostaniesz poinformowany o jego historii.<\/li>\n<li>Po zapoznaniu si\u0119 z histori\u0105 i kultur\u0105 regionu odwiedzisz bia\u0142e trawertyny, gdzie b\u0119dziesz m\u00f3g\u0142 cieszy\u0107 si\u0119 pi\u0119knem tego cudu natury.<\/li>\n<li>Przeznaczono okre\u015blony czas na p\u0142ywanie i odpoczynek w naturalnie wyst\u0119puj\u0105cych basenach.<\/li>\n<li>Docierasz do obszaru wzg\u00f3rza, aby robi\u0107 zdj\u0119cia i nagrywa\u0107 filmy.<\/li>\n<li>W zale\u017cno\u015bci od \u017cyczenia mo\u017cna uda\u0107 si\u0119 do Antycznego Basenu Termalnego Kleopatry. Tutaj b\u0119dziesz p\u0142ywa\u0107 w\u015br\u00f3d historycznych artefakt\u00f3w, bada\u0107 je i od\u015bwie\u017cy\u0107 si\u0119 w ich leczniczych wodach.<\/li>\n<li>Masz przerw\u0119 na lunch.<\/li>\n<li>Wyruszyli\u015bcie odwiedzi\u0107 czerwone trawertyny wodne Karahay\u0131t.<\/li>\n<li>Przewodnik wypuszcza Ci\u0119 na wolno\u015b\u0107 i cieszysz si\u0119 otoczeniem oraz leczysz naturalnymi wodami \u017ar\u00f3dlanymi.<\/li>\n<li>Wycieczka do Pamukkale ko\u0144czy si\u0119 i wsiadasz do autobusu.<\/li>\n<li>Wyruszysz do Alanyi.<\/li>\n<li>Odwiedzasz po drodze sklep ze sk\u00f3rami i tekstyliami.<\/li>\n<li>Odwiedzasz sklep z kamieniami onyksowymi. Masz czas na zakupy w sklepie.<\/li>\n<li>Po wizycie w sklepie kontynuuj podr\u00f3\u017c i zr\u00f3b sobie przerw\u0119 na kolacj\u0119 w lokalnej restauracji.<\/li>\n<li>Po przybyciu do Alanyi zostaniesz odwieziony do hotelu lub miejsca zamieszkania.<\/li>\n<\/ul>\n<\/div>\n<div class=\"header-ul\">\n<h3>Og\u00f3lne informacje o wycieczce do Pamukkale z Alanyi<\/h3>\n<\/div>\n<div class=\"content-text\">\n<p>Wycieczka do Pamukkale z Alanyi to atrakcja turystyczna, podczas kt\u00f3rej b\u0119dziesz \u015bwiadkiem wyj\u0105tkowego spotkania natury i historii.<\/p>\n<p>Jest to aktywno\u015b\u0107, w kt\u00f3rej z \u0142atwo\u015bci\u0105 mog\u0105 uczestniczy\u0107 rodziny z dzie\u0107mi.<\/p>\n<p>\u015aniadanie zjesz w mie\u015bcie Korkuteli, kt\u00f3re s\u0142ynie z tego, \u017ce jest jedynym niezdobytym miejscem w Anatolii.<\/p>\n<p>Z naszym do\u015bwiadczonym przewodnikiem odwiedzisz i poznasz staro\u017cytne miasto Hierapolis oraz dowiesz si\u0119 wi\u0119cej o jego historii i kulturze.<\/p>\n<p>W 2500-letnim staro\u017cytnym mie\u015bcie Pamukkale Hierapolis, kt\u00f3re jest wyj\u0105tkowe na \u015bwiecie; ulice, bramy, \u0142a\u017anie, agora, Ko\u015bci\u00f3\u0142 \u015bw. Filipa M\u0119czennika odwiedzicie Ko\u015bci\u00f3\u0142 M\u0119czennika Filipa, staro\u017cytny teatr, \u015awi\u0105tyni\u0119 Apolla i Muzeum Archeologiczne w Hierapolis, a zostaniecie poinformowani o jego historii.<\/p>\n<p>Wody termalne trawertyn\u00f3w od wiek\u00f3w s\u0105 dla zwiedzaj\u0105cych \u017ar\u00f3d\u0142em leczenia, zdrowia i urody. Odwiedzi\u0142a egipska kr\u00f3lowa Kleopatra.<\/p>\n<p>B\u0119dziesz m\u00f3g\u0142 p\u0142ywa\u0107 w 17 r\u00f3\u017cnych wodach gor\u0105cych \u017ar\u00f3de\u0142 o zakresie temperatur 35-100\u00b0C.<\/p>\n<p>B\u0119dziesz p\u0142ywa\u0107 w Staro\u017cytnym Basenie Termalnym Kleopatry, w kt\u00f3rym o ka\u017cdej porze roku panuje temperatura 36\u00b0C.<\/p>\n<p>W Basenie Kleopatry znajduj\u0105 si\u0119 artefakty historyczne sprzed 2000 lat. B\u0119dziesz m\u00f3g\u0142 zobaczy\u0107 te historyczne artefakty i p\u0142ywa\u0107 w\u015br\u00f3d nich.<\/p>\n<p>W drodze powrotnej z Pamukkale do Alanyi b\u0119dziesz mia\u0142 przerw\u0119 na kolacj\u0119.<\/p>\n<p>Odwiedzisz czerwone trawertyny wodne Karahay\u0131t.<\/p>\n<p>B\u0119dziesz mia\u0142 okazj\u0119 robi\u0107 zakupy w sklepie Onyx Stone. B\u0119dzie mo\u017cna kupi\u0107 prezenty i pami\u0105tki.<\/p>\n<p>Odwiedzisz s\u0142ynny sklep ze sk\u00f3rami i tekstyliami w Pamukkale.<\/p>\n<p>Odleg\u0142o\u015b\u0107 drogowa z Alanyi do Pamukkale wynosi oko\u0142o 370 km.<\/p>\n<p>Podr\u00f3\u017c trwa zwykle 5 godzin, ale zajmie oko\u0142o 6 godzin, poniewa\u017c w drodze b\u0119d\u0105 przerwy na odpoczynek i posi\u0142ek.<\/p>\n<p>Mo\u017cesz tak\u017ce zapozna\u0107 si\u0119 z naszym programem wycieczek do Pamukkale, dzi\u0119ki kt\u00f3remu mo\u017cesz po\u015bwi\u0119ci\u0107 wi\u0119cej czasu na zwiedzanie miejsc, kt\u00f3re odwiedzisz w Pamukkale, korzystaj\u0105c z 1 noclegu. Zakwaterowanie w hotelu jest wliczone w cen\u0119.<\/p><\/div>","protected":false},"excerpt":{"rendered":"<p>Do\u015bwiadczenia z wycieczki do Pamukkale z Alanyi Odwied\u017a trawertyny w Pamukkale, kt\u00f3re powsta\u0142y \u015brednio 400 000 lat temu. Odkryj staro\u017cytne miasto Hierapolis, kt\u00f3re zosta\u0142o za\u0142o\u017cone w II wieku p.n.e. Pop\u0142ywaj w zabytkowym basenie termalnym Kleopatry, kt\u00f3ry powsta\u0142 po trz\u0119sieniu ziemi w VII wieku naszej ery. Odwied\u017a staro\u017cytny teatr w Hierapolis, [\u2026]<\/p>","protected":false},"featured_media":9739,"comment_status":"open","ping_status":"closed","template":"","meta":{"_monsterinsights_skip_tracking":false,"_monsterinsights_sitenote_active":false,"_monsterinsights_sitenote_note":"","_monsterinsights_sitenote_category":0},"product_cat":[95],"product_tag":[],"class_list":{"0":"post-9737","1":"product","2":"type-product","3":"status-publish","4":"has-post-thumbnail","6":"product_cat-pamukkale-tour-from-alanya","8":"first","9":"instock","10":"sale","11":"shipping-taxable","12":"purchasable","13":"product-type-ovabrw_car_rental"},"aioseo_notices":[],"_links":{"self":[{"href":"https:\/\/berfintour.com\/pl\/wp-json\/wp\/v2\/product\/9737","targetHints":{"allow":["GET"]}}],"collection":[{"href":"https:\/\/berfintour.com\/pl\/wp-json\/wp\/v2\/product"}],"about":[{"href":"https:\/\/berfintour.com\/pl\/wp-json\/wp\/v2\/types\/product"}],"replies":[{"embeddable":true,"href":"https:\/\/berfintour.com\/pl\/wp-json\/wp\/v2\/comments?post=9737"}],"wp:featuredmedia":[{"embeddable":true,"href":"https:\/\/berfintour.com\/pl\/wp-json\/wp\/v2\/media\/9739"}],"wp:attachment":[{"href":"https:\/\/berfintour.com\/pl\/wp-json\/wp\/v2\/media?parent=9737"}],"wp:term":[{"taxonomy":"product_cat","embeddable":true,"href":"https:\/\/berfintour.com\/pl\/wp-json\/wp\/v2\/product_cat?post=9737"},{"taxonomy":"product_tag","embeddable":true,"href":"https:\/\/berfintour.com\/pl\/wp-json\/wp\/v2\/product_tag?post=9737"}],"curies":[{"name":"wp","href":"https:\/\/api.w.org\/{rel}","templated":true}]}}