{"id":9732,"date":"2024-01-14T03:04:02","date_gmt":"2024-01-14T00:04:02","guid":{"rendered":"https:\/\/berfintour.com\/?post_type=product&#038;p=9732"},"modified":"2025-01-20T19:14:20","modified_gmt":"2025-01-20T16:14:20","slug":"alanya-aquapark","status":"publish","type":"product","link":"https:\/\/berfintour.com\/pl\/urun\/alanya-aquapark\/","title":{"rendered":"Aquapark w Alanyi"},"content":{"rendered":"<div class=\"header-ul\">\n<h3>Do\u015bwiadczenia Aquaparku Alanya<\/h3>\n<\/div>\n<div class=\"content-text tour-experiences\">\n<p>W basenie ze sztuczn\u0105 fal\u0105 b\u0119dziesz zmaga\u0142 si\u0119 z kilkumetrowymi falami.<\/p>\n<p>Poczujesz emocje zwi\u0105zane ze skokiem na bungee z wysoko\u015bci 70 metr\u00f3w.<\/p>\n<p>B\u0119dziesz sp\u0142ywa\u0142 po 300-metrowym torze.<\/p>\n<p>Prze\u017cyjesz zabawne, przyjemne i ekscytuj\u0105ce chwile na zje\u017cd\u017calniach wodnych.<\/p>\n<\/div>\n<div class=\"header-ul\">\n<h3>Program Aquaparku Alanya<\/h3>\n<\/div>\n<div class=\"content-text\">\n<ul>\n<li>Zostaniesz odebrany z hotelu lub miejsca, w kt\u00f3rym sko\u0144czy\u0142e\u015b, naszymi pojazdami wahad\u0142owymi i wyruszysz do parku wodnego Alanya Aquapark, gdzie b\u0119dziesz si\u0119 dobrze bawi\u0107.<\/li>\n<li>Kiedy dotrzesz do parku zje\u017cd\u017calni wodnych w regionie Alanya Okurcalar, po przej\u015bciu procedur wej\u015bciowych otrzymasz najpierw klucze do swoich szafek.<\/li>\n<li>B\u0119dziesz mia\u0142 czas wolny do godziny 16:00.<\/li>\n<li>Masz przerw\u0119 na lunch.<\/li>\n<li>Mo\u017cna skaka\u0107 na bungee.<\/li>\n<li>Mo\u017cna uprawia\u0107 rafting.<\/li>\n<li>Gdy zbli\u017ca si\u0119 godzina wyj\u015bcia, mo\u017cesz zaspokoi\u0107 swoje potrzeby korzystaj\u0105c z kabiny prysznicowej i przebieralni.<\/li>\n<li>Przy wyj\u015bciu zostan\u0105 Pa\u0144stwo odebrani przez nasze pojazdy serwisowe i odwiezieni do hotelu lub innego miejsca pobytu.<\/li>\n<\/ul>\n<\/div>\n<div class=\"header-ul\">\n<h3>Og\u00f3lne informacje o Aquaparku Alanya<\/h3>\n<\/div>\n<div class=\"content-text\"><img decoding=\"async\" class=\"rounded img-fluid float-sm-left mt-2 mr-sm-4 mb-2\" src=\"https:\/\/www.dailytoursinalanya.com\/Content\/images\/tours\/14\/thumb\/alanya-aquapark-19.webp\" alt=\"Alanya Aquapark 2\" \/>B\u0119dziesz w jednym z najwi\u0119kszych park\u00f3w wodnych w regionie \u015br\u00f3dziemnomorskim.<\/p>\n<p>Pojemno\u015b\u0107 Water Planet wynosi 2000 os\u00f3b.<\/p>\n<p>W tym ulubionym wodnym raju znajduj\u0105 si\u0119 24 zabawne zje\u017cd\u017calnie wodne.<\/p>\n<p>Dost\u0119pne s\u0105 2 zje\u017cd\u017calnie rodzinne, zje\u017cd\u017calnia rodzinna i zje\u017cd\u017calnia wielokrotna.<\/p>\n<p>Do zje\u017cd\u017calni rodzinnych dost\u0119pne s\u0105 4 specjalne \u0142\u00f3dki. Nie ma dodatkowej op\u0142aty.<\/p>\n<p>Specjalne zje\u017cd\u017calnie wodne i baseny dla dzieci.<\/p>\n<p>W Aquaparku Water Planet mo\u017cna tak\u017ce uprawia\u0107 rafting i skoki na bungee. Te dwie atrakcje s\u0105 niezb\u0119dne dla go\u015bci poszukuj\u0105cych akcji, przygody i adrenaliny.<\/p>\n<p>Na tarasie widokowym w lesie znajduje si\u0119 miejsce odpoczynku z widokiem na morze.<\/p>\n<p>Wewn\u0105trz znajduje si\u0119 bar typu fast food, rafting bar, bar z przek\u0105skami i bar witaminowy. Istniej\u0105 r\u00f3wnie\u017c markety, tatuatorzy i fotografowie, gdzie mo\u017cna zaspokoi\u0107 wszystkie swoje potrzeby.<\/p>\n<p>B\u0119dziesz korzysta\u0107 z otwartego bufetu i nieograniczonej liczby napoj\u00f3w.<\/p>\n<p>Lunch serwowany jest od 12:00 do 14:30.<\/p>\n<p>Dzi\u0119ki zespo\u0142owi animator\u00f3w dzieciom oferowane s\u0105 r\u00f3\u017cne style rozrywki.<\/p>\n<p>Przy wej\u015bciu znajduj\u0105 si\u0119 bezp\u0142atne szafki. Klucze do garderoby mo\u017cesz przywi\u0105za\u0107 do opasek na nadgarstki.<\/p>\n<p>Znajduj\u0105 si\u0119 tu prysznice, przebieralnie, umywalki i toalety. Personel zawsze dba o higien\u0119.<\/p>\n<p>Le\u017caki i parasole s\u0105 dost\u0119pne w zale\u017cno\u015bci od pojemno\u015bci.<\/p>\n<p>Mo\u017cesz opala\u0107 si\u0119 na dowolnym le\u017caku.<\/p>\n<p>Dost\u0119pne s\u0105 us\u0142ugi zdrowotne.<\/p>\n<p>Na pocz\u0105tku ka\u017cdej zje\u017cd\u017calni znajduje si\u0119 jeden lub dw\u00f3ch pracownik\u00f3w basenu.<\/p>\n<p>Na ka\u017cdym basenie na terenie obiektu pracuje 1 ratownik.<\/p>\n<p>Po wyj\u015bciu z basenu nie nale\u017cy biega\u0107 po kamiennej pod\u0142odze, w przeciwnym razie stopy mog\u0105 si\u0119 po\u015blizgn\u0105\u0107.<\/p>\n<p>W niekt\u00f3rych obszarach parkingu znajduj\u0105 si\u0119 znaki ostrzegawcze, kt\u00f3rych nale\u017cy przestrzega\u0107.<\/p>\n<p>Kiedy po\u015blizgniesz si\u0119 ze zje\u017cd\u017calni i wpadniesz do basenu, musisz opu\u015bci\u0107 basen, nie rozpraszaj\u0105c si\u0119 w basenie. B\u0119dziesz kontrolowany przez ratownika, aby unikn\u0105\u0107 nieszcz\u0119\u015bliwych wypadk\u00f3w.<\/p>\n<p>W przypadku niekt\u00f3rych slajd\u00f3w styl paska musi by\u0107 inny. O tych stylach zostaniesz poinformowany przez osob\u0119 obs\u0142uguj\u0105c\u0105 slajdy.<\/p>\n<p>Nie ma mo\u017cliwo\u015bci zjazdu \u0142\u00f3dk\u0105, pojazdem niezale\u017cnym lub plastikowym z ka\u017cdej zje\u017cd\u017calni. Dla ka\u017cdego slajdu istniej\u0105 odpowiednie alternatywy.<\/p>\n<p>Zje\u017cd\u017canie na zje\u017cd\u017calniach zaraz po obiedzie jest niewygodne. W tym czasie polecamy opalanie si\u0119 na le\u017caku lub spacer po obiekcie otoczonym sosnami.<\/p>\n<p>Zalecamy poruszanie si\u0119 po obiekcie boso lub w sanda\u0142ach, kt\u00f3re nie b\u0119d\u0105 \u0142atwo \u015bci\u0105ga\u0107 z n\u00f3g.<\/p>\n<p>Po obiekcie mo\u017cna chodzi\u0107 w obuwiu sportowym lub kapciach, zabrania si\u0119 jednak \u015blizgania si\u0119 na zje\u017cd\u017calniach w obuwiu sportowym lub kapciach.<\/p>\n<p>Wszelkiego naszyjnika, bransoletki, kolczyka itp. Zabrania si\u0119 zsuwania si\u0119 ze slajd\u00f3w. Niedozwolone jest przesuwanie si\u0119 po dr\u0105\u017cku zje\u017cd\u017calni, chyba \u017ce zdejmiesz bi\u017cuteri\u0119, chyba \u017ce wynika to z zaniedbania.<\/p>\n<p>Je\u015bli chcesz wybra\u0107 si\u0119 z dzie\u0107mi do innego, atrakcyjnego parku wodnego na wakacjach, Park tematyczny Land Of Legends Organizujemy r\u00f3wnie\u017c wycieczki. Podobnie jak w przypadku tej wycieczki, dla dzieci dost\u0119pne s\u0105 zni\u017cki.<\/p>\n<\/div>","protected":false},"excerpt":{"rendered":"<p>Do\u015bwiadczenia Aquaparku Alanya W basenie ze sztucznymi falami b\u0119dziesz zmaga\u0142 si\u0119 z kilkumetrowymi falami. Poczujesz emocje zwi\u0105zane ze skokiem na bungee z wysoko\u015bci 70 metr\u00f3w. B\u0119dziesz sp\u0142ywa\u0142 po 300-metrowym torze. Prze\u017cyjesz zabawne, przyjemne i ekscytuj\u0105ce chwile na zje\u017cd\u017calniach wodnych. Program Aquaparku Alanya You [\u2026]<\/p>","protected":false},"featured_media":9733,"comment_status":"open","ping_status":"closed","template":"","meta":{"_monsterinsights_skip_tracking":false,"_monsterinsights_sitenote_active":false,"_monsterinsights_sitenote_note":"","_monsterinsights_sitenote_category":0},"product_cat":[94],"product_tag":[],"class_list":{"0":"post-9732","1":"product","2":"type-product","3":"status-publish","4":"has-post-thumbnail","6":"product_cat-alanya-aquapark","8":"first","9":"instock","10":"sale","11":"shipping-taxable","12":"purchasable","13":"product-type-ovabrw_car_rental"},"aioseo_notices":[],"_links":{"self":[{"href":"https:\/\/berfintour.com\/pl\/wp-json\/wp\/v2\/product\/9732","targetHints":{"allow":["GET"]}}],"collection":[{"href":"https:\/\/berfintour.com\/pl\/wp-json\/wp\/v2\/product"}],"about":[{"href":"https:\/\/berfintour.com\/pl\/wp-json\/wp\/v2\/types\/product"}],"replies":[{"embeddable":true,"href":"https:\/\/berfintour.com\/pl\/wp-json\/wp\/v2\/comments?post=9732"}],"wp:featuredmedia":[{"embeddable":true,"href":"https:\/\/berfintour.com\/pl\/wp-json\/wp\/v2\/media\/9733"}],"wp:attachment":[{"href":"https:\/\/berfintour.com\/pl\/wp-json\/wp\/v2\/media?parent=9732"}],"wp:term":[{"taxonomy":"product_cat","embeddable":true,"href":"https:\/\/berfintour.com\/pl\/wp-json\/wp\/v2\/product_cat?post=9732"},{"taxonomy":"product_tag","embeddable":true,"href":"https:\/\/berfintour.com\/pl\/wp-json\/wp\/v2\/product_tag?post=9732"}],"curies":[{"name":"wp","href":"https:\/\/api.w.org\/{rel}","templated":true}]}}