{"id":9722,"date":"2024-01-14T02:06:06","date_gmt":"2024-01-13T23:06:06","guid":{"rendered":"https:\/\/berfintour.com\/?post_type=product&#038;p=9722"},"modified":"2025-01-22T16:05:12","modified_gmt":"2025-01-22T13:05:12","slug":"alanya-city-tour","status":"publish","type":"product","link":"https:\/\/berfintour.com\/pl\/urun\/alanya-city-tour\/","title":{"rendered":"Wycieczka po Alanyi"},"content":{"rendered":"<div class=\"header-ul\">\n<h3>Do\u015bwiadczenia z wycieczki po mie\u015bcie Alanya<\/h3>\n<\/div>\n<div class=\"content-text tour-experiences\">\n<ul>\n<li>Wycieczka i przerwa na p\u0142ywanie na pla\u017cy Kleopatry, jednej z najlepszych pla\u017c na \u015bwiecie.<\/li>\n<li>Wizyta w s\u0142ynnej jaskini Damlata\u015f na pla\u017cy Kleopatry.<\/li>\n<li>Widok z lotu ptaka na pla\u017c\u0119 Kleopatry i miasto z kolejk\u0105 linow\u0105.<\/li>\n<li>Zwiedzanie zamku w Alanyi i otaczaj\u0105cych go miejsc historycznych.<\/li>\n<li>Robienie zdj\u0119\u0107 panoramicznego widoku na ca\u0142e miasto z g\u00f3r Taurus o zachodzie s\u0142o\u0144ca<\/li>\n<li>Kompleksowe informacje na temat cech przyrodniczych i kulturowych miasta Alanya.<\/li>\n<\/ul>\n<\/div>\n<div class=\"header-ul\">\n<h3>Program wycieczki po Alanyi<\/h3>\n<\/div>\n<div class=\"content-text\">\n<ul>\n<li>Odbi\u00f3r z hoteli<\/li>\n<li>Przerwa na k\u0105piel i zwiedzanie pla\u017cy Kleopatry<\/li>\n<li>Wizyta w jaskini Damlata\u015f<\/li>\n<li>Wycieczka kolejk\u0105 linow\u0105 w Alanyi<\/li>\n<li><strong>Wycieczka po Alanyi<\/strong><\/li>\n<li>Wizyta w Meczecie Sulejmana<\/li>\n<li>Udaj si\u0119 na taras widokowy Alanyi u podn\u00f3\u017ca g\u00f3r Taurus, aby zrobi\u0107 panoramiczne zdj\u0119cia o zachodzie s\u0142o\u0144ca<\/li>\n<li>Powr\u00f3t do hoteli<\/li>\n<\/ul>\n<\/div>\n<div class=\"header-ul\">\n<h3>Og\u00f3lne informacje o wycieczce po Alanyi<\/h3>\n<\/div>\n<div class=\"content-text\">\n<p><img decoding=\"async\" class=\"rounded img-fluid float-sm-left mt-2 mr-sm-4 mb-2\" src=\"https:\/\/www.dailytoursinalanya.com\/Content\/images\/tours\/13\/thumb\/alanya-city-tour-8.webp\" alt=\"Alanya City Tour 2\" \/><\/p>\n<h2 class=\"deepnote2\"><strong>Wycieczka po mie\u015bcie Alanya<\/strong><\/h2>\n<p class=\"deepnote2\">Poni\u017cej wyja\u015bniamy szczeg\u00f3\u0142y miejsc, kt\u00f3re odwiedzicie w mini\u00a0<strong>Wycieczka po Alanyi<\/strong>.<\/p>\n<p class=\"deepnote2\">Dodatkowo przygotowali\u015bmy ma\u0142\u0105 list\u0119 miejsc, kt\u00f3re nie s\u0105 uj\u0119te\u00a0<strong>Wycieczka po Alanyi<\/strong>\u00a0ale mo\u017cna zwiedza\u0107 za w\u0142asne \u015brodki.<\/p>\n<h3>Miejsca do odwiedzenia podczas wycieczki po Alanyi<\/h3>\n<h5>Wizyta na pla\u017cy Kleopatry<\/h5>\n<figure class=\"figure\"><img decoding=\"async\" class=\"figure-img img-fluid rounded lazy\" src=\"https:\/\/www.dailytoursinalanya.com\/Content\/images\/userfiles\/images\/alanya-city-tour\/cleopatra-beach.webp\" alt=\"Winter view of Cleopatra beach\" \/><figcaption class=\"figure-caption\">Zimowy widok na pla\u017c\u0119 Kleopatry<\/figcaption><\/figure>\n<p>Na pla\u017cy w og\u00f3le nie ma ska\u0142 ani kamieni. Zar\u00f3wno pla\u017ca, jak i dno morskie s\u0105 pokryte piaskiem. Ziarna piasku s\u0105 zbyt du\u017ce, aby zm\u0105ci\u0107 wod\u0119 i sk\u0142adaj\u0105 si\u0119 z ziaren, kt\u00f3re s\u0105 zbyt ma\u0142e, aby zatopi\u0107 si\u0119 w podeszwach st\u00f3p. Piasek ma z\u0142oty kolor. Woda jest zawsze czysta i turkusowa.<\/p>\n<ul>\n<li>Nie znamy wybrze\u017cy innych kraj\u00f3w basenu Morza \u015ar\u00f3dziemnego, ale nie sk\u0142amiemy, je\u015bli powiemy, \u017ce to wybrze\u017ce jest najbardziej wyj\u0105tkowym wybrze\u017cem Turcji na Morzu \u015ar\u00f3dziemnym.<\/li>\n<li>Do tego stopnia, \u017ce w I wieku p.n.e. rzymski dow\u00f3dca Antoniusz podarowa\u0142 t\u0119 pla\u017c\u0119 kr\u00f3lowej Kleopatrze.<\/li>\n<li>Kleopatra p\u0142ywa\u0142a z tej pla\u017cy. Kiedy p\u00f3jdziesz na pla\u017c\u0119, lepiej zrozumiesz, dlaczego Kleopatra wola\u0142a t\u0119 pla\u017c\u0119.<\/li>\n<\/ul>\n<h3>Damlatas\u00a0<strong>Wycieczka po Alanyi<\/strong><\/h3>\n<figure class=\"figure\"><img decoding=\"async\" class=\"figure-img img-fluid rounded lazy\" src=\"https:\/\/www.dailytoursinalanya.com\/Content\/images\/userfiles\/images\/alanya-city-tour\/damlatas-cave.webp\" alt=\"Damlata\u015f Cave ground floor\" \/><figcaption class=\"figure-caption\">Parter jaskini Damlata\u015f<\/figcaption><\/figure>\n<p>Mimo \u017ce jest to niewielka jaskinia, jej po\u0142o\u017cenie czyni j\u0105 wyj\u0105tkow\u0105. Jaskinia ta, kt\u00f3rej nazwa wzi\u0119\u0142a si\u0119 od kropel wody, znajduje si\u0119 tu\u017c pod p\u00f3\u0142wyspem, na kt\u00f3rym znajduje si\u0119 zamek Alanya, tu\u017c obok pla\u017cy Kleopatry. Jego g\u0142\u0119boko\u015b\u0107 wynosi 400 metr\u00f3w. Jest to jaskinia wilgotna latem i zim\u0105 ze wzgl\u0119du na po\u0142o\u017cenie na ni\u017cszej wysoko\u015bci ni\u017c poziom morza. Pacjenci z astm\u0105 w Alanyi lecz\u0105 si\u0119 tu 21-dniowymi terapiami.<\/p>\n<ul>\n<li>Odkryto j\u0105 przypadkowo podczas prac w kamienio\u0142omie w 1948 roku. Badania geologiczne wskazuj\u0105, \u017ce jaskinia ma co najmniej 16 tysi\u0119cy lat. Temperatura wewn\u0105trz jest taka sama latem i zim\u0105.<\/li>\n<li>Dlatego te\u017c w lecie mo\u017cna odwiedzi\u0107 jaskini\u0119 nawet dla och\u0142ody.<\/li>\n<\/ul>\n<h5>Wycieczka kolejk\u0105 linow\u0105 w Alanyi<\/h5>\n<figure class=\"figure\"><img decoding=\"async\" class=\"figure-img img-fluid rounded lazy\" src=\"https:\/\/www.dailytoursinalanya.com\/Content\/images\/userfiles\/images\/alanya-city-tour\/alanya-cable-car.webp\" alt=\"Cleopatra beach scenery from Alanya cable car\" \/><figcaption class=\"figure-caption\">Sceneria pla\u017cy Kleopatry z kolejki linowej w Alanyi<\/figcaption><\/figure>\n<p>Ciesz si\u0119 podr\u00f3\u017c\u0105 kolejk\u0105 linow\u0105 do zamku w Alanyi z pla\u017cy Kleopatry. Krajobraz jest naprawd\u0119 znakomity. Mo\u017cesz robi\u0107 wyj\u0105tkowe zdj\u0119cia panoramiczne w ca\u0142kowicie przeszklonych kabinach kolejki linowej.<\/p>\n<p class=\"deepnote\">B\u0119dziesz mia\u0142 du\u017co czasu na ogl\u0105danie krajobraz\u00f3w i robienie zdj\u0119\u0107 z kolejki linowej.<\/p>\n<ul>\n<li><b>Stacje:<\/b>\u00a0Kolejka linowa ma dwie stacje. Kolejka linowa zosta\u0142a zbudowana na potrzeby wycieczek. D\u0142ugo\u015b\u0107 linii wynosi 900 metr\u00f3w. Pierwsza stacja znajduje si\u0119 na pla\u017cy Kleopatry, a druga w zamku w Alanyi.<\/li>\n<li><b>Pr\u0119dko\u015b\u0107 kolejki linowej:<\/b>\u00a0Kolejka linowa porusza si\u0119 powoli. Jego pr\u0119dko\u015b\u0107 wynosi 10 km\/h. Jest r\u00f3wna pr\u0119dko\u015bci cz\u0142owieka podczas joggingu.<\/li>\n<li><b>Domki:\u00a0<\/b>Domki przeznaczone s\u0105 dla 8 os\u00f3b i s\u0105 w ca\u0142o\u015bci pokryte niet\u0142uk\u0105cym si\u0119 szk\u0142em. Ze wzgl\u0119du na Covid-19 maksymalna liczba os\u00f3b zosta\u0142a zmniejszona do 4 os\u00f3b.<\/li>\n<li><b>Bezpiecze\u0144stwo:<\/b>\u00a0Kolejka linowa zosta\u0142a wyprodukowana przez firm\u0119 niemieckiego pochodzenia w 2017 roku. Posiada najnowocze\u015bniejsze systemy zabezpiecze\u0144. Wszystkie drzwi i silniki s\u0105 pod\u0142\u0105czone do systemu centralnego. Wyposa\u017cony w sprz\u0119t zapobiegaj\u0105cy wstrz\u0105som. Pracuj\u0105 tak\u017ce cicho.<\/li>\n<\/ul>\n<h5>Zwiedzanie zamku w Alanyi<\/h5>\n<figure class=\"figure\"><img decoding=\"async\" class=\"figure-img img-fluid rounded lazy\" src=\"https:\/\/www.dailytoursinalanya.com\/Content\/images\/userfiles\/images\/alanya-city-tour\/alanya-castle.webp\" alt=\"Western walls of Alanya Castle\" \/><figcaption class=\"figure-caption\">Zachodnie mury zamku w Alanyi<\/figcaption><\/figure>\n<p>Zamek zbudowany na p\u00f3\u0142wyspie o powierzchni 100 tysi\u0119cy metr\u00f3w kwadratowych odr\u00f3\u017cnia Alany\u0119 od innych wakacyjnych miejsc w Antalyi. Z lotu ptaka z zamku po\u0142o\u017conego na wysoko\u015bci 250 metr\u00f3w mo\u017cna zobaczy\u0107 zar\u00f3wno zach\u00f3d, jak i wsch\u00f3d Alanyi. Jest to miejsce historyczne odwiedzane przez niemal ka\u017cdego, kto przyje\u017cd\u017ca do Alanyi.<\/p>\n<ul>\n<li>Historia zamku w Alanyi si\u0119ga okresu hellenistycznego. Zosta\u0142 on zaktualizowany w 1221 roku przez su\u0142tana seld\u017cuckiego Alaeddina Keykubata.<\/li>\n<li>Na zamku znajduje si\u0119 398 cystern, 83 wie\u017ce i 140 fortyfikacji.<\/li>\n<li>Jest to najbardziej wszechstronny o\u015brodek obrony i schronienia swoich czas\u00f3w. Struktura jest nadal nienaruszona.<\/li>\n<\/ul>\n<p>Lokalny bazar w wewn\u0119trznej cz\u0119\u015bci zamku sprawi, \u017ce poczujesz si\u0119 jak w przesz\u0142o\u015bci. Znajduj\u0105 si\u0119 tu restauracje w starym stylu, miejsca historyczne i sklepy, w kt\u00f3rych sprzedawane s\u0105 lokalne towary.<\/p>\n<h5>Panoramiczne sesje zdj\u0119ciowe o zachodzie s\u0142o\u0144ca na tarasie widokowym w Alanyi<\/h5>\n<figure class=\"figure\"><img decoding=\"async\" class=\"figure-img img-fluid rounded lazy\" src=\"https:\/\/www.dailytoursinalanya.com\/Content\/images\/userfiles\/images\/alanya-city-tour\/alanya-sehir-terasi.webp\" alt=\"Southeast view from Alanya City Terrace\" \/><figcaption class=\"figure-caption\">Widok na po\u0142udniowy wsch\u00f3d z tarasu miasta Alanya<\/figcaption><\/figure>\n<figure class=\"figure\"><img decoding=\"async\" class=\"figure-img img-fluid rounded lazy\" src=\"https:\/\/www.dailytoursinalanya.com\/Content\/images\/userfiles\/images\/alanya-city-tour\/alanya-city-terrace-panoramic-landscape-of-sunset.webp\" alt=\"Panoramic sunset view from Alanya observation deck\" \/><figcaption class=\"figure-caption\">Panoramiczny widok na zach\u00f3d s\u0142o\u0144ca z tarasu widokowego w Alanyi<\/figcaption><\/figure>\n<p>Znajduje si\u0119 u podn\u00f3\u017ca g\u00f3r Taurus, naprzeciwko p\u00f3\u0142wyspu, na kt\u00f3rym znajduje si\u0119 zamek Alanya. Wysoko\u015b\u0107 wynosi 650 metr\u00f3w. Ca\u0142\u0105 Alany\u0119 mo\u017cna zobaczy\u0107 z lotu ptaka z tarasu widokowego. Jest to najdoskonalsze miejsce na wykonanie pami\u0105tkowych zdj\u0119\u0107 panoramicznych. jest oddalony o oko\u0142o 3 km od centrum Alanyi<\/p>\n<ul>\n<li>Na tarasie widokowym znajduje si\u0119 wiele kawiarni, z kt\u00f3rych mo\u017cna podziwia\u0107 widok na Alany\u0119.<\/li>\n<li>Jest tu tak\u017ce kilka sklep\u00f3w, w kt\u00f3rych mo\u017cna kupi\u0107 pami\u0105tki.<\/li>\n<\/ul>\n<h3>Inne miejsca, kt\u00f3re mo\u017cesz odwiedzi\u0107 podczas wycieczki po mie\u015bcie Alanya<\/h3>\n<p>Poni\u017cej wymienili\u015bmy inne miejsca, kt\u00f3re trzeba zobaczy\u0107, a kt\u00f3re nie s\u0105 uwzgl\u0119dnione\u00a0<strong>Wycieczka po Alanyi\u00a0<\/strong>programu, ale blisko centrum miasta.<\/p>\n<p>Do tych kierunk\u00f3w podr\u00f3\u017cy mo\u017cna tak\u017ce uda\u0107 si\u0119 na w\u0142asn\u0105 r\u0119k\u0119. Lub, je\u015bli chcesz, mo\u017cemy zorganizowa\u0107 prywatne\u00a0<strong>Wycieczka po Alanyi<\/strong>\u00a0dla Ciebie. Prywatny\u00a0<strong>Wycieczka po Alanyi<\/strong>S\u0105 zorganizowane wed\u0142ug tego, kiedy chcesz, w jakim okresie chcesz si\u0119 uda\u0107 i dok\u0105d chcesz si\u0119 uda\u0107. Prosimy o kontakt w celu uzyskania szczeg\u00f3\u0142owych informacji na temat prywatnych\u00a0<strong>Wycieczka po Alanyi<\/strong>S.<\/p>\n<h5><strong>Wycieczka po Alanyi\u00a0<\/strong>Muzeum Archeologiczne<\/h5>\n<figure class=\"figure\"><img decoding=\"async\" class=\"figure-img img-fluid rounded lazy\" src=\"https:\/\/www.dailytoursinalanya.com\/Content\/images\/userfiles\/images\/alanya-city-tour\/alanya-archeology-museum.webp\" alt=\"Alanya Archeology Museum\" \/><figcaption class=\"figure-caption\">Muzeum Archeologiczne w Alanyi<\/figcaption><\/figure>\n<p>W muzeum mo\u017cna zobaczy\u0107 artefakty archeologiczne z okresu lidyjskiego, frygijskiego, urartu, hellenistycznego, rzymskiego i osma\u0144skiego. W tym muzeum eksponowane s\u0105 wszystkie artefakty historyczne nale\u017c\u0105ce do cywilizacji za\u0142o\u017conych w Alanyi od 700 roku p.n.e.<\/p>\n<p>Muzeum sk\u0142ada si\u0119 z czternastu cz\u0119\u015bci zamkni\u0119tych i jednej cz\u0119\u015bci plenerowej.<\/p>\n<h5><strong>Wycieczka po Alanyi\u00a0<\/strong>Czerwona Wie\u017ca<\/h5>\n<figure class=\"figure\"><img decoding=\"async\" class=\"figure-img img-fluid rounded lazy\" src=\"https:\/\/www.dailytoursinalanya.com\/Content\/images\/userfiles\/images\/alanya-city-tour\/red-tower.webp\" alt=\"Red Tower view from Tophane\" \/><figcaption class=\"figure-caption\">Widok na Czerwon\u0105 Wie\u017c\u0119 z Tophane<\/figcaption><\/figure>\n<p>Czerwona Wie\u017ca zosta\u0142a zbudowana w okresie rozwoju zamku w okresie seld\u017cuckim. Zosta\u0142 zbudowany, aby zapobiec atakom z morza na port i stoczni\u0119. Jest to gigantyczna wie\u017ca o konstrukcji o\u015bmiok\u0105tnej, o wysoko\u015bci 33 metr\u00f3w i \u015brednicy 29 metr\u00f3w. Nazywa si\u0119 j\u0105 czerwon\u0105 wie\u017c\u0105 ze wzgl\u0119du na wypalan\u0105 ceg\u0142\u0119 u\u017cyt\u0105 do jej budowy.<\/p>\n<p>Wie\u017ca sk\u0142ada si\u0119 z pi\u0119ciu pi\u0119ter. Na pierwszym pi\u0119trze mie\u015bci si\u0119 Muzeum Etnograficzne.<\/p>\n<h5><strong>Wycieczka po Alanyi\u00a0<\/strong>Muzeum Etnograficzne<\/h5>\n<figure class=\"figure\"><img decoding=\"async\" class=\"figure-img img-fluid rounded lazy\" src=\"https:\/\/www.dailytoursinalanya.com\/Content\/images\/userfiles\/images\/alanya-city-tour\/alanya-ethnography-museum.webp\" alt=\"Alanya Ethnography Museum\" \/><figcaption class=\"figure-caption\">Muzeum Etnograficzne w Alanyi<\/figcaption><\/figure>\n<p>Jest to muzeum mieszcz\u0105ce wiele historycznych artefakt\u00f3w opisuj\u0105cych kulturow\u0105 i socjologiczn\u0105 histori\u0119 Alanyi. W tym muzeum znajduje si\u0119 wiele dzie\u0142 opisuj\u0105cych styl \u017cycia tamtych czas\u00f3w, takich jak krosna tkackie, ubrania, dywany, chodniki, przybory kuchenne, bro\u0144, urz\u0105dzenia o\u015bwietleniowe nale\u017c\u0105ce do kultury nomad\u00f3w.<\/p>\n<p>Muzeum wykorzystuje tak\u017ce do cel\u00f3w artystycznych i kulturalnych, takich jak wystawy malarstwa i koncerty<\/p>\n<h5>Historyczna Stocznia Alanya<\/h5>\n<figure class=\"figure\"><img decoding=\"async\" class=\"figure-img img-fluid rounded lazy\" src=\"https:\/\/www.dailytoursinalanya.com\/Content\/images\/userfiles\/images\/alanya-city-tour\/alanya-shipyard.webp\" alt=\"Exterior view of Alanya Shipyard\" \/><figcaption class=\"figure-caption\">Widok zewn\u0119trzny Stoczni Alanya<\/figcaption><\/figure>\n<p>Jest to jedna z najwa\u017cniejszych cz\u0119\u015bci sylwetki Alanyi. To jest na po\u0142udnie od Czerwonej Wie\u017cy. Zosta\u0142 zaprojektowany w taki spos\u00f3b, aby mo\u017cna by\u0142o zbudowa\u0107 pi\u0119\u0107 statk\u00f3w jednocze\u015bnie. Jest to pierwsza stocznia pa\u0144stwa Seld\u017cuk\u00f3w.<\/p>\n<ul>\n<li>Odleg\u0142o\u015b\u0107 pomi\u0119dzy stoczni\u0105 a Wie\u017c\u0105 Czerwon\u0105 wynosi oko\u0142o 800 metr\u00f3w.<\/li>\n<li>Na drodze pomi\u0119dzy stoczni\u0105 a K\u0131z\u0131l Kule znajduje si\u0119 ma\u0142a chroniona zatoka.<\/li>\n<li>Spacer po zagospodarowanych murach, aby dotrze\u0107 do stoczni, jest bardzo przyjemny.<\/li>\n<\/ul>\n<h5><strong>Wycieczka po Alanyi\u00a0<\/strong>Ciemna Jaskinia<\/h5>\n<figure class=\"figure\"><img decoding=\"async\" class=\"figure-img img-fluid rounded lazy\" src=\"https:\/\/www.dailytoursinalanya.com\/Content\/images\/userfiles\/images\/alanya-city-tour\/dim-cave.webp\" alt=\"Dim Cave\" \/><figcaption class=\"figure-caption\">Ciemna Jaskinia<\/figcaption><\/figure>\n<p>Le\u017cy na wschodnim zboczu doliny Dim w g\u00f3rach Taurus. D\u0142ugo\u015b\u0107 jaskini wynosi 410 metr\u00f3w. Jego szeroko\u015b\u0107 wynosi oko\u0142o 15 metr\u00f3w. Jest to bardzo du\u017ca jaskinia, kt\u00f3rej wysoko\u015b\u0107 waha si\u0119 od 2 do 20 metr\u00f3w. Wewn\u0105trz przez ca\u0142y rok jest wilgotno i 18\u00b0C.<\/p>\n<p>\u017b\u00f3\u0142te, przy\u0107mione o\u015bwietlenie i wyst\u0119py na flecie na \u017cywo w jaskini tworz\u0105 mistyczn\u0105 atmosfer\u0119.<\/p>\n<ul>\n<li>Ma wiele r\u00f3\u017cnych kszta\u0142t\u00f3w stalaktyt\u00f3w i stalagmit\u00f3w.<\/li>\n<li>Jaskinia przebiega pionowo.<\/li>\n<li>Ci\u0105gle schodzimy po zakratowanych schodach.<\/li>\n<li>Jaskinia rozszerza si\u0119 w miar\u0119 up\u0142ywu czasu. Na ko\u0144cu jaskini znajduje si\u0119 staw w kolorze turkusowym.<\/li>\n<li>Jeden ze stalagmit\u00f3w w tym stawie przypomina matk\u0119 trzymaj\u0105c\u0105 dziecko.<\/li>\n<li>Ta sylwetka w wodzie robi naprawd\u0119 wra\u017cenie.<\/li>\n<\/ul>\n<h5><strong>Wycieczka po Alanyi\u00a0<\/strong>Sady<\/h5>\n<figure class=\"figure\"><img decoding=\"async\" class=\"figure-img img-fluid rounded lazy\" src=\"https:\/\/www.dailytoursinalanya.com\/Content\/images\/userfiles\/images\/alanya-city-tour\/orange-garden.webp\" alt=\"Little girl picking fruit from the orange garden\" \/><figcaption class=\"figure-caption\">Ma\u0142a dziewczynka zbieraj\u0105ca owoce z pomara\u0144czowego ogrodu<\/figcaption><\/figure>\n<p>W Alanyi, kt\u00f3ra ma g\u0142\u00f3wnie klimat p\u00f3\u0142tropikalny, mo\u017cna uprawia\u0107 wiele owoc\u00f3w tropikalnych, takich jak banany i pomara\u0144cze<\/p>\n<ul>\n<li>Wok\u00f3\u0142 miasta znajduje si\u0119 wiele sad\u00f3w.<\/li>\n<li>A\u011fa\u00e7lardan meyveleri kendiniz kopar\u0131p yiyebileceksiniz.<\/li>\n<li>Przekonasz si\u0119, jak odmienny jest smak \u015bwie\u017cej pomara\u0144czy.<\/li>\n<\/ul>\n<h5>Wycieczka po Alanyi po rzece Dim<\/h5>\n<figure class=\"figure\"><img decoding=\"async\" class=\"figure-img img-fluid rounded lazy\" src=\"https:\/\/www.dailytoursinalanya.com\/Content\/images\/userfiles\/images\/alanya-city-tour\/dim-river.webp\" alt=\"A restaurant in Dim river\" \/><figcaption class=\"figure-caption\">Restauracja nad rzek\u0105 Dim<\/figcaption><\/figure>\n<p>Jest to strumie\u0144 p\u0142yn\u0105cy w ciemnej dolinie pomi\u0119dzy g\u00f3rami Taurus, 11 km w g\u0142\u0105b l\u0105du od pla\u017cy. Woda z herbat\u0105 jest do\u015b\u0107 zimna. Nawet latem temperatura wody wynosi 8\u00b0C. Mo\u017cna zatem powiedzie\u0107, \u017ce rzeka jest idealnym miejscem w Alanyi na och\u0142od\u0119. Nad rzek\u0105 znajduje si\u0119 wiele o\u015brodk\u00f3w rozrywki turystycznej i restauracji.<\/p>\n<ul>\n<li>Obiad mo\u017cna zje\u015b\u0107 zanurzaj\u0105c nogi w wodzie w altankach ustawionych na wodzie.<\/li>\n<li>Mo\u017cna te\u017c usi\u0105\u015b\u0107 naprzeciw widoku w altankach zbudowanych na zboczach otoczonych drzewami.<\/li>\n<li>Na terenie obiektu dost\u0119pnych jest wiele atrakcji, takich jak baseny (niekt\u00f3rzy go\u015bcie wol\u0105 te baseny, poniewa\u017c woda w rzece jest zimna), zje\u017cd\u017calnie wodne, mo\u017cliwo\u015b\u0107 w\u0119dkowania.<\/li>\n<li>Je\u015bli chcesz, mo\u017cesz zje\u015b\u0107 z\u0142owionego pstr\u0105ga.<\/li>\n<\/ul>\n<h5>Wycieczka po mie\u015bcie Alanya, Dim Dam<\/h5>\n<figure class=\"figure\"><img decoding=\"async\" class=\"figure-img img-fluid rounded lazy\" src=\"https:\/\/www.dailytoursinalanya.com\/Content\/images\/userfiles\/images\/alanya-city-tour\/dim-dam.webp\" alt=\"Dim Dam\" \/><figcaption class=\"figure-caption\">Ciemna Dama<\/figcaption><\/figure>\n<p>Tama Dim znajduje si\u0119 obok rzeki Din. St\u0105d pokrywane jest zapotrzebowanie na wod\u0119 i energi\u0119 elektryczn\u0105. Warto zobaczy\u0107 \u015br\u00f3dziemnomorski widok na tam\u0119<\/p>\n<h3>Cena wycieczki po Alanyi<\/h3>\n<p class=\"deepnote\">Jest to bardziej korzystne na wakacje ni\u017c inne miejsca turystyczne w regionie Morza \u015ar\u00f3dziemnego.<\/p>\n<p>Jest to najbardziej zaludnione miasto Turcji w basenie Morza \u015ar\u00f3dziemnego. Dlatego w Alanyi jest wi\u0119cej rzeczy do zrobienia ni\u017c w innych miejscach pod wzgl\u0119dem obiekt\u00f3w turystycznych i mo\u017cliwo\u015bci zwiedzania. Przez ca\u0142y rok mo\u017cna tu znale\u017a\u0107 wydarzenia artystyczne i kulturalne. Ponadto Alanya jest miastem samowystarczalnym pod wzgl\u0119dem zakup\u00f3w, zdrowia i rolnictwa. W dobrych kurortach mo\u017cna sp\u0119dzi\u0107 wakacje po niskich cenach<\/p>\n<ul>\n<li>W Alanyi mo\u017cna znale\u017a\u0107 obiekty turystyczne na ka\u017cd\u0105 kiesze\u0144.<\/li>\n<li>Tanie hostele, aparthotele, ultraluksusowe obiekty, wille itp.<\/li>\n<\/ul>\n<h3><strong>Wycieczka po mie\u015bcie w Alanyi<\/strong><\/h3>\n<p>Nagromadzenie turystyki i do\u015bwiadczenie bran\u017cowe Alanyi od 1990 roku doprowadzi\u0142y z czasem do wzrostu jako\u015bci i spadku cen. Konkurencja w bran\u017cy oraz wyst\u0119puj\u0105ca w niekt\u00f3rych latach nier\u00f3wnowaga poda\u017cy i popytu spowodowa\u0142a, \u017ce przetrwa\u0142y jedynie przedsi\u0119biorstwa \u015bwiadcz\u0105ce wysokiej jako\u015bci i tanie us\u0142ugi.<\/p>\n<p class=\"deepnote\">Imigracja ze 120 r\u00f3\u017cnych kraj\u00f3w.<\/p>\n<ul>\n<li>W przesz\u0142o\u015bci to miasto, do kt\u00f3rego przyje\u017cd\u017cali na wakacje wy\u0142\u0105cznie europejscy tury\u015bci, sta\u0142o si\u0119 miastem, do kt\u00f3rego z czasem migrowali ludzie ze 120 r\u00f3\u017cnych kraj\u00f3w.<\/li>\n<li>Obecnie migruj\u0105 g\u0142\u00f3wnie ludzie z Azji i Europy.<\/li>\n<li>Najwa\u017cniejszymi powodami, dla kt\u00f3rych Alanya przyjmuje imigracj\u0119, s\u0105 dobre warunki klimatyczne, mo\u017cliwo\u015bci zatrudnienia, ni\u017csze ceny ni\u017c w Europie i korzystne warunki dla inwestycji w nieruchomo\u015bci.<\/li>\n<\/ul>\n<h3>Wycieczki po mie\u015bcie Alanya<\/h3>\n<p class=\"deepnote\">Miasto pe\u0142ne bogactw kulturowych i spo\u0142ecze\u0144stwa szanuj\u0105cego r\u00f3\u017cnice<\/p>\n<p>To wakacyjne miasto, w kt\u00f3rym w pokoju \u017cyj\u0105 ludzie z wielu kraj\u00f3w. Bez problemu mog\u0105 tu mieszka\u0107 ludzie o odmiennych cechach j\u0119zykowych, religijnych i rasowych. Domownicy zawsze szanuj\u0105 r\u00f3\u017cnice. Ponadto nie mo\u017cna powiedzie\u0107, \u017ce wydarzenia polityczne i polityczne mia\u0142y du\u017cy wp\u0142yw na ludno\u015b\u0107 krajow\u0105. Wszyscy w tym mie\u015bcie \u017cyj\u0105 jak na wakacjach. By\u0107 mo\u017ce najwi\u0119kszym powodem jest samo Morze \u015ar\u00f3dziemne.<\/p>\n<p class=\"deepnote\">Klimat umiarkowany przez 12 miesi\u0119cy.<\/p>\n<ul>\n<li>Miasto jest \u0142agodne nawet zim\u0105, zar\u00f3wno ze wzgl\u0119du na swoje po\u0142o\u017cenie geograficzne, jak i otaczaj\u0105ce miasto g\u00f3ry Taurus, kt\u00f3re zapobiegaj\u0105 nadchodz\u0105cej zimnej pogodzie w wewn\u0119trznych cz\u0119\u015bciach Alanyi.<\/li>\n<li>Przyk\u0142adowo, podczas gdy \u015brednia temperatura powietrza w Antalyi w grudniu wynosi 15\u00b0C, to w Alanyi temperatura wynosi 18\u00b0C.<\/li>\n<\/ul>\n<\/div>","protected":false},"excerpt":{"rendered":"<p>Wra\u017cenia z wycieczki po mie\u015bcie Alanya i przerwy na p\u0142ywanie na pla\u017cy Kleopatry, jednej z najlepszych pla\u017c na \u015bwiecie. Wizyta w s\u0142ynnej jaskini Damlata\u015f na pla\u017cy Kleopatry. Widok z lotu ptaka na pla\u017c\u0119 Kleopatry i miasto z kolejk\u0105 linow\u0105. Zwiedzanie zamku w Alanyi i otaczaj\u0105cych go miejsc historycznych. Robienie zdj\u0119cia panoramicznego [\u2026]<\/p>","protected":false},"featured_media":9725,"comment_status":"open","ping_status":"closed","template":"","meta":{"_monsterinsights_skip_tracking":false,"_monsterinsights_sitenote_active":false,"_monsterinsights_sitenote_note":"","_monsterinsights_sitenote_category":0},"product_cat":[92],"product_tag":[],"class_list":{"0":"post-9722","1":"product","2":"type-product","3":"status-publish","4":"has-post-thumbnail","6":"product_cat-alanya-city-tour","8":"first","9":"instock","10":"sale","11":"shipping-taxable","12":"purchasable","13":"product-type-ovabrw_car_rental"},"aioseo_notices":[],"_links":{"self":[{"href":"https:\/\/berfintour.com\/pl\/wp-json\/wp\/v2\/product\/9722","targetHints":{"allow":["GET"]}}],"collection":[{"href":"https:\/\/berfintour.com\/pl\/wp-json\/wp\/v2\/product"}],"about":[{"href":"https:\/\/berfintour.com\/pl\/wp-json\/wp\/v2\/types\/product"}],"replies":[{"embeddable":true,"href":"https:\/\/berfintour.com\/pl\/wp-json\/wp\/v2\/comments?post=9722"}],"wp:featuredmedia":[{"embeddable":true,"href":"https:\/\/berfintour.com\/pl\/wp-json\/wp\/v2\/media\/9725"}],"wp:attachment":[{"href":"https:\/\/berfintour.com\/pl\/wp-json\/wp\/v2\/media?parent=9722"}],"wp:term":[{"taxonomy":"product_cat","embeddable":true,"href":"https:\/\/berfintour.com\/pl\/wp-json\/wp\/v2\/product_cat?post=9722"},{"taxonomy":"product_tag","embeddable":true,"href":"https:\/\/berfintour.com\/pl\/wp-json\/wp\/v2\/product_tag?post=9722"}],"curies":[{"name":"wp","href":"https:\/\/api.w.org\/{rel}","templated":true}]}}