{"id":9717,"date":"2024-01-14T01:32:37","date_gmt":"2024-01-13T22:32:37","guid":{"rendered":"https:\/\/berfintour.com\/?post_type=product&#038;p=9717"},"modified":"2025-01-20T19:48:35","modified_gmt":"2025-01-20T16:48:35","slug":"alanya-dolphin-show","status":"publish","type":"product","link":"https:\/\/berfintour.com\/pl\/urun\/alanya-dolphin-show\/","title":{"rendered":"Pokaz delfin\u00f3w w Alanyi"},"content":{"rendered":"<div class=\"header-ul\">\n<h3>Do\u015bwiadczenia z pokazu delfin\u00f3w w Alanyi<\/h3>\n<\/div>\n<div class=\"content-text tour-experiences\">\n<ul>\n<li>B\u0105d\u017a \u015bwiadkiem inteligencji i umiej\u0119tno\u015bci delfin\u00f3w.<\/li>\n<li>Zobacz pokazy ta\u0144ca fok i pos\u0142uchaj ich piosenek.<\/li>\n<li>R\u00f3b zdj\u0119cia z naszymi podwodnymi przyjaci\u00f3\u0142mi.<\/li>\n<\/ul>\n<\/div>\n<div class=\"header-ul\">\n<h3>Program pokazu delfin\u00f3w w Alanyi<\/h3>\n<\/div>\n<div class=\"content-text\">\n<ul>\n<li>Transfer z hoteli.<\/li>\n<li>Pokaz delfin\u00f3w.<\/li>\n<li>Pokaz lw\u00f3w morskich.<\/li>\n<li>Prywatne sesje zdj\u0119ciowe.<\/li>\n<li>Wystawa wykonanych fotografii.<\/li>\n<li>Powr\u00f3t do hoteli pojazdami serwisowymi.<\/li>\n<\/ul>\n<\/div>\n<div class=\"header-ul attentions\">\n<h3>Rzeczy, o kt\u00f3rych warto pami\u0119ta\u0107<\/h3>\n<\/div>\n<div class=\"content-text attentions atmob\">\n<ul>\n<li>Je\u015bli nie s\u0105 z Tob\u0105 trenerzy, nie dotykaj zwierz\u0105t.<\/li>\n<li>Podczas robienia zdj\u0119\u0107 nie u\u017cywaj lampy b\u0142yskowej, aby nie przeszkadza\u0107 naszym podwodnym przyjacio\u0142om.<\/li>\n<li>Nie dawaj im jedzenia. Trenerzy karmi\u0105 je wy\u0142\u0105cznie rybami w okre\u015blonych okresach.<\/li>\n<\/ul>\n<\/div>\n<div class=\"header-ul\">\n<h3>Og\u00f3lne informacje o pokazie delfin\u00f3w w Alanyi<\/h3>\n<\/div>\n<div class=\"content-text\"><img decoding=\"async\" class=\"rounded img-fluid float-sm-left mt-2 mr-sm-4 mb-2\" src=\"https:\/\/www.dailytoursinalanya.com\/Content\/images\/tours\/16\/thumb\/alanya-dolphin-show-9.webp\" alt=\"Alanya Dolphin Show  2\" \/>Pokaz delfin\u00f3w w Alanyi trwa \u015brednio 1 godzin\u0119. W tym programie mo\u017cna obejrze\u0107 lwy morskie grzywiaste (otaria flavescens) i delfiny butlonose (tursiops truncatus). Przedstawienie zaczyna si\u0119 od lw\u00f3w morskich. Spektakl rozpoczynaj\u0105 si\u0119 ta\u0144ce i wyst\u0119py wokalne lw\u00f3w morskich. Pokaz fok trwa \u015brednio 15 minut. Nast\u0119pnie pokaz jest kontynuowany pokazami delfin\u00f3w. Pokazano niesamowite zdolno\u015bci tych delfin\u00f3w, kt\u00f3re maj\u0105 inteligencj\u0119 trzyletniego dziecka. Pokaz obejmuje podw\u00f3jne i wielokrotne ta\u0144ce wodne delfin\u00f3w, gry w basenie, pokazy pi\u0142ki wodnej i hula-hoop oraz dialogi z trenerami.<\/p>\n<p>Trybun ma kszta\u0142t litery C. Na trybunach nie ma numeru miejsca. Mo\u017cesz usi\u0105\u015b\u0107 gdziekolwiek chcesz. Spektakl mo\u017cna \u0142atwo zobaczy\u0107 z ka\u017cdego punktu. Wykonywanie zdj\u0119\u0107 i film\u00f3w z trybun jest r\u00f3wnie\u017c bezp\u0142atne. Na zako\u0144czenie pokazu przy basenie wykonywane s\u0105 specjalne zdj\u0119cia. Zdj\u0119cia wykonane po kr\u00f3tkim czasie znajdziesz w dziale \u201ePhotoshop\u201d.<\/p>\n<p>Nie zdziw si\u0119 podekscytowanymi krzykami swoich dzieci. Ich mi\u0142o\u015b\u0107 do zwierz\u0105t wzro\u015bnie, a nawet gdy dorosn\u0105, sp\u0119dz\u0105 niezapomniane chwile.<\/p>\n<h4>Jakie s\u0105 godziny wycieczek?<\/h4>\n<p>Wycieczka z delfinami z Alanyi organizowana jest dwa razy dziennie. Trwa to do 4 godzin \u0142\u0105cznie z transportem. Godziny zwiedzania s\u0105 nast\u0119puj\u0105ce;<\/p>\n<ul>\n<li><b>Poranna wycieczka:<\/b>\u00a0od 09:00 do 12:30<\/li>\n<li><b>Wycieczka popo\u0142udniowa:<\/b>\u00a0w godzinach 14:00 \u2013 17:30<\/li>\n<\/ul>\n<h4>Ile czasu zajmuje dotarcie do parku delfin\u00f3w z Alanyi?<\/h4>\n<p>Sealanya oddalona jest od centrum Alanyi o 17 km. W zale\u017cno\u015bci od g\u0119sto\u015bci klient\u00f3w czas transferu mo\u017ce wynosi\u0107 od 15 do 30 minut. Transport zapewniamy naszymi klimatyzowanymi pojazdami wahad\u0142owymi.<\/p>\n<h4>Jakie s\u0105 inne atrakcje w parku delfin\u00f3w?<\/h4>\n<p>Opr\u00f3cz pokaz\u00f3w delfin\u00f3w w parku delfin\u00f3w mo\u017cna tak\u017ce wzi\u0105\u0107 udzia\u0142 w zaj\u0119ciach. W Sealanya znajduj\u0105 si\u0119 dwa g\u0142\u00f3wne obiekty. S\u0105 to \u201ePark Delfin\u00f3w\u201d i \u201ePark Morski\u201d. Poni\u017cej wymienili\u015bmy wszystkie sekcje dzia\u0142alno\u015bci i us\u0142ugi obiekt\u00f3w.<\/p>\n<h5>Park Delfin\u00f3w<\/h5>\n<p>Odbywaj\u0105 si\u0119 tu pokazy i wydarzenia delfin\u00f3w i lw\u00f3w morskich<\/p>\n<h6>Zaj\u0119cia w parku delfin\u00f3w<\/h6>\n<ul>\n<li>Pokaz delfin\u00f3w (jeste\u015b teraz na tej stronie)<\/li>\n<li>P\u0142ywa\u0107 z delfinami<\/li>\n<li>P\u0142ywanie z fokami<\/li>\n<li>Delfinoterapia<\/li>\n<\/ul>\n<h5>Parku Morskiego<\/h5>\n<p>Jest to obiekt sk\u0142adaj\u0105cy si\u0119 z basen\u00f3w s\u0142odkowodnych i s\u0142onowodnych z r\u00f3\u017cnymi rybami i podwodnymi stworzeniami, w kt\u00f3rych mo\u017cna p\u0142ywa\u0107.<\/p>\n<h6>Zaj\u0119cia w parku morskim<\/h6>\n<ul>\n<li>Atlantyda<\/li>\n<li>Rafa Tropikalna<\/li>\n<li>Basen z rekinami<\/li>\n<li>Basen z Mant\u0105<\/li>\n<li>Basen dla dzieci<\/li>\n<\/ul>\n<p>Wycieczka do Sea Parku obejmuje wszystkie powy\u017csze atrakcje. Zaj\u0119cia w parku delfin\u00f3w nie s\u0105 wliczone w cen\u0119. Aby uzyska\u0107 szczeg\u00f3\u0142owe informacje na temat wycieczki lub dokona\u0107 rezerwacji, odwied\u017a nasz\u0105 stron\u0119 dotycz\u0105c\u0105 wycieczki do Sea Park z Alanyi.<\/p>\n<h4>Interesuj\u0105ce fakty na temat delfin\u00f3w<\/h4>\n<p><b>Poziomy inteligencji:<\/b>\u00a0Badania wykaza\u0142y, \u017ce delfiny s\u0105 drugim po ludziach najbardziej inteligentnym stworzeniem. Tym samym pobili ma\u0142py w rankingu inteligencji. Wed\u0142ug bada\u0144 przeprowadzonych na Uniwersytecie Nowojorskim delfiny maj\u0105 poziom inteligencji trzyletniego dziecka. W tym samym badaniu zaobserwowano, \u017ce delfiny rozpoznaj\u0105 si\u0119 w lustrze, a nawet u\u017cywaj\u0105 lustra do badania r\u00f3\u017cnych cz\u0119\u015bci swojego cia\u0142a.<\/p>\n<p><b>Metody komunikacji:<\/b>\u00a0Komunikuj\u0105 si\u0119 za pomoc\u0105 wysokich cz\u0119stotliwo\u015bci d\u017awi\u0119ku. Ponadto, s\u0142uchaj\u0105c tych cz\u0119stotliwo\u015bci, kt\u00f3re s\u0105 rozpraszane i powracane do \u015brodowiska, mog\u0105 pozna\u0107 g\u0142\u0119boko\u015b\u0107 \u015brodowiska, stan powierzchni, inne stworzenia w \u015brodowisku i lokalizacj\u0119 swojej ofiary. Posiadaj\u0105 naturalny system sonaru (echolokacj\u0119).<\/p>\n<\/div>","protected":false},"excerpt":{"rendered":"<p>Do\u015bwiadczenia Alanya Dolphin Show B\u0105d\u017a \u015bwiadkiem inteligencji i umiej\u0119tno\u015bci delfin\u00f3w. Zobacz pokazy ta\u0144ca fok i pos\u0142uchaj ich piosenek. R\u00f3b zdj\u0119cia z naszymi podwodnymi przyjaci\u00f3\u0142mi. Program pokazu delfin\u00f3w w Alanyi Transfer z hoteli. Pokaz delfin\u00f3w. Pokaz lw\u00f3w morskich. Prywatne sesje zdj\u0119ciowe. Wystawa wykonanych fotografii. Powr\u00f3t do hoteli z obs\u0142ug\u0105 [\u2026]<\/p>","protected":false},"featured_media":9719,"comment_status":"open","ping_status":"closed","template":"","meta":{"_monsterinsights_skip_tracking":false,"_monsterinsights_sitenote_active":false,"_monsterinsights_sitenote_note":"","_monsterinsights_sitenote_category":0},"product_cat":[91],"product_tag":[],"class_list":{"0":"post-9717","1":"product","2":"type-product","3":"status-publish","4":"has-post-thumbnail","6":"product_cat-alanya-dolphin-show","8":"first","9":"instock","10":"sale","11":"shipping-taxable","12":"purchasable","13":"product-type-ovabrw_car_rental"},"aioseo_notices":[],"_links":{"self":[{"href":"https:\/\/berfintour.com\/pl\/wp-json\/wp\/v2\/product\/9717","targetHints":{"allow":["GET"]}}],"collection":[{"href":"https:\/\/berfintour.com\/pl\/wp-json\/wp\/v2\/product"}],"about":[{"href":"https:\/\/berfintour.com\/pl\/wp-json\/wp\/v2\/types\/product"}],"replies":[{"embeddable":true,"href":"https:\/\/berfintour.com\/pl\/wp-json\/wp\/v2\/comments?post=9717"}],"wp:featuredmedia":[{"embeddable":true,"href":"https:\/\/berfintour.com\/pl\/wp-json\/wp\/v2\/media\/9719"}],"wp:attachment":[{"href":"https:\/\/berfintour.com\/pl\/wp-json\/wp\/v2\/media?parent=9717"}],"wp:term":[{"taxonomy":"product_cat","embeddable":true,"href":"https:\/\/berfintour.com\/pl\/wp-json\/wp\/v2\/product_cat?post=9717"},{"taxonomy":"product_tag","embeddable":true,"href":"https:\/\/berfintour.com\/pl\/wp-json\/wp\/v2\/product_tag?post=9717"}],"curies":[{"name":"wp","href":"https:\/\/api.w.org\/{rel}","templated":true}]}}