{"id":9712,"date":"2024-01-14T01:20:10","date_gmt":"2024-01-13T22:20:10","guid":{"rendered":"https:\/\/berfintour.com\/?post_type=product&#038;p=9712"},"modified":"2025-03-24T08:44:01","modified_gmt":"2025-03-24T05:44:01","slug":"paragliding-alanya","status":"publish","type":"product","link":"https:\/\/berfintour.com\/pl\/urun\/paragliding-alanya\/","title":{"rendered":"Paralotniarstwo w Alanyi"},"content":{"rendered":"<div class=\"header-ul\">\n<h3>Do\u015bwiadczenia z paralotniarstwa w Alanyi<\/h3>\n<\/div>\n<div class=\"content-text tour-experiences\">\n<ul>\n<li>Skoczysz z wysoko\u015bci 780 metr\u00f3w i prze\u017cyjesz wyj\u0105tkowy lot.<\/li>\n<li>Z lotu ptaka wida\u0107 miasto Alanya, g\u00f3ry Taurus, zamek w Alanyi i pla\u017c\u0119 Kleopatry.<\/li>\n<li>Podczas lotu b\u0119d\u0105 rejestrowane Twoje zdj\u0119cia i filmy.<\/li>\n<\/ul>\n<\/div>\n<div class=\"header-ul\">\n<h3>Program paralotniarstwa w Alanyi<\/h3>\n<\/div>\n<div class=\"content-text\">\n<ul>\n<li>Odbi\u00f3r z hotelu lub adresu.<\/li>\n<li>Wyjazd do \u201eYass\u0131 Tepe\u201d w g\u00f3rach Taurus podczas zabawnej podr\u00f3\u017cy z widokiem na las i morze. (trwa \u015brednio 25 minut)<\/li>\n<li>Poznaj pilot\u00f3w. Szkolenie teoretyczne z paralotniarstwa.<\/li>\n<li>Kontrola ubioru do lotu.<\/li>\n<li>Noszenie sprz\u0119tu takiego jak paski do kasku.<\/li>\n<li>Praktyczne szkolenie z paralotniarstwa. (Szkolenie w zakresie startu i l\u0105dowania na torze paralotniowym w Alanyi)<\/li>\n<li>Lot na paralotni z wysoko\u015bci 780 metr\u00f3w.<\/li>\n<li>Lot nad niebem Alanyi przez 20 minut.<\/li>\n<li>Robienie film\u00f3w i zdj\u0119\u0107 podczas lotu.<\/li>\n<li>L\u0105dowanie na pla\u017cy Kleopatry. (zostaniesz powitany przez zesp\u00f3\u0142 desantowy)<\/li>\n<li>Ogl\u0105danie film\u00f3w i zdj\u0119\u0107.<\/li>\n<li>Powr\u00f3t do hotelu lub adresu.<\/li>\n<\/ul>\n<\/div>\n<div class=\"header-ul\">\n<h3>Og\u00f3lne informacje o paralotniarstwie w Alanyi<\/h3>\n<\/div>\n<div class=\"content-text\">\n<h2><strong>Paralotniarstwo w Alanyi<\/strong><\/h2>\n<p>Czy jeste\u015b gotowy, aby polecie\u0107 jak ptak nad wybrze\u017cem Morza \u015ar\u00f3dziemnego, poczu\u0107 wiatr i ogl\u0105da\u0107 Alany\u0119 z powietrza podczas paralotniarstwa w tandemie? W takim razie zapraszamy\u00a0<strong>Alanya<\/strong>\u00a0<strong>paragliding<\/strong>\u00a0wycieczka.\u00a0<strong>Paralotniarstwo w Alanyi<\/strong>, kt\u00f3ry jest najprostszym, najbezpieczniejszym i najprzyjemniejszym sposobem latania, z pewno\u015bci\u0105 doda koloru Twoim wakacjom.<\/p>\n<ul>\n<li>Zw\u0142aszcza w pierwszych minutach skoku poczujesz emocje nie do opisania.<\/li>\n<li>Razem do\u015bwiadczycie strachu, podekscytowania i szcz\u0119\u015bcia. Ale nie martw si\u0119.<\/li>\n<li>Po kilku minutach wszystkie te uczucia ust\u0105pi\u0105 spokojowi i szcz\u0119\u015bciu.<\/li>\n<\/ul>\n<p class=\"deepnote2\">Zobaczysz wspania\u0142e krajobrazy\u00a0<strong>paralotniarstwo w Alanyi<\/strong>\u00a0wycieczka.<\/p>\n<h2 class=\"deepnote2\">Paralotniarstwo w Alanyi Turcja<\/h2>\n<p>The\u00a0<strong>paralotniarstwo w Alanyi<\/strong>\u00a0o\u015brodek po\u0142o\u017cony jest na szczytach g\u00f3r Taurus. Podczas transportu mo\u017cna zobaczy\u0107 miasto i morze z lotu ptaka. Przechodzimy przez lasy i wioski i docieramy do punktu skoku. Odbywasz przyjemn\u0105 i malownicz\u0105 podr\u00f3\u017c. The\u00a0<strong>paralotniarstwo w Alanyi<\/strong>\u00a0Trasa jest bardzo bogata pod wzgl\u0119dem krajobrazowym. Podczas lotu mo\u017cesz zobaczy\u0107 z powietrza majestatyczne g\u00f3ry Taurus, centrum Alanyi, zamek w Alanyi i pla\u017c\u0119 Kleopatry.<\/p>\n<ul>\n<li>Piany b\u0142\u0119kitnego morza, blask jasnego letniego s\u0142o\u0144ca i zielone wzg\u00f3rza g\u00f3r Taurus tworz\u0105 idealny krajobraz.<\/li>\n<li>Uwieczniamy Twoje niezapomniane chwile, gdy jeste\u015b\u00a0<strong>paralotniarstwo w Alanyi<\/strong>\u00a0nagrywaj\u0105c zar\u00f3wno filmy, jak i zdj\u0119cia kamerami GoPro.<\/li>\n<li>Przed skokiem rozwiejemy wszelkie w\u0105tpliwo\u015bci w Twojej g\u0142owie\u00a0<strong>paralotniarstwo w Alanyi<\/strong>.<\/li>\n<\/ul>\n<h3>Paralotniarstwo w Alanyi<\/h3>\n<p>Po dotarciu na miejsce skoku zostan\u0105 Ci wyja\u015bnione zasady dzia\u0142ania spadochronu i wszystko, co musisz wiedzie\u0107. Ubrania i sprz\u0119t s\u0105 dostosowane. Dokonuje si\u0119 niezb\u0119dnych kontroli lotu. Spotykasz pilot\u00f3w. Pytasz ich, co ci chodzi po g\u0142owie. Kiedy zrozumiesz techniczne cechy paralotniarstwa i dlaczego jest ono bezpieczne, pozb\u0119dziesz si\u0119 swoich zmartwie\u0144.<\/p>\n<p class=\"deepnote2\">The\u00a0<strong>paralotniarstwo w Alanyi<\/strong>\u00a0to jeden z najbezpieczniejszych tor\u00f3w na \u015bwiecie.<\/p>\n<ul>\n<li>Paralotnia dzia\u0142a na zasadzie nape\u0142niania gor\u0105cym powietrzem kilkudziesi\u0119ciu kom\u00f3r powietrznych w skrzydle.<\/li>\n<li>Fakt, \u017ce w Alanyi jest zawsze ciep\u0142o, ca\u0142kowicie eliminuje ryzyko powodowane przez pogod\u0119.<\/li>\n<li>\u00a0Ponadto, poniewa\u017c p\u00f3\u0142noc Alanyi jest ca\u0142kowicie pokryta g\u00f3rami, w powietrzu nie wyst\u0119puj\u0105 odwrotne pr\u0105dy wiatru.<\/li>\n<li>Warunki pogodowe w Alanyi s\u0105 zawsze idealne do uprawiania paralotniarstwa.<\/li>\n<\/ul>\n<p class=\"deepnote2\">Latasz z licencjonowanymi i do\u015bwiadczonymi pilotami.<\/p>\n<p>Wszyscy piloci posiadaj\u0105 certyfikaty FAI (Mi\u0119dzynarodowa Federacja Lotnicza) i THK (Tureckie Stowarzyszenie Aeronautyczne). Nasi piloci maj\u0105 nalot co najmniej 1000 godzin. Ponadto u\u017cywany sprz\u0119t jest \u015bwiatowej klasy. Ka\u017cdy paralotniarz ma zapasowy spadochron.<\/p>\n<p class=\"deepnote2\">Aby lata\u0107 na paralotni, nie trzeba mie\u0107 do\u015bwiadczenia.<\/p>\n<p>Lata na paralotni pod okiem licencjonowanych i do\u015bwiadczonych pilot\u00f3w. Nie musisz nic robi\u0107. Nie potrzebujesz do\u015bwiadczenia ani przeszkolenia. M\u00f3wi si\u0119 Ci jedynie, co masz robi\u0107 podczas startu i l\u0105dowania. Nast\u0119pnie spotykasz niebo, biegaj\u0105c zsynchronizowany ze swoim pilotem.<\/p>\n<p>Po prawej i lewej stronie znajduj\u0105 si\u0119 prowadnice, kt\u00f3re pomog\u0105 Ci podczas biegu. Z pomoc\u0105 przewodnik\u00f3w b\u0119dziesz m\u00f3g\u0142 bezpiecznie wystartowa\u0107.<\/p>\n<p>Wszystko, co musisz zrobi\u0107, to cieszy\u0107 si\u0119 chwil\u0105 i widokiem.<\/p>\n<h3>Cena paralotniarstwa w Alanyi<\/h3>\n<p>Je\u015bli nigdy nie pr\u00f3bowa\u0142e\u015b\u00a0<b>paralotniarstwo w Alanyi<\/b>, zdecydowanie powiniene\u015b na to p\u00f3j\u015b\u0107! Tutaj dowiesz si\u0119, jak wybra\u0107 najlepsz\u0105 aktywno\u015b\u0107, jak uzyska\u0107 najlepsz\u0105 cen\u0119 i jak czerpa\u0107 z tej aktywno\u015bci jak najwi\u0119cej przyjemno\u015bci.\u00a0<b>Najlepsze\u00a0<\/b><strong>paralotniarstwo w Alanyi<\/strong>\u00a0jest rok 2023! Oto kilka rzeczy, kt\u00f3re powiniene\u015b wiedzie\u0107 przed wyruszeniem w sw\u00f3j pierwszy lot! W ko\u0144cu nie chcesz przegapi\u0107 tego jedynego w \u017cyciu do\u015bwiadczenia!<\/p>\n<h3>Paralotniarstwo w Turcji w Alanyi<\/h3>\n<p>Je\u015bli nigdy nie pr\u00f3bowa\u0142e\u015b latania na paralotni w tandemie, czeka Ci\u0119 prawdziwa uczta. Podczas lotu b\u0119dzie Ci towarzyszy\u0107 profesjonalny pilot tandemowy. Zostaniesz odebrany z hotelu i wywieziony na pla\u017c\u0119 oko\u0142o 900 metr\u00f3w nad poziomem morza. Po wyl\u0105dowaniu zostaniesz odwieziony do hotelu, gdzie b\u0119dziesz m\u00f3g\u0142 cieszy\u0107 si\u0119 reszt\u0105 pobytu.<\/p>\n<ul>\n<li>Tysi\u0105ce turyst\u00f3w wybra\u0142o Alany\u0119 jako miejsce swojego wypoczynku, poniewa\u017c jest to jedno z najbezpieczniejszych miejsc\u00a0<strong>paralotniarstwo w Alanyi<\/strong>\u00a0utwor\u00f3w na \u015bwiecie.<\/li>\n<li>Profesjonalni piloci pok\u0142adowi b\u0119d\u0105 Ci towarzyszy\u0107 podczas lotu, a tak\u017ce w ka\u017cdej chwili mog\u0105 go bezpiecznie zako\u0144czy\u0107.<\/li>\n<li>Latanie na paralotni nie sprawi Ci \u017cadnych trudno\u015bci, wszystko wyja\u015bni\u0105 Ci profesjonalni instruktorzy.<\/li>\n<li>Nast\u0119pnie b\u0119dziesz m\u00f3g\u0142 cieszy\u0107 si\u0119 pi\u0119knym krajobrazem z nowej perspektywy.<\/li>\n<\/ul>\n<h3>Paralotniarstwo Turcja Alanya<\/h3>\n<p>B\u0119dziesz lata\u0142 na wysoko\u015bci oko\u0142o 780 metr\u00f3w nad poziomem morza, dzi\u0119ki czemu b\u0119dziesz czu\u0107 si\u0119 bezpiecznie w swoim ciele i cieszy\u0107 si\u0119 widokami. Lot b\u0119dzie trwa\u0142 oko\u0142o dwudziestu lub trzydziestu minut. To prze\u017cycie jest niezapomniane. Wr\u00f3cisz ze wspania\u0142ymi wspomnieniami niesamowitych krajobraz\u00f3w, kt\u00f3re widzia\u0142e\u015b, a tak\u017ce wyj\u0105tkow\u0105 perspektyw\u0105 miasta. Alanya oferuje mn\u00f3stwo mo\u017cliwo\u015bci do wypr\u00f3bowania\u00a0<b>paralotniarstwo w Alanyi<\/b>, a nawet mo\u017cesz sam sfilmowa\u0107 ca\u0142e prze\u017cycie.<\/p>\n<h3>Cena paralotniarstwa w Alanyi<\/h3>\n<p>Aby do\u015bwiadczy\u0107 dreszczyku emocji\u00a0<strong><u>paralotniarstwo w Alanyi<\/u><\/strong>, mo\u017cna zwiedza\u0107 miasto z nieba. Koszt do\u015bwiadczenia zaczyna si\u0119 od 60 EUR za osob\u0119 w 2023 roku.\u00a0<b>Cena paralotniarstwa w Alanyi<\/b>\u00a0obejmuje transport do i z lotniska, ubezpieczenie lotu i odpraw\u0119 na temat bezpiecze\u0144stwa przed rozpocz\u0119ciem przygody. Przed skokiem zostaniesz wyposa\u017cony w sprz\u0119t ochronny. Zostaniesz r\u00f3wnie\u017c przeniesiony do pobliskiej lokalizacji, aby obejrze\u0107 zach\u00f3d s\u0142o\u0144ca.<\/p>\n<ul>\n<li>Po przybyciu do Alanyi zarezerwuj nocleg\u00a0<strong>paralotniarstwo w Alanyi<\/strong>\u00a0lot online, aby mie\u0107 pewno\u015b\u0107, \u017ce otrzymasz najlepsz\u0105 cen\u0119.<\/li>\n<li>Przed dokonaniem rezerwacji utw\u00f3rz konto, aby m\u00f3c \u015bledzi\u0107 swoj\u0105 rezerwacj\u0119 i sprawdzi\u0107, kt\u00f3re oferty s\u0105 dost\u0119pne.<\/li>\n<li><strong>Paralotniarstwo w Alanyi<\/strong>\u00a0to \u015bwietny spos\u00f3b, aby zobaczy\u0107 pi\u0119kn\u0105 sceneri\u0119 miasta z g\u00f3ry.<\/li>\n<li>B\u0119dzie Ci towarzyszy\u0107 wykwalifikowany instruktor, kt\u00f3ry wyja\u015bni proces startu i l\u0105dowania Twojej jednostki.<\/li>\n<\/ul>\n<h3>Najlepszy paralotniarstwo w Alanyi 2023<\/h3>\n<p>Je\u015bli szukasz przygody pe\u0142nej adrenaliny, idealnym rozwi\u0105zaniem b\u0119dzie paralotniarstwo nad miastem Alanya. Ten pe\u0142en adrenaliny sport pozwala wznie\u015b\u0107 si\u0119 w powietrze podczas schodzenia na pla\u017c\u0119 Kleopatry.\u00a0<b>Paralotniarstwo w Alanyi<\/b>\u00a0to sport tandemowy i do zapewnienia bezpiecze\u0144stwa i p\u0142ynnego lotu wymagany jest profesjonalny przewodnik. Ceny lotu w tandemie wynosz\u0105 oko\u0142o 60 EUR za osob\u0119. Lot trwa oko\u0142o dwudziestu do trzydziestu minut i najlepiej wykonuj\u0105 go do\u015bwiadczeni paralotniarze.<\/p>\n<ul>\n<li>Je\u017celi jeste\u015b pocz\u0105tkuj\u0105cy zawsze mo\u017cesz skorzysta\u0107 z lekcji u wykwalifikowanego instruktora.<\/li>\n<li>Niezale\u017cnie od tego, czy dopiero zaczynasz przygod\u0119 z paralotniarstwem, czy ju\u017c wcze\u015bniej do\u015bwiadczy\u0142e\u015b paralotniarstwa, ta aktywno\u015b\u0107 sprawi, \u017ce poczujesz si\u0119 jak profesjonalista i zapewni Ci wspania\u0142e poczucie spe\u0142nienia.<\/li>\n<li><strong><u>Paralotniarstwo w Alanyi<\/u><\/strong>\u00a0to najlepszy spos\u00f3b, aby do\u015bwiadczy\u0107 zerowej grawitacji na niebie i cieszy\u0107 si\u0119 widokiem na miasto z lotu ptaka.<\/li>\n<\/ul>\n<h3>Aktywno\u015b\u0107 paralotniowa w Alanyi<\/h3>\n<p>Je\u015bli masz czas i ochot\u0119, spr\u00f3buj\u00a0<strong>Aktywno\u015b\u0107 paralotniowa w Alanyi<\/strong>. Wysokie na 700 metr\u00f3w wzg\u00f3rze Yassi Tepe to doskona\u0142y punkt startowy do lotu pe\u0142nego adrenaliny. Podczas lotu zobaczysz s\u0142ynn\u0105 na ca\u0142ym \u015bwiecie Pla\u017c\u0119 Kleopatry i g\u00f3ry Taurus. B\u0119dziesz mia\u0142 tak\u017ce okazj\u0119 podziwia\u0107 wspania\u0142e widoki na wybrze\u017ce Alanyi.<\/p>\n<ul>\n<li>Opr\u00f3cz bezpiecze\u0144stwa i dobrej zabawy,\u00a0<strong>paralotniarstwo w Alanyi<\/strong>\u00a0to tak\u017ce doskona\u0142y spos\u00f3b na podziwianie wspania\u0142ej scenerii.<\/li>\n<li>Podczas lotu towarzyszy\u0107 Ci b\u0119dzie profesjonalny instruktor paralotniarstwa, kt\u00f3ry udzieli Ci wszelkich niezb\u0119dnych instrukcji.<\/li>\n<li>Towarzyszy\u0107 Ci b\u0119dzie tak\u017ce do\u015bwiadczony pilot paralotniowy.<\/li>\n<li>Instruktorzy wyja\u015bni\u0105 wszystkie zasady i przepisy i upewni\u0105 si\u0119, \u017ce jeste\u015b gotowy do skoku, gdy zostaniesz poinstruowany.<\/li>\n<\/ul>\n<h4>Gdzie uprawia\u0107 paralotniarstwo w Alanyi?<\/h4>\n<p>Skoki paralotniowe w Alanyi wykonywane s\u0105 z \u201eyassi tepe\u201d po\u0142o\u017conego na wysoko\u015bci 780 metr\u00f3w nad poziomem morza. L\u0105dowisko znajduje si\u0119 przy pla\u017cy Kleopatry, kt\u00f3ra jest s\u0142ynn\u0105 na ca\u0142ym \u015bwiecie pla\u017c\u0105 w Alanyi.<\/p>\n<p>Przypomnijmy, \u017ce transport jest \u0142atwy, zw\u0142aszcza dla tych, kt\u00f3rzy chc\u0105 wykona\u0107 wiele skok\u00f3w. Odleg\u0142o\u015b\u0107 pomi\u0119dzy punktem startu a l\u0105dowiskiem wynosi oko\u0142o 6 kilometr\u00f3w drog\u0105 l\u0105dow\u0105. Do punktu skoku mo\u017cna ponownie dotrze\u0107 w kr\u00f3tkim czasie, bo po 10-15 minutach.<\/p>\n<h4>Jak d\u0142ugo trwa paralotniarstwo?<\/h4>\n<p>Standardowy czas lotu to 25 minut. Je\u015bli jednak warunki atmosferyczne sprzyjaj\u0105, paralotniarze mog\u0105 przebywa\u0107 w powietrzu bez ogranicze\u0144. Je\u015bli chcesz pozosta\u0107 w powietrzu d\u0142u\u017cej ni\u017c standardowy czas lotu, powiedz to przed lotem. W przypadku braku zag\u0119szczenia mo\u017cna lata\u0107 d\u0142u\u017cej za dodatkow\u0105 op\u0142at\u0105.<\/p>\n<h4>W jakich godzinach mog\u0119 lata\u0107 na paralotni w Alanyi?<\/h4>\n<p>Je\u015bli warunki pogodowe s\u0105 odpowiednie, mo\u017cesz lata\u0107 na paralotni, kiedy tylko chcesz, nad niebem Alanyi. Loty odbywaj\u0105 si\u0119 w godzinach 09:00\u201316:30. Zalecamy dokonanie rezerwacji kilka dni wcze\u015bniej. Dzi\u0119ki temu mo\u017cesz lata\u0107 kiedy tylko chcesz.<\/p>\n<h4>Kto mo\u017ce lata\u0107 na paralotni w Alanyi?<\/h4>\n<p>Poniewa\u017c paralotniarstwo jest sportem adrenalinowym, przed jego uczestnikami obowi\u0105zuj\u0105 pewne wymagania. Wymienili\u015bmy je poni\u017cej<\/p>\n<ul>\n<li>Twoja waga musi wynosi\u0107 co najmniej 40 kg<\/li>\n<li>Twoja waga nie mo\u017ce przekracza\u0107 120 kg.<\/li>\n<li>Brak chor\u00f3b uk\u0142adu kr\u0105\u017cenia, takich jak serce i ci\u015bnienie krwi.<\/li>\n<li>Aby nie chorowa\u0107 na \u017cadn\u0105 chorob\u0119, kt\u00f3ra uniemo\u017cliwia\u0142aby lot.<\/li>\n<li>Brak zaburze\u0144 nastroju, takich jak l\u0119k wysoko\u015bci i ataki paniki.<\/li>\n<\/ul>\n<h4>Czy istnieje ograniczenie wiekowe dla paralotniarzy?<\/h4>\n<p>Nie ma ogranicze\u0144 wiekowych dla paralotniarzy. Lata\u0107 mo\u017ce ka\u017cdy, kto spe\u0142nia powy\u017csze warunki\u00a0<strong>paralotniarstwo w Alanyi<\/strong>.<\/p>\n<h4>Czy masz kobiet\u0119 pilota?<\/h4>\n<p>Tak. Mamy te\u017c kobiety-pilot\u00f3w.<\/p>\n<h4>Ile os\u00f3b mo\u017ce lata\u0107 na paralotni?<\/h4>\n<p>W paralotniarstwie lataj\u0105 przewa\u017cnie dwie osoby. Powodem tego ograniczenia jest fakt, \u017ce no\u015bno\u015b\u0107 paralotni bez pilota wynosi 120 kilogram\u00f3w. Je\u015bli \u0142\u0105czna waga pasa\u017cer\u00f3w nie przekracza 110 kilogram\u00f3w, na paralotni Alanya mog\u0105 lata\u0107 3 osoby. (Maksymalne obci\u0105\u017cenie wynosi 110 kg w przypadku lot\u00f3w z 3 osobami.)<\/p>\n<h4>Jaki rodzaj ubra\u0144 powinienem nosi\u0107?<\/h4>\n<p>Wystarczy za\u0142o\u017cy\u0107 wygodny ubi\u00f3r i w miar\u0119 mo\u017cliwo\u015bci obuwie sportowe. Zalecamy noszenie ubra\u0144, kt\u00f3re nie b\u0119d\u0105 wia\u0107 na wietrze i nie b\u0119d\u0105 Ci przeszkadza\u0107. Nie zabieraj ze sob\u0105 przedmiot\u00f3w takich jak czapki czy bi\u017cuteria. Poniewa\u017c Twoje rzeczy mog\u0105 spa\u015b\u0107 podczas\u00a0<strong>paralotniarstwo w Alanyi<\/strong>\u00a0wycieczka.<\/p>\n<p>Przed lotem Twoje ubrania zostan\u0105 sprawdzone przez przewodnik\u00f3w.<\/p>\n<h5>Czy mog\u0119 robi\u0107 zdj\u0119cia podczas paralotniarstwa w Alanyi?<\/h5>\n<p>Ze wzgl\u0119d\u00f3w bezpiecze\u0144stwa lotu nie wolno zabiera\u0107 ze sob\u0105 przedmiot\u00f3w takich jak telefony kom\u00f3rkowe. Jednak zdj\u0119cia i filmy z paralotniarstwa s\u0105 robione przez za\u0142og\u0119 naziemn\u0105 podczas startu i l\u0105dowania oraz przez pilota w powietrzu.<\/p>\n<h5>O kt\u00f3rej porze roku mo\u017cesz lata\u0107 na paralotni w Alanyi?<\/h5>\n<p>Warunki pogodowe w Alanyi sprzyjaj\u0105 uprawianiu paralotniarstwa zar\u00f3wno latem, jak i zim\u0105. Ale zim\u0105 nie latamy w deszczowe i burzliwe dni.<\/p>\n<ul>\n<li>Musimy \u015bledzi\u0107 pogod\u0119, aby uwzgl\u0119dni\u0107 plan lotu zim\u0105.<\/li>\n<li>Dlatego ju\u017c pierwszego dnia wakacji warto przys\u0142a\u0107 nam rezerwacje zimowe.<\/li>\n<li>Dzi\u0119ki temu mo\u017cemy zaplanowa\u0107 Tw\u00f3j lot na dzie\u0144, w kt\u00f3rym warunki pogodowe b\u0119d\u0105 odpowiednie.<\/li>\n<\/ul>\n<\/div>","protected":false},"excerpt":{"rendered":"<p>Do\u015bwiadczenia paralotniarstwa w Alanyi Skoczysz z wysoko\u015bci 780 metr\u00f3w i prze\u017cyjesz wyj\u0105tkowy lot. Z lotu ptaka wida\u0107 miasto Alanya, g\u00f3ry Taurus, zamek w Alanyi i pla\u017c\u0119 Kleopatry. Podczas lotu b\u0119d\u0105 rejestrowane Twoje zdj\u0119cia i filmy. Program paralotniarstwa w Alanyi Odbi\u00f3r z hotelu lub adresu. Id\u0105c do \u201eYassi [\u2026]<\/p>","protected":false},"featured_media":9716,"comment_status":"open","ping_status":"closed","template":"","meta":{"_monsterinsights_skip_tracking":false,"_monsterinsights_sitenote_active":false,"_monsterinsights_sitenote_note":"","_monsterinsights_sitenote_category":0},"product_cat":[72],"product_tag":[],"class_list":{"0":"post-9712","1":"product","2":"type-product","3":"status-publish","4":"has-post-thumbnail","6":"product_cat-alanya-yamac-parasutu","8":"first","9":"instock","10":"sale","11":"shipping-taxable","12":"purchasable","13":"product-type-ovabrw_car_rental"},"aioseo_notices":[],"_links":{"self":[{"href":"https:\/\/berfintour.com\/pl\/wp-json\/wp\/v2\/product\/9712","targetHints":{"allow":["GET"]}}],"collection":[{"href":"https:\/\/berfintour.com\/pl\/wp-json\/wp\/v2\/product"}],"about":[{"href":"https:\/\/berfintour.com\/pl\/wp-json\/wp\/v2\/types\/product"}],"replies":[{"embeddable":true,"href":"https:\/\/berfintour.com\/pl\/wp-json\/wp\/v2\/comments?post=9712"}],"wp:featuredmedia":[{"embeddable":true,"href":"https:\/\/berfintour.com\/pl\/wp-json\/wp\/v2\/media\/9716"}],"wp:attachment":[{"href":"https:\/\/berfintour.com\/pl\/wp-json\/wp\/v2\/media?parent=9712"}],"wp:term":[{"taxonomy":"product_cat","embeddable":true,"href":"https:\/\/berfintour.com\/pl\/wp-json\/wp\/v2\/product_cat?post=9712"},{"taxonomy":"product_tag","embeddable":true,"href":"https:\/\/berfintour.com\/pl\/wp-json\/wp\/v2\/product_tag?post=9712"}],"curies":[{"name":"wp","href":"https:\/\/api.w.org\/{rel}","templated":true}]}}