{"id":9702,"date":"2024-01-14T01:03:19","date_gmt":"2024-01-13T22:03:19","guid":{"rendered":"https:\/\/berfintour.com\/?post_type=product&#038;p=9702"},"modified":"2025-03-24T08:36:01","modified_gmt":"2025-03-24T05:36:01","slug":"alanya-fishing-tour","status":"publish","type":"product","link":"https:\/\/berfintour.com\/pl\/urun\/alanya-fishing-tour\/","title":{"rendered":"Wycieczka w\u0119dkarska do Alanyi"},"content":{"rendered":"<div class=\"header-ul\">\n<h3>Do\u015bwiadczenia z wyprawy w\u0119dkarskiej do Alanyi<\/h3>\n<\/div>\n<div class=\"content-text tour-experiences\">\n<ul>\n<li>Ekonomiczny\u00a0<strong>Wycieczka w\u0119dkarska do Alanyi<\/strong>\u00a0gdzie mo\u017cesz podr\u00f3\u017cowa\u0107, jak chcesz, z rodzin\u0105.<\/li>\n<li>B\u0119dziesz m\u00f3g\u0142 \u0142owi\u0107 ryby w Morzu \u015ar\u00f3dziemnym i zje\u015b\u0107 te ryby na lunch lub zabra\u0107 je ze sob\u0105.<\/li>\n<li>B\u0119dziesz m\u00f3g\u0142 zrobi\u0107 sobie przerw\u0119 lub pop\u0142ywa\u0107, gdziekolwiek chcesz.<\/li>\n<\/ul>\n<\/div>\n<div class=\"header-ul\">\n<h3>Program wyprawy w\u0119dkarskiej do Alanyi<\/h3>\n<\/div>\n<div class=\"content-text\">\n<p class=\"deepnote2\">Od\u00a0<strong>Wycieczka w\u0119dkarska do Alanyi<\/strong>\u00a0jest organizowany specjalnie dla Ciebie, to Ty ustalasz miejsca i godziny zwiedzania. Stworzyli\u015bmy poni\u017cszy program. mo\u017cemy to zmieni\u0107 zgodnie z Twoimi \u017c\u0105daniami.<\/p>\n<ul>\n<li>Odbi\u00f3r z hoteli.<\/li>\n<li>Wizyta w Stoczni Alanya, kt\u00f3ra znajduje si\u0119 przy wyj\u015bciu z portu. Zr\u00f3b zdj\u0119cie od strony morza w kierunku Alanyi i krajobrazu Czerwonej Wie\u017cy.<\/li>\n<li>Przerwa na p\u0142ywanie w zatoce Stoczni.<\/li>\n<li>Wizyta w Jaskini Pirat\u00f3w, Jaskini Zakochanych i Jaskini Fosforowej.<\/li>\n<li>P\u0142ywanie i przerwa na zdj\u0119cia na pla\u017cy Kleopatry.<\/li>\n<li>Przerwa na k\u0105piel na pla\u017cy Ula\u015f.<\/li>\n<li>W\u0119dkarstwo na g\u0142\u0119bokim morzu Ula\u015f.<\/li>\n<li>Przerwa na lunch.<\/li>\n<li>\u0141owienie ryb na drugim pastwisku rybnym.<\/li>\n<li>Powr\u00f3t do portu morskiego i transfer do hoteli.<\/li>\n<\/ul>\n<\/div>\n<div class=\"header-ul\">\n<h3>Og\u00f3lne informacje o wyprawie w\u0119dkarskiej do Alanyi<\/h3>\n<\/div>\n<div class=\"content-text\">\n<h2><strong>Wycieczka w\u0119dkarska do Alanyi<\/strong><\/h2>\n<p><strong>Wyprawa w\u0119dkarska do Alanyi<\/strong>\u00a0to jedno z najfajniejszych zaj\u0119\u0107, do kt\u00f3rych mo\u017cesz do\u0142\u0105czy\u0107 z rodzin\u0105 lub grup\u0105 w Alanyi. Przychodz\u0105 zw\u0142aszcza nasi klienci, kt\u00f3rzy uwielbiaj\u0105 \u0142owi\u0107 ryby\u00a0<strong>Wycieczka w\u0119dkarska do Alanyi<\/strong>\u00a0wi\u0119cej ni\u017c raz. Do\u0142\u0105czy\u0107 mog\u0105 tak\u017ce rodziny z dzie\u0107mi\u00a0<strong>Wycieczka w\u0119dkarska do Alanyi<\/strong>.<\/p>\n<ul>\n<li>Naszymi pojazdami transferowymi odbierzemy Ci\u0119 z hoteli i zawieziemy do portu morskiego, w kt\u00f3rym znajduje si\u0119 \u0142\u00f3d\u017a. Pojedziemy na ryby na 4 godziny, a je\u015bli zajdzie taka potrzeba, udamy si\u0119 na wycieczk\u0119 i wr\u00f3cimy do portu.<\/li>\n<li>Nast\u0119pnie odwieziemy Ci\u0119 z powrotem do hotelu.<\/li>\n<\/ul>\n<h3><strong>Cena wycieczki w\u0119dkarskiej do Alanyi<\/strong><\/h3>\n<p class=\"deepnote\">The\u00a0<strong>Wycieczka w\u0119dkarska do Alanyi<\/strong>\u00a0zostanie zorganizowany specjalnie dla Ciebie.<\/p>\n<p>Na \u0142odzi nie b\u0119dzie ju\u017c nikogo innego.\u00a0<strong>Wycieczka w\u0119dkarska do Alanyi<\/strong>\u00a0godziny i miejsca docelowe mo\u017cna zaplanowa\u0107 wed\u0142ug w\u0142asnych \u017cycze\u0144. Wraz ze wzrostem liczby uczestnik\u00f3w zwi\u0119ksza si\u0119 rozmiar \u0142odzi rybackiej.<\/p>\n<ul>\n<li><b>Dla 1-6 os\u00f3b:<\/b>\u00a0\u0141odzie o d\u0142ugo\u015bci 13 metr\u00f3w<\/li>\n<li><b>Dla wi\u0119cej ni\u017c 6 os\u00f3b:<\/b>\u00a0dostarczane s\u0105 wi\u0119ksze \u0142odzie rybackie.<\/li>\n<\/ul>\n<p class=\"deepnote\">Opr\u00f3cz\u00a0<strong>Wycieczka w\u0119dkarska do Alanyi<\/strong>, mo\u017cesz odwiedzi\u0107 Zamek Alanya i s\u0142ynne zatoki Alanyi.<\/p>\n<p>Je\u015bli chcesz, mo\u017cemy podczas rejsu odby\u0107 kr\u00f3tk\u0105 wycieczk\u0119 po zamku w Alanyi. W jaskiniach wok\u00f3\u0142 zamku mo\u017cemy robi\u0107 sobie przerwy na p\u0142ywanie. Mo\u017cemy odwiedzi\u0107 pla\u017c\u0119 Kleopatry i pla\u017c\u0119 Ula\u015f. Je\u015bli nigdy wcze\u015bniej nie bra\u0142e\u015b udzia\u0142u w rejsie statkiem po Alanyi, odwiedzenie tych miejsc b\u0119dzie dla Ciebie innym prze\u017cyciem.<\/p>\n<h3>Wycieczki w\u0119dkarskie w Alanyi<\/h3>\n<p>Naszym g\u0142\u00f3wnym celem jest oczywi\u015bcie \u0142owienie ryb. Je\u015bli chcesz, nigdy nie mo\u017cemy odwiedzi\u0107 tych punkt\u00f3w widokowych i uda\u0107 si\u0119 bezpo\u015brednio na pastwiska rybne.<\/p>\n<p class=\"deepnote\">Ryby \u0142owi si\u0119 r\u00f3\u017cnymi technikami po\u0142owu, takimi jak w\u0119dki g\u0142\u0119binowe, w\u0119dki jigowe i spinningowe.<\/p>\n<p>Naszym pierwszym pastwiskiem rybackim jest otwarte morze Ula\u015f. \u0141owimy tu \u015brednio 1-3 kilogramy ryb na osob\u0119 na w\u0119dki g\u0142\u0119binowe. Na tym pastwisku cz\u0119sto wyst\u0119puj\u0105 ryby \u201eczerwone porgy\u201d.<\/p>\n<ul>\n<li>Na drugim pastwisku staramy si\u0119 \u0142owi\u0107 wi\u0119ksze ryby. Przecie\u017c na pierwszym pastwisku z\u0142owili\u015bmy mn\u00f3stwo \u201eczerwonego porgi\u201d.<\/li>\n<li>Na tym pastwisku wyst\u0119puj\u0105 takie ryby jak barakuda, leer fish, lambuka, lagos, grouper i bluefish.<\/li>\n<li>Zwykle na osob\u0119 udaje nam si\u0119 z\u0142owi\u0107 jedn\u0105 lub dwie du\u017ce ryby.<\/li>\n<li>Ale oczywi\u015bcie czasami nie mo\u017cemy \u0142owi\u0107 ryb na tym pastwisku.<\/li>\n<li>Powiedzmy powodzenia.<\/li>\n<\/ul>\n<p>Nast\u0119pnie kontynuujemy polowanie jigowaniem i spinningiem. Mo\u017cemy zmieni\u0107 pastwisko rybne lub rodzaj po\u0142owu zgodnie z Twoimi preferencjami.<\/p>\n<p><img decoding=\"async\" class=\"figure-img img-fluid lazy\" src=\"https:\/\/www.dailytoursinalanya.com\/Content\/images\/userfiles\/images\/alanya-fishing\/fish-plate.webp\" alt=\"Fresh fish for lunch\" \/><\/p>\n<p class=\"deepnote\">Ryby, kt\u00f3re z\u0142owisz, nale\u017c\u0105 do ciebie.<\/p>\n<p>Je\u015bli chcesz, mo\u017cemy ugotowa\u0107 z\u0142owion\u0105 ryb\u0119 na lunch. Mo\u017cesz te\u017c zabra\u0107 go ze sob\u0105 w podr\u00f3\u017c. Nasze menu lunchowe obejmuje opcjonalnie grillowanego kurczaka i ryb\u0119, makaron i sa\u0142atk\u0119. Napoje bezalkoholowe s\u0105 bezp\u0142atne w trakcie\u00a0<strong>Wycieczka w\u0119dkarska do Alanyi<\/strong>.<\/p>\n<p class=\"deepnote\">Mo\u017cliwo\u015b\u0107 opalania si\u0119 lub p\u0142ywania, kiedy tylko chcesz.<\/p>\n<p>Od\u00a0<strong>Wycieczka w\u0119dkarska do Alanyi<\/strong>\u00a0jest organizowany specjalnie dla Ciebie, mo\u017cemy zapewni\u0107 Ci przerw\u0119 na p\u0142ywanie, kiedy tylko chcesz. Mo\u017cesz te\u017c opala\u0107 si\u0119 na \u0142odzi.<\/p>\n<p class=\"deepnote\">Je\u017adzimy na najlepsze pastwiska rybne. W\u0119dkarstwo jest gwarantowane.<\/p>\n<p>Najbardziej inwazyjnym gatunkiem wp\u0142ywaj\u0105cym do Morza \u015ar\u00f3dziemnego przez Kana\u0142 Sueski jest rozdymka. Chocia\u017c ryba ta jest cenna w krajach takich jak Japonia, nie mo\u017ce znale\u017a\u0107 warto\u015bci handlowej w krajach \u015br\u00f3dziemnomorskich ze wzgl\u0119du na zawart\u0105 w niej trucizn\u0119.<\/p>\n<p>Poniewa\u017c ryby rozdymkowate skupiaj\u0105 si\u0119 zwykle na wybrze\u017cu, udajemy si\u0119 na pastwiska rybne na otwartym morzu. Na pok\u0142adzie znajduje si\u0119 radar do wykrywania ryb.<\/p>\n<p class=\"deepnote\">O faunie Morza \u015ar\u00f3dziemnego i zmieniaj\u0105cym si\u0119 ekosystemie morskim.<\/p>\n<h3 class=\"deepnote\">Wycieczki w\u0119dkarskie w Alanyi<\/h3>\n<p>Morze \u015ar\u00f3dziemne jest bogate w r\u00f3\u017cnorodno\u015b\u0107 ryb. Poniewa\u017c jednak Morze \u015ar\u00f3dziemne jest morzem s\u0142onym, populacja ryb jest niewielka. Chocia\u017c rybo\u0142\u00f3wstwo komercyjne by\u0142o w ostatnich latach pod kontrol\u0105, siedliska morskie zosta\u0142y powa\u017cnie zniszczone w wyniku niekontrolowanych po\u0142ow\u00f3w komercyjnych w ostatnich latach. Ponadto gatunki inwazyjne przedostaj\u0105ce si\u0119 w ostatnich latach do Morza \u015ar\u00f3dziemnego z Kana\u0142u Sueskiego zacz\u0119\u0142y zmienia\u0107 ekosystem.<\/p>\n<ul>\n<li>Rozumie si\u0119, \u017ce nie mo\u017cna zapobiec przedostawaniu si\u0119 nowych gatunk\u00f3w do Morza \u015ar\u00f3dziemnego przez Kana\u0142 Sueski. Innymi s\u0142owy, region Morza \u015ar\u00f3dziemnego rozpocz\u0105\u0142 obecnie proces zmian.<\/li>\n<li>Wiadomo, \u017ce \u017cyj\u0105ce w siedliskach stworzenia w ci\u0105gu najbli\u017cszych 20-30 lat zostan\u0105 poddane selekcji naturalnej. W ten spos\u00f3b rozpocz\u0119to walk\u0119 z gatunkami inwazyjnymi, takimi jak rozdymka i lew morski.<\/li>\n<\/ul>\n<p>Te gatunki ryb s\u0105 rzadkie na pastwiskach, do kt\u00f3rych si\u0119 udamy.<\/p>\n<\/div>","protected":false},"excerpt":{"rendered":"<p>Do\u015bwiadczenia z wyprawy w\u0119dkarskiej do Alanyi Ekonomiczna wyprawa w\u0119dkarska do Alanyi, podczas kt\u00f3rej mo\u017cesz podr\u00f3\u017cowa\u0107 z rodzin\u0105, jak chcesz. B\u0119dziesz m\u00f3g\u0142 \u0142owi\u0107 ryby w Morzu \u015ar\u00f3dziemnym i zje\u015b\u0107 te ryby na lunch lub zabra\u0107 je ze sob\u0105. B\u0119dziesz m\u00f3g\u0142 zrobi\u0107 sobie przerw\u0119 lub pop\u0142ywa\u0107, gdziekolwiek chcesz. Program [\u2026]<\/p>","protected":false},"featured_media":9705,"comment_status":"open","ping_status":"closed","template":"","meta":{"_monsterinsights_skip_tracking":false,"_monsterinsights_sitenote_active":false,"_monsterinsights_sitenote_note":"","_monsterinsights_sitenote_category":0},"product_cat":[89],"product_tag":[],"class_list":{"0":"post-9702","1":"product","2":"type-product","3":"status-publish","4":"has-post-thumbnail","6":"product_cat-alanya-fishing-tour","8":"first","9":"instock","10":"sale","11":"shipping-taxable","12":"purchasable","13":"product-type-ovabrw_car_rental"},"aioseo_notices":[],"_links":{"self":[{"href":"https:\/\/berfintour.com\/pl\/wp-json\/wp\/v2\/product\/9702","targetHints":{"allow":["GET"]}}],"collection":[{"href":"https:\/\/berfintour.com\/pl\/wp-json\/wp\/v2\/product"}],"about":[{"href":"https:\/\/berfintour.com\/pl\/wp-json\/wp\/v2\/types\/product"}],"replies":[{"embeddable":true,"href":"https:\/\/berfintour.com\/pl\/wp-json\/wp\/v2\/comments?post=9702"}],"wp:featuredmedia":[{"embeddable":true,"href":"https:\/\/berfintour.com\/pl\/wp-json\/wp\/v2\/media\/9705"}],"wp:attachment":[{"href":"https:\/\/berfintour.com\/pl\/wp-json\/wp\/v2\/media?parent=9702"}],"wp:term":[{"taxonomy":"product_cat","embeddable":true,"href":"https:\/\/berfintour.com\/pl\/wp-json\/wp\/v2\/product_cat?post=9702"},{"taxonomy":"product_tag","embeddable":true,"href":"https:\/\/berfintour.com\/pl\/wp-json\/wp\/v2\/product_tag?post=9702"}],"curies":[{"name":"wp","href":"https:\/\/api.w.org\/{rel}","templated":true}]}}