{"id":9697,"date":"2024-01-14T00:55:41","date_gmt":"2024-01-13T21:55:41","guid":{"rendered":"https:\/\/berfintour.com\/?post_type=product&#038;p=9697"},"modified":"2025-03-24T08:42:29","modified_gmt":"2025-03-24T05:42:29","slug":"manavgat-waterfall-aspendos-side-tour-from-alanya","status":"publish","type":"product","link":"https:\/\/berfintour.com\/pl\/urun\/manavgat-waterfall-aspendos-side-tour-from-alanya\/","title":{"rendered":"Wycieczka boczna do wodospadu Manavgat Aspendos z Alanyi"},"content":{"rendered":"<div class=\"header-ul\">\n<h3>Do\u015bwiadczenia zwi\u0105zane z wodospadem Manavgat Aspendos Side Tour z Alanyi<\/h3>\n<\/div>\n<div class=\"content-text tour-experiences\">\n<ul>\n<li>Do\u0142\u0105cz do wycieczki kulturalno-przyrodniczej, podczas kt\u00f3rej mo\u017cesz uciec od zgie\u0142ku miasta i pozna\u0107 przyrod\u0119 i historyczne miejsca Alanyi.<\/li>\n<li>Zobacz w ci\u0105gu jednego dnia najwspanialsze staro\u017cytne miasta Alanyi i najwi\u0119kszy staro\u017cytny teatr Anatolii, kt\u00f3ry jest nadal aktywny.<\/li>\n<li>Och\u0142od\u017a si\u0119 w cz\u0105steczkach zimnej wody, kt\u00f3re rozpraszaj\u0105 si\u0119 jak chmury wok\u00f3\u0142 wodospadu Manavgat.<\/li>\n<\/ul>\n<\/div>\n<div class=\"header-ul\">\n<h3>Program wycieczki bocznej do wodospadu Manavgat Aspendos z Alanyi<\/h3>\n<\/div>\n<div class=\"content-text\">\n<ul>\n<li>Odbi\u00f3r z hoteli.<\/li>\n<li>Wizyta w wodospadzie Manavgat.<\/li>\n<li>Samodzielna wycieczka po terenach rekreacyjnych wok\u00f3\u0142 wodospadu.<\/li>\n<li>Fotografowanie z tarasu widokowego na wodospad.<\/li>\n<li>Wycieczka z przewodnikiem po teatrze antycznym w Aspendos.<\/li>\n<li>Wycieczka z przewodnikiem po staro\u017cytnym mie\u015bcie Aspendos.<\/li>\n<li>Przerwa na lunch.<\/li>\n<li>Wycieczka z przewodnikiem po staro\u017cytnym mie\u015bcie Side.<\/li>\n<li>Wycieczka z przewodnikiem po teatrze antycznym w Side.<\/li>\n<li>Wizyta w \u015bwi\u0105tyni Apolla i \u015bwi\u0105tyni Dionizosa.<\/li>\n<li>Niezale\u017cna wycieczka do antycznego miasta Side.<\/li>\n<li>Powr\u00f3t do Alanyi.<\/li>\n<\/ul>\n<\/div>\n<div class=\"header-ul\">\n<h3>Og\u00f3lne informacje na temat wycieczki po wodospadzie Manavgat Aspendos z Alanyi<\/h3>\n<\/div>\n<div class=\"content-text\"><img decoding=\"async\" class=\"rounded img-fluid float-sm-left mt-2 mr-sm-4 mb-2\" src=\"https:\/\/www.dailytoursinalanya.com\/Content\/images\/tours\/23\/thumb\/aspendes-side-manavgat-waterfall-tour-19.webp\" alt=\"Manavgat Waterfall Aspendos Side Tour from Alanya 2\" \/>Wodospad Manavgat jest jednym z najcz\u0119\u015bciej odwiedzanych miejsc przez turyst\u00f3w przybywaj\u0105cych do Alanyi. Wodospad na rzece Manavgat, najwi\u0119kszej rzece Antalyi, oferuje swoim go\u015bciom pokaz przyrody.<\/p>\n<p>Koniecznie pozb\u0105d\u017acie si\u0119 upa\u0142\u00f3w Alanyi, poczujcie relaksuj\u0105c\u0105 atmosfer\u0119 natury i sp\u0119d\u017acie czas przy terapeutycznym d\u017awi\u0119ku wodospadu, to Was zrelaksuje i da spok\u00f3j.<\/p>\n<p>Je\u015bli przyje\u017cd\u017casz do Alanyi po raz pierwszy i lubisz wycieczki kulturalne i przyrodnicze, zdecydowanie polecamy Ci do\u0142\u0105czenie do wycieczki po wodospadzie Manavgat Aspendos Side.<\/p>\n<p>Stara nazwa Manavgat brzmia\u0142a Melas. W okresie hellenistycznym zapotrzebowanie staro\u017cytnego miasta Side na wod\u0119 zaspokaja\u0142y akwedukty zbudowane pomi\u0119dzy Melas a staro\u017cytnym miastem Side. W ramach wycieczki zobaczymy tak\u017ce te akwedukty.<\/p>\n<p>Poni\u017cej wyja\u015bnili\u015bmy wszystko, co chcesz wiedzie\u0107 na temat wycieczki po wodospadzie Manavgat.<\/p>\n<h4>Side Wycieczka do staro\u017cytnego miasta z Alanyi<\/h4>\n<p>Side by\u0142o w staro\u017cytno\u015bci jednym z najwi\u0119kszych miast Anatolii. By\u0142o to wa\u017cne centrum kulturalne. Dzi\u0119ki swemu portowi by\u0142o tak\u017ce o\u015brodkiem handlowym. Dlatego wiele cywilizacji walczy\u0142o o zdobycie tutaj. Miasto Side znalaz\u0142o si\u0119 pod patronatem wielu pa\u0144stw, takich jak Hetyci, Kr\u00f3lestwo Lidyjskie, Aleksander Wielki i Cesarstwo Rzymskie.<\/p>\n<p>Pierwszym przystankiem naszej wycieczki b\u0119dzie staro\u017cytne miasto Side. Ruiny staro\u017cytnego miasta dostarczaj\u0105 wielu informacji na temat stylu \u017cycia w tamtych czasach. W mie\u015bcie znajduje si\u0119 tak\u017ce muzeum, w kt\u00f3rym prezentowane s\u0105 artefakty z okresu hellenistycznego i p\u00f3\u017anego okresu rzymskiego. Z profesjonalnym przewodnikiem odwiedzimy ca\u0142e staro\u017cytne miasto i muzeum Side.<\/p>\n<h4>Wycieczka do teatru Aspendos z Alanyi<\/h4>\n<p>Kontynuujemy nasz\u0105 wycieczk\u0119 odwiedzaj\u0105c staro\u017cytne miasto Aspendos. Najwa\u017cniejsz\u0105 cech\u0105 teatru w staro\u017cytnym mie\u015bcie jest to, \u017ce pozosta\u0142 on nienaruszony od przesz\u0142o\u015bci do tera\u017aniejszo\u015bci. Znajduje si\u0119 tu tak\u017ce najwi\u0119kszy staro\u017cytny teatr Anatolii. Odwiedzaj\u0105c teatr Aspendos, lepiej zrozumiesz, dlaczego ten teatr odwiedza tak wiele os\u00f3b.<\/p>\n<p>Imprezy i pokazy odbywaj\u0105 si\u0119 co roku w okresie od kwietnia do listopada. Wyst\u0119p \u015bwiatowej s\u0142awy grupy tanecznej Fire of Anatolia mo\u017cna obejrze\u0107 w Aspendos Arena.<\/p>\n<h4>Wycieczka do wodospadu Manavgat z Alanyi<\/h4>\n<p>Rzeka Manavgat ma d\u0142ugo\u015b\u0107 93 km. Jest to jedna z najwi\u0119kszych rzek w Turcji pod wzgl\u0119dem pojemno\u015bci wodnej. Przep\u0142yw wody jest wysoki zar\u00f3wno w miesi\u0105cach letnich, jak i zimowych. Na rzece znajduj\u0105 si\u0119 dwie tamy. S\u0105 to tamy Oymap\u0131nar i Manavgat.<\/p>\n<p>\u0179r\u00f3d\u0142em rzeki jest Akda\u011f w pobli\u017cu jeziora Bey\u015fehir, na zach\u00f3d od g\u00f3r Taurus. W miejscach, gdzie rzeka wyp\u0142ywa, przep\u0142yw wody jest stosunkowo s\u0142aby. Rzeka ro\u015bnie dzi\u0119ki zasilaniu z r\u00f3\u017cnych \u017ar\u00f3de\u0142, gdy p\u0142ynie w kierunku Morza \u015ar\u00f3dziemnego. Najwi\u0119kszym \u017ar\u00f3d\u0142em, kt\u00f3rym si\u0119 \u017cywi, jest \u017ar\u00f3d\u0142o Dumanl\u0131.<\/p>\n<p>Wodospad Manavgat nie jest bardzo wysokim wodospadem. Wylewa si\u0119 go z wysoko\u015bci 4-5 metr\u00f3w. Ale szeroko\u015b\u0107 wodospadu jest bardzo du\u017ca. Ponadto nat\u0119\u017cenie przep\u0142ywu nalewanej wody jest bardzo du\u017ce. Ma imponuj\u0105c\u0105 atmosfer\u0119 dzi\u0119ki \u015bnie\u017cnobia\u0142ym pianom i szumowi wody. Kiedy wody wodospad\u00f3w silnie przelewaj\u0105 si\u0119 przez ska\u0142y, w powietrzu tworzy si\u0119 mg\u0142a wodna. Wodospad zyskuje uznanie zwiedzaj\u0105cych dzi\u0119ki swojej fascynuj\u0105cej atmosferze.<\/p>\n<h5>Atrakcje podczas wycieczki do wodospadu Manavgat<\/h5>\n<p>Z roku na rok zwi\u0119ksza si\u0119 liczba os\u00f3b bior\u0105cych udzia\u0142 w wycieczce po wodospadzie Manavgat. Z tego powodu wodospad Manavgat zosta\u0142 przekszta\u0142cony w region turystyczny, buduj\u0105c obiekty, w kt\u00f3rych odwiedzaj\u0105cy mog\u0105 zaspokoi\u0107 swoje potrzeby, oraz tereny rekreacyjne, w kt\u00f3rych mog\u0105 mi\u0142o sp\u0119dzi\u0107 czas.<\/p>\n<p>Obszar wodospadu jest preferowany, aby uciec od miasta i zrelaksowa\u0107 si\u0119 na \u0142onie natury. Wok\u00f3\u0142 wodospadu nie wolno budowa\u0107 budowli, kt\u00f3re psuj\u0105 atmosfer\u0119 regionu. Nie ma g\u0142o\u015bnych miejsc rozrywki.<\/p>\n<p>Prawie wszystko zosta\u0142o pomy\u015blane tak, aby rodzinni go\u015bcie wycieczki po wodospadzie mogli sp\u0119dzi\u0107 czas w spokoju i bezproblemowo. Poni\u017cej wymienili\u015bmy mo\u017cliwo\u015bci oferowane przez obiekt Manavgat Waterfall.<\/p>\n<ul>\n<li>Bezp\u0142atne og\u00f3lnodost\u0119pne tereny piknikowe, grille, altany, sto\u0142y piknikowe.<\/li>\n<li>Restauracje fast food.<\/li>\n<li>Restauracje rybne (polecamy wybra\u0107 \u015bwie\u017ce pstr\u0105gi z\u0142owione w wodospadzie Manavgat).<\/li>\n<li>Kawiarnie.<\/li>\n<li>Rynki i sklepy z pami\u0105tkami.<\/li>\n<li>Punkty toaletowe i prysznicowe.<\/li>\n<li>Tarasy widokowe, z kt\u00f3rych mo\u017cna podziwia\u0107 wodospad (tutaj mo\u017cna zrobi\u0107 pi\u0119kne zdj\u0119cia).<\/li>\n<li>Tereny rekreacyjne.<\/li>\n<li>Parki dla dzieci.<\/li>\n<li>Place zabaw.<\/li>\n<li>Kluby raftingowe i kajakowe (w sp\u0142ywie na rzece Manavgat mog\u0105 bra\u0107 udzia\u0142 wy\u0142\u0105cznie zawodowi sportowcy raftingu).<\/li>\n<\/ul>\n<p>Na koniec nie zapomnijmy o k\u0142\u00f3dkowym ogrodzie pod platanem po po\u0142udniowej stronie wodospadu. Uwiecznianie mi\u0142o\u015bci za pomoc\u0105 k\u0142\u00f3dki, czyli tradycja, kt\u00f3ra sta\u0142a si\u0119 powszechna na \u015bwiecie, znajduje si\u0119 tak\u017ce w Wodospadzie Manavgat. Je\u015bli chcesz uwieczni\u0107 swoj\u0105 mi\u0142o\u015b\u0107 lub zrobi\u0107 s\u0142odki gest swojej ukochanej, mo\u017cesz zabra\u0107 ze sob\u0105 k\u0142\u00f3dk\u0119.<\/p>\n<h6>Jak dosta\u0107 si\u0119 do wodospadu Manavgat z Alanyi?<\/h6>\n<p>Wodospad Manavgat po\u0142o\u017cony jest 4 km na p\u00f3\u0142noc od dzielnicy Manavgat w Antalyi. Jest to oko\u0142o 60 kilometr\u00f3w od Alanyi. Do wodospadu Manavgat z Alanyi mo\u017cna dojecha\u0107 drog\u0105 D400 w oko\u0142o 55 minut.<\/p>\n<p>W najbli\u017cszych latach planowana jest budowa linii kolejowej pomi\u0119dzy Manavgat a Alany\u0105. Jednak na razie mo\u017cna tam dojecha\u0107 wy\u0142\u0105cznie autostrad\u0105.<\/p>\n<p>Ponadto wodospad znajduje si\u0119 10 kilometr\u00f3w od staro\u017cytnego miasta Side.<\/p>\n<p>Ze wzgl\u0119du na niewielk\u0105 odleg\u0142o\u015b\u0107 mi\u0119dzy miejscami do odwiedzenia na trasie Manavgat, Side i Aspendos, nie sp\u0119dzamy du\u017co czasu w drodze.<\/p>\n<\/div>","protected":false},"excerpt":{"rendered":"<p>Do\u015bwiadczenia zwi\u0105zane z wodospadem Manavgat Aspendos Side Tour z Alanyi Do\u0142\u0105cz do wycieczki kulturalno-przyrodniczej, podczas kt\u00f3rej mo\u017cesz uciec od zgie\u0142ku miasta i pozna\u0107 przyrod\u0119 i historyczne miejsca Alanyi. Zobacz najwspanialsze staro\u017cytne miasta Alanyi i najwi\u0119kszy staro\u017cytny teatr Anatolii, kt\u00f3ry wci\u0105\u017c [\u2026]<\/p>","protected":false},"featured_media":9698,"comment_status":"open","ping_status":"closed","template":"","meta":{"_monsterinsights_skip_tracking":false,"_monsterinsights_sitenote_active":false,"_monsterinsights_sitenote_note":"","_monsterinsights_sitenote_category":0},"product_cat":[88],"product_tag":[],"class_list":{"0":"post-9697","1":"product","2":"type-product","3":"status-publish","4":"has-post-thumbnail","6":"product_cat-manavgat-waterfall-aspendos-side-tour-from-alanya","8":"first","9":"instock","10":"sale","11":"shipping-taxable","12":"purchasable","13":"product-type-ovabrw_car_rental"},"aioseo_notices":[],"_links":{"self":[{"href":"https:\/\/berfintour.com\/pl\/wp-json\/wp\/v2\/product\/9697","targetHints":{"allow":["GET"]}}],"collection":[{"href":"https:\/\/berfintour.com\/pl\/wp-json\/wp\/v2\/product"}],"about":[{"href":"https:\/\/berfintour.com\/pl\/wp-json\/wp\/v2\/types\/product"}],"replies":[{"embeddable":true,"href":"https:\/\/berfintour.com\/pl\/wp-json\/wp\/v2\/comments?post=9697"}],"wp:featuredmedia":[{"embeddable":true,"href":"https:\/\/berfintour.com\/pl\/wp-json\/wp\/v2\/media\/9698"}],"wp:attachment":[{"href":"https:\/\/berfintour.com\/pl\/wp-json\/wp\/v2\/media?parent=9697"}],"wp:term":[{"taxonomy":"product_cat","embeddable":true,"href":"https:\/\/berfintour.com\/pl\/wp-json\/wp\/v2\/product_cat?post=9697"},{"taxonomy":"product_tag","embeddable":true,"href":"https:\/\/berfintour.com\/pl\/wp-json\/wp\/v2\/product_tag?post=9697"}],"curies":[{"name":"wp","href":"https:\/\/api.w.org\/{rel}","templated":true}]}}