{"id":9692,"date":"2024-01-14T00:47:13","date_gmt":"2024-01-13T21:47:13","guid":{"rendered":"https:\/\/berfintour.com\/?post_type=product&#038;p=9692"},"modified":"2025-03-24T08:41:52","modified_gmt":"2025-03-24T05:41:52","slug":"demre-kekova-myra-tour-from-alanya","status":"publish","type":"product","link":"https:\/\/berfintour.com\/pl\/urun\/demre-kekova-myra-tour-from-alanya\/","title":{"rendered":"Wycieczka Demre Kekova Myra z Alanyi"},"content":{"rendered":"<div class=\"header-ul\">\n<h3>Og\u00f3lne informacje na temat wycieczki Demre Kekova Myra z Alanyi<\/h3>\n<\/div>\n<div class=\"content-text\">\n<p><img decoding=\"async\" class=\"rounded img-fluid float-sm-left mt-2 mr-sm-4 mb-2\" src=\"https:\/\/www.dailytoursinalanya.com\/Content\/images\/tours\/21\/thumb\/demre-kekova-myra-tour-from-alanya-7.webp\" alt=\"Demre Kekova Myra Tour From Alanya 2\" \/>Wycieczka do Demre Myra i Kekova to jedna z najbardziej niezwyk\u0142ych wycieczek kulturalnych, w jakich mo\u017cesz wzi\u0105\u0107 udzia\u0142 w Alanyi. W ramach wycieczki odwiedzisz zatopione miasto Kekova, s\u0142ynne licyjskie grobowce skalne, staro\u017cytne miasto Myra, staro\u017cytny teatr Myra i ko\u015bci\u00f3\u0142 \u015bw. Miko\u0142aja (\u015awi\u0119tego Miko\u0142aja). Odb\u0119dziemy tak\u017ce ciekawy rejs statkiem po wyspie Kekova.<\/p>\n<p>\u0141\u00f3d\u017a jest du\u017c\u0105 dwupok\u0142adow\u0105 \u0142odzi\u0105 wycieczkow\u0105. Rejs \u0142odzi\u0105 trwa 2 godziny. Podczas rejsu \u0142odzi\u0105 organizowane s\u0105 przerwy na p\u0142ywanie. Podczas rejsu zatrzymujemy si\u0119 tak\u017ce w r\u00f3\u017cnych zatokach, aby mo\u017cna by\u0142o zrobi\u0107 zdj\u0119cia otaczaj\u0105cej przyrody i miejsc historycznych. Widok z \u0142odzi na wysp\u0119 Kekova i zatopione miasto robi ogromne wra\u017cenie.<\/p>\n<p>Przyjrzyjmy si\u0119 teraz kolejno miejscom, kt\u00f3re odwiedzimy podczas tej wycieczki.<\/p>\n<h4>Miejsca do odwiedzenia podczas wycieczki Demre Myra Kekova<\/h4>\n<p>Wiele budynk\u00f3w w mie\u015bcie, kt\u00f3re zosta\u0142o zbudowane wok\u00f3\u0142 rzeki Demre, zosta\u0142o zniszczonych przez aluwium, kt\u00f3re rzeka nios\u0142a przez wieki. Jest to wa\u017cne miejsce dla religii chrze\u015bcija\u0144stwa, gdy\u017c jest to miejsce, gdzie biskupem by\u0142 \u015bw. Miko\u0142aj. Ponadto w\u015br\u00f3d miejsc wartych odwiedzenia znajduj\u0105 si\u0119 grobowce skalne z okresu licyjskiego.<\/p>\n<p>Poni\u017cej szczeg\u00f3\u0142owo opisujemy miejsca, kt\u00f3re odwiedzimy w ramach Demre Myra Kekova Tour z Alanyi.<\/p>\n<h5>Staro\u017cytne miasto Myra<\/h5>\n<figure class=\"figure\"><img decoding=\"async\" class=\"figure-img img-fluid rounded lazy\" src=\"https:\/\/www.dailytoursinalanya.com\/Content\/images\/userfiles\/images\/demre\/myra-ancient-city.webp\" alt=\"Sarcophagi in the Myra ancient city\" \/><figcaption class=\"figure-caption\">Sarkofagi w staro\u017cytnym mie\u015bcie Myra<\/figcaption><\/figure>\n<p>W staro\u017cytnym mie\u015bcie jest wiele miejsc historycznych i religijnych, kt\u00f3re mo\u017cna odwiedzi\u0107. W mie\u015bcie znajduj\u0105 si\u0119 pos\u0105gi i popiersia wykonane dla bogi\u0144 z okresu rzymskiego, akropol, nekropolia, mury miejskie, \u0142a\u017anie i ulice.<\/p>\n<h5>Staro\u017cytny teatr w Myrze<\/h5>\n<figure class=\"figure\"><img decoding=\"async\" class=\"figure-img img-fluid rounded lazy\" src=\"https:\/\/www.dailytoursinalanya.com\/Content\/images\/userfiles\/images\/demre\/myra-amphitheater.webp\" alt=\"Myra Ancient Theater\" \/><figcaption class=\"figure-caption\">Staro\u017cytny teatr w Myrze<\/figcaption><\/figure>\n<p>Zosta\u0142 zbudowany w okresie licyjskim. Teatr, kt\u00f3ry zosta\u0142 zniszczony przez trz\u0119sienie ziemi w 141 r., zosta\u0142 naprawiony w okresie rzymskim. Teatr przetrwa\u0142 do dzi\u015b. Pierwsze dwa pi\u0119tra sceny teatralnej s\u0105 nadal nienaruszone.<\/p>\n<p>W czasach rzymskich s\u0142u\u017cy\u0142 zar\u00f3wno jako teatr, jak i arena. Teatr mo\u017ce pomie\u015bci\u0107 10 000 widz\u00f3w. Jest 35 kolejnych rz\u0119d\u00f3w siedze\u0144. Jest to jeden z najwspanialszych teatr\u00f3w epoki.<\/p>\n<h5>Licyjskie grobowce skalne<\/h5>\n<figure class=\"figure\"><img decoding=\"async\" class=\"figure-img img-fluid rounded lazy\" src=\"https:\/\/www.dailytoursinalanya.com\/Content\/images\/userfiles\/images\/demre\/lycian-rock-tomb-in-demre.webp\" alt=\"Lycian Rock Tombs\" \/><figcaption class=\"figure-caption\">Licyjskie grobowce skalne<\/figcaption><\/figure>\n<p>Cywilizacja licyjska prowadzi\u0142a odizolowane \u017cycie w por\u00f3wnaniu do innych cywilizacji. Byli bardzo wra\u017cliwi na punkcie wolno\u015bci i niepodleg\u0142o\u015bci. Zawsze walczyli z najazdami. U\u017cywaj\u0105 w\u0142asnego j\u0119zyka i w\u0142asnych pieni\u0119dzy. Do tego stopnia, \u017ce by\u0142o to ostatnie pa\u0144stwo, kt\u00f3re Cesarstwo Rzymskie wzi\u0119\u0142o pod swoj\u0105 opiek\u0119 w Anatolii.<\/p>\n<p>W okresie licyjskim ludzie wierzyli w \u017cycie po \u015bmierci. Na grobie zmar\u0142ego pozostawiali r\u00f3\u017cne przedmioty i cenne podarunki, kt\u00f3re mo\u017cna by\u0142o wykorzysta\u0107 po \u015bmierci. Ich grobowce budowano imponuj\u0105co i ostentacyjnie, aby przenie\u015b\u0107 moc zmar\u0142ych do innego \u015bwiata.<\/p>\n<p>Struktura geologiczna Demre sk\u0142ada si\u0119 z mi\u0119kkiego wapienia, co umo\u017cliwia \u0142atw\u0105 obr\u00f3bk\u0119 ska\u0142. Jako\u015b\u0107 kamieniarki w licyjskich grobowcach skalnych by\u0142a na bardzo zaawansowanym poziomie. Architektura grobowca sk\u0142ada si\u0119 z dw\u00f3ch form kolumnowych oraz umieszczonego na nich architrawu i tr\u00f3jk\u0105tnego frontonu. Na p\u0142askorze\u017abach nagrobnych znajduj\u0105 si\u0119 postacie mitologiczne. W wielu grobowcach przedstawiono postacie takie jak Bellerofont, Chimaira i Pegasos.<\/p>\n<h5>Rejs statkiem po wyspie Kekova<\/h5>\n<figure class=\"figure\"><img decoding=\"async\" class=\"figure-img img-fluid rounded lazy\" src=\"https:\/\/www.dailytoursinalanya.com\/Content\/images\/userfiles\/images\/demre\/kekova-boat-tour.webp\" alt=\"Kekova seaport entrance\" \/><figcaption class=\"figure-caption\">Wej\u015bcie do portu morskiego Kekova<\/figcaption><\/figure>\n<p>Jest to najwi\u0119ksza niezamieszkana wyspa Turcji. Na wyspie znajduj\u0105 si\u0119 ruiny z okresu hellenistycznego. Wiele budynk\u00f3w zosta\u0142o zniszczonych przez trz\u0119sienie ziemi. Na tej wyspie znajduje si\u0119 staro\u017cytne miasto Dolichiste. Staro\u017cytny ko\u015bci\u00f3\u0142 bizantyjski i zatoka stoczniowa na wyspie s\u0105 nadal nienaruszone. Uwa\u017ca si\u0119, \u017ce w przesz\u0142o\u015bci w porcie w zatoce stoczniowej budowano statki.<\/p>\n<p>Przyroda, krajobrazy i historyczne artefakty na wyspie sprawiaj\u0105, \u017ce wysp\u0119 Kekova warto zobaczy\u0107. Na wyspie znajduje si\u0119 kilka restauracji i hoteli butikowych.<\/p>\n<h5>Wycieczka \u0142odzi\u0105 do zatopionego miasta Kekova (Dolichiste).<\/h5>\n<figure class=\"figure\"><img decoding=\"async\" class=\"figure-img img-fluid rounded lazy\" src=\"https:\/\/www.dailytoursinalanya.com\/Content\/images\/userfiles\/images\/demre\/kekova-sunken-city.webp\" alt=\"Underwater in the sunken city\" \/><figcaption class=\"figure-caption\">Pod wod\u0105 w zatopionym mie\u015bcie<\/figcaption><\/figure>\n<p>Wg\u0142\u0119bienie mi\u0119dzy wysp\u0105 Kekova a l\u0105dem powsta\u0142o w wyniku trz\u0119sienia ziemi w II wieku naszej ery. Deprem y\u00fcz\u00fcnden kara oldu\u011fu gibi al\u00e7alm\u0131\u015ft\u0131r. Trz\u0119sienie ziemi spowodowa\u0142o nag\u0142e opadni\u0119cie ziemi. Dlatego konstrukcje pozosta\u0142y nienaruszone.<\/p>\n<p>Na zachodzie wyspy zatopione sklepy s\u0105 nadal nienaruszone. Ponadto z \u0142odzi mo\u017cna zobaczy\u0107 wiele sarkofag\u00f3w pod wod\u0105.<\/p>\n<p>W niekt\u00f3rych cz\u0119\u015bciach zatopionego miasta mo\u017cna nurkowa\u0107.<\/p>\n<h5>Ko\u015bci\u00f3\u0142 \u015bw. Miko\u0142aja (\u015awi\u0119tego Miko\u0142aja)<\/h5>\n<figure class=\"figure\"><img decoding=\"async\" class=\"figure-img img-fluid rounded lazy\" src=\"https:\/\/www.dailytoursinalanya.com\/Content\/images\/userfiles\/images\/demre\/saint-nicholas-church-demre.webp\" alt=\"St. Nicholas church murals\" \/><figcaption class=\"figure-caption\">Malowid\u0142a \u015bcienne w ko\u015bciele \u015bw. Miko\u0142aja<\/figcaption><\/figure>\n<p>\u015awi\u0119ty Miko\u0142aj \u017cy\u0142 w Demre w IV wieku naszej ery, w okresie rzymskim. Jest jednym z pierwszych biskup\u00f3w okresu wczesnochrze\u015bcija\u0144skiego. Jest jedn\u0105 z najwa\u017cniejszych postaci cerkwi prawos\u0142awnej. Ze wzgl\u0119du na dokonywane przez \u015bw. Miko\u0142aja r\u00f3\u017cne cuda zyska\u0142 przydomek \u201ecudotw\u00f3rca\u201d.<\/p>\n<p>Przez ca\u0142e \u017cycie pomaga\u0142 biednym i niewinnym. Chroni\u0142 dzieci i ratowa\u0142 marynarzy. Opiekowa\u0142 si\u0119 naukowcami i by\u0142 ich obro\u0144c\u0105. Przekazuje informacje o przysz\u0142o\u015bci i odnajduje zagubione przedmioty. Od 1823 roku zas\u0142yn\u0105\u0142 jako \u015awi\u0119ty Miko\u0142aj dzi\u0119ki cudownej pomocy.<\/p>\n<p>Oko\u0142o 200 lat po jego \u015bmierci Teodozjusz II zbudowa\u0142 ko\u015bci\u00f3\u0142 \u015bw. Miko\u0142aja. Na \u015bcianach ko\u015bcio\u0142a znajduj\u0105 si\u0119 cuda, kt\u00f3rych rzekomo dokona\u0142 \u015bw. Miko\u0142aj.<\/p>\n<p>Ko\u015bci\u00f3\u0142 ten powsta\u0142 na miejscu ko\u015bcio\u0142a, w kt\u00f3rym w przesz\u0142o\u015bci biskupem by\u0142 \u015bw. Miko\u0142aj. Cenne przedmioty znajduj\u0105ce si\u0119 w starym ko\u015bciele przeniesiono do sarkofagu.<\/p>\n<h6>Dlaczego \u015bw. Miko\u0142aj nazywany jest \u015awi\u0119tym Miko\u0142ajem?<\/h6>\n<figure class=\"figure\"><img decoding=\"async\" class=\"figure-img img-fluid rounded lazy\" src=\"https:\/\/www.dailytoursinalanya.com\/Content\/images\/userfiles\/images\/demre\/differnece-between-santa.clause-and-saint-nicholas.webp\" alt=\"The difference between St. Nicholas and Santa Claus\" \/><figcaption class=\"figure-caption\">R\u00f3\u017cnica mi\u0119dzy \u015bw. Miko\u0142ajem a \u015awi\u0119tym Miko\u0142ajem<\/figcaption><\/figure>\n<p>Historie \u015bw. Miko\u0142aja przekazywane s\u0105 od wiek\u00f3w. Najbardziej znan\u0105 z tych historii jest rozdawanie przez \u015bw. Miko\u0142aja work\u00f3w z monetami biednym i dzieciom. W kominach dom\u00f3w zostawia\u0142 torby pe\u0142ne monet i r\u00f3\u017cnych prezent\u00f3w. W kolejnych latach uczyni\u0142 z tego tradycj\u0119 i zacz\u0105\u0142 j\u0105 powtarza\u0107 co roku.<\/p>\n<p>Imi\u0119 \u015awi\u0119tego Miko\u0142aja pojawi\u0142o si\u0119 po raz pierwszy w 1931 roku, kiedy firma Coca-Cola, sponsoruj\u0105ca obchody \u201eDnia Zimy\u201d w Ameryce, nazwa\u0142a \u015awi\u0119tego Miko\u0142aja \u201e\u015awi\u0119tym Miko\u0142ajem\u201d. W kampanii reklamowej za wynalazc\u0119 Coca-Coli uznano \u015bw. Miko\u0142aja. Fakt, \u017ce Coca-Cola jest mark\u0105 globaln\u0105, pozwoli\u0142 ca\u0142emu \u015bwiatu rozpozna\u0107 \u015awi\u0119tego Miko\u0142aja jako \u015awi\u0119tego Miko\u0142aja.<\/p>\n<p>W rzeczywisto\u015bci \u015bw. Miko\u0142aj jest cz\u0142owiekiem powa\u017cnym i pobo\u017cnym, religijnym. Jest przedstawiany w czerwonym ubraniu ze wzgl\u0119du na czerwone kolory korporacyjne Coca-Coli. Jest r\u00f3wnie\u017c przedstawiany jako u\u015bmiechni\u0119ty i z nadwag\u0105, aby ludzie wygl\u0105dali na bardziej uroczych i ojcowskich.<\/p>\n<p>Poza tym tam, gdzie mieszka\u0142 \u015bw. Miko\u0142aj, nigdy nie pada\u0142 \u015bnieg i nigdy nie je\u017adzi\u0142 saniami z reniferami.<\/p>\n<h4>Historia staro\u017cytnego miasta Myra<\/h4>\n<p>Myra to staro\u017cytne miasto licyjskie. By\u0142a to jedna z najwi\u0119kszych metropolii unii licyjskiej.<\/p>\n<p>Monety i inskrypcje znalezione podczas wykopalisk archeologicznych wskazuj\u0105, \u017ce miasto istnia\u0142o w V wieku p.n.e. Bogaci Licyjczycy zbudowali wok\u00f3\u0142 miasta wiele budowli. Po II wieku znaczenie miasta wzros\u0142o jeszcze bardziej i sta\u0142o si\u0119 stolic\u0105 Licji.<\/p>\n<p>W kolejnych latach miasto przesz\u0142o pod patronat Cesarstwa Rzymskiego. To miasto, kt\u00f3re w okresie licyjskim by\u0142o silne politycznie i handlowo, w okresie rzymskim by\u0142o wykorzystywane g\u0142\u00f3wnie do rytua\u0142\u00f3w religijnych. Struktury miejskie i staro\u017cytne teatry zniszczone przez powodzie i trz\u0119sienia ziemi zosta\u0142y naprawione przez Rzymian. Ponadto po \u015bmierci \u015bw. Miko\u0142aja w mie\u015bcie zbudowano dla niego du\u017cy ko\u015bci\u00f3\u0142.<\/p>\n<\/div>","protected":false},"excerpt":{"rendered":"<p>Informacje og\u00f3lne O Demre Kekova Myra Tour Z Alanyi Wycieczka do Demre Myra i Kekova to jedna z najbardziej niezwyk\u0142ych wycieczek kulturalnych, w jakich mo\u017cna wzi\u0105\u0107 udzia\u0142 w Alanyi. W ramach wycieczki odwiedzisz zatopione miasto Kekova, s\u0142ynne licyjskie grobowce skalne, staro\u017cytne miasto Myra, staro\u017cytny teatr Myra i ko\u015bci\u00f3\u0142 \u015bw. Miko\u0142aja [\u2026]<\/p>","protected":false},"featured_media":9694,"comment_status":"open","ping_status":"closed","template":"","meta":{"_monsterinsights_skip_tracking":false,"_monsterinsights_sitenote_active":false,"_monsterinsights_sitenote_note":"","_monsterinsights_sitenote_category":0},"product_cat":[87],"product_tag":[],"class_list":{"0":"post-9692","1":"product","2":"type-product","3":"status-publish","4":"has-post-thumbnail","6":"product_cat-demre-kekova-myra-tour-from-alanya","8":"first","9":"instock","10":"sale","11":"shipping-taxable","12":"purchasable","13":"product-type-ovabrw_car_rental"},"aioseo_notices":[],"_links":{"self":[{"href":"https:\/\/berfintour.com\/pl\/wp-json\/wp\/v2\/product\/9692","targetHints":{"allow":["GET"]}}],"collection":[{"href":"https:\/\/berfintour.com\/pl\/wp-json\/wp\/v2\/product"}],"about":[{"href":"https:\/\/berfintour.com\/pl\/wp-json\/wp\/v2\/types\/product"}],"replies":[{"embeddable":true,"href":"https:\/\/berfintour.com\/pl\/wp-json\/wp\/v2\/comments?post=9692"}],"wp:featuredmedia":[{"embeddable":true,"href":"https:\/\/berfintour.com\/pl\/wp-json\/wp\/v2\/media\/9694"}],"wp:attachment":[{"href":"https:\/\/berfintour.com\/pl\/wp-json\/wp\/v2\/media?parent=9692"}],"wp:term":[{"taxonomy":"product_cat","embeddable":true,"href":"https:\/\/berfintour.com\/pl\/wp-json\/wp\/v2\/product_cat?post=9692"},{"taxonomy":"product_tag","embeddable":true,"href":"https:\/\/berfintour.com\/pl\/wp-json\/wp\/v2\/product_tag?post=9692"}],"curies":[{"name":"wp","href":"https:\/\/api.w.org\/{rel}","templated":true}]}}