{"id":9686,"date":"2024-01-13T22:41:29","date_gmt":"2024-01-13T19:41:29","guid":{"rendered":"https:\/\/berfintour.com\/?post_type=product&#038;p=9686"},"modified":"2025-01-20T19:25:28","modified_gmt":"2025-01-20T16:25:28","slug":"alanya-all-inclusive-boat-tour","status":"publish","type":"product","link":"https:\/\/berfintour.com\/pl\/urun\/alanya-all-inclusive-boat-tour\/","title":{"rendered":"Wycieczka \u0142odzi\u0105 all inclusive po Alanyi"},"content":{"rendered":"<div class=\"header-ul\">\n<h3>Do\u015bwiadczenia zwi\u0105zane z wycieczk\u0105 \u0142odzi\u0105 all inclusive po Alanyi<\/h3>\n<\/div>\n<div class=\"content-text tour-experiences\">\n<ul>\n<li>Prze\u017cyjesz rejs statkiem po Alanyi wysokiej jako\u015bci \u0142odzi\u0105 all-inclusive.<\/li>\n<li>Z morza b\u0119dzie mo\u017cna zobaczy\u0107 sylwetk\u0119 Alanyi, Zamek Alanya i Czerwon\u0105 Wie\u017c\u0119.<\/li>\n<li>Odwiedzone zostan\u0105 jaskinie wok\u00f3\u0142 p\u00f3\u0142wyspu zamku Alanya<\/li>\n<li>B\u0119dziesz m\u00f3g\u0142 zobaczy\u0107 najpi\u0119kniejsze zatoki Alanyi.<\/li>\n<li>Twoje dzieci nigdy nie b\u0119d\u0105 si\u0119 nudzi\u0107 dzi\u0119ki rozrywkom w miniklubie, kt\u00f3re trwaj\u0105 przez ca\u0142y dzie\u0144. Pozna nowych przyjaci\u00f3\u0142.<\/li>\n<li>B\u0119dziesz mia\u0142 fajny rejs \u0142odzi\u0105, podczas kt\u00f3rego b\u0119dziesz m\u00f3g\u0142 wzi\u0105\u0107 udzia\u0142 w pokazach ognia, animacjach, imprezie z piank\u0105 oraz r\u00f3\u017cnych grach i konkursach.<\/li>\n<\/ul>\n<\/div>\n<div class=\"header-ul\">\n<h3>Program rejsu statkiem all inclusive po Alanyi<\/h3>\n<\/div>\n<div class=\"content-text\">\n<ul>\n<li>Zostaniesz odebrany z hotelu lub adresu oko\u0142o 09:30 rano.<\/li>\n<li>O 09:50 dop\u0142yniesz do portu Alanya Kaleici.<\/li>\n<li>Nasi animatorzy przy wej\u015bciu na \u0142\u00f3d\u017a witaj\u0105 Pa\u0144stwa pociechy niespodziankami.<\/li>\n<li>O godzinie 10:00 \u0142\u00f3d\u017a opuszcza port i rozpoczyna si\u0119 rejs statkiem po Alanyi all inclusive.<\/li>\n<li>\u0141\u00f3d\u017a robi pierwsz\u0105 przerw\u0119 na p\u0142ywanie przed zabytkow\u0105 stoczni\u0105.<\/li>\n<li>Widok na zamek w Alanyi i Czerwon\u0105 Wie\u017c\u0119 jest osza\u0142amiaj\u0105cy. Cz\u0119\u015b\u0107 zdj\u0119\u0107 zosta\u0142a zrobiona tutaj.<\/li>\n<li>Rozpocznie si\u0119 bezp\u0142atne malowanie twarzy dla Twoich dzieci. W kr\u00f3tkim czasie \u0142\u00f3dk\u0119 przejmuj\u0105 dzieci wygl\u0105daj\u0105ce na pirat\u00f3w \ud83d\ude42<\/li>\n<li>\u0141\u00f3d\u017a wyp\u0142ywa ze stoczni, aby zwiedzi\u0107 zamek.<\/li>\n<li>Odwiedzana jest jaskinia pirat\u00f3w.<\/li>\n<li>Zwiedzanie jaskini fosforowej.<\/li>\n<li>Id\u017a do jaskini kochank\u00f3w. Tutaj nasi animatorzy wspinaj\u0105 si\u0119 po g\u00f3rskich zboczach naturalnymi tunelami i wykonuj\u0105 pokaz skok\u00f3w.<\/li>\n<li>Id\u017a do naturalnego akwarium. Tutaj karmi si\u0119 ryby.<\/li>\n<li>Po malowaniu twarzy rozpoczynaj\u0105 si\u0119 pokazy animacji dla dzieci. Z dzie\u0107mi gra si\u0119 w r\u00f3\u017cne gry. Organizowane s\u0105 konkursy. Miniklub trwa przez ca\u0142y rejs.<\/li>\n<li>\u0141\u00f3d\u017a zakotwicza u wybrze\u017cy Kleopatry. oto druga przerwa na p\u0142ywanie. Ch\u0119tni mog\u0105 tu uprawia\u0107 sporty wodne.<\/li>\n<li>Po drugiej przerwie na p\u0142ywanie \u0142\u00f3d\u017a wyp\u0142ywa do przystani w zatoce \u201eUla\u015f\u201d. Tutaj zaczyna si\u0119 serwis lunchowy.<\/li>\n<li>Po obiedzie w tej zatoce odbywa si\u0119 trzecia przerwa na p\u0142ywanie.<\/li>\n<li>Imprez\u0119 piankow\u0105 rozpoczyna profesjonalny DJ. Odbywaj\u0105 si\u0119 wyst\u0119py taneczne.<\/li>\n<li>Ogl\u0105dane s\u0105 pokazy ognia animator\u00f3w.<\/li>\n<li>Og\u0142asza si\u0119 czwart\u0105 przerw\u0119 na p\u0142ywanie. Po tej przerwie \u0142\u00f3d\u017a p\u0142ynie w stron\u0119 portu w Alanyi.<\/li>\n<li>Przyp\u0142y\u0144 do portu w Alanyi o godzinie 15:00.<\/li>\n<li>Pojazdy serwisowe witaj\u0105 Ci\u0119 przy wyj\u015bciu z \u0142odzi.<\/li>\n<li>Wycieczka ko\u0144czy si\u0119 odwiezieniem do hotelu lub pod adresem, pod kt\u00f3rym si\u0119 zatrzymujesz.<\/li>\n<\/ul>\n<\/div>","protected":false},"excerpt":{"rendered":"<p>Do\u015bwiadczenia zwi\u0105zane z wycieczk\u0105 \u0142odzi\u0105 all inclusive w Alanyi Prze\u017cyjesz wycieczk\u0119 \u0142odzi\u0105 po Alanyi wysokiej jako\u015bci \u0142odzi\u0105 all inclusive. Z morza b\u0119dzie mo\u017cna zobaczy\u0107 sylwetk\u0119 Alanyi, Zamek Alanya i Czerwon\u0105 Wie\u017c\u0119. Odwiedzimy jaskinie wok\u00f3\u0142 p\u00f3\u0142wyspu zamku Alanya. B\u0119dzie mo\u017cna zobaczy\u0107 [\u2026]<\/p>","protected":false},"featured_media":9689,"comment_status":"open","ping_status":"closed","template":"","meta":{"_monsterinsights_skip_tracking":false,"_monsterinsights_sitenote_active":false,"_monsterinsights_sitenote_note":"","_monsterinsights_sitenote_category":0},"product_cat":[66],"product_tag":[],"class_list":{"0":"post-9686","1":"product","2":"type-product","3":"status-publish","4":"has-post-thumbnail","6":"product_cat-tekne-turlari","8":"first","9":"instock","10":"sale","11":"shipping-taxable","12":"purchasable","13":"product-type-ovabrw_car_rental"},"aioseo_notices":[],"_links":{"self":[{"href":"https:\/\/berfintour.com\/pl\/wp-json\/wp\/v2\/product\/9686","targetHints":{"allow":["GET"]}}],"collection":[{"href":"https:\/\/berfintour.com\/pl\/wp-json\/wp\/v2\/product"}],"about":[{"href":"https:\/\/berfintour.com\/pl\/wp-json\/wp\/v2\/types\/product"}],"replies":[{"embeddable":true,"href":"https:\/\/berfintour.com\/pl\/wp-json\/wp\/v2\/comments?post=9686"}],"wp:featuredmedia":[{"embeddable":true,"href":"https:\/\/berfintour.com\/pl\/wp-json\/wp\/v2\/media\/9689"}],"wp:attachment":[{"href":"https:\/\/berfintour.com\/pl\/wp-json\/wp\/v2\/media?parent=9686"}],"wp:term":[{"taxonomy":"product_cat","embeddable":true,"href":"https:\/\/berfintour.com\/pl\/wp-json\/wp\/v2\/product_cat?post=9686"},{"taxonomy":"product_tag","embeddable":true,"href":"https:\/\/berfintour.com\/pl\/wp-json\/wp\/v2\/product_tag?post=9686"}],"curies":[{"name":"wp","href":"https:\/\/api.w.org\/{rel}","templated":true}]}}