{"id":3,"date":"2024-01-05T04:32:53","date_gmt":"2024-01-05T01:32:53","guid":{"rendered":"https:\/\/berfintour.com\/?page_id=3"},"modified":"2024-01-12T04:19:31","modified_gmt":"2024-01-12T01:19:31","slug":"gizlilik-ilkesi","status":"publish","type":"page","link":"https:\/\/berfintour.com\/pl\/gizlilik-ilkesi\/","title":{"rendered":"Polityka prywatno\u015bci"},"content":{"rendered":"<p><strong>Nasza Polityka Prywatno\u015bci<\/strong><\/p>\r\n<p><strong>1. Wst\u0119p<\/strong><br \/>Jako Berfintour.com dbamy o prywatno\u015b\u0107 naszych go\u015bci i przywi\u0105zujemy du\u017c\u0105 wag\u0119 do ochrony danych osobowych. Niniejsza polityka prywatno\u015bci zawiera informacje na temat informacji, kt\u00f3re zbieramy podczas korzystania z naszej witryny internetowej oraz sposobu, w jaki te informacje s\u0105 wykorzystywane.<\/p>\r\n<p><strong>2. Zebrane informacje<\/strong><br \/>Kiedy odwiedzasz nasz\u0105 stron\u0119 internetow\u0105, niekt\u00f3re informacje mog\u0105 by\u0107 zbierane automatycznie za pomoc\u0105 plik\u00f3w cookie. Mog\u0105 one obejmowa\u0107 Tw\u00f3j adres IP, odwiedzane strony, czas odwiedzin i typ u\u017cywanej przegl\u0105darki. Podczas dokonywania rezerwacji mo\u017cemy r\u00f3wnie\u017c zbiera\u0107 dane osobowe, takie jak imi\u0119 i nazwisko, adres e-mail i numer telefonu.<\/p>\r\n<p><strong>3. Wykorzystanie informacji<\/strong><br \/>Zebrane informacje s\u0142u\u017c\u0105 do zapewnienia lepszej obs\u0142ugi, ulepszenia i personalizacji naszej strony internetowej, komunikacji, zarz\u0105dzania transakcjami rezerwacji i wype\u0142nienia obowi\u0105zk\u00f3w prawnych.<\/p>\r\n<p><strong>4. Udost\u0119pnianie informacji<\/strong><br \/>Berfintour.com udost\u0119pnia Twoje dane osobowe stronom trzecim tylko wtedy, gdy jest to wymagane przez zobowi\u0105zania prawne lub w celu \u015bwiadczenia naszych us\u0142ug. Twoje dane osobowe nie s\u0105 udost\u0119pniane stronom trzecim, z wyj\u0105tkiem takich przypadk\u00f3w.<\/p>\r\n<p><strong>5. Bezpiecze\u0144stwo<\/strong><br \/>Berfintour.com podejmuje uzasadnione \u015brodki ostro\u017cno\u015bci, aby zapewni\u0107 bezpiecze\u0144stwo gromadzonych danych osobowych. Stosujemy techniczne i administracyjne \u015brodki bezpiecze\u0144stwa, aby chroni\u0107 informacje przed nieuprawnionym dost\u0119pem, modyfikacj\u0105, ujawnieniem lub zniszczeniem.<\/p>\r\n<p><strong>6. Pliki cookie<\/strong><br \/>Na naszej stronie u\u017cywamy plik\u00f3w cookies. Pliki cookie to ma\u0142e pliki danych wykorzystywane w celu usprawnienia dzia\u0142ania naszej witryny i poprawy komfortu u\u017cytkowania. Mo\u017cesz kontrolowa\u0107 wykorzystanie plik\u00f3w cookies zmieniaj\u0105c ustawienia swojej przegl\u0105darki.<\/p>\r\n<p><strong>7. Zmiany w Polityce Prywatno\u015bci<\/strong><br \/>Niniejsza polityka prywatno\u015bci mo\u017ce by\u0107 od czasu do czasu aktualizowana. Zmiany wchodz\u0105 w \u017cycie z chwil\u0105 ich opublikowania na tej stronie. Zalecamy regularne przegl\u0105danie polityki.<\/p>\r\n<p><strong>8. Komunikacja<\/strong><br \/>Je\u015bli masz jakiekolwiek pytania lub w\u0105tpliwo\u015bci dotycz\u0105ce naszej polityki prywatno\u015bci, skontaktuj si\u0119 z nami pod adresem [info@berfintour.com].<\/p>","protected":false},"excerpt":{"rendered":"<p>Nasza Polityka Prywatno\u015bci 1. Wprowadzenie Jako Berfintour.com dbamy o prywatno\u015b\u0107 naszych go\u015bci i przywi\u0105zujemy du\u017c\u0105 wag\u0119 do ochrony danych osobowych. Niniejsza polityka prywatno\u015bci zawiera informacje na temat informacji, kt\u00f3re zbieramy podczas korzystania z naszej witryny internetowej oraz sposobu, w jaki te informacje s\u0105 wykorzystywane. 2. Gromadzone informacje Kiedy odwiedzasz nasz\u0105 stron\u0119 internetow\u0105, niekt\u00f3re informacje mog\u0105 [\u2026]<\/p>","protected":false},"author":1,"featured_media":0,"parent":0,"menu_order":0,"comment_status":"closed","ping_status":"open","template":"","meta":{"_monsterinsights_skip_tracking":false,"_monsterinsights_sitenote_active":false,"_monsterinsights_sitenote_note":"","_monsterinsights_sitenote_category":0,"footnotes":""},"class_list":["post-3","page","type-page","status-publish","hentry"],"aioseo_notices":[],"_links":{"self":[{"href":"https:\/\/berfintour.com\/pl\/wp-json\/wp\/v2\/pages\/3","targetHints":{"allow":["GET"]}}],"collection":[{"href":"https:\/\/berfintour.com\/pl\/wp-json\/wp\/v2\/pages"}],"about":[{"href":"https:\/\/berfintour.com\/pl\/wp-json\/wp\/v2\/types\/page"}],"author":[{"embeddable":true,"href":"https:\/\/berfintour.com\/pl\/wp-json\/wp\/v2\/users\/1"}],"replies":[{"embeddable":true,"href":"https:\/\/berfintour.com\/pl\/wp-json\/wp\/v2\/comments?post=3"}],"version-history":[{"count":3,"href":"https:\/\/berfintour.com\/pl\/wp-json\/wp\/v2\/pages\/3\/revisions"}],"predecessor-version":[{"id":9648,"href":"https:\/\/berfintour.com\/pl\/wp-json\/wp\/v2\/pages\/3\/revisions\/9648"}],"wp:attachment":[{"href":"https:\/\/berfintour.com\/pl\/wp-json\/wp\/v2\/media?parent=3"}],"curies":[{"name":"wp","href":"https:\/\/api.w.org\/{rel}","templated":true}]}}